{"id":6089,"date":"2025-12-16T14:35:33","date_gmt":"2025-12-16T13:35:33","guid":{"rendered":"https:\/\/apexvape.de\/?post_type=product&#038;p=6089"},"modified":"2025-12-16T14:36:52","modified_gmt":"2025-12-16T13:36:52","slug":"fihp-120k-6in1-multi","status":"publish","type":"product","link":"https:\/\/apexvape.de\/es\/product\/fihp-120k-6in1-multi\/","title":{"rendered":"FIHP 120k 6 en 1 Vape desechable con m\u00faltiples caladas"},"content":{"rendered":"<h1>FIHP 120k 6 en 1 Multi Flavor Cigarrillo electr\u00f3nico desechable | 120 000 caladas Vape recargable inteligente con 6 dep\u00f3sitos de e-l\u00edquido<\/h1>\n<p>El FIHP 120k 6in1 Multi ofrece unas extraordinarias 120 000 caladas con una enorme capacidad de 64 ml de e-l\u00edquido para disfrutar del vapeo durante semanas. El innovador sistema 6 en 1 permite cambiar instant\u00e1neamente entre seis sabores cuidadosamente seleccionados. La avanzada tecnolog\u00eda de doble bobina de malla de 0,9 ohmios proporciona un vapor denso y un sabor intenso, mientras que los niveles de nicotina ajustables de 2% y 5% se adaptan a tus preferencias. La bater\u00eda de 650 mAh cuenta con carga r\u00e1pida tipo C y una pantalla LED supervisa los niveles de bater\u00eda y e-l\u00edquido. Sus dimensiones compactas (44 \u00d7 44 \u00d7 112 mm) garantizan la portabilidad sin sacrificar el rendimiento, lo que lo convierte en la soluci\u00f3n todo en uno perfecta.<\/p>\n<h2>FIHP 120k 6 en 1 Multi Caracter\u00edsticas especiales:<\/h2>\n<p>El FIHP 120k 6in1 Multi revoluciona el vapeo desechable con una capacidad excepcional de 120 000 caladas, lo que proporciona semanas de disfrute ininterrumpido y lo convierte en uno de los dispositivos con mayor n\u00famero de caladas del mercado. Esta enorme capacidad se ve respaldada por un generoso dep\u00f3sito de e-l\u00edquido premium de 64 ml, lo que hace que el dispositivo est\u00e9 realmente dise\u00f1ado para durar y elimina la necesidad de cambios frecuentes.<\/p>\n<p>Lo que distingue a este dispositivo es su innovador sistema de sabores 6 en 1, que le permite cambiar f\u00e1cilmente entre seis aromas seleccionados para adaptarse a su estado de \u00e1nimo y preferencias a lo largo del d\u00eda. La avanzada tecnolog\u00eda de doble bobina de malla con una resistencia de 0,9 ohmios garantiza un calentamiento uniforme y produce un vapor rico y denso, as\u00ed como un sabor puro e intenso en cada calada. Los niveles de nicotina personalizables de 2% y 5% le permiten adaptar su experiencia de vapeo perfectamente a sus necesidades individuales.<\/p>\n<p>La fiable bater\u00eda integrada de 650 mAh proporciona un rendimiento constante durante toda su vida \u00fatil, mientras que la tecnolog\u00eda de carga r\u00e1pida tipo C minimiza los tiempos de inactividad y le permite volver a vapear r\u00e1pidamente. Una pantalla LED intuitiva le ofrece un control total y le proporciona informaci\u00f3n sobre el estado de la bater\u00eda y el nivel de e-l\u00edquido de un solo vistazo, para que nunca le pille desprevenido.<\/p>\n<p>A pesar de sus impresionantes capacidades, la FIHP 120k 6in1 Multi mantiene un dise\u00f1o elegante y port\u00e1til con unas dimensiones compactas de 44 \u00d7 44 \u00d7 112 mm. Su dise\u00f1o ergon\u00f3mico hace que sea c\u00f3modo de sostener y f\u00e1cil de llevar a cualquier parte, lo que demuestra que el m\u00e1ximo rendimiento no tiene por qu\u00e9 sacrificar la portabilidad o el estilo. Este dispositivo combina a la perfecci\u00f3n innovaci\u00f3n, versatilidad y comodidad para los vapeadores que buscan una soluci\u00f3n todo en uno excepcional.<\/p>\n<h2>Datos t\u00e9cnicos:<\/h2>\n<ul>\n<li><strong>Trenes:<\/strong> Hasta 120 000 trenes<\/li>\n<li><strong>Concentraci\u00f3n de nicotina:<\/strong> 2%, 5%<\/li>\n<li><strong>E-l\u00edquido:<\/strong> 64 ml<\/li>\n<li><strong>Sabores:<\/strong> 6 aromas ajustables<\/li>\n<li><strong>Cabezal del vaporizador:<\/strong> Bobina de malla doble<\/li>\n<li><strong>Capacidad de la bater\u00eda:<\/strong> 650 mAh<\/li>\n<li><strong>Pantalla:<\/strong> pantalla LED<\/li>\n<li><strong>Recarga:<\/strong> Carga r\u00e1pida tipo C<\/li>\n<li><strong>Embalaje:<\/strong> 10 unidades\/caja<\/li>\n<\/ul>\n<h2>FIHP 120k 6 en 1 Lista de sabores:<\/h2>\n<p><strong>Opci\u00f3n 1:<\/strong> Fresa-sand\u00eda \/ Helado de sand\u00eda \/ Red Bull \/ Fresa-kiwi \/ Helado de ar\u00e1ndanos \/ Lim\u00f3n-lima<\/p>\n<p><strong>Opci\u00f3n 2:<\/strong> Lim\u00f3n-melocot\u00f3n \/ Fresa-pl\u00e1tano \/ Doble manzana \/ Frambuesa-sand\u00eda \/ Mango \u00e1cido-pi\u00f1a \/ Frutas tropicales<\/p>\n<p><strong>Opci\u00f3n 3:<\/strong> Fresa-vainilla-cola \/ Pi\u00f1a-coco \/ Blue Razz \/ Mezcla de bayas \/ Mango-melocot\u00f3n \/ Ar\u00e1ndanos-frambuesa<\/p>\n<p><strong>Opci\u00f3n 4:<\/strong> Ositos de goma \/ Melocot\u00f3n y bayas \/ Triple mel\u00f3n \/ Helado de uva \/ Helado Black Dragon \/ Helado de cereza con gas<\/p>\n<p><strong>Opci\u00f3n 5:<\/strong> Helado de melocot\u00f3n \/ Rainbow Candy \/ Helado de cereza y cola \/ Love 666 \/ Helado de mango \/ Algod\u00f3n de az\u00facar de ar\u00e1ndanos<\/p>\n<p><strong>Opci\u00f3n 6:<\/strong> Sand\u00eda-lim\u00f3n \/ Helado de aloe y lichi \/ Lim\u00f3n rosa \/ Helado glacial \/ Menta y agujas de pino \/ Helado de grosella negra<\/p>\n<h2>Preguntas frecuentes (FAQ)<\/h2>\n<p><strong>1. \u00bfCu\u00e1ntas caladas ofrece este cigarrillo electr\u00f3nico desechable 6 en 1?<\/strong><\/p>\n<p>Este dispositivo ofrece la impresionante cifra de 120 000 caladas, lo que lo convierte en una de las opciones m\u00e1s duraderas del mercado. Con una enorme capacidad de 64 ml de e-l\u00edquido, est\u00e1 dise\u00f1ado para ofrecer semanas de disfrute ininterrumpido.<\/p>\n<p><strong>2. \u00bfQu\u00e9 hace que el sistema de sabor 6 en 1 sea tan especial?<\/strong><\/p>\n<p>El innovador sistema de aromas te permite cambiar entre seis sabores diferentes seleccionados en un solo dispositivo. Esto significa que puedes adaptar f\u00e1cilmente tu vape a tu estado de \u00e1nimo sin tener que llevar contigo varios dispositivos o cartuchos.<\/p>\n<p><strong>3. \u00bfQu\u00e9 concentraciones de nicotina hay disponibles?<\/strong><\/p>\n<p>Puedes elegir entre opciones de nicotina de 2% y 5%, lo que te permite personalizar tu experiencia en funci\u00f3n de tus preferencias y necesidades personales.<\/p>\n<p><strong>4. \u00bfCu\u00e1nto tiempo tarda en cargarse la bater\u00eda?<\/strong><\/p>\n<p>La bater\u00eda integrada de 650 mAh admite la carga r\u00e1pida tipo C, minimiza los tiempos de inactividad y le permite volver a vapear r\u00e1pidamente. La pantalla LED le informa sobre el nivel de la bater\u00eda para que pueda recargarla en el momento adecuado.<\/p>\n<p><strong>5. \u00bfEs f\u00e1cil transportar este aparato?<\/strong><\/p>\n<p>S\u00ed, a pesar de su gran capacidad, tiene un dise\u00f1o compacto y ergon\u00f3mico con unas dimensiones de 44 \u00d7 44 \u00d7 112 mm. Su estructura delgada hace que sea c\u00f3modo de sostener y lo suficientemente port\u00e1til como para llevarlo a cualquier parte.<\/p>\n<h2>Descubre m\u00e1s en Apex Vape<\/h2>\n<p>El FIHP 120k 6in1 Multi es solo uno de los muchos productos de vapeo de alta calidad de nuestra gama. Visite nuestra <strong><a href=\"https:\/\/apexvape.de\/es\/\">p\u00e1gina web<\/a><\/strong>, para descubrir toda la gama de productos, o eche un vistazo a nuestra amplia <strong><a href=\"https:\/\/apexvape.de\/es\/product-category\/fihp-vape\/\">Colecci\u00f3n FIHP VAPE<\/a><\/strong>, donde encontrar\u00e1 m\u00e1s cigarrillos electr\u00f3nicos desechables innovadores y soluciones de vapeo premium. En Apex Vape le ofrecemos una calidad de primera clase, env\u00edos r\u00e1pidos y un excelente servicio de atenci\u00f3n al cliente para que disfrute de una experiencia de vapeo perfecta.<\/p>","protected":false},"excerpt":{"rendered":"<p class=\"font-claude-response-body break-words whitespace-normal leading-[1.7]\">Die FIHP 120k 6in1 Multi bietet revolution\u00e4re 120.000 Z\u00fcge mit 64ml E-Liquid-Kapazit\u00e4t. Wechseln Sie m\u00fchelos zwischen 6 Premium-Geschmacksrichtungen, genie\u00dfen Sie intensiven Dampf dank Dual-Mesh-Coil und profitieren Sie von Type-C Schnellladung. LED-Display zeigt Akku- und Liquid-Stand. Kompakt, leistungsstark, perfekt!<\/p>\n","protected":false},"featured_media":6090,"comment_status":"open","ping_status":"closed","template":"","meta":[],"product_brand":[],"product_cat":[82],"product_tag":[],"class_list":{"0":"post-6089","1":"product","2":"type-product","3":"status-publish","4":"has-post-thumbnail","6":"product_cat-fihp-vape","8":"first","9":"instock","10":"shipping-taxable","11":"purchasable","12":"product-type-variable"},"_links":{"self":[{"href":"https:\/\/apexvape.de\/es\/wp-json\/wp\/v2\/product\/6089","targetHints":{"allow":["GET"]}}],"collection":[{"href":"https:\/\/apexvape.de\/es\/wp-json\/wp\/v2\/product"}],"about":[{"href":"https:\/\/apexvape.de\/es\/wp-json\/wp\/v2\/types\/product"}],"replies":[{"embeddable":true,"href":"https:\/\/apexvape.de\/es\/wp-json\/wp\/v2\/comments?post=6089"}],"version-history":[{"count":0,"href":"https:\/\/apexvape.de\/es\/wp-json\/wp\/v2\/product\/6089\/revisions"}],"wp:featuredmedia":[{"embeddable":true,"href":"https:\/\/apexvape.de\/es\/wp-json\/wp\/v2\/media\/6090"}],"wp:attachment":[{"href":"https:\/\/apexvape.de\/es\/wp-json\/wp\/v2\/media?parent=6089"}],"wp:term":[{"taxonomy":"product_brand","embeddable":true,"href":"https:\/\/apexvape.de\/es\/wp-json\/wp\/v2\/product_brand?post=6089"},{"taxonomy":"product_cat","embeddable":true,"href":"https:\/\/apexvape.de\/es\/wp-json\/wp\/v2\/product_cat?post=6089"},{"taxonomy":"product_tag","embeddable":true,"href":"https:\/\/apexvape.de\/es\/wp-json\/wp\/v2\/product_tag?post=6089"}],"curies":[{"name":"wp","href":"https:\/\/api.w.org\/{rel}","templated":true}]}}