{"id":5969,"date":"2025-12-15T11:14:16","date_gmt":"2025-12-15T10:14:16","guid":{"rendered":"https:\/\/apexvape.de\/?post_type=product&#038;p=5969"},"modified":"2025-12-15T11:14:34","modified_gmt":"2025-12-15T10:14:34","slug":"okso-shisha-hookah-mega-50000","status":"publish","type":"product","link":"https:\/\/apexvape.de\/es\/product\/okso-shisha-hookah-mega-50000\/","title":{"rendered":"OKSO Shisha Hookah Mega 50000 caladas Vape desechable"},"content":{"rendered":"<h1>OKSO Shisha Hookah Mega 50000 caladas Cigarrillo electr\u00f3nico desechable 0% 2% 3% 5% Nicotina 10 sabores Pantalla LED Directamente del fabricante<\/h1>\n<p>El cigarrillo electr\u00f3nico desechable OKSO Shisha Hookah Mega 50000 Puffs est\u00e1 dise\u00f1ado para un uso prolongado y ofrece hasta 50 000 caladas con una necesidad de recambio reducida, lo que le confiere una relaci\u00f3n calidad-precio excepcional y una gran comodidad. Con una generosa capacidad de e-l\u00edquido de 40 ml, este dispositivo permite sesiones de vapeo prolongadas sin molestas recargas frecuentes, por lo que es perfecto para usuarios intensivos y vapeadores durante todo el d\u00eda. Alimentado por una robusta bater\u00eda de 1100 mAh, ofrece energ\u00eda estable y fiable durante todo el d\u00eda y garantiza un rendimiento constante desde la ma\u00f1ana hasta la noche. Elige entre 10 opciones de sabores diferentes para satisfacer diferentes preferencias gustativas y hacer que tu experiencia sea variada.<\/p>\n<h2>OKSO Shisha Hookah Mega 50000 Puffs Caracter\u00edsticas destacadas:<\/h2>\n<p>La avanzada tecnolog\u00eda Triple Mesh Coil distingue a este dispositivo, ya que proporciona una densa producci\u00f3n de vapor, un calentamiento r\u00e1pido y un sabor intenso y rico para una experiencia de vapeo verdaderamente superior. Este innovador sistema de tres bobinas maximiza la superficie de contacto con el e-l\u00edquido y garantiza una extracci\u00f3n \u00f3ptima del aroma y un rendimiento constante durante toda la vida \u00fatil del dispositivo. El dise\u00f1o de triple malla evita los golpes secos y mantiene una calidad de sabor superior desde la primera hasta la \u00faltima calada.<\/p>\n<p>Personaliza tu experiencia de vapeo con la funci\u00f3n de flujo de aire ajustable, que te permite controlar la resistencia al tiro seg\u00fan tus preferencias personales. Tanto si prefieres caladas ajustadas y restrictivas para el vapeo de boca a pulm\u00f3n como caladas abiertas y aireadas para el vapeo directo a pulm\u00f3n, este vers\u00e1til sistema de flujo de aire se adapta a tu estilo. La pantalla LED ofrece supervisi\u00f3n en tiempo real de los niveles de bater\u00eda y e-l\u00edquido, y le mantiene informado para evitar sorpresas durante sus sesiones de vapeo.<\/p>\n<p>La carga USB tipo C garantiza una recuperaci\u00f3n r\u00e1pida y eficiente de la energ\u00eda con un tiempo de inactividad m\u00ednimo entre usos, lo que le permite volver a vapear m\u00e1s r\u00e1pido que con los m\u00e9todos de carga convencionales. Cada paquete contiene 10 unidades y ofrece opciones pr\u00e1cticas tanto para la venta al por menor como al por mayor. Este pr\u00e1ctico formato de embalaje facilita a las empresas la reposici\u00f3n de su surtido y a los usuarios disponer de una gran variedad de sabores.<\/p>\n<h2>Datos t\u00e9cnicos:<\/h2>\n<ul>\n<li><strong>Capacidad de tracci\u00f3n:<\/strong> 50 000 caladas<\/li>\n<li><strong>Concentraci\u00f3n de nicotina:<\/strong> 0 %, 2 %, 3 %, 5 %<\/li>\n<li><strong>Capacidad del e-l\u00edquido:<\/strong> 40 ml<\/li>\n<li><strong>Bater\u00eda:<\/strong> 1100 mAh recargable<\/li>\n<li><strong>Tipo de bobina:<\/strong> Bobina de malla triple<\/li>\n<li><strong>Flujo de aire:<\/strong> Ajustable<\/li>\n<li><strong>Conector de carga:<\/strong> USB tipo C<\/li>\n<li><strong>Pantalla LED:<\/strong> S\u00ed, muestra los niveles de bater\u00eda y de l\u00edquido electr\u00f3nico.<\/li>\n<li><strong>Embalaje:<\/strong> 10 unidades por paquete<\/li>\n<li><strong>Opciones de sabor:<\/strong> 10 sabores<\/li>\n<\/ul>\n<h2>OKSO Shisha Hookah Mega 50000 Lista de sabores:<\/h2>\n<ol>\n<li>Hielo exuberante<\/li>\n<li>Dos manzanas<\/li>\n<li>Fresa Sand\u00eda Chicle<\/li>\n<li>Hielo de melocot\u00f3n<\/li>\n<li>Ar\u00e1ndano, frambuesa, cereza.<\/li>\n<li>Amor 66<\/li>\n<li>Helado de mango<\/li>\n<li>Fresa Kiwi<\/li>\n<li>Lady Killa<\/li>\n<li>Uva Ice<\/li>\n<\/ol>\n<h2>Preguntas frecuentes sobre la OKSO Shisha Hookah Mega 50000<\/h2>\n<p><strong>1. \u00bfCu\u00e1ntas caladas ofrece la OKSO Shisha Hookah Mega?<\/strong><\/p>\n<p>Este dispositivo proporciona hasta 50 000 caladas con una generosa capacidad de e-l\u00edquido de 40 ml y est\u00e1 dise\u00f1ado para un uso prolongado con menos recambios y recargas m\u00ednimas.<\/p>\n<p><strong>2. \u00bfQu\u00e9 es la tecnolog\u00eda Triple Mesh Coil?<\/strong><\/p>\n<p>El avanzado sistema de tres bobinas proporciona una producci\u00f3n densa de vapor, un calentamiento r\u00e1pido y un sabor intenso y rico, ya que maximiza la superficie de contacto para una extracci\u00f3n \u00f3ptima del e-l\u00edquido durante todo el uso.<\/p>\n<p><strong>3. \u00bfEste cigarrillo electr\u00f3nico tiene flujo de aire ajustable?<\/strong><\/p>\n<p>S\u00ed, cuenta con un control de flujo de aire ajustable que le permite ajustar la resistencia de la calada, desde caladas ajustadas y restrictivas de boca a pulm\u00f3n hasta caladas directas a pulm\u00f3n, abiertas y aireadas.<\/p>\n<p><strong>4. \u00bfC\u00f3mo se supervisan los niveles de bater\u00eda y de l\u00edquido electr\u00f3nico?<\/strong><\/p>\n<p>El dispositivo cuenta con una pantalla LED que ofrece supervisi\u00f3n en tiempo real del estado de la bater\u00eda y del e-l\u00edquido, y le mantiene informado para evitar sorpresas durante las sesiones de vapeo.<\/p>\n<p><strong>5. \u00bfQu\u00e9 tipo de carga utiliza este cigarrillo electr\u00f3nico desechable?<\/strong><\/p>\n<p>Funciona con una bater\u00eda de 1100 mAh con carga tipo C, lo que garantiza una recuperaci\u00f3n r\u00e1pida y eficiente de la energ\u00eda y un tiempo de inactividad m\u00ednimo entre sesiones de vapeo.<\/p>\n<h2>Sensaci\u00f3n de shisha para llevar<\/h2>\n<p>Disfrute de una aut\u00e9ntica experiencia con la shisha en formato compacto con la OKSO Shisha Hookah Mega 50000. La exclusiva tecnolog\u00eda Triple Mesh y el flujo de aire ajustable garantizan el m\u00e1ximo disfrute del vapor. Haga su pedido ahora en nuestra <strong><a href=\"https:\/\/apexvape.de\/es\/\">Tienda especializada en vapeo<\/a><\/strong> y benef\u00edciese de los mejores precios al por mayor. Nuestros <strong><a href=\"https:\/\/apexvape.de\/es\/product-category\/okso-vape\/\">Colecci\u00f3n de dispositivos OKSO<\/a><\/strong> Le ofrece las \u00faltimas innovaciones con una calidad probada. Env\u00edos r\u00e1pidos, precios justos y asesoramiento competente: eso es Apex Vape.<\/p>","protected":false},"excerpt":{"rendered":"<div data-test-render-count=\"1\">\n<div class=\"group\">\n<div class=\"group relative pb-3\" data-is-streaming=\"false\">\n<div class=\"font-claude-response relative leading-[1.65rem] [&amp;_pre&gt;div]:bg-bg-000\/50 [&amp;_pre&gt;div]:border-0.5 [&amp;_pre&gt;div]:border-border-400 [&amp;_.ignore-pre-bg&gt;div]:bg-transparent [&amp;_.standard-markdown_:is(p,blockquote,h1,h2,h3,h4,h5,h6)]:pl-2 [&amp;_.standard-markdown_:is(p,blockquote,ul,ol,h1,h2,h3,h4,h5,h6)]:pr-8 [&amp;_.progressive-markdown_:is(p,blockquote,h1,h2,h3,h4,h5,h6)]:pl-2 [&amp;_.progressive-markdown_:is(p,blockquote,ul,ol,h1,h2,h3,h4,h5,h6)]:pr-8\">\n<div>\n<div class=\"standard-markdown grid-cols-1 grid gap-4 [&amp;_&gt;_*]:min-w-0 standard-markdown\">\n<p class=\"font-claude-response-body break-words whitespace-normal leading-[1.7]\">Die OKSO Shisha Hookah Mega 50000 bietet 50.000 Z\u00fcge mit innovativer Triple Mesh Coil-Technologie f\u00fcr dichten Dampf und intensiven Geschmack. 40ml Tank, leistungsstarker 1100mAh Akku und einstellbarer Airflow garantieren Premium-Erlebnis. LED-Display zeigt Akku &amp; Liquid-Stand. USB-C Schnellladung inklusive.<\/p>\n<\/div>\n<\/div>\n<\/div>\n<\/div>\n<div class=\"flex justify-start\" role=\"group\" aria-label=\"Message actions\">\n<div class=\"text-text-300\">\n<div class=\"text-text-300 flex items-stretch justify-between\">\n<div class=\"w-fit\" data-state=\"closed\">\n<div class=\"relative text-text-500 group-hover\/btn:text-text-100\">\n<div class=\"flex items-center justify-center transition-all opacity-100 scale-100\"><\/div>\n<div class=\"flex items-center justify-center absolute top-0 left-0 transition-all opacity-0 scale-50\"><\/div>\n<\/div>\n<\/div>\n<div class=\"w-fit\" data-state=\"closed\">\n<div class=\"flex items-center justify-center text-text-500 group-hover\/btn:text-text-100\"><\/div>\n<\/div>\n<div class=\"w-fit\" data-state=\"closed\">\n<div class=\"flex items-center justify-center text-text-500 group-hover\/btn:text-text-100\"><\/div>\n<\/div>\n<div class=\"flex items-center\">\n<div class=\"w-fit\" data-state=\"closed\">\n<div class=\"flex items-center justify-center text-text-500 group-hover\/btn:text-text-100\"><\/div>\n<\/div>\n<\/div>\n<\/div>\n<\/div>\n<\/div>\n<\/div>\n<\/div>\n<div class=\"h-px w-full pointer-events-none\" aria-hidden=\"true\"><\/div>\n","protected":false},"featured_media":6023,"comment_status":"open","ping_status":"closed","template":"","meta":[],"product_brand":[],"product_cat":[81],"product_tag":[],"class_list":{"0":"post-5969","1":"product","2":"type-product","3":"status-publish","4":"has-post-thumbnail","6":"product_cat-okso-vape","8":"first","9":"instock","10":"shipping-taxable","11":"purchasable","12":"product-type-variable"},"_links":{"self":[{"href":"https:\/\/apexvape.de\/es\/wp-json\/wp\/v2\/product\/5969","targetHints":{"allow":["GET"]}}],"collection":[{"href":"https:\/\/apexvape.de\/es\/wp-json\/wp\/v2\/product"}],"about":[{"href":"https:\/\/apexvape.de\/es\/wp-json\/wp\/v2\/types\/product"}],"replies":[{"embeddable":true,"href":"https:\/\/apexvape.de\/es\/wp-json\/wp\/v2\/comments?post=5969"}],"version-history":[{"count":0,"href":"https:\/\/apexvape.de\/es\/wp-json\/wp\/v2\/product\/5969\/revisions"}],"wp:featuredmedia":[{"embeddable":true,"href":"https:\/\/apexvape.de\/es\/wp-json\/wp\/v2\/media\/6023"}],"wp:attachment":[{"href":"https:\/\/apexvape.de\/es\/wp-json\/wp\/v2\/media?parent=5969"}],"wp:term":[{"taxonomy":"product_brand","embeddable":true,"href":"https:\/\/apexvape.de\/es\/wp-json\/wp\/v2\/product_brand?post=5969"},{"taxonomy":"product_cat","embeddable":true,"href":"https:\/\/apexvape.de\/es\/wp-json\/wp\/v2\/product_cat?post=5969"},{"taxonomy":"product_tag","embeddable":true,"href":"https:\/\/apexvape.de\/es\/wp-json\/wp\/v2\/product_tag?post=5969"}],"curies":[{"name":"wp","href":"https:\/\/api.w.org\/{rel}","templated":true}]}}