{"id":5847,"date":"2025-12-15T10:56:01","date_gmt":"2025-12-15T09:56:01","guid":{"rendered":"https:\/\/apexvape.de\/?post_type=product&#038;p=5847"},"modified":"2025-12-15T10:56:47","modified_gmt":"2025-12-15T09:56:47","slug":"okso-double-flavor-60000","status":"publish","type":"product","link":"https:\/\/apexvape.de\/es\/product\/okso-double-flavor-60000\/","title":{"rendered":"OKSO Double Flavor 60000 caladas Vape desechable"},"content":{"rendered":"<h1>OKSO Double Flavor 60000 60K Puffs Cigarrillo electr\u00f3nico desechable 0% 2% 3% 5% Nicotina 10 sabores Pantalla LED Directamente del fabricante<\/h1>\n<p>El OKSO Double Flavor 60000 ofrece un rendimiento ultralargo con hasta 60 000 caladas, lo que reduce considerablemente la necesidad de cambios frecuentes y ofrece una excelente relaci\u00f3n calidad-precio. Con un innovador sistema de doble aroma y dos dep\u00f3sitos separados de 25 ml, puede cambiar f\u00e1cilmente entre dos sabores diferentes sin que se mezclen ni se contaminen. La impresionante capacidad combinada de e-l\u00edquido de 50 ml permite sesiones de vapeo prolongadas y hace que el dispositivo sea ideal para su uso durante todo el d\u00eda. Disponible en opciones de nicotina de 0 %, 2 %, 3 % y 5 %, el dispositivo satisface una amplia gama de preferencias, desde el disfrute sin nicotina hasta experiencias m\u00e1s intensas.<\/p>\n<h2>OKSO Double Flavor 60000 Puffs Caracter\u00edsticas destacadas:<\/h2>\n<p>Equipado con bobinas de malla duales de 0,8 \u03a9, el dispositivo ofrece un calentamiento r\u00e1pido y una rica producci\u00f3n de vapor para un sabor potente e intenso en cada calada. Esta avanzada tecnolog\u00eda de bobinas garantiza una distribuci\u00f3n uniforme del calor y una extracci\u00f3n \u00f3ptima del aroma de ambos dep\u00f3sitos, lo que proporciona un sabor excelente y constante, independientemente del aroma que elijas. El dise\u00f1o de malla maximiza la superficie de contacto con el e-l\u00edquido para un rendimiento superior durante toda la vida \u00fatil del dispositivo.<\/p>\n<p>Impulsado por una bater\u00eda fiable de 650 mAh, el dispositivo ofrece una potencia estable y un rendimiento diario constante que le permite vapear durante todo el d\u00eda. La funci\u00f3n de carga r\u00e1pida tipo C permite una recarga r\u00e1pida y c\u00f3moda con un tiempo de inactividad m\u00ednimo entre sesiones. La pantalla LED muestra informaci\u00f3n en tiempo real, incluido el estado de la bater\u00eda y los ajustes de modo, para que puedas supervisar tu dispositivo de un vistazo y estar al tanto de su rendimiento.<\/p>\n<p>Elija entre 10 emocionantes combinaciones de dos sabores que ofrecen una amplia gama de experiencias gustativas para todos los paladares y preferencias. Cada paquete contiene 10 unidades, por lo que es adecuado tanto para la venta al por mayor como al por menor. Esta vers\u00e1til opci\u00f3n de embalaje ofrece flexibilidad a las empresas y garantiza al mismo tiempo que los clientes tengan acceso a m\u00faltiples combinaciones de sabores.<\/p>\n<h2>Datos t\u00e9cnicos:<\/h2>\n<ul>\n<li><strong>Capacidad de tracci\u00f3n:<\/strong> Hasta 60 000 caladas<\/li>\n<li><strong>Concentraci\u00f3n de nicotina:<\/strong> 0 %, 2 %, 3 %, 5 %<\/li>\n<li><strong>Capacidad del e-l\u00edquido:<\/strong> 50 ml en total (25 ml + 25 ml)<\/li>\n<li><strong>Bater\u00eda:<\/strong> 650 mAh recargable<\/li>\n<li><strong>Tipo de bobina:<\/strong> Bobinas duales de malla de 0,8 \u03a9<\/li>\n<li><strong>Conector de carga:<\/strong> Carga r\u00e1pida USB tipo C<\/li>\n<li><strong>Pantalla:<\/strong> Pantalla LED con indicador de bater\u00eda y modo<\/li>\n<li><strong>Embalaje:<\/strong> 10 unidades por paquete<\/li>\n<li><strong>Opciones de sabor:<\/strong> 10 combinaciones de sabores dobles<\/li>\n<\/ul>\n<h2>OKSO Double Flavor 60000 Lista de sabores:<\/h2>\n<ol>\n<li>Ar\u00e1ndano azul \/ Grosella negra<\/li>\n<li>Blue Razz Cereza Ar\u00e1ndano \/ Menta<\/li>\n<li>Fresa Sand\u00eda \/ Dos manzanas<\/li>\n<li>Red Energy Ice \/ Uva Ice<\/li>\n<li>Limonada azul de frambuesa \/ Manzana y melocot\u00f3n<\/li>\n<li>Sand\u00eda helada \/ Melocot\u00f3n mango<\/li>\n<li>Fresa pl\u00e1tano \/ Fiesta de cerezas<\/li>\n<li>Chicle de sand\u00eda \/ Mezcla de frutas<\/li>\n<li>Blue Razz \/ Amor 66<\/li>\n<li>Fresa Cereza \/ Kiwi Maracuy\u00e1 Guayaba<\/li>\n<\/ol>\n<h2>Preguntas frecuentes sobre OKSO Double Flavor 60000<\/h2>\n<p><strong>1. \u00bfCu\u00e1ntas caladas ofrece el OKSO Double Flavor?<\/strong><\/p>\n<p>Este dispositivo proporciona hasta 60 000 caladas con una capacidad combinada de e-l\u00edquido de 50 ml y ofrece un rendimiento ultralargo con una menor necesidad de recambios frecuentes.<\/p>\n<p><strong>2. \u00bfQu\u00e9 es el sistema de doble aroma?<\/strong><\/p>\n<p>El innovador dise\u00f1o de doble dep\u00f3sito cuenta con dos dep\u00f3sitos independientes de 25 ml que le permiten cambiar f\u00e1cilmente entre dos sabores diferentes sin que se mezclen ni se contaminen.<\/p>\n<p><strong>3. \u00bfQu\u00e9 tecnolog\u00eda de bobina utiliza este cigarrillo electr\u00f3nico?<\/strong><\/p>\n<p>Cuenta con bobinas de malla duales de 0,8 \u03a9 que ofrecen un calentamiento r\u00e1pido y una rica producci\u00f3n de vapor, al tiempo que garantizan un sabor potente e intenso con una extracci\u00f3n \u00f3ptima de ambos tanques.<\/p>\n<p><strong>4. \u00bfQu\u00e9 concentraciones de nicotina hay disponibles?<\/strong><\/p>\n<p>El dispositivo est\u00e1 disponible en opciones de nicotina de 0 %, 2 %, 3 % y 5 %, por lo que satisface una amplia gama de preferencias, desde el disfrute sin nicotina hasta experiencias de vapeo m\u00e1s intensas.<\/p>\n<p><strong>5. \u00bfC\u00f3mo se recarga este cigarrillo electr\u00f3nico desechable?<\/strong><\/p>\n<p>Funciona con una bater\u00eda de 650 mAh con carga r\u00e1pida tipo C, lo que permite una recarga r\u00e1pida y c\u00f3moda, as\u00ed como un rendimiento diario estable con un tiempo de inactividad m\u00ednimo.<\/p>\n<h2>Comprar OKSO Double Flavor 60000 en Apex Vape<\/h2>\n<p>\u00bfBusca un potente sistema de doble sabor con una capacidad de calada extrema? El OKSO Double Flavor 60000 es la elecci\u00f3n perfecta para los vapeadores exigentes. En nuestro <strong><a href=\"https:\/\/apexvape.de\/es\/\">Tienda de vapeo<\/a><\/strong> obtendr\u00e1 este modelo premium en condiciones ventajosas al por mayor. Descubra tambi\u00e9n toda nuestra <strong><a href=\"https:\/\/apexvape.de\/es\/product-category\/okso-vape\/\">Serie OKSO VAPE<\/a><\/strong> con caracter\u00edsticas innovadoras y una calidad de primera clase. Realizamos entregas r\u00e1pidas y fiables, y ofrecemos asistencia profesional para su negocio.<\/p>","protected":false},"excerpt":{"rendered":"<div data-test-render-count=\"1\">\n<div class=\"group\">\n<div class=\"group relative pb-3\" data-is-streaming=\"false\">\n<div class=\"font-claude-response relative leading-[1.65rem] [&amp;_pre&gt;div]:bg-bg-000\/50 [&amp;_pre&gt;div]:border-0.5 [&amp;_pre&gt;div]:border-border-400 [&amp;_.ignore-pre-bg&gt;div]:bg-transparent [&amp;_.standard-markdown_:is(p,blockquote,h1,h2,h3,h4,h5,h6)]:pl-2 [&amp;_.standard-markdown_:is(p,blockquote,ul,ol,h1,h2,h3,h4,h5,h6)]:pr-8 [&amp;_.progressive-markdown_:is(p,blockquote,h1,h2,h3,h4,h5,h6)]:pl-2 [&amp;_.progressive-markdown_:is(p,blockquote,ul,ol,h1,h2,h3,h4,h5,h6)]:pr-8\">\n<div>\n<div class=\"standard-markdown grid-cols-1 grid gap-4 [&amp;_&gt;_*]:min-w-0 standard-markdown\">\n<p class=\"font-claude-response-body break-words whitespace-normal leading-[1.7]\">Die OKSO Double Flavor 60000 bietet 60.000 Z\u00fcge mit innovativem Dual-Tank-System (2\u00d725ml). Wechseln Sie m\u00fchelos zwischen zwei Aromen ohne Vermischung. Duale 0,8\u03a9 Mesh-Coils garantieren intensiven Geschmack, 650mAh USB-C Akku sorgt f\u00fcr Ganztagesleistung. LED-Display zeigt Akkustatus &amp; Modus an.<\/p>\n<\/div>\n<\/div>\n<\/div>\n<\/div>\n<div class=\"flex justify-start\" role=\"group\" aria-label=\"Message actions\">\n<div class=\"text-text-300\">\n<div class=\"text-text-300 flex items-stretch justify-between\">\n<div class=\"w-fit\" data-state=\"closed\">\n<div class=\"relative text-text-500 group-hover\/btn:text-text-100\">\n<div class=\"flex items-center justify-center transition-all opacity-100 scale-100\"><\/div>\n<div class=\"flex items-center justify-center absolute top-0 left-0 transition-all opacity-0 scale-50\"><\/div>\n<\/div>\n<\/div>\n<div class=\"w-fit\" data-state=\"closed\">\n<div class=\"flex items-center justify-center text-text-500 group-hover\/btn:text-text-100\"><\/div>\n<\/div>\n<div class=\"w-fit\" data-state=\"closed\">\n<div class=\"flex items-center justify-center text-text-500 group-hover\/btn:text-text-100\"><\/div>\n<\/div>\n<div class=\"flex items-center\">\n<div class=\"w-fit\" data-state=\"closed\">\n<div class=\"flex items-center justify-center text-text-500 group-hover\/btn:text-text-100\"><\/div>\n<\/div>\n<\/div>\n<\/div>\n<\/div>\n<\/div>\n<\/div>\n<\/div>\n<div class=\"h-px w-full pointer-events-none\" aria-hidden=\"true\"><\/div>\n","protected":false},"featured_media":5858,"comment_status":"open","ping_status":"closed","template":"","meta":[],"product_brand":[],"product_cat":[81],"product_tag":[],"class_list":{"0":"post-5847","1":"product","2":"type-product","3":"status-publish","4":"has-post-thumbnail","6":"product_cat-okso-vape","8":"first","9":"instock","10":"shipping-taxable","11":"purchasable","12":"product-type-variable"},"_links":{"self":[{"href":"https:\/\/apexvape.de\/es\/wp-json\/wp\/v2\/product\/5847","targetHints":{"allow":["GET"]}}],"collection":[{"href":"https:\/\/apexvape.de\/es\/wp-json\/wp\/v2\/product"}],"about":[{"href":"https:\/\/apexvape.de\/es\/wp-json\/wp\/v2\/types\/product"}],"replies":[{"embeddable":true,"href":"https:\/\/apexvape.de\/es\/wp-json\/wp\/v2\/comments?post=5847"}],"version-history":[{"count":0,"href":"https:\/\/apexvape.de\/es\/wp-json\/wp\/v2\/product\/5847\/revisions"}],"wp:featuredmedia":[{"embeddable":true,"href":"https:\/\/apexvape.de\/es\/wp-json\/wp\/v2\/media\/5858"}],"wp:attachment":[{"href":"https:\/\/apexvape.de\/es\/wp-json\/wp\/v2\/media?parent=5847"}],"wp:term":[{"taxonomy":"product_brand","embeddable":true,"href":"https:\/\/apexvape.de\/es\/wp-json\/wp\/v2\/product_brand?post=5847"},{"taxonomy":"product_cat","embeddable":true,"href":"https:\/\/apexvape.de\/es\/wp-json\/wp\/v2\/product_cat?post=5847"},{"taxonomy":"product_tag","embeddable":true,"href":"https:\/\/apexvape.de\/es\/wp-json\/wp\/v2\/product_tag?post=5847"}],"curies":[{"name":"wp","href":"https:\/\/api.w.org\/{rel}","templated":true}]}}