{"id":5729,"date":"2025-12-15T10:33:57","date_gmt":"2025-12-15T09:33:57","guid":{"rendered":"https:\/\/apexvape.de\/?post_type=product&#038;p=5729"},"modified":"2025-12-15T10:34:39","modified_gmt":"2025-12-15T09:34:39","slug":"okso-3in1-70000","status":"publish","type":"product","link":"https:\/\/apexvape.de\/es\/product\/okso-3in1-70000\/","title":{"rendered":"OKSO 3IN1 70000 caladas Vape desechable"},"content":{"rendered":"<h1>OKSO 3IN1 70000 caladas Cigarrillo electr\u00f3nico desechable recargable Venta al por mayor Bajo contenido en nicotina<\/h1>\n<p>El OKSO 3IN1 70000 Puffs ofrece una capacidad l\u00edder en el sector de 70 000 caladas con un solo dispositivo, superando con creces la vida \u00fatil de los cigarrillos electr\u00f3nicos desechables convencionales. Esta extraordinaria durabilidad ofrece una excelente relaci\u00f3n calidad-precio y reduce la necesidad de reemplazos frecuentes, lo que la convierte en una de las opciones m\u00e1s rentables del mercado. Con concentraciones de nicotina flexibles de 0 %, 2 %, 3 % y 5 %, este dispositivo satisface las necesidades m\u00e1s diversas de los usuarios, desde el disfrute sin nicotina hasta una intensa sensaci\u00f3n en la garganta.<\/p>\n<h2>OKSO 3IN1 70000 Puffs Caracter\u00edsticas destacadas:<\/h2>\n<p>El innovador sistema de c\u00e1psulas de sabor 3 en 1 permite cambiar entre tres perfiles de sabor diferentes en un solo dispositivo y garantiza una frescura y variedad duraderas durante toda la experiencia de vapeo. Este revolucionario dise\u00f1o multitanque le permite disfrutar de diferentes sabores sin tener que llevar varios vaporizadores, lo que le ofrece una versatilidad y comodidad incomparables. Cada aroma permanece separado y fresco, lo que evita que se mezclen los sabores y garantiza una calidad \u00f3ptima.<\/p>\n<p>Con tres c\u00e1psulas independientes de 16 ml, el dispositivo ofrece una generosa capacidad total de e-l\u00edquido, lo que permite un uso prolongado y sesiones de vapeo durante todo el d\u00eda. Este amplio dep\u00f3sito reduce la necesidad de recargas o sustituciones frecuentes, por lo que es ideal para usuarios intensivos y para todos aquellos que valoran la comodidad. La gran capacidad garantiza que disponga de suficiente e-l\u00edquido, independientemente del perfil de sabor elegido.<\/p>\n<p>Alimentado por una bater\u00eda integrada de 650 mAh con funci\u00f3n de carga r\u00e1pida USB tipo C, este dispositivo ofrece un rendimiento fiable durante todo el d\u00eda con un tiempo de inactividad m\u00ednimo. El sistema de bajo consumo permite ciclos de carga r\u00e1pidos, por lo que nunca tendr\u00e1 que prescindir de su cigarrillo electr\u00f3nico durante mucho tiempo. Esta combinaci\u00f3n de bater\u00eda de gran capacidad y tecnolog\u00eda de carga r\u00e1pida maximiza la facilidad de uso y la comodidad para los vapeadores modernos.<\/p>\n<h2>Datos t\u00e9cnicos:<\/h2>\n<ul>\n<li><strong>Capacidad de l\u00edquido:<\/strong> 16 ml \u00d7 3<\/li>\n<li><strong>Trenes:<\/strong> 70 000 caladas<\/li>\n<li><strong>Bater\u00eda:<\/strong> 650 mAh<\/li>\n<li><strong>Nicotina:<\/strong> 0 %, 2 %, 3 %, 5 %<\/li>\n<li><strong>Bobina:<\/strong> Bobina de malla \u00d7 3<\/li>\n<li><strong>Cargador:<\/strong> Recargable mediante USB tipo C<\/li>\n<li><strong>Dise\u00f1o:<\/strong> pantalla LED<\/li>\n<li><strong>Sabores:<\/strong> 10 aromas disponibles<\/li>\n<\/ul>\n<h2>OKSO 3IN1 70000 caladas Lista de sabores:<\/h2>\n<ol>\n<li>Ar\u00e1ndanos y frambuesas \/ Mezcla de bayas \/ Manzana y melocot\u00f3n<\/li>\n<li>Sand\u00eda Ice \/ Mr Blue \/ Uva verde Sand\u00eda<\/li>\n<li>Fresa helada \/ Jungle Juice \/ Mel\u00f3n drag\u00f3n<\/li>\n<li>Uva helada \/ Grosella negra helada \/ Mermelada de bayas<\/li>\n<li>Cereza helada \/ Dos manzanas \/ Fresa y frambuesa Cereza helada<\/li>\n<li>Melocot\u00f3n jugoso \/ Coca-Cola de cereza \/ Caramelo de cereza<\/li>\n<li>Fresa Kiwi \/ Chicle de sand\u00eda \/ Triple Mango Ice<\/li>\n<li>Kiwi, maracuy\u00e1, guayaba \/ Cola Ice \/ Maracuy\u00e1, mango Ice<\/li>\n<li>Pi\u00f1a helada \/ Fresa sand\u00eda \/ Fresa uva<\/li>\n<li>Menta fresca \/ Lim\u00f3n lima \/ Mojito de sand\u00eda<\/li>\n<\/ol>\n<h2>Preguntas frecuentes sobre OKSO 3IN1 70000 Puffs<\/h2>\n<p><strong>1. \u00bfCu\u00e1ntos movimientos ofrece el OKSO 3IN1?<\/strong><\/p>\n<p>Este dispositivo ofrece 70 000 caladas con una sola unidad, lo que lo convierte en l\u00edder del sector y supera con creces a los cigarrillos electr\u00f3nicos desechables convencionales, adem\u00e1s de ofrecer un valor excepcional con una menor frecuencia de sustituci\u00f3n.<\/p>\n<p><strong>2. \u00bfQu\u00e9 es el sistema de c\u00e1psulas de sabor 3 en 1?<\/strong><\/p>\n<p>El innovador sistema Multi-Tank permite cambiar entre tres perfiles de sabor diferentes dentro de un solo dispositivo y garantiza una frescura y variedad duraderas sin necesidad de llevar varios vaporizadores.<\/p>\n<p><strong>3. \u00bfQu\u00e9 capacidad de e-l\u00edquido tiene este cigarrillo electr\u00f3nico?<\/strong><\/p>\n<p>Cuenta con tres c\u00e1psulas independientes de 16 ml para una generosa capacidad total de e-l\u00edquido, lo que permite vapear durante todo el d\u00eda y reduce la necesidad de recargas o cambios frecuentes.<\/p>\n<p><strong>4. \u00bfQu\u00e9 concentraciones de nicotina hay disponibles?<\/strong><\/p>\n<p>El dispositivo est\u00e1 disponible en concentraciones de nicotina de 0 %, 2 %, 3 % y 5 %, por lo que satisface las preferencias m\u00e1s diversas, desde el disfrute sin nicotina hasta experiencias intensas en la garganta.<\/p>\n<p><strong>5. \u00bfC\u00f3mo se recarga este cigarrillo electr\u00f3nico desechable?<\/strong><\/p>\n<p>Funciona con una bater\u00eda de 650 mAh con funci\u00f3n de carga r\u00e1pida USB tipo C, lo que garantiza un rendimiento fiable durante todo el d\u00eda con ciclos de carga r\u00e1pidos y un tiempo de inactividad m\u00ednimo.<\/p>\n<h2>M\u00e1s informaci\u00f3n y pedidos<\/h2>\n<p>Descubra el OKSO 3IN1 70000 Puffs y otros cigarrillos electr\u00f3nicos de alta calidad en nuestra gama. Visite nuestra <strong><a href=\"https:\/\/apexvape.de\/es\/\">P\u00e1gina de inicio<\/a><\/strong> para ver la gama completa de productos o explore nuestra amplia <strong><a href=\"https:\/\/apexvape.de\/es\/product-category\/okso-vape\/\">Colecci\u00f3n OKSO VAPE<\/a><\/strong> con todos los modelos OKSO disponibles. Como mayorista l\u00edder de vapeadores premium, le ofrecemos la mejor calidad, env\u00edos r\u00e1pidos y condiciones atractivas para clientes comerciales.<\/p>","protected":false},"excerpt":{"rendered":"<div data-test-render-count=\"1\">\n<div class=\"group\">\n<div class=\"group relative pb-3\" data-is-streaming=\"false\">\n<div class=\"font-claude-response relative leading-[1.65rem] [&amp;_pre&gt;div]:bg-bg-000\/50 [&amp;_pre&gt;div]:border-0.5 [&amp;_pre&gt;div]:border-border-400 [&amp;_.ignore-pre-bg&gt;div]:bg-transparent [&amp;_.standard-markdown_:is(p,blockquote,h1,h2,h3,h4,h5,h6)]:pl-2 [&amp;_.standard-markdown_:is(p,blockquote,ul,ol,h1,h2,h3,h4,h5,h6)]:pr-8 [&amp;_.progressive-markdown_:is(p,blockquote,h1,h2,h3,h4,h5,h6)]:pl-2 [&amp;_.progressive-markdown_:is(p,blockquote,ul,ol,h1,h2,h3,h4,h5,h6)]:pr-8\">\n<div>\n<div class=\"standard-markdown grid-cols-1 grid gap-4 [&amp;_&gt;_*]:min-w-0 standard-markdown\">\n<p class=\"font-claude-response-body break-words whitespace-normal leading-[1.7]\">Die OKSO 3IN1 70000 revolutioniert das Dampferlebnis mit 70.000 Z\u00fcgen und innovativem 3-Pod-System. Wechseln Sie m\u00fchelos zwischen drei Geschmacksrichtungen in einem Ger\u00e4t. Mit 3\u00d716ml Tanks, 650mAh Schnellladeakku und flexiblen Nikotinst\u00e4rken (0-5%) bietet sie maximale Vielseitigkeit und Kosteneffizienz.<\/p>\n<\/div>\n<\/div>\n<\/div>\n<\/div>\n<div class=\"flex justify-start\" role=\"group\" aria-label=\"Message actions\">\n<div class=\"text-text-300\">\n<div class=\"text-text-300 flex items-stretch justify-between\">\n<div class=\"w-fit\" data-state=\"closed\">\n<div class=\"relative text-text-500 group-hover\/btn:text-text-100\">\n<div class=\"flex items-center justify-center transition-all opacity-100 scale-100\"><\/div>\n<div class=\"flex items-center justify-center absolute top-0 left-0 transition-all opacity-0 scale-50\"><\/div>\n<\/div>\n<\/div>\n<div class=\"w-fit\" data-state=\"closed\">\n<div class=\"flex items-center justify-center text-text-500 group-hover\/btn:text-text-100\"><\/div>\n<\/div>\n<div class=\"w-fit\" data-state=\"closed\">\n<div class=\"flex items-center justify-center text-text-500 group-hover\/btn:text-text-100\"><\/div>\n<\/div>\n<div class=\"flex items-center\">\n<div class=\"w-fit\" data-state=\"closed\">\n<div class=\"flex items-center justify-center text-text-500 group-hover\/btn:text-text-100\"><\/div>\n<\/div>\n<\/div>\n<\/div>\n<\/div>\n<\/div>\n<\/div>\n<\/div>\n<div class=\"h-px w-full pointer-events-none\" aria-hidden=\"true\"><\/div>\n","protected":false},"featured_media":5730,"comment_status":"open","ping_status":"closed","template":"","meta":[],"product_brand":[],"product_cat":[81],"product_tag":[],"class_list":{"0":"post-5729","1":"product","2":"type-product","3":"status-publish","4":"has-post-thumbnail","6":"product_cat-okso-vape","8":"first","9":"instock","10":"shipping-taxable","11":"purchasable","12":"product-type-variable"},"_links":{"self":[{"href":"https:\/\/apexvape.de\/es\/wp-json\/wp\/v2\/product\/5729","targetHints":{"allow":["GET"]}}],"collection":[{"href":"https:\/\/apexvape.de\/es\/wp-json\/wp\/v2\/product"}],"about":[{"href":"https:\/\/apexvape.de\/es\/wp-json\/wp\/v2\/types\/product"}],"replies":[{"embeddable":true,"href":"https:\/\/apexvape.de\/es\/wp-json\/wp\/v2\/comments?post=5729"}],"version-history":[{"count":0,"href":"https:\/\/apexvape.de\/es\/wp-json\/wp\/v2\/product\/5729\/revisions"}],"wp:featuredmedia":[{"embeddable":true,"href":"https:\/\/apexvape.de\/es\/wp-json\/wp\/v2\/media\/5730"}],"wp:attachment":[{"href":"https:\/\/apexvape.de\/es\/wp-json\/wp\/v2\/media?parent=5729"}],"wp:term":[{"taxonomy":"product_brand","embeddable":true,"href":"https:\/\/apexvape.de\/es\/wp-json\/wp\/v2\/product_brand?post=5729"},{"taxonomy":"product_cat","embeddable":true,"href":"https:\/\/apexvape.de\/es\/wp-json\/wp\/v2\/product_cat?post=5729"},{"taxonomy":"product_tag","embeddable":true,"href":"https:\/\/apexvape.de\/es\/wp-json\/wp\/v2\/product_tag?post=5729"}],"curies":[{"name":"wp","href":"https:\/\/api.w.org\/{rel}","templated":true}]}}