{"id":5407,"date":"2025-12-13T15:04:10","date_gmt":"2025-12-13T14:04:10","guid":{"rendered":"https:\/\/apexvape.de\/?post_type=product&#038;p=5407"},"modified":"2026-02-27T09:27:34","modified_gmt":"2026-02-27T08:27:34","slug":"razz-bar-40000","status":"publish","type":"product","link":"https:\/\/apexvape.de\/es\/product\/razz-bar-40000\/","title":{"rendered":"Razz Bar 40000 caladas Vape desechable"},"content":{"rendered":"<h1>Razz Bar 40000 caladas Cigarrillo electr\u00f3nico desechable con 10 sabores dobles \u2013 650 mAh recargable<\/h1>\n<p>El Razz Bar 40000 ofrece unas extraordinarias 40 000 caladas por dispositivo con la innovadora tecnolog\u00eda de bobina de malla de doble dep\u00f3sito para un vapor m\u00e1s intenso y un sabor constante. Alimentado por una bater\u00eda recargable de 650 mAh con carga r\u00e1pida tipo C, minimiza el tiempo de inactividad al tiempo que ofrece un rendimiento fiable. Elige entre 20 emocionantes combinaciones de sabores dobles para todos los gustos. El avanzado sistema de bobina de malla elimina las caladas secas y los puntos quemados, y garantiza caladas suaves y satisfactorias en todo momento. Perfecto para los vapeadores que buscan una comodidad duradera sin cambios frecuentes y que combinan una capacidad superior con un sabor rico y nubes densas.<\/p>\n<h2>Razz Bar 40000 caladas Caracter\u00edsticas destacadas<\/h2>\n<p>El Razz Bar 40000 caladas establece un nuevo est\u00e1ndar en cuanto a la durabilidad de los cigarrillos electr\u00f3nicos desechables y ofrece la extraordinaria cifra de 40 000 caladas por dispositivo. Esta impresionante capacidad garantiza largas sesiones de vapeo sin la molestia de tener que cambiar o recargar el dispositivo con frecuencia, lo que lo convierte en la opci\u00f3n perfecta para los vapeadores que valoran la comodidad y la fiabilidad en el uso diario.<\/p>\n<p>Con un innovador sistema de doble dep\u00f3sito con tecnolog\u00eda de bobina de malla, este dispositivo aumenta la producci\u00f3n de vapor y mantiene un sabor constante durante toda su vida \u00fatil. El avanzado dise\u00f1o de la bobina garantiza que cada calada sea suave y satisfactoria, elimina las caladas secas y los puntos quemados, y produce nubes densas y sabrosas que satisfacen incluso las expectativas de los vapeadores m\u00e1s exigentes.<\/p>\n<p>Alimentado por una robusta bater\u00eda recargable de 650 mAh con capacidad de carga tipo C, el dispositivo ofrece una carga r\u00e1pida y eficiente con un tiempo de inactividad m\u00ednimo. El puerto de carga r\u00e1pida garantiza que puedas volver a vapear r\u00e1pidamente, mientras que la fiable bater\u00eda mantiene un rendimiento constante durante los d\u00edas m\u00e1s ajetreados y ofrece la resistencia necesaria para un uso prolongado sin comprometer la calidad del vapor.<\/p>\n<p>Con 20 emocionantes combinaciones de sabores dobles para elegir, la Razz Bar 40000 satisface una amplia variedad de gustos y preferencias. Cada combinaci\u00f3n de sabores, cuidadosamente elaborada, ofrece experiencias gustativas \u00fanicas que hacen que tus sesiones sean interesantes y agradables, y aportan una variedad que atrae tanto a los vapeadores aventureros en busca de nuevas sensaciones como a aquellos que prefieren los perfiles de sabor cl\u00e1sicos.<\/p>\n<h2>Especificaciones del producto<\/h2>\n<p><strong>Trenes:<\/strong> 40 000 trenes<br \/>\n<strong>Bater\u00eda:<\/strong> 650 mAh recargable<br \/>\n<strong>Recarga:<\/strong> Carga r\u00e1pida tipo C<br \/>\n<strong>Tipo de bobina:<\/strong> Bobina de malla doble<br \/>\n<strong>Sabores:<\/strong> 20 sabores dobles<br \/>\n<strong>Peso del producto:<\/strong> 120 g<\/p>\n<h2>Razz Bar 40 000 caladas Sabores<\/h2>\n<ol>\n<li>Blueberry Ice\/Love 66 (Ar\u00e1ndanos helados\/Amor 66)<\/li>\n<li>Lemon Lime\/Lush Ice (Lim\u00f3n lima\/Hielo exuberante)<\/li>\n<li>Mixed Berries\/Watermelon Ice (Mezcla de bayas\/helado de sand\u00eda)<\/li>\n<li>Peach Ice\/Blueberry Ice (helado de melocot\u00f3n\/helado de ar\u00e1ndanos)<\/li>\n<li>Strawberry Banana\/Red Bull Ice (Fresa pl\u00e1tano\/Red Bull helado)<\/li>\n<li>Strawberry Ice\/Mixed Berries (Helado de fresa\/Mezcla de bayas)<\/li>\n<li>Fresa Kiwi\/Ar\u00e1ndano Frambuesa \u00c1cida (Fresa Kiwi\/Ar\u00e1ndano Frambuesa \u00c1cida)<\/li>\n<li>Strawberry Watermelon\/Grape Ice (Fresa, sand\u00eda y uva helada)<\/li>\n<li>Watermelon Ice\/Cola Ice (helado de sand\u00eda\/helado de cola)<\/li>\n<li>Blue Razz Ice\/Strawberry Watermelon Bubble Gum (Helado de frambuesa azul\/Chicle de fresa y sand\u00eda)<\/li>\n<li>Cherry Lemon\/Blueberry Sour Raspberry (cereza lim\u00f3n\/ar\u00e1ndano frambuesa \u00e1cida)<\/li>\n<li>Pink Lemonade\/Blackberry Ice (Limonada rosa\/Helado de mora)<\/li>\n<li>Lim\u00f3n lima\/fresa kiwi (lim\u00f3n lima\/fresa kiwi)<\/li>\n<li>Juicy Peach Ice\/Pineapple Ice (Helado de melocot\u00f3n jugoso\/Helado de pi\u00f1a)<\/li>\n<li>Kiwi, maracuy\u00e1, guayaba\/pi\u00f1a y coco<\/li>\n<li>Skittles\/Grape Burst (Skittles\/Explosi\u00f3n de uva)<\/li>\n<li>Black Ice Dragon Fruit Strawberry\/Triple Melon (Fresa\/mel\u00f3n triple Black Ice Dragon Fruit)<\/li>\n<li>Summer Dream\/Strawberry Banana (Sue\u00f1o de verano\/Fresa y pl\u00e1tano)<\/li>\n<li>Love 66\/Sour Apple (Love 66\/Manzana \u00e1cida)<\/li>\n<li>Lim\u00f3n lima\/menta fresca<\/li>\n<\/ol>\n<h2>Razz Bar 40000 caladas Preguntas frecuentes<\/h2>\n<p><strong>1. \u00bfCu\u00e1ntas tiradas ofrece la Razz Bar 40000?<\/strong><\/p>\n<p>Este cigarrillo electr\u00f3nico desechable de alta capacidad ofrece la extraordinaria cifra de 40 000 caladas por dispositivo, lo que establece un nuevo est\u00e1ndar en cuanto a durabilidad. El impresionante n\u00famero de caladas garantiza largas sesiones de vapeo sin la molestia de tener que cambiar o recargar el dispositivo con frecuencia, lo que lo hace ideal para los vapeadores que priorizan la comodidad y el rendimiento duradero.<\/p>\n<p><strong>2. \u00bfQu\u00e9 es la tecnolog\u00eda de doble dep\u00f3sito?<\/strong><\/p>\n<p>Con un innovador sistema de doble dep\u00f3sito y una avanzada tecnolog\u00eda de bobina de malla, este dispositivo aumenta la producci\u00f3n de vapor al tiempo que mantiene un sabor constante. El dise\u00f1o de la bobina de malla garantiza que cada calada sea suave y satisfactoria, elimina las caladas secas y los puntos quemados, y produce nubes densas y sabrosas durante toda la vida \u00fatil del dispositivo.<\/p>\n<p><strong>3. \u00bfC\u00f3mo funcionan la bater\u00eda y el sistema de carga?<\/strong><\/p>\n<p>Alimentado por una robusta bater\u00eda recargable de 650 mAh, este cigarrillo electr\u00f3nico cuenta con carga tipo C para una recarga r\u00e1pida y eficiente. La capacidad de carga r\u00e1pida minimiza el tiempo de inactividad y le permite volver r\u00e1pidamente a vapear, al tiempo que mantiene un rendimiento constante durante los d\u00edas m\u00e1s ajetreados sin comprometer la calidad del vapor ni la intensidad del sabor.<\/p>\n<p><strong>4. \u00bfCu\u00e1ntas opciones de sabores hay disponibles?<\/strong><\/p>\n<p>Elige entre 20 emocionantes combinaciones de sabores dobles que satisfacen una amplia variedad de gustos y preferencias. Cada combinaci\u00f3n de sabores, cuidadosamente elaborada, ofrece experiencias gustativas \u00fanicas y una variedad que atraer\u00e1 tanto a los vapeadores aventureros que buscan nuevas sensaciones como a aquellos que prefieren perfiles cl\u00e1sicos para sesiones agradables y consistentes.<\/p>\n<p><strong>5. \u00bfQu\u00e9 diferencia a este dispositivo de otros cigarrillos electr\u00f3nicos desechables?<\/strong><\/p>\n<p>La combinaci\u00f3n de una capacidad de 40 000 caladas, un sistema de bobina de malla de doble dep\u00f3sito y una bater\u00eda recargable con carga de tipo C crea una experiencia de vapeo superior. Este dispositivo elimina problemas comunes como el sabor inconsistente o los cambios frecuentes, y ofrece un rendimiento fiable durante todo el d\u00eda con una producci\u00f3n de vapor suave y un sabor rico desde la primera hasta la \u00faltima calada.<\/p>\n<h2>Variedad de productos Razz Bar en ApexVape<\/h2>\n<p>Descubra en nuestra <strong><a href=\"https:\/\/apexvape.de\/es\/\">p\u00e1gina web<\/a><\/strong> La amplia selecci\u00f3n de cigarrillos electr\u00f3nicos desechables y productos de vapeo premium para todas las necesidades. En nuestra <strong><a href=\"https:\/\/apexvape.de\/es\/product-category\/razz-bar-vape\/\">RAZZ BAR VAPE Categor\u00eda<\/a><\/strong> Le presentamos la gama completa de modelos Razz Bar con diferentes capacidades, combinaciones de sabores y caracter\u00edsticas t\u00e9cnicas. Ya sea para la venta al por menor o al por mayor, ApexVape garantiza productos originales, condiciones justas y un asesoramiento competente para el \u00e9xito de su negocio.<\/p>","protected":false},"excerpt":{"rendered":"<p class=\"font-claude-response-body break-words whitespace-normal leading-[1.7]\">Die Razz Bar 40000 bietet au\u00dfergew\u00f6hnliche 40.000 Z\u00fcge mit Dual-Tank-Mesh-Coil-Technologie. Ausgestattet mit 650mAh wiederaufladbarem Akku und Type-C-Schnellladung. 20 Doppel-Geschmackskombinationen f\u00fcr vielf\u00e4ltigen Genuss. Eliminiert trockene Z\u00fcge, liefert dichte Wolken und konstanten Geschmack. Perfekt f\u00fcr Langzeitdampfer.<\/p>\n","protected":false},"featured_media":5408,"comment_status":"open","ping_status":"closed","template":"","meta":[],"product_brand":[],"product_cat":[79],"product_tag":[],"class_list":{"0":"post-5407","1":"product","2":"type-product","3":"status-publish","4":"has-post-thumbnail","6":"product_cat-razz-bar-vape","8":"first","9":"instock","10":"shipping-taxable","11":"purchasable","12":"product-type-variable"},"_links":{"self":[{"href":"https:\/\/apexvape.de\/es\/wp-json\/wp\/v2\/product\/5407","targetHints":{"allow":["GET"]}}],"collection":[{"href":"https:\/\/apexvape.de\/es\/wp-json\/wp\/v2\/product"}],"about":[{"href":"https:\/\/apexvape.de\/es\/wp-json\/wp\/v2\/types\/product"}],"replies":[{"embeddable":true,"href":"https:\/\/apexvape.de\/es\/wp-json\/wp\/v2\/comments?post=5407"}],"version-history":[{"count":0,"href":"https:\/\/apexvape.de\/es\/wp-json\/wp\/v2\/product\/5407\/revisions"}],"wp:featuredmedia":[{"embeddable":true,"href":"https:\/\/apexvape.de\/es\/wp-json\/wp\/v2\/media\/5408"}],"wp:attachment":[{"href":"https:\/\/apexvape.de\/es\/wp-json\/wp\/v2\/media?parent=5407"}],"wp:term":[{"taxonomy":"product_brand","embeddable":true,"href":"https:\/\/apexvape.de\/es\/wp-json\/wp\/v2\/product_brand?post=5407"},{"taxonomy":"product_cat","embeddable":true,"href":"https:\/\/apexvape.de\/es\/wp-json\/wp\/v2\/product_cat?post=5407"},{"taxonomy":"product_tag","embeddable":true,"href":"https:\/\/apexvape.de\/es\/wp-json\/wp\/v2\/product_tag?post=5407"}],"curies":[{"name":"wp","href":"https:\/\/api.w.org\/{rel}","templated":true}]}}