{"id":4750,"date":"2025-12-05T17:04:09","date_gmt":"2025-12-05T16:04:09","guid":{"rendered":"https:\/\/apexvape.de\/?post_type=product&#038;p=4750"},"modified":"2025-12-08T15:18:04","modified_gmt":"2025-12-08T14:18:04","slug":"jnr-falcon-pro-28000","status":"publish","type":"product","link":"https:\/\/apexvape.de\/es\/product\/jnr-falcon-pro-28000\/","title":{"rendered":"JNR Falcon Pro 28000 caladas Vape desechable"},"content":{"rendered":"<h1>Cigarrillo electr\u00f3nico desechable JNR Falcon Pro 28000 | Potente y con sabor aut\u00e9ntico<\/h1>\n<p>El JNR Falcon Pro 28000 Puffs es el modelo insignia original, dise\u00f1ado para ofrecer un vapor suave, arom\u00e1tico y duradero. Con una impresionante capacidad de hasta 28 000 caladas, este potente dispositivo es ideal para los usuarios que valoran la resistencia, la calidad y el estilo en un dispositivo elegante. Equipado con 30 ml de e-l\u00edquido premium y nicotina 2 %, el Falcon Pro proporciona un golpe de garganta constante y satisfactorio.<\/p>\n<p>El dispositivo cuenta con un sistema de bobina de malla doble que optimiza la producci\u00f3n de vapor y la pureza del sabor, haciendo que cada calada sea tan intensa y suave como la primera. La avanzada tecnolog\u00eda de la bobina funciona a la perfecci\u00f3n con la generosa capacidad de e-l\u00edquido y ofrece un rendimiento excepcional durante toda la vida \u00fatil del dispositivo.<\/p>\n<p>Alimentado por una bater\u00eda recargable y fiable de 950 mAh, este vaporizador ofrece una impresionante autonom\u00eda con una sola carga y es compatible con la carga r\u00e1pida tipo C para minimizar el tiempo de inactividad. La pantalla LED digital te informa en tiempo real sobre el estado de la bater\u00eda y del e-l\u00edquido, lo que te proporciona seguridad y control en cada sesi\u00f3n para que nunca te lleves sorpresas.<\/p>\n<p>Con 20 sabores \u00fanicos, el JNR Falcon Pro 28000 Puffs ha sido dise\u00f1ado para satisfacer una amplia gama de preferencias de sabor, tanto si buscas algo afrutado, helado o intenso. Esta amplia selecci\u00f3n de sabores garantiza que haya algo para todos los vapeadores, lo que lo convierte en una opci\u00f3n vers\u00e1til tanto para principiantes como para entusiastas experimentados.<\/p>\n<h2>Datos t\u00e9cnicos:<\/h2>\n<ul>\n<li><strong>E-l\u00edquido:<\/strong> 30 ml<\/li>\n<li><strong>Capacidad de la bater\u00eda:<\/strong> 950 mAh<\/li>\n<li><strong>Movimientos m\u00e1ximos:<\/strong> 28 000 caladas<\/li>\n<li><strong>Concentraci\u00f3n de nicotina:<\/strong> 2 % (20 mg)<\/li>\n<li><strong>Bobina:<\/strong> Bobinas de malla duales de 1,0 \u03a9 para caladas suaves y sabrosas<\/li>\n<li><strong>Pantalla inteligente:<\/strong> Pantalla digital<\/li>\n<li><strong>Tecnolog\u00eda Dual Mesh Coil<\/strong><\/li>\n<li><strong>Recarga:<\/strong> USB tipo C<\/li>\n<li><strong>Vaporizaci\u00f3n MTL<\/strong> (Boca a pulm\u00f3n)<\/li>\n<\/ul>\n<h2>Sabores:<\/h2>\n<ol>\n<li>Strawberry Ice (helado de fresa)<\/li>\n<li>Cherry Cola (cola con cereza)<\/li>\n<li>Watermelon Ice (helado de sand\u00eda)<\/li>\n<li>Blue Razz Cherry (cereza y frambuesa azul)<\/li>\n<li>Fresa y kiwi<\/li>\n<li>Ar\u00e1ndano, frambuesa y cereza<\/li>\n<li>Helado de fresa y sand\u00eda<\/li>\n<li>Kiwi Watermelon Ice (helado de kiwi y sand\u00eda)<\/li>\n<li>Mixed Berries (Mezcla de bayas)<\/li>\n<li>Juicy Peaches (Melocotones jugosos)<\/li>\n<li>Blueberry Ice (helado de ar\u00e1ndanos)<\/li>\n<li>Blueberry Sour Raspberry (Ar\u00e1ndano y frambuesa \u00e1cida)<\/li>\n<li>White Peach Razz (melocot\u00f3n blanco y frambuesa)<\/li>\n<li>Mango y maracuy\u00e1 (mango y fruta de la pasi\u00f3n)<\/li>\n<li>Peach Mango Watermelon (melocot\u00f3n, mango y sand\u00eda)<\/li>\n<li>Watermelon Bubblegum (chicle de sand\u00eda)<\/li>\n<li>Strawberry Banana (fresa y pl\u00e1tano)<\/li>\n<li>Double Apple (doble manzana)<\/li>\n<li>Kiwi Passion Guava (kiwi, maracuy\u00e1 y guayaba)<\/li>\n<li>Cherry Berry (cereza y bayas)<\/li>\n<\/ol>\n<h2>Preguntas frecuentes \u2013 JNR Falcon Pro 28000 caladas<\/h2>\n<p><strong>1. \u00bfCu\u00e1ntos movimientos ofrece el JNR Falcon Pro 28000?<\/strong><\/p>\n<p>Este dispositivo ofrece hasta 28 000 caladas, lo que lo convierte en uno de los cigarrillos electr\u00f3nicos desechables m\u00e1s duraderos del mercado. Su enorme capacidad es ideal para usuarios que buscan resistencia y valor sin tener que cambiarlo con frecuencia.<\/p>\n<p><strong>2. \u00bfCu\u00e1l es la capacidad de e-l\u00edquido y qu\u00e9 concentraci\u00f3n de nicotina tiene el dispositivo?<\/strong><\/p>\n<p>El dispositivo viene precargado con 30 ml de e-l\u00edquido premium y tiene una concentraci\u00f3n de nicotina de 2 % (20 mg\/ml). Esta generosa capacidad, combinada con la concentraci\u00f3n \u00f3ptima de nicotina, garantiza un golpe de garganta constante y satisfactorio durante toda su vida \u00fatil.<\/p>\n<p><strong>3. \u00bfQu\u00e9 sistema de bobina utiliza el JNR Falcon Pro 28000?<\/strong><\/p>\n<p>Cuenta con un avanzado sistema de doble bobina de malla que optimiza tanto la producci\u00f3n de vapor como la pureza del sabor. Esta tecnolog\u00eda garantiza que cada calada sea tan intensa y suave como la primera, y ofrece un rendimiento excepcional de principio a fin.<\/p>\n<p><strong>4. \u00bfCu\u00e1nto dura la bater\u00eda y qu\u00e9 opciones de carga hay?<\/strong><\/p>\n<p>El dispositivo funciona con una bater\u00eda recargable de 950 mAh que ofrece una impresionante autonom\u00eda con una sola carga. Es compatible con la carga r\u00e1pida tipo C para minimizar el tiempo de inactividad, y la pantalla LED digital muestra el estado de la bater\u00eda en tiempo real para que siempre est\u00e9s informado.<\/p>\n<p><strong>5. \u00bfCu\u00e1ntos sabores hay disponibles para el JNR Falcon Pro 28000?<\/strong><\/p>\n<p>Hay 20 sabores \u00fanicos disponibles para satisfacer las preferencias gustativas m\u00e1s diversas. Tanto si busca algo afrutado, helado o intenso, esta amplia selecci\u00f3n de sabores garantiza que haya algo para todos los vapeadores, desde principiantes hasta entusiastas experimentados.<\/p>\n<h2>Acerca de Apex Vape<\/h2>\n<p>Descubra el JNR Falcon Pro 28000 y otros productos premium en <strong><a href=\"https:\/\/apexvape.de\/es\/\">Apex Vape<\/a><\/strong> \u2013 Su tienda online de confianza para cigarrillos electr\u00f3nicos y accesorios para vapeo de alta calidad en Alemania. Si busca cigarrillos electr\u00f3nicos desechables innovadores con un rendimiento excepcional, visite nuestra <strong><a href=\"https:\/\/apexvape.de\/es\/product-category\/jnr-vape\/\">Categor\u00eda JNR VAPE<\/a><\/strong> y encuentre el dispositivo perfecto para sus necesidades individuales. En Apex Vape le ofrecemos una amplia selecci\u00f3n de productos de vapeo de primera calidad, env\u00edos r\u00e1pidos y un excelente servicio de atenci\u00f3n al cliente para que disfrute de una experiencia de compra totalmente satisfactoria.<\/p>","protected":false},"excerpt":{"rendered":"<p class=\"font-claude-response-body break-words whitespace-normal\">El JNR Falcon Pro 28000 Puffs combina rendimiento y elegancia. Con 30 ml de e-l\u00edquido, bobina de malla doble y bater\u00eda de 950 mAh, ofrece 28 000 caladas de sabor intenso. La pantalla LED inteligente muestra el nivel de bater\u00eda y de l\u00edquido, y la carga r\u00e1pida tipo C garantiza tiempos de carga cortos. 20 aromas premium con nicotina 2%: la calidad se une a la resistencia.<\/p>","protected":false},"featured_media":4751,"comment_status":"open","ping_status":"closed","template":"","meta":[],"product_brand":[],"product_cat":[77],"product_tag":[],"class_list":{"0":"post-4750","1":"product","2":"type-product","3":"status-publish","4":"has-post-thumbnail","6":"product_cat-jnr-vape","8":"first","9":"instock","10":"shipping-taxable","11":"purchasable","12":"product-type-variable"},"_links":{"self":[{"href":"https:\/\/apexvape.de\/es\/wp-json\/wp\/v2\/product\/4750","targetHints":{"allow":["GET"]}}],"collection":[{"href":"https:\/\/apexvape.de\/es\/wp-json\/wp\/v2\/product"}],"about":[{"href":"https:\/\/apexvape.de\/es\/wp-json\/wp\/v2\/types\/product"}],"replies":[{"embeddable":true,"href":"https:\/\/apexvape.de\/es\/wp-json\/wp\/v2\/comments?post=4750"}],"version-history":[{"count":0,"href":"https:\/\/apexvape.de\/es\/wp-json\/wp\/v2\/product\/4750\/revisions"}],"wp:featuredmedia":[{"embeddable":true,"href":"https:\/\/apexvape.de\/es\/wp-json\/wp\/v2\/media\/4751"}],"wp:attachment":[{"href":"https:\/\/apexvape.de\/es\/wp-json\/wp\/v2\/media?parent=4750"}],"wp:term":[{"taxonomy":"product_brand","embeddable":true,"href":"https:\/\/apexvape.de\/es\/wp-json\/wp\/v2\/product_brand?post=4750"},{"taxonomy":"product_cat","embeddable":true,"href":"https:\/\/apexvape.de\/es\/wp-json\/wp\/v2\/product_cat?post=4750"},{"taxonomy":"product_tag","embeddable":true,"href":"https:\/\/apexvape.de\/es\/wp-json\/wp\/v2\/product_tag?post=4750"}],"curies":[{"name":"wp","href":"https:\/\/api.w.org\/{rel}","templated":true}]}}