{"id":4326,"date":"2025-11-28T14:11:01","date_gmt":"2025-11-28T13:11:01","guid":{"rendered":"https:\/\/apexvape.de\/?post_type=product&#038;p=4326"},"modified":"2025-11-28T14:11:38","modified_gmt":"2025-11-28T13:11:38","slug":"bang-leader-120k","status":"publish","type":"product","link":"https:\/\/apexvape.de\/es\/product\/bang-leader-120k\/","title":{"rendered":"Bang Leader 120K caladas Vape desechable"},"content":{"rendered":"<h1>Bang Leader 120K caladas \u2013 Doble aroma y bobina de malla doble Cigarrillo electr\u00f3nico desechable<\/h1>\n<p>El Bang Leader 120K establece nuevos est\u00e1ndares con la incre\u00edble cifra de 120 000 caladas en un solo dispositivo, lo que elimina la necesidad de compras de repuesto frecuentes. Alimentado por una bater\u00eda de 650 mAh con carga r\u00e1pida tipo C, ofrece rendimiento durante todo el d\u00eda con un tiempo de inactividad m\u00ednimo. La avanzada tecnolog\u00eda de bobina de malla de 1,0 \u03a9 garantiza un sabor intenso y constante y un vapor suave desde la primera hasta la \u00faltima calada. La pantalla inteligente permite supervisar en tiempo real el nivel de la bater\u00eda y el nivel de e-l\u00edquido, para que siempre est\u00e9s bien informado. Lo m\u00e1s destacado es el sistema de doble aroma: dos sabores diferentes en un solo dispositivo, entre los que puedes cambiar f\u00e1cilmente para disfrutar de la m\u00e1xima variedad. Con un rendimiento fiable y caracter\u00edsticas innovadoras, est\u00e1 dise\u00f1ado para vapeadores que exigen durabilidad, comodidad y flexibilidad en un paquete premium.<\/p>\n<h2>Bang Leader 120K caladas: caracter\u00edsticas destacadas del producto<\/h2>\n<p>El vaporizador desechable Bang Leader 120K ofrece 120 000 caladas, lo que lo convierte en l\u00edder del sector, y proporciona una durabilidad excepcional que reduce dr\u00e1sticamente la necesidad de reponerlo con frecuencia. Esta enorme capacidad garantiza sesiones de vapeo ininterrumpidas y lo convierte en uno de los dispositivos m\u00e1s duraderos del mercado actual.<\/p>\n<p>Equipado con una bater\u00eda fiable de 650 mAh con la moderna funci\u00f3n de carga tipo C, este dispositivo le mantendr\u00e1 listo para usar durante todo el d\u00eda, gracias a una carga r\u00e1pida y eficiente cuando sea necesario. La avanzada tecnolog\u00eda de bobina de malla de 1,0 \u03a9 garantiza una distribuci\u00f3n uniforme del calor en una superficie m\u00e1s amplia y proporciona un sabor intenso y constante, as\u00ed como una producci\u00f3n de vapor m\u00e1s suave que mantiene su calidad desde la primera hasta la \u00faltima calada.<\/p>\n<p>Mant\u00e9ngase siempre informado gracias a la pantalla inteligente integrada, que supervisa el nivel de la bater\u00eda y el nivel de l\u00edquido electr\u00f3nico en tiempo real y le ofrece un control total sobre su experiencia de vapeo. Siempre sabr\u00e1 exactamente en qu\u00e9 situaci\u00f3n se encuentra, sin conjeturas ni interrupciones inesperadas.<\/p>\n<p>El innovador sistema Dual Aroma destaca este dispositivo al combinar dos sabores diferentes en una sola unidad, lo que le permite cambiar f\u00e1cilmente entre ellos en cualquier momento. Esta vers\u00e1til configuraci\u00f3n aporta m\u00e1s variedad a su rutina diaria y le permite personalizar cada sesi\u00f3n seg\u00fan su estado de \u00e1nimo o preferencia, sin tener que llevar varios dispositivos.<\/p>\n<h2>Datos t\u00e9cnicos<\/h2>\n<p>\u2611 0% 2% 3% 5% Nicotina<br \/>\n\u2611 Trenes: 120 000<br \/>\n\u2611 12 sabores disponibles<br \/>\n\u2611 650 mAh recargable<br \/>\n\u2611 Bobina de malla doble<br \/>\n\u2611 Conexi\u00f3n tipo C<br \/>\n\u2611 Contenido del env\u00edo: 1 unidad<\/p>\n<h2>Bang Leader 120K caladas \u2013 Sabores<\/h2>\n<ol>\n<li>Blue Razz\/Love66<\/li>\n<li>Fresa Cereza\/Kiwi Maracuy\u00e1 Guayaba<\/li>\n<li>Chicle de sand\u00eda\/mezcla de frutas<\/li>\n<li>Fresa pl\u00e1tano\/Fiesta de cerezas<\/li>\n<li>Sand\u00eda helada\/melocot\u00f3n mango<\/li>\n<li>Ar\u00e1ndano helado\/frambuesa lim\u00f3n<\/li>\n<li>Red Energy Ice\/Uva Ice<\/li>\n<li>Fresa Sand\u00eda\/Limonada de naranja<\/li>\n<li>Cola Ice\/Cereza Ar\u00e1ndano<\/li>\n<li>Ar\u00e1ndano helado\/Grosella negra<\/li>\n<li>Mojito de frambuesa Melocot\u00f3n helado\/Lady Killer<\/li>\n<li>Sand\u00eda Ice\/Fresa Mamba<\/li>\n<\/ol>\n<h2>Preguntas frecuentes (FAQ)<\/h2>\n<p><strong>P: \u00bfCu\u00e1nto tiempo dura un dispositivo?<\/strong><br \/>\nR: El Bang Leader 120K ofrece 120 000 caladas y, con un uso regular, suele durar varias semanas.<\/p>\n<p><strong>P: \u00bfCu\u00e1nto tiempo tarda en cargarse?<\/strong><br \/>\nR: Con la carga r\u00e1pida tipo C, la bater\u00eda de 650 mAh se carga completamente en unos 60 minutos.<\/p>\n<p><strong>P: \u00bfPuedo utilizar el dispositivo mientras se est\u00e1 cargando?<\/strong><br \/>\nR: Para mantener la bater\u00eda en \u00f3ptimas condiciones, recomendamos no utilizar el Bang Leader 120K mientras se est\u00e1 cargando.<\/p>\n<p><strong>P: \u00bfEs dif\u00edcil transportar el aparato?<\/strong><br \/>\nR: Con 105 g, tiene un tacto de alta calidad, pero sigue siendo c\u00f3modo para el transporte y el uso diario.<\/p>\n<h2 class=\"font-claude-response-heading text-text-100 mt-1 -mb-0.5\">Descubre ahora Bang Leader 120K en Apex Vape<\/h2>\n<p class=\"font-claude-response-body whitespace-normal break-words\">Descubra el Bang Leader 120K y otros cigarrillos electr\u00f3nicos desechables innovadores en nuestra <strong><a class=\"underline\" href=\"https:\/\/apexvape.de\/es\/\">tienda en l\u00ednea<\/a><\/strong>. Como proveedor l\u00edder de productos de vapeo premium, Apex Vape ofrece una selecci\u00f3n cuidadosamente seleccionada de dispositivos de alta calidad a precios atractivos. Explore nuestra gama completa <strong><a class=\"underline\" href=\"https:\/\/apexvape.de\/es\/product-category\/bang-vape\/\">Colecci\u00f3n BANG VAPE<\/a><\/strong> con todos los modelos actuales y benef\u00edciese de un env\u00edo r\u00e1pido, un excelente servicio de atenci\u00f3n al cliente y una calidad de producto garantizada. \u00a1Haga su pedido hoy mismo y disfrute de la mejor experiencia de vapeo con el Bang Leader 120K!<\/p>","protected":false},"excerpt":{"rendered":"<p class=\"font-claude-response-body whitespace-normal break-words\">El Bang Leader 120K convence con 120 000 caladas y un innovador sistema de doble aroma: dos sabores en un solo dispositivo. Bater\u00eda de 650 mAh con carga r\u00e1pida tipo C, bobina de doble malla de 1,0 \u03a9 y pantalla inteligente para el nivel de bater\u00eda y l\u00edquido. Concentraciones de nicotina 0-5%, 12 aromas: \u00a1m\u00e1xima flexibilidad para vapeadores exigentes!<\/p>","protected":false},"featured_media":4327,"comment_status":"open","ping_status":"closed","template":"","meta":[],"product_brand":[],"product_cat":[76],"product_tag":[],"class_list":{"0":"post-4326","1":"product","2":"type-product","3":"status-publish","4":"has-post-thumbnail","6":"product_cat-bang-vape","8":"first","9":"instock","10":"shipping-taxable","11":"purchasable","12":"product-type-variable"},"_links":{"self":[{"href":"https:\/\/apexvape.de\/es\/wp-json\/wp\/v2\/product\/4326","targetHints":{"allow":["GET"]}}],"collection":[{"href":"https:\/\/apexvape.de\/es\/wp-json\/wp\/v2\/product"}],"about":[{"href":"https:\/\/apexvape.de\/es\/wp-json\/wp\/v2\/types\/product"}],"replies":[{"embeddable":true,"href":"https:\/\/apexvape.de\/es\/wp-json\/wp\/v2\/comments?post=4326"}],"version-history":[{"count":0,"href":"https:\/\/apexvape.de\/es\/wp-json\/wp\/v2\/product\/4326\/revisions"}],"wp:featuredmedia":[{"embeddable":true,"href":"https:\/\/apexvape.de\/es\/wp-json\/wp\/v2\/media\/4327"}],"wp:attachment":[{"href":"https:\/\/apexvape.de\/es\/wp-json\/wp\/v2\/media?parent=4326"}],"wp:term":[{"taxonomy":"product_brand","embeddable":true,"href":"https:\/\/apexvape.de\/es\/wp-json\/wp\/v2\/product_brand?post=4326"},{"taxonomy":"product_cat","embeddable":true,"href":"https:\/\/apexvape.de\/es\/wp-json\/wp\/v2\/product_cat?post=4326"},{"taxonomy":"product_tag","embeddable":true,"href":"https:\/\/apexvape.de\/es\/wp-json\/wp\/v2\/product_tag?post=4326"}],"curies":[{"name":"wp","href":"https:\/\/api.w.org\/{rel}","templated":true}]}}