{"id":4268,"date":"2025-11-28T13:58:44","date_gmt":"2025-11-28T12:58:44","guid":{"rendered":"https:\/\/apexvape.de\/?post_type=product&#038;p=4268"},"modified":"2025-11-28T13:58:59","modified_gmt":"2025-11-28T12:58:59","slug":"bang-leader-110k","status":"publish","type":"product","link":"https:\/\/apexvape.de\/es\/product\/bang-leader-110k\/","title":{"rendered":"Bang Leader 110K caladas Vape desechable"},"content":{"rendered":"<h1>Vape desechable Bang Leader 110K | 110 000 caladas | Recargable con bobina de malla | Sabor 6 en 1<\/h1>\n<p>El cigarrillo electr\u00f3nico desechable Bang Leader 110K ofrece una impresionante autonom\u00eda de entre 100 000 y 110 000 caladas. Equipado con una bobina de triple malla para un calentamiento potente y tres dep\u00f3sitos de l\u00edquido independientes, ofrece un sabor intenso y un rendimiento vers\u00e1til en un solo dispositivo. Los usuarios pueden personalizar su experiencia de vapeo con 6 modos de sabor (A, B, C, A+B, A+C, B+C) y elegir entre concentraciones de nicotina de 0% \/ 2% \/ 3% \/ 5% para satisfacer sus preferencias personales. Una bater\u00eda recargable de 850 mAh, una carga r\u00e1pida de tipo C y una pantalla LED clara garantizan un uso eficiente y c\u00f3modo: la pantalla muestra detalles importantes como el estado de la bater\u00eda y el contador de caladas. Disponible en 10 combinaciones de sabores premium y envasado en paquetes de 10 unidades, este cigarrillo electr\u00f3nico es ideal para el consumo personal, as\u00ed como para la venta al por mayor y al por menor.<\/p>\n<h2>Bang Leader 110K caladas Caracter\u00edsticas destacadas:<\/h2>\n<p>El cigarrillo electr\u00f3nico desechable Bang Leader 110K ofrece un rendimiento revolucionario con una incre\u00edble capacidad de hasta 110 000 caladas, lo que ampl\u00eda los l\u00edmites de lo posible para un solo dispositivo. Con la avanzada tecnolog\u00eda de bobina de triple malla, garantiza una producci\u00f3n constante de vapor, caladas excepcionalmente suaves y una mejor liberaci\u00f3n del sabor desde la primera hasta la \u00faltima calada. Disponible en concentraciones de nicotina de 0%, 2%, 3% o 5%, le permite ajustar exactamente la satisfacci\u00f3n que se adapta a sus preferencias.<\/p>\n<p>La comodidad se une a la innovaci\u00f3n con la pantalla LED inteligente integrada, que ofrece una supervisi\u00f3n clara en tiempo real del nivel de la bater\u00eda y del l\u00edquido, para que nunca te lleves sorpresas. La potente bater\u00eda recargable de 850 mAh, combinada con un puerto de carga r\u00e1pida tipo C, garantiza un rendimiento duradero y un tiempo de inactividad m\u00ednimo, mientras que los tres dep\u00f3sitos de l\u00edquido independientes permiten un uso prolongado y transiciones fluidas entre sabores sin mezclas ni p\u00e9rdida de sabor.<\/p>\n<p>Lo que realmente distingue a Bang Leader es su revolucionario sistema de modos de sabor 6 en 1, que ofrece combinaciones de A, B, C, A+B, A+C y B+C con m\u00e1s de 10 opciones de sabor diferentes. Este vers\u00e1til sistema convierte cada sesi\u00f3n en una experiencia personalizable y te permite explorar nuevos perfiles de sabor o quedarte con tus favoritos, todo en un solo dispositivo.<\/p>\n<p>Envasado en pr\u00e1cticos paquetes de 10 unidades, el Bang Leader 110K es perfecto tanto para el disfrute personal como para la distribuci\u00f3n al por mayor. Tanto si eres un vapeador comprometido que busca la m\u00e1xima variedad como si eres un distribuidor que desea ofrecer un producto l\u00edder en el sector, este dispositivo ofrece una durabilidad, flexibilidad y satisfacci\u00f3n sin igual en un paquete de primera calidad.<\/p>\n<h2>Especificaciones t\u00e9cnicas:<\/h2>\n<ul>\n<li><strong>Concentraci\u00f3n de nicotina:<\/strong> 0% \/ 2% \/ 3% \/ 5%<\/li>\n<li><strong>N\u00famero de trenes:<\/strong> Hasta 110 000 trenes<\/li>\n<li><strong>Modos de sabor:<\/strong> A, B, C, A+B, A+C, B+C<\/li>\n<li><strong>Dep\u00f3sito de l\u00edquido:<\/strong> 3 tanques<\/li>\n<li><strong>Bater\u00eda:<\/strong> 850 mAh recargable<\/li>\n<li><strong>Bobina:<\/strong> Bobina de triple malla<\/li>\n<li><strong>Pantalla LED:<\/strong> S\u00ed.<\/li>\n<li><strong>Conector de carga:<\/strong> Tipo C<\/li>\n<li><strong>Embalaje:<\/strong> 10 unidades\/paquete<\/li>\n<li><strong>Sabores:<\/strong> 10 opciones<\/li>\n<\/ul>\n<h2>Bang Leader 110K caladas Lista de sabores:<\/h2>\n<ol>\n<li>Sand\u00eda Ice \/ Fresa Mamba \/ Fresa Sand\u00eda<\/li>\n<li>Fuji Ice \/ Manzana Uva \/ Cereza Granada<\/li>\n<li>Ar\u00e1ndanos helados \/ Frambuesa y lim\u00f3n \/ Chicle de sand\u00eda<\/li>\n<li>Ar\u00e1ndanos Frambuesas \/ Pi\u00f1a \u00e1cida Naranjas \/ Frambuesas Sand\u00edas<\/li>\n<li>Uva hielo \/ Mango melocot\u00f3n \/ Ar\u00e1ndano sand\u00eda<\/li>\n<li>Fresa helada \/ Melocot\u00f3n lim\u00f3n \/ Kiwi maracuy\u00e1 guayaba<\/li>\n<li>Pi\u00f1a y coco \/ Ar\u00e1ndanos Red Bull \/ Sand\u00eda Ice<\/li>\n<li>Fresa Kiwi \/ Ar\u00e1ndanos Coco \/ Mezcla de bayas<\/li>\n<li>Romance de lim\u00f3n \/ Ar\u00e1ndanos y frambuesas \/ Melocot\u00f3n y mentol<\/li>\n<li>Melocot\u00f3n helado \/ Grosella negra Pi\u00f1a helada \/ Manzana verde Kiwi<\/li>\n<\/ol>\n<h2>Preguntas frecuentes sobre el Bang Leader 110K<\/h2>\n<p><strong>P: \u00bfQu\u00e9 es el Bang Leader 110K?<\/strong><br \/>\nR: El Bang Leader 110K es un potente dispositivo de vapeo desechable. Viene precargado con l\u00edquido y puede proporcionar hasta 110 000 caladas, lo que lo hace ideal para usuarios que desean vapear durante largos periodos de tiempo sin tener que sustituir el dispositivo con frecuencia.<\/p>\n<p><strong>P: \u00bfEl Bang Leader 110K tiene una bater\u00eda recargable?<\/strong><br \/>\nR: S\u00ed, est\u00e1 equipado con una bater\u00eda recargable de 850 mAh. Esta bater\u00eda est\u00e1 dise\u00f1ada para durar toda la vida \u00fatil del dep\u00f3sito de l\u00edquido del dispositivo.<\/p>\n<p><strong>P: \u00bfC\u00f3mo se carga el Bang Leader 110K?<\/strong><br \/>\nR: Dispone de un puerto de carga tipo C. Puede utilizar un cable de carga tipo C est\u00e1ndar (en algunos casos no incluido) y conectarlo a una fuente de alimentaci\u00f3n USB, como un cargador de pared o un banco de energ\u00eda. Durante el proceso de carga, el dispositivo puede mostrar el estado de carga mediante un indicador LED.<\/p>\n<p><strong>P: \u00bfCu\u00e1nto tiempo tarda en cargarse completamente la bater\u00eda?<\/strong><br \/>\nR: El tiempo de carga puede variar en funci\u00f3n de la potencia de salida de la fuente de carga. Por lo general, se tarda entre 1 y 2 horas en cargar completamente la bater\u00eda de 850 mAh con una fuente de alimentaci\u00f3n USB t\u00edpica de 5 V\/1 A. Sin embargo, si utiliza un cargador m\u00e1s potente (compatible con las especificaciones de carga del dispositivo), el tiempo de carga puede ser menor.<\/p>\n<h2>Descubra m\u00e1s productos de vapeo premium<\/h2>\n<p>El Bang Leader 110K forma parte de nuestra amplia selecci\u00f3n de cigarrillos electr\u00f3nicos desechables de alta calidad. En <strong><a href=\"https:\/\/apexvape.de\/es\/\">Apexvape<\/a><\/strong> Encontrar\u00e1 una amplia selecci\u00f3n de innovadores dispositivos de vapeo para todos los gustos y necesidades. Descubra m\u00e1s productos de primera calidad en nuestra <strong><a href=\"https:\/\/apexvape.de\/es\/product-category\/bang-vape\/\">Categor\u00eda BANG VAPE<\/a><\/strong>, donde encontrar\u00e1 los \u00faltimos modelos y los m\u00e1s vendidos de la serie Bang. Tanto si busca el m\u00e1ximo n\u00famero de caladas, una amplia variedad de combinaciones de sabores o la tecnolog\u00eda m\u00e1s avanzada, siempre le ofrecemos las mejores soluciones de vapeo en condiciones atractivas para clientes particulares y mayoristas.<\/p>","protected":false},"excerpt":{"rendered":"<p class=\"font-claude-response-body whitespace-normal break-words\">El Bang Leader 110K ofrece revolucionarias 110 000 caladas con un innovador sistema de sabores 6 en 1 (A, B, C, A+B, A+C, B+C). 3 dep\u00f3sitos de l\u00edquido independientes, bobina de malla triple, bater\u00eda de 850 mAh con carga r\u00e1pida tipo C y pantalla LED inteligente. Concentraciones de nicotina 0-5%, 10 aromas premium: \u00a1lo \u00faltimo en personalizaci\u00f3n y durabilidad!<\/p>","protected":false},"featured_media":4269,"comment_status":"open","ping_status":"closed","template":"","meta":[],"product_brand":[],"product_cat":[76],"product_tag":[],"class_list":{"0":"post-4268","1":"product","2":"type-product","3":"status-publish","4":"has-post-thumbnail","6":"product_cat-bang-vape","8":"first","9":"instock","10":"shipping-taxable","11":"purchasable","12":"product-type-variable"},"_links":{"self":[{"href":"https:\/\/apexvape.de\/es\/wp-json\/wp\/v2\/product\/4268","targetHints":{"allow":["GET"]}}],"collection":[{"href":"https:\/\/apexvape.de\/es\/wp-json\/wp\/v2\/product"}],"about":[{"href":"https:\/\/apexvape.de\/es\/wp-json\/wp\/v2\/types\/product"}],"replies":[{"embeddable":true,"href":"https:\/\/apexvape.de\/es\/wp-json\/wp\/v2\/comments?post=4268"}],"version-history":[{"count":0,"href":"https:\/\/apexvape.de\/es\/wp-json\/wp\/v2\/product\/4268\/revisions"}],"wp:featuredmedia":[{"embeddable":true,"href":"https:\/\/apexvape.de\/es\/wp-json\/wp\/v2\/media\/4269"}],"wp:attachment":[{"href":"https:\/\/apexvape.de\/es\/wp-json\/wp\/v2\/media?parent=4268"}],"wp:term":[{"taxonomy":"product_brand","embeddable":true,"href":"https:\/\/apexvape.de\/es\/wp-json\/wp\/v2\/product_brand?post=4268"},{"taxonomy":"product_cat","embeddable":true,"href":"https:\/\/apexvape.de\/es\/wp-json\/wp\/v2\/product_cat?post=4268"},{"taxonomy":"product_tag","embeddable":true,"href":"https:\/\/apexvape.de\/es\/wp-json\/wp\/v2\/product_tag?post=4268"}],"curies":[{"name":"wp","href":"https:\/\/api.w.org\/{rel}","templated":true}]}}