{"id":4189,"date":"2025-11-28T13:41:38","date_gmt":"2025-11-28T12:41:38","guid":{"rendered":"https:\/\/apexvape.de\/?post_type=product&#038;p=4189"},"modified":"2025-11-28T13:43:20","modified_gmt":"2025-11-28T12:43:20","slug":"bang-leader-85000","status":"publish","type":"product","link":"https:\/\/apexvape.de\/es\/product\/bang-leader-85000\/","title":{"rendered":"Bang Leader 85000 caladas Vape desechable"},"content":{"rendered":"<h1><strong>Bang Leader 85000: cigarrillo electr\u00f3nico con 85 000 caladas y tres sabores diferentes.<\/strong><\/h1>\n<p>El cigarrillo electr\u00f3nico desechable Bang Leader 85000 ofrece la impresionante cifra de 85 000 caladas con 3 sabores ajustables en un solo dispositivo, lo que garantiza la m\u00e1xima variedad y comodidad. Elige entre 0% \/ 2% \/ 3% \/ 5% de nicotina para disfrutar de una experiencia de vapeo perfecta. Equipado con una potente bater\u00eda de 850 mAh y una bobina de malla triple (1,0 \u03a9), produce un vapor denso y constante y un sabor intenso. La pantalla LED muestra el nivel de bater\u00eda y el estado del sabor, mientras que el cable de carga tipo C permite una carga r\u00e1pida. Disponible en 15 sabores premium, envasado en paquetes de 10 unidades para venta al por menor y al por mayor.<\/p>\n<h2><strong>Bang Leader 85 000 caladas: caracter\u00edsticas destacadas del producto:<\/strong><\/h2>\n<p>Disfrute de una durabilidad excepcional con hasta 85 000 caladas por dispositivo, ideal para usuarios intensivos o para aquellos que desean minimizar las compras de repuestos. Cada unidad viene precargada con e-l\u00edquido de alta calidad y cuenta con un exclusivo sistema de triple aroma que le ofrece tres perfiles de sabor diferentes en un solo dispositivo. Disfrute de la variedad y la satisfacci\u00f3n con cada calada, sin tener que rellenar o cambiar entre diferentes vapeadores.<\/p>\n<p>Equipado con bobinas de malla de 1,0 \u03a9, el dispositivo produce un vapor rico y consistente y un sabor aut\u00e9ntico de principio a fin. Las caladas uniformes mantienen el sabor durante toda su prolongada vida \u00fatil. El dise\u00f1o inteligente se complementa con una pantalla inteligente integrada que le informa con actualizaciones en tiempo real sobre el nivel de la bater\u00eda, el contador de caladas y el modo de funcionamiento, lo que hace que su experiencia de vapeo sea m\u00e1s intuitiva y f\u00e1cil de usar.<\/p>\n<p>Alimentado por una robusta bater\u00eda de 850 mAh con funci\u00f3n de carga tipo C, el dispositivo garantiza una carga r\u00e1pida y eficiente para que nunca te quedes sin tu cigarrillo electr\u00f3nico. La moderna tecnolog\u00eda de carga significa menos tiempo de espera y m\u00e1s disfrute del vapor.<\/p>\n<p>Disponible en varios niveles de nicotina (0%, 2%, 3% y 5%), este dispositivo satisface una amplia gama de preferencias y necesidades, tanto si desea evitar por completo la nicotina, reducir gradualmente su consumo o buscar una experiencia m\u00e1s intensa. Versatilidad y rendimiento en un potente paquete.<\/p>\n<h2><strong>Datos t\u00e9cnicos:<\/strong><\/h2>\n<ul>\n<li>Capacidad del e-l\u00edquido: 60 ml<\/li>\n<li>Trenes: 85 000 trenes<\/li>\n<li>Bater\u00eda: 850 mAh<\/li>\n<li>Nicotina: 0% \/ 2% \/ 3% \/ 5%<\/li>\n<li>Bobina: 1,0 ohmios \u00d7 3<\/li>\n<li>Dise\u00f1o: tres sabores<\/li>\n<li>Conector de carga: puerto tipo C<\/li>\n<li>Sabores: 15 aromas disponibles<\/li>\n<\/ul>\n<h2><strong>Bang Leader 85 000 caladas \u2013 Lista de sabores:<\/strong><\/h2>\n<ol>\n<li>Uva Helado \/ Fresa Kiwi \/ Maracuy\u00e1 Guayaba<\/li>\n<li>Helado de fresa \/ Lim\u00f3n y naranja \/ Chicle de sand\u00eda<\/li>\n<li>Helado de sand\u00eda \/ Mango y melocot\u00f3n \/ Limonada de naranja<\/li>\n<li>Helado de pi\u00f1a \/ Red Bull de fresa \/ Mezcla de bayas<\/li>\n<li>Red Bull \/ Ar\u00e1ndanos Sand\u00eda \/ Helado de fresa<\/li>\n<li>Helado de cola \/ Manzana y melocot\u00f3n \/ Limonada rosa<\/li>\n<li>Helado de pl\u00e1tano \/ Sand\u00eda con fresa \/ Ositos de goma<\/li>\n<li>Helado de ar\u00e1ndanos \/ Blue Raz \/ Pera arom\u00e1tica<\/li>\n<li>Fruta variada \/ Mojito Melocot\u00f3n \/ Ar\u00e1ndanos Frambuesa<\/li>\n<li>Black Dragon Helado \/ Malvavisco \/ Sue\u00f1o de verano<\/li>\n<li>Fresa Frambuesa \/ Grosella negra \/ Fresa Pl\u00e1tano<\/li>\n<li>Fresa Sand\u00eda \/ Cereza-Cola \/ Crema de fresa<\/li>\n<li>Manzana roja \/ Frambuesa Sand\u00eda \/ Aloe Uva<\/li>\n<li>Cereza y ar\u00e1ndano rojo \/ Melocot\u00f3n y mango \/ Pi\u00f1a<\/li>\n<li>Love 666 \/ Ar\u00e1ndanos y frambuesas \/ Vimto<\/li>\n<\/ol>\n<h2><strong>Preguntas frecuentes sobre el Bang Leader 85000<\/strong><\/h2>\n<p><strong>F1: \u00bfCu\u00e1ntas caladas ofrece el Bang Leader 85K?<\/strong> R: Cada dispositivo proporciona hasta 85 000 caladas y ofrece un rendimiento ultralargo sin necesidad de reemplazos frecuentes.<\/p>\n<p><strong>P2: \u00bfEl dispositivo es recargable?<\/strong> R: S\u00ed, cuenta con una bater\u00eda recargable con puerto de carga USB-C para una carga r\u00e1pida y c\u00f3moda.<\/p>\n<p><strong>P3: \u00bfPuedo ajustar el flujo de aire o la producci\u00f3n de vapor?<\/strong> R: S\u00ed, el Bang Leader 85K cuenta con un control de flujo de aire ajustable que le permite personalizar la calada y la potencia del vapor.<\/p>\n<p><strong>P4: \u00bfC\u00f3mo puedo saber cu\u00e1ndo se est\u00e1 acabando el e-l\u00edquido?<\/strong> R: El dispositivo cuenta con una pantalla inteligente que muestra el nivel de l\u00edquido electr\u00f3nico y de bater\u00eda en tiempo real.<\/p>\n<p><strong>F5: \u00bfTengo que rellenar el e-l\u00edquido?<\/strong> R: No, no es necesario rellenarlo: el Bang Leader 85K viene precargado y listo para usar.<\/p>\n<p><strong>P6: \u00bfEs adecuada para principiantes?<\/strong> R: Por supuesto, el Bang Leader 85K se activa al aspirar, por lo que es f\u00e1cil de usar tanto para principiantes como para vapeadores experimentados.<\/p>\n<h2 class=\"font-claude-response-body whitespace-normal break-words\"><strong>M\u00e1s informaci\u00f3n y productos<\/strong><\/h2>\n<p class=\"font-claude-response-body whitespace-normal break-words\">Descubra la gama completa de cigarrillos electr\u00f3nicos y productos para vapear de alta calidad en <strong><a class=\"underline\" href=\"https:\/\/apexvape.de\/es\/\">apexvape.de<\/a><\/strong> , su tienda online de confianza para accesorios de vapeo de primera calidad. El Bang Leader 85000 forma parte de nuestra exclusiva <strong><a class=\"underline\" href=\"https:\/\/apexvape.de\/es\/product-category\/bang-vape\/\">Colecci\u00f3n BANG VAPE<\/a><\/strong>, sin\u00f3nimo de innovaci\u00f3n, calidad y rendimiento excepcional. Visite nuestra categor\u00eda para descubrir m\u00e1s cigarrillos electr\u00f3nicos desechables y dispositivos de vapeo de primera clase que se adaptan perfectamente a sus necesidades individuales.<\/p>","protected":false},"excerpt":{"rendered":"<p class=\"font-claude-response-body whitespace-normal break-words\">El Bang Leader 85000 impresiona con 85 000 caladas y un exclusivo sistema de triple aroma en un solo dispositivo. 60 ml de e-l\u00edquido, bater\u00eda de 850 mAh con carga tipo C, bobinas de malla triple (1,0 \u03a9) y pantalla inteligente para el nivel de bater\u00eda y el contador de caladas. Concentraciones de nicotina 0-5%, 15 aromas premium: \u00a1la variedad definitiva!<\/p>","protected":false},"featured_media":4254,"comment_status":"open","ping_status":"closed","template":"","meta":[],"product_brand":[],"product_cat":[76],"product_tag":[],"class_list":{"0":"post-4189","1":"product","2":"type-product","3":"status-publish","4":"has-post-thumbnail","6":"product_cat-bang-vape","8":"first","9":"instock","10":"shipping-taxable","11":"purchasable","12":"product-type-variable"},"_links":{"self":[{"href":"https:\/\/apexvape.de\/es\/wp-json\/wp\/v2\/product\/4189","targetHints":{"allow":["GET"]}}],"collection":[{"href":"https:\/\/apexvape.de\/es\/wp-json\/wp\/v2\/product"}],"about":[{"href":"https:\/\/apexvape.de\/es\/wp-json\/wp\/v2\/types\/product"}],"replies":[{"embeddable":true,"href":"https:\/\/apexvape.de\/es\/wp-json\/wp\/v2\/comments?post=4189"}],"version-history":[{"count":0,"href":"https:\/\/apexvape.de\/es\/wp-json\/wp\/v2\/product\/4189\/revisions"}],"wp:featuredmedia":[{"embeddable":true,"href":"https:\/\/apexvape.de\/es\/wp-json\/wp\/v2\/media\/4254"}],"wp:attachment":[{"href":"https:\/\/apexvape.de\/es\/wp-json\/wp\/v2\/media?parent=4189"}],"wp:term":[{"taxonomy":"product_brand","embeddable":true,"href":"https:\/\/apexvape.de\/es\/wp-json\/wp\/v2\/product_brand?post=4189"},{"taxonomy":"product_cat","embeddable":true,"href":"https:\/\/apexvape.de\/es\/wp-json\/wp\/v2\/product_cat?post=4189"},{"taxonomy":"product_tag","embeddable":true,"href":"https:\/\/apexvape.de\/es\/wp-json\/wp\/v2\/product_tag?post=4189"}],"curies":[{"name":"wp","href":"https:\/\/api.w.org\/{rel}","templated":true}]}}