{"id":4058,"date":"2025-11-28T13:24:36","date_gmt":"2025-11-28T12:24:36","guid":{"rendered":"https:\/\/apexvape.de\/?post_type=product&#038;p=4058"},"modified":"2025-11-28T13:25:35","modified_gmt":"2025-11-28T12:25:35","slug":"bang-leader-18000","status":"publish","type":"product","link":"https:\/\/apexvape.de\/es\/product\/bang-leader-18000\/","title":{"rendered":"Bang Leader 18000 caladas Vape desechable"},"content":{"rendered":"<h1>Bang Leader 18000 caladas: cigarrillo electr\u00f3nico desechable recargable al por mayor<\/h1>\n<p>El <strong>Bang Leader 18000<\/strong> establece nuevos est\u00e1ndares en el \u00e1mbito de los vapeadores desechables y est\u00e1 dirigido a usuarios que valoran una durabilidad excepcional y experiencias de sabor intensas. La caracter\u00edstica m\u00e1s destacada es la impresionante <strong>Capacidad para 18 000 trenes<\/strong>, lo que permite una vida \u00fatil significativamente m\u00e1s larga que la de los dispositivos desechables convencionales. Prellenado con un generoso volumen de e-l\u00edquido y equipado con una potente bater\u00eda integrada, este dispositivo ha sido dise\u00f1ado para un uso prolongado y sin complicaciones. Su dise\u00f1o ergon\u00f3mico, a menudo delgado, y su mecanismo autom\u00e1tico de aspiraci\u00f3n f\u00e1cil de usar hacen que el <strong>Bang Leader Vape 18000<\/strong> La elecci\u00f3n ideal para los vapeadores que buscan una soluci\u00f3n integral robusta y potente que no requiera mantenimiento.<\/p>\n<h2>Bang Leader 18000 caladas: las ventajas m\u00e1s importantes<\/h2>\n<p>El dispositivo ofrece concentraciones de nicotina flexibles de 0 %, 2 %, 3 % o 5 %, para que puedas personalizar tu experiencia de vapeo, tanto si deseas dejar la nicotina por completo, reducir tu consumo gradualmente o dejar los cigarrillos convencionales. Cada opci\u00f3n est\u00e1 dise\u00f1ada para adaptarse exactamente al punto en el que se encuentra en su viaje de vapeo.<\/p>\n<p>Dise\u00f1ado para ofrecer la m\u00e1xima durabilidad, este dispositivo proporciona un rendimiento impresionante. <strong>18 000 trenes<\/strong>, lo que evita tener que comprar repuestos tan a menudo y reduce los residuos. Puedes confiar en un rendimiento constante durante toda su vida \u00fatil prolongada, ideal para el uso diario.<\/p>\n<p>El <strong>Bater\u00eda recargable de 650 mAh<\/strong> ofrece energ\u00eda para todo el d\u00eda con una sola carga. Si necesita recargar, el <strong>Conector tipo C<\/strong> en solo 30 minutos a plena capacidad. Reforzado por <strong>Bobinas de malla de 1,0 ohmios<\/strong> El dispositivo maximiza la producci\u00f3n de vapor y la intensidad del sabor gracias a una superficie de calentamiento ampliada y proporciona nubes suaves y satisfactorias con cada calada.<\/p>\n<p>Su elegante dise\u00f1o combina a la perfecci\u00f3n forma y funcionalidad: se adapta naturalmente a la mano y cabe f\u00e1cilmente en el bolso. Se trata de una artesan\u00eda bien pensada para el d\u00eda a d\u00eda, que combina comodidad y practicidad.<\/p>\n<h2>Datos t\u00e9cnicos<\/h2>\n<ul>\n<li><strong>N\u00famero de movimientos:<\/strong> 18.000<\/li>\n<li><strong>Capacidad de la bater\u00eda:<\/strong> 650 mAh<\/li>\n<li><strong>Resistencia de la bobina:<\/strong> 1,0 ohmios<\/li>\n<li><strong>Conector de carga:<\/strong> Tipo C<\/li>\n<li><strong>Peso:<\/strong> 67 g<\/li>\n<\/ul>\n<h2>sabores<\/h2>\n<ol>\n<li>Fresa y kiwi<\/li>\n<li>Strawberry Watermelon (Fresa Sand\u00eda)<\/li>\n<li>Red Bull<\/li>\n<li>Mixed Fruits (Fruta variada)<\/li>\n<li>Ar\u00e1ndano y frambuesa (Blueberry Raspberry)<\/li>\n<li>Blueberry Watermelon (Ar\u00e1ndano y sand\u00eda)<\/li>\n<li>Grape Ice (Hielo de uva)<\/li>\n<li>Raspberry Mojito Peach Ice (helado de mojito de frambuesa y melocot\u00f3n)<\/li>\n<li>Watermelon Ice (helado de sand\u00eda)<\/li>\n<li>Raspberry Watermelon (Frambuesa y sand\u00eda)<\/li>\n<li>Cola Ice (hielo de cola)<\/li>\n<li>Mango, melocot\u00f3n y sand\u00eda<\/li>\n<\/ol>\n<h2>Preguntas frecuentes (FAQ)<\/h2>\n<p><strong>1. \u00bfCu\u00e1ntas caladas ofrece el Bang Leader 18000?<\/strong><br \/>\nEl dispositivo ofrece hasta 18 000 caladas, lo que permite a los usuarios disfrutar de un uso prolongado sin tener que sustituirlo con frecuencia.<\/p>\n<p><strong>2. \u00bfEs necesario configurar el Bang Leader 18000?<\/strong><br \/>\nNo, no es necesario realizar ninguna configuraci\u00f3n. Solo hay que abrir el embalaje y el dispositivo estar\u00e1 listo para usar.<\/p>\n<p><strong>3. \u00bfEs compatible con la carga tipo C?<\/strong><br \/>\nS\u00ed. El dispositivo cuenta con un conector tipo C, lo que hace que la recarga sea m\u00e1s r\u00e1pida y c\u00f3moda.<\/p>\n<p><strong>4. \u00bfHay diferentes concentraciones de nicotina disponibles?<\/strong><br \/>\nS\u00ed. El producto est\u00e1 disponible en 0 %, 2 %, 3 % y 5 %, para que los usuarios puedan elegir la concentraci\u00f3n que m\u00e1s les convenga.<\/p>\n<h2 class=\"font-claude-response-heading text-text-100 mt-1 -mb-0.5\">Descubra m\u00e1s cigarrillos electr\u00f3nicos premium<\/h2>\n<p class=\"font-claude-response-body whitespace-normal break-words\">El Bang Leader 18000 forma parte de nuestra amplia gama de productos de vapeo de alta calidad. Visite nuestra <strong><a class=\"underline\" href=\"https:\/\/apexvape.de\/es\/\">p\u00e1gina web<\/a><\/strong>, para descubrir la gama completa de cigarrillos electr\u00f3nicos, accesorios y ofertas especiales. Para ver m\u00e1s modelos innovadores de la marca, le recomendamos que eche un vistazo a nuestra <strong><a class=\"underline\" href=\"https:\/\/apexvape.de\/es\/product-category\/bang-vape\/\">Categor\u00eda BANG VAPE<\/a><\/strong>, donde encontrar\u00e1 una amplia selecci\u00f3n de potentes vapeadores desechables con diferentes n\u00fameros de caladas, sabores y concentraciones de nicotina. En Apexvape.de le ofrecemos una calidad de primera clase, env\u00edos r\u00e1pidos y un asesoramiento competente para que disfrute de una experiencia de vapeo perfecta.<\/p>","protected":false},"excerpt":{"rendered":"<p class=\"font-claude-response-body whitespace-normal break-words\">El Bang Leader 18000 ofrece la extraordinaria cantidad de 18 000 caladas en un dispositivo desechable recargable. Con una bater\u00eda de 650 mAh, bobinas de malla de 1,0 ohmios y carga r\u00e1pida tipo C, disfrutar\u00e1 de sabores intensos y un placer duradero al vapear. Dise\u00f1o ergon\u00f3mico, concentraciones de nicotina flexibles (0-5%): la elecci\u00f3n perfecta para los vapeadores exigentes.<\/p>","protected":false},"featured_media":4059,"comment_status":"open","ping_status":"closed","template":"","meta":[],"product_brand":[],"product_cat":[76],"product_tag":[],"class_list":{"0":"post-4058","1":"product","2":"type-product","3":"status-publish","4":"has-post-thumbnail","6":"product_cat-bang-vape","8":"first","9":"instock","10":"shipping-taxable","11":"purchasable","12":"product-type-variable"},"_links":{"self":[{"href":"https:\/\/apexvape.de\/es\/wp-json\/wp\/v2\/product\/4058","targetHints":{"allow":["GET"]}}],"collection":[{"href":"https:\/\/apexvape.de\/es\/wp-json\/wp\/v2\/product"}],"about":[{"href":"https:\/\/apexvape.de\/es\/wp-json\/wp\/v2\/types\/product"}],"replies":[{"embeddable":true,"href":"https:\/\/apexvape.de\/es\/wp-json\/wp\/v2\/comments?post=4058"}],"version-history":[{"count":0,"href":"https:\/\/apexvape.de\/es\/wp-json\/wp\/v2\/product\/4058\/revisions"}],"wp:featuredmedia":[{"embeddable":true,"href":"https:\/\/apexvape.de\/es\/wp-json\/wp\/v2\/media\/4059"}],"wp:attachment":[{"href":"https:\/\/apexvape.de\/es\/wp-json\/wp\/v2\/media?parent=4058"}],"wp:term":[{"taxonomy":"product_brand","embeddable":true,"href":"https:\/\/apexvape.de\/es\/wp-json\/wp\/v2\/product_brand?post=4058"},{"taxonomy":"product_cat","embeddable":true,"href":"https:\/\/apexvape.de\/es\/wp-json\/wp\/v2\/product_cat?post=4058"},{"taxonomy":"product_tag","embeddable":true,"href":"https:\/\/apexvape.de\/es\/wp-json\/wp\/v2\/product_tag?post=4058"}],"curies":[{"name":"wp","href":"https:\/\/api.w.org\/{rel}","templated":true}]}}