{"id":3924,"date":"2025-11-27T14:08:12","date_gmt":"2025-11-27T13:08:12","guid":{"rendered":"https:\/\/apexvape.de\/?post_type=product&#038;p=3924"},"modified":"2025-11-27T14:09:10","modified_gmt":"2025-11-27T13:09:10","slug":"bang-legend-120k","status":"publish","type":"product","link":"https:\/\/apexvape.de\/es\/product\/bang-legend-120k\/","title":{"rendered":"Bang Legend 120K caladas Vape desechable"},"content":{"rendered":"<p>&nbsp;<\/p>\n<h1><strong>Bang Legend 120K 5 en 1 120 000 caladas | Cigarrillo electr\u00f3nico al por mayor ajustable con m\u00faltiples sabores<\/strong><\/h1>\n<p>El cigarrillo electr\u00f3nico desechable Bang Legend 120K 5 en 1 es un dispositivo de alta calidad con una enorme capacidad, dise\u00f1ado para los amantes del sabor y los usuarios intensivos. Con 120 000 caladas, un dep\u00f3sito de l\u00edquido de 50 ml y un sistema de sabores 5 en 1, ofrece una versatilidad sin igual y proporciona hasta 5 sabores diferentes en un solo dispositivo. Equipado con una bobina de malla de 1,0 \u03a9, una bater\u00eda de 850 mAh y un conector de carga r\u00e1pida tipo C, garantiza un vapor suave, un rendimiento duradero y la m\u00e1xima comodidad. Disponible en concentraciones de nicotina ajustables de 0%, 2%, 3% y 5%.<\/p>\n<p><img decoding=\"async\" class=\"alignnone size-medium wp-image-3988\" src=\"https:\/\/apexvape.de\/wp-content\/uploads\/2025\/11\/\u4ea7\u54c1\u5408\u96c6\u56fe-300x120.jpg\" alt=\"Bang Legend 120K\" width=\"300\" height=\"120\" srcset=\"https:\/\/apexvape.de\/wp-content\/uploads\/2025\/11\/\u4ea7\u54c1\u5408\u96c6\u56fe-300x120.jpg 300w, https:\/\/apexvape.de\/wp-content\/uploads\/2025\/11\/\u4ea7\u54c1\u5408\u96c6\u56fe-1024x409.jpg 1024w, https:\/\/apexvape.de\/wp-content\/uploads\/2025\/11\/\u4ea7\u54c1\u5408\u96c6\u56fe-768x307.jpg 768w, https:\/\/apexvape.de\/wp-content\/uploads\/2025\/11\/\u4ea7\u54c1\u5408\u96c6\u56fe-1536x613.jpg 1536w, https:\/\/apexvape.de\/wp-content\/uploads\/2025\/11\/\u4ea7\u54c1\u5408\u96c6\u56fe-2048x817.jpg 2048w, https:\/\/apexvape.de\/wp-content\/uploads\/2025\/11\/\u4ea7\u54c1\u5408\u96c6\u56fe-18x7.jpg 18w, https:\/\/apexvape.de\/wp-content\/uploads\/2025\/11\/\u4ea7\u54c1\u5408\u96c6\u56fe-1200x479.jpg 1200w, https:\/\/apexvape.de\/wp-content\/uploads\/2025\/11\/\u4ea7\u54c1\u5408\u96c6\u56fe-150x60.jpg 150w\" sizes=\"(max-width: 300px) 100vw, 300px\" \/><\/p>\n<h2><strong>Caracter\u00edsticas destacadas de Bang Legend 120K caladas:<\/strong><\/h2>\n<p>Disfrute de una resistencia al vapor excepcional con el cigarrillo electr\u00f3nico desechable Bang Legend 120K, que ofrece una impresionante capacidad de hasta 120 000 caladas y establece un nuevo est\u00e1ndar de durabilidad, sin necesidad de cambios frecuentes. Disponible en concentraciones de nicotina de 0%, 2%, 3% y 5%, este dispositivo satisface una amplia gama de preferencias. El revolucionario dise\u00f1o de cinco tanques con 5 modos de sabor ajustables permite a los vapeadores disfrutar de varios sabores en un solo dispositivo y experimentar un viaje de sabores totalmente personalizable que se adapta a su estado de \u00e1nimo y mantiene cada sesi\u00f3n emocionante y fresca.<\/p>\n<p>Dise\u00f1ado para ofrecer un rendimiento excepcional, el Bang Legend 120K cuenta con un avanzado sistema de bobina de 5 mallas que produce un vapor suave, intenso y arom\u00e1tico con una excelente eficiencia de calentamiento y producci\u00f3n de nubes. Alimentado por una robusta bater\u00eda de 850 mAh, este dispositivo garantiza un rendimiento fiable y duradero durante largas sesiones de vapeo y proporciona la potencia necesaria para soportar su impresionante capacidad de calada sin comprometer la calidad ni la consistencia.<\/p>\n<p>Mant\u00e9ngase siempre informado y controle la situaci\u00f3n con la intuitiva pantalla LCD, que ofrece actualizaciones en tiempo real sobre el estado de la bater\u00eda, el contador de caladas y el modo de sabor seleccionado, lo que permite a los usuarios una total transparencia y gesti\u00f3n de sus sesiones. Este inteligente sistema de monitorizaci\u00f3n garantiza que nunca se lleve sorpresas y que pueda planificar su uso con confianza, lo que maximiza la comodidad y mejora la experiencia general del usuario.<\/p>\n<p>Perfecto para uso personal y distribuci\u00f3n al por mayor: el Bang Legend 120K se presenta en un pr\u00e1ctico envase con 10 unidades por paquete y est\u00e1 disponible en 12 sabores de alta calidad, magistralmente creados para satisfacer todos los paladares. Este cigarrillo electr\u00f3nico desechable combina una versatilidad incomparable, la m\u00e1xima comodidad y un rendimiento de alta calidad en un elegante paquete, y es la elecci\u00f3n ideal para los vapeadores exigentes que buscan una satisfacci\u00f3n duradera, una variedad de sabores excepcional y una experiencia de vapeo verdaderamente personalizada que nunca se conforma con lo mediocre.<\/p>\n<h2><strong>Datos t\u00e9cnicos:<\/strong><\/h2>\n<ul>\n<li>N\u00famero de movimientos: hasta 120 000 movimientos.<\/li>\n<li>Capacidad de l\u00edquido: 50 ml<\/li>\n<li>C\u00e1maras de sabor: sistema de sabor 5 en 1<\/li>\n<li>Tipo de bobina: bobina de malla de 1,0 \u03a9<\/li>\n<li>Capacidad de la bater\u00eda: 850 mAh recargable<\/li>\n<li>Conector de carga: carga r\u00e1pida tipo C<\/li>\n<li>Concentraci\u00f3n de nicotina: 0%, 2%, 3% o 5%<\/li>\n<\/ul>\n<h2><strong>Bang Legend 120K caladas Lista de sabores:<\/strong><\/h2>\n<ol>\n<li>Bebida energ\u00e9tica\/Ar\u00e1ndano Cereza\/Manzana Uva\/Sand\u00eda Fruta del drag\u00f3n\/Mamba<\/li>\n<li>Bebida energ\u00e9tica\/Melocot\u00f3n helado\/Mango helado\/Ar\u00e1ndano rojo\/Uva\/Grosella negra<\/li>\n<li>Ar\u00e1ndano, frambuesa\/melocot\u00f3n, mango, sand\u00eda\/cereza, cola\/uva, mora, hielo\/mango, melocot\u00f3n, albaricoque.<\/li>\n<li>Ar\u00e1ndano frambuesa\/Black Dragon Ice\/Caramelo arco\u00edris\/Fuji Ice\/Sand\u00eda melocot\u00f3n \u00e1cido<\/li>\n<li>Ar\u00e1ndano helado\/Kiwi Maracuy\u00e1 Guayaba\/Triple mel\u00f3n\/Melocot\u00f3n Pi\u00f1a\/Passionate Kiss<\/li>\n<li>Ar\u00e1ndano helado\/Sand\u00eda Chicle\/Manzana \u00e1cida Frambuesa\/Fruta del loto Mango Mel\u00f3n\/Fruta de la pasi\u00f3n Kiwi Lima<\/li>\n<li>Sand\u00eda helada\/Mezcla de bayas\/Manzana y pera\/Ar\u00e1ndanos y menta\/Verano<\/li>\n<li>Sand\u00eda helada\/Fresa Mango\/Cereza de California\/Ar\u00e1ndanos Melocot\u00f3n helado\/Bayas frescas<\/li>\n<li>Fresa Sand\u00eda\/Uva Ice\/Mojito rojo\/Pl\u00e1tano Ice\/Lim\u00f3n Lima<\/li>\n<li>Fresa Sand\u00eda\/Mel\u00f3n Manzana\/Cola Ice\/Mango Melocot\u00f3n\/Love 66<\/li>\n<li>Fresa Kiwi\/Fresa Pl\u00e1tano\/Lichi Hielo\/Sand\u00eda Baya\/Fruta de la pasi\u00f3n Mango<\/li>\n<li>Fresa Kiwi\/Ar\u00e1ndano Sand\u00eda\/Caramelo de chocolate\/Chicle de ar\u00e1ndano\/Mango \u00e1cido Pi\u00f1a<\/li>\n<\/ol>\n<h2><strong>Preguntas frecuentes sobre el Bang Legend 120K<\/strong><\/h2>\n<p><strong>F1: \u00bfQu\u00e9 es Bang Legend 120K?<\/strong> El Bang Legend 120K es un cigarrillo electr\u00f3nico desechable de alta capacidad con hasta 120 000 caladas, que combina varios sabores en un solo dispositivo y ofrece una experiencia de vapeo duradera y de primera clase.<\/p>\n<p><strong>P2: \u00bfC\u00f3mo puedo cambiar los sabores?<\/strong> Simplemente gire el selector de sabores o utilice el control t\u00e1ctil (seg\u00fan el modelo) para elegir entre las combinaciones de sabores preinstaladas.<\/p>\n<p><strong>P3: \u00bfPuedo recargar el Bang Legend 120K?<\/strong> S\u00ed. El dispositivo cuenta con una bater\u00eda recargable a trav\u00e9s de USB-C para un rendimiento constante hasta que se agote todo el l\u00edquido.<\/p>\n<p><strong>P4: \u00bfC\u00f3mo s\u00e9 cu\u00e1ndo hay que recargar la bater\u00eda?<\/strong> Un indicador LED parpadea o cambia de color cuando la bater\u00eda est\u00e1 baja. Cargue el dispositivo con un cable USB-C compatible hasta que el indicador se ilumine de forma constante.<\/p>\n<p><strong>F5: \u00bfEs recargable?<\/strong> No. El Bang Legend 120K es un cigarrillo electr\u00f3nico desechable precargado. Una vez que se agota el l\u00edquido, debe sustituirse por un nuevo dispositivo.<\/p>\n<h2 class=\"font-claude-response-body whitespace-normal break-words\"><strong>Descubra m\u00e1s productos de vapor de primera calidad:<\/strong><\/h2>\n<p class=\"font-claude-response-body whitespace-normal break-words\">Visite nuestra <strong><a class=\"underline\" href=\"https:\/\/apexvape.de\/es\/\">p\u00e1gina web<\/a><\/strong> para conocer las \u00faltimas ofertas en cigarrillos electr\u00f3nicos y vapeadores. El Bang Legend 120K forma parte de nuestra amplia gama <strong><a class=\"underline\" href=\"https:\/\/apexvape.de\/es\/product-category\/bang-vape\/\">BANG VAPE<\/a><\/strong> Colecci\u00f3n, donde podr\u00e1 descubrir m\u00e1s cigarrillos electr\u00f3nicos desechables de alta calidad e innovadores dispositivos de vapeo de la marca Bang. Aproveche los atractivos precios al por mayor, el env\u00edo r\u00e1pido y el excelente servicio de atenci\u00f3n al cliente para satisfacer sus necesidades de vapeo.<\/p>","protected":false},"excerpt":{"rendered":"<p class=\"font-claude-response-body whitespace-normal break-words\">El cigarrillo electr\u00f3nico Bang Legend 120K ofrece 120 000 caladas con un innovador sistema de sabores 5 en 1 y un dep\u00f3sito de 50 ml. Equipado con una resistencia de malla de 1,0 \u03a9, una bater\u00eda de 850 mAh, pantalla LCD y carga r\u00e1pida USB-C. Niveles de nicotina 0-5%. 12 sabores premium para una m\u00e1xima versatilidad y disfrute del vapor.<\/p>","protected":false},"featured_media":3925,"comment_status":"open","ping_status":"closed","template":"","meta":[],"product_brand":[],"product_cat":[76],"product_tag":[],"class_list":{"0":"post-3924","1":"product","2":"type-product","3":"status-publish","4":"has-post-thumbnail","6":"product_cat-bang-vape","8":"first","9":"instock","10":"shipping-taxable","11":"purchasable","12":"product-type-variable"},"_links":{"self":[{"href":"https:\/\/apexvape.de\/es\/wp-json\/wp\/v2\/product\/3924","targetHints":{"allow":["GET"]}}],"collection":[{"href":"https:\/\/apexvape.de\/es\/wp-json\/wp\/v2\/product"}],"about":[{"href":"https:\/\/apexvape.de\/es\/wp-json\/wp\/v2\/types\/product"}],"replies":[{"embeddable":true,"href":"https:\/\/apexvape.de\/es\/wp-json\/wp\/v2\/comments?post=3924"}],"version-history":[{"count":0,"href":"https:\/\/apexvape.de\/es\/wp-json\/wp\/v2\/product\/3924\/revisions"}],"wp:featuredmedia":[{"embeddable":true,"href":"https:\/\/apexvape.de\/es\/wp-json\/wp\/v2\/media\/3925"}],"wp:attachment":[{"href":"https:\/\/apexvape.de\/es\/wp-json\/wp\/v2\/media?parent=3924"}],"wp:term":[{"taxonomy":"product_brand","embeddable":true,"href":"https:\/\/apexvape.de\/es\/wp-json\/wp\/v2\/product_brand?post=3924"},{"taxonomy":"product_cat","embeddable":true,"href":"https:\/\/apexvape.de\/es\/wp-json\/wp\/v2\/product_cat?post=3924"},{"taxonomy":"product_tag","embeddable":true,"href":"https:\/\/apexvape.de\/es\/wp-json\/wp\/v2\/product_tag?post=3924"}],"curies":[{"name":"wp","href":"https:\/\/api.w.org\/{rel}","templated":true}]}}