{"id":3643,"date":"2025-11-26T14:19:30","date_gmt":"2025-11-26T13:19:30","guid":{"rendered":"https:\/\/apexvape.de\/?post_type=product&#038;p=3643"},"modified":"2025-11-26T14:19:56","modified_gmt":"2025-11-26T13:19:56","slug":"bang-king-85000","status":"publish","type":"product","link":"https:\/\/apexvape.de\/es\/product\/bang-king-85000\/","title":{"rendered":"Bang King 85000 caladas Vape desechable"},"content":{"rendered":"<h1>Bang King 85000 3 en 1 85k caladas | Cigarrillo electr\u00f3nico desechable con triple aroma al por mayor<\/h1>\n<p>El cigarrillo electr\u00f3nico desechable Bang King 85000 caladas convence por su extraordinario rendimiento con un sistema de aromas 3 en 1 ajustable que ofrece variedad en cada sesi\u00f3n. Disfruta de hasta 85 000 caladas, alimentadas por una bater\u00eda de 600 mAh y reforzadas por una bobina de malla triple para un sabor intenso y un vapor suave. La capacidad de l\u00edquido de 63 ml garantiza un uso prolongado, mientras que la pantalla LED y la carga tipo C ofrecen una comodidad moderna. Disponible en 16 intensos sabores, este dispositivo es perfecto para los usuarios que buscan un cigarrillo electr\u00f3nico desechable de alta capacidad y m\u00faltiples aromas con funciones inteligentes.<\/p>\n<h2>Bang King 85000 caladas Caracter\u00edsticas destacadas<\/h2>\n<p>El Bang King 85000 redefine la excelencia en vaporizaci\u00f3n con una capacidad sin precedentes de hasta 85 000 caladas, ideal para un uso prolongado y de gran volumen sin necesidad de recambios frecuentes. Con una impresionante capacidad de l\u00edquido de 63 ml, distribuida en tres dep\u00f3sitos separados de 21 ml, este dispositivo est\u00e1 dise\u00f1ado para un uso prolongado y ofrece una versatilidad sin igual que le permitir\u00e1 vapear durante m\u00e1s tiempo y con mayor satisfacci\u00f3n que nunca.<\/p>\n<p>Disfrute del revolucionario sistema de aromas 3 en 1 con sabores ajustables, que le permite cambiar f\u00e1cilmente entre tres aromas integrados y le ofrece una experiencia de vapeo din\u00e1mica y totalmente personalizable, adaptada a su estado de \u00e1nimo y preferencias. La avanzada tecnolog\u00eda de bobina triple de malla con una resistencia de 1,0 \u03a9 produce densas nubes de vapor y un sabor intenso y consistente con una r\u00e1pida eficiencia de calentamiento, de modo que cada calada es tan satisfactoria como la primera y se maximiza el potencial de cada perfil de sabor.<\/p>\n<p>Mant\u00e9ngase informado y controle el dispositivo con la pantalla LED intuitiva, que supervisa el n\u00famero de caladas y el nivel de bater\u00eda en tiempo real y permite realizar un seguimiento sencillo del uso, para que nunca se lleve sorpresas. Alimentado por una bater\u00eda fiable de 600 mAh y equipado con un puerto de carga tipo C, este dispositivo garantiza una carga r\u00e1pida y c\u00f3moda, as\u00ed como una energ\u00eda fiable para largas sesiones de vapeo, lo que minimiza los tiempos de inactividad y maximiza el disfrute.<\/p>\n<p>Disponible en concentraciones de nicotina de 0%, 2%, 3% y 5% para satisfacer diferentes preferencias y necesidades, el Bang King 85000 ofrece una emocionante selecci\u00f3n de 16 sabores \u00fanicos para una experiencia de vapeo verdaderamente personalizada. Con un pr\u00e1ctico envase de 10 unidades por paquete, este dispositivo es ideal tanto para la venta al por menor como al por mayor, y ofrece un rendimiento profesional y una innovaci\u00f3n que elevar\u00e1 su experiencia de vapeo a nuevas cotas excepcionales.<\/p>\n<h2>Datos t\u00e9cnicos<\/h2>\n<p><strong>Trenes:<\/strong> Hasta 85 000 trenes<br \/>\n<strong>Nicotina:<\/strong> 0% \/ 2% \/ 3% \/ 5%<br \/>\n<strong>Aromas:<\/strong> 3 ajustable<br \/>\n<strong>E-l\u00edquido:<\/strong> 21 ml \u00d7 3 (total 63 ml)<br \/>\n<strong>Bater\u00eda:<\/strong> 600 mAh recargable<br \/>\n<strong>Bobina:<\/strong> Malla triple 1,0 \u03a9 \u00d7 3<br \/>\n<strong>Pantalla:<\/strong> pantalla LCD<br \/>\n<strong>Recarga:<\/strong> Tipo C<br \/>\n<strong>Embalaje:<\/strong> 10 unidades\/paquete<br \/>\n<strong>Opciones de sabor:<\/strong> 16 opciones<\/p>\n<h2>Bang King 85000 caladas Lista de sabores<\/h2>\n<ol>\n<li>Sand\u00eda\/Red Bull\/Fresa\/Kiwi<\/li>\n<li>Lim\u00f3n Lima\/Fresa Sand\u00eda\/Ar\u00e1ndano Hielo<\/li>\n<li>Fresa Pl\u00e1tano\/frambuesa Sand\u00eda\/limonada rosa<\/li>\n<li>Cereza azul\/Menta fresca\/Melocot\u00f3n mango<\/li>\n<li>Frutas tropicales\/Fresa Sand\u00eda\/Lim\u00f3n Melocot\u00f3n<\/li>\n<li>Pi\u00f1a, coco y fresa, pl\u00e1tano y ar\u00e1ndano azul.<\/li>\n<li>Fresa Sand\u00eda\/Triple Mel\u00f3n\/Fresa Helada<\/li>\n<li>Mezcla de frutas\/mango, melocot\u00f3n y uva helada<\/li>\n<li>Fresa Vainilla Cola\/Melocot\u00f3n Ice\/Black Dragon Ice<\/li>\n<li>Lush Ice\/Kiwi Maracuy\u00e1 Guayaba\/Fresa Mango<\/li>\n<li>Fresa Sand\u00eda\/Sand\u00eda\/Blue Razz Ice<\/li>\n<li>Limonada de bayas\/Fresa Red Bull\/Fresa Pomp<\/li>\n<li>Doble manzana\/Fruity Fusion\/Pi\u00f1a Ice<\/li>\n<li>Cola Ice\/Mr Blue\/Cola de cereza<\/li>\n<li>Donut de fresa\/Pl\u00e1tano helado\/Love66<\/li>\n<li>T\u00e9 helado de lim\u00f3n\/Mango helado\/Lichi helado<\/li>\n<\/ol>\n<h2>Preguntas frecuentes sobre el cigarrillo electr\u00f3nico desechable Bang King 85000 3 en 1<\/h2>\n<p><strong>1. \u00bfCu\u00e1ntas caladas ofrece el Bang King 85000?<\/strong><br \/>\nHasta 85 000 caladas en total, unas 28 000 caladas por c\u00e1psula arom\u00e1tica, dependiendo de los h\u00e1bitos de uso personales.<\/p>\n<p><strong>2. \u00bfQu\u00e9 significa \u201eTriple 3 en 1\u201c?<\/strong><br \/>\nEl dispositivo contiene tres c\u00e1psulas de aroma independientes, entre las que puede cambiar con un selector de sabor integrado: disfrute de tres aromas en un solo dispositivo.<\/p>\n<p><strong>3. \u00bfEste cigarrillo electr\u00f3nico es recargable?<\/strong><br \/>\nS\u00ed. Cuenta con un puerto de carga r\u00e1pida tipo C y una bater\u00eda integrada de 600 mAh para un uso prolongado y una carga m\u00e1s r\u00e1pida.<\/p>\n<p><strong>4. \u00bfCu\u00e1l es la capacidad total de liquidez?<\/strong><br \/>\nEl dispositivo tiene una capacidad total de 63 ml de e-l\u00edquido (cada c\u00e1psula contiene 21 ml de su propio aroma).<\/p>\n<p><strong>5. \u00bfC\u00f3mo cambio los aromas?<\/strong><br \/>\nDeslice el selector de aromas para elegir entre las tres c\u00e1psulas internas. Es r\u00e1pido y c\u00f3modo: no requiere botones ni recargas.<\/p>\n<p><strong>6. \u00bfEs el dispositivo adecuado para principiantes?<\/strong><br \/>\nPor supuesto. Se activa con un solo toque, sin botones ni ajustes, ideal tanto para principiantes como para usuarios avanzados.<\/p>\n<h2>Descubra m\u00e1s cigarrillos electr\u00f3nicos premium<\/h2>\n<p>El Bang King 85000 forma parte de nuestra amplia colecci\u00f3n de cigarrillos electr\u00f3nicos desechables de alta calidad. Visite nuestra <strong><a href=\"https:\/\/apexvape.de\/es\/\">p\u00e1gina web<\/a><\/strong> para obtener m\u00e1s productos innovadores relacionados con el vapeo y ofertas exclusivas. Si est\u00e1 especialmente interesado en los productos Bang, explore nuestra completa <strong><a href=\"https:\/\/apexvape.de\/es\/product-category\/bang-vape\/\">Categor\u00eda BANG VAPE<\/a><\/strong> con los \u00faltimos modelos y sabores. Disfrute de env\u00edos r\u00e1pidos, un servicio de atenci\u00f3n al cliente de primera clase y productos aut\u00e9nticos directamente de su distribuidor de cigarrillos electr\u00f3nicos de confianza.<\/p>","protected":false},"excerpt":{"rendered":"<p class=\"font-claude-response-body whitespace-normal break-words\">El Bang King 85000 ofrece revolucionarias 85 000 caladas con un innovador cambio de aroma 3 en 1. Tres dep\u00f3sitos de 21 ml (63 ml en total), bobinas de malla triple de 1,0 \u03a9 para un sabor intenso. Bater\u00eda de 600 mAh, tipo C, pantalla LCD que muestra las caladas y el nivel de bater\u00eda. Nicotina 0%-5%, 16 aromas premium. Ideal para mayoristas y vapeadores exigentes.<\/p>","protected":false},"featured_media":3644,"comment_status":"open","ping_status":"closed","template":"","meta":[],"product_brand":[],"product_cat":[76],"product_tag":[],"class_list":{"0":"post-3643","1":"product","2":"type-product","3":"status-publish","4":"has-post-thumbnail","6":"product_cat-bang-vape","8":"first","9":"instock","10":"shipping-taxable","11":"purchasable","12":"product-type-variable"},"_links":{"self":[{"href":"https:\/\/apexvape.de\/es\/wp-json\/wp\/v2\/product\/3643","targetHints":{"allow":["GET"]}}],"collection":[{"href":"https:\/\/apexvape.de\/es\/wp-json\/wp\/v2\/product"}],"about":[{"href":"https:\/\/apexvape.de\/es\/wp-json\/wp\/v2\/types\/product"}],"replies":[{"embeddable":true,"href":"https:\/\/apexvape.de\/es\/wp-json\/wp\/v2\/comments?post=3643"}],"version-history":[{"count":0,"href":"https:\/\/apexvape.de\/es\/wp-json\/wp\/v2\/product\/3643\/revisions"}],"wp:featuredmedia":[{"embeddable":true,"href":"https:\/\/apexvape.de\/es\/wp-json\/wp\/v2\/media\/3644"}],"wp:attachment":[{"href":"https:\/\/apexvape.de\/es\/wp-json\/wp\/v2\/media?parent=3643"}],"wp:term":[{"taxonomy":"product_brand","embeddable":true,"href":"https:\/\/apexvape.de\/es\/wp-json\/wp\/v2\/product_brand?post=3643"},{"taxonomy":"product_cat","embeddable":true,"href":"https:\/\/apexvape.de\/es\/wp-json\/wp\/v2\/product_cat?post=3643"},{"taxonomy":"product_tag","embeddable":true,"href":"https:\/\/apexvape.de\/es\/wp-json\/wp\/v2\/product_tag?post=3643"}],"curies":[{"name":"wp","href":"https:\/\/api.w.org\/{rel}","templated":true}]}}