{"id":3335,"date":"2025-11-26T13:34:53","date_gmt":"2025-11-26T12:34:53","guid":{"rendered":"https:\/\/apexvape.de\/?post_type=product&#038;p=3335"},"modified":"2025-11-26T13:35:14","modified_gmt":"2025-11-26T12:35:14","slug":"bang-king-25000","status":"publish","type":"product","link":"https:\/\/apexvape.de\/es\/product\/bang-king-25000\/","title":{"rendered":"Bang King 25000 caladas Vape desechable"},"content":{"rendered":"<h1>Bang King 25 000 caladas | C\u00e1psulas dobles 0%-5% nicotina, 46 ml 650 mAh Vape desechable al por mayor<\/h1>\n<p>El Bang King 25000 caladas es un dispositivo de vapeo desechable de alta capacidad dise\u00f1ado para ofrecer una experiencia de vapeo sin igual con hasta 25 000 caladas. Creado tanto para los amantes del vapeo como para los distribuidores, este dispositivo combina comodidad, rendimiento y durabilidad. Su generosa capacidad de 46 ml de e-l\u00edquido (dividida en 2 c\u00e1psulas de 23 ml) minimiza la necesidad de recargas, mientras que la potente bater\u00eda recargable de 650 mAh garantiza un uso duradero. Disponible en concentraciones de nicotina de 0%, 2%, 3% y 5%, satisface una amplia gama de preferencias.<\/p>\n<h2>Bang King 25 000 caladas Caracter\u00edsticas destacadas:<\/h2>\n<p>Disfrute de una experiencia extraordinaria con una impresionante capacidad de hasta 25 000 caladas, impulsada por dos c\u00e1psulas de e-l\u00edquido precargadas de 23 ml con un generoso volumen total de 46 ml. Esta capacidad ampliada garantiza un disfrute duradero sin necesidad de recambios constantes y es perfecta tanto para usuarios ocasionales como para entusiastas del vapeo.<\/p>\n<p>Personaliza tu experiencia con opciones flexibles de contenido de nicotina, disponibles en concentraciones de 0%, 2%, 3% y 5%, para satisfacer tus preferencias y necesidades individuales. Tanto si deseas reducir tu consumo de nicotina como si prefieres un golpe m\u00e1s fuerte, hay una opci\u00f3n dise\u00f1ada espec\u00edficamente para ti.<\/p>\n<p>El dispositivo cuenta con tecnolog\u00eda avanzada con una bobina de malla de 1,0 ohmios que ofrece perfiles de sabor mejorados y una impresionante producci\u00f3n de vapor en cada calada. Alimentado por una fiable bater\u00eda recargable de 650 mAh, puede contar con un rendimiento constante durante todo el d\u00eda, mientras que el pr\u00e1ctico puerto de carga tipo C permite una recarga r\u00e1pida y eficiente cuando sea necesario.<\/p>\n<p>Elige entre una tentadora selecci\u00f3n de 12 deliciosos sabores, cuidadosamente creados para satisfacer todos los paladares y preferencias. Desde los cl\u00e1sicos favoritos hasta mezclas \u00fanicas, esta variada selecci\u00f3n de sabores te garantiza que encontrar\u00e1s el sabor perfecto que se adapte a tu estado de \u00e1nimo y enriquezca tu experiencia de vapeo.<\/p>\n<h2>Especificaciones del producto:<\/h2>\n<ul>\n<li><strong>Trenes:<\/strong> Hasta 25 000 trenes<\/li>\n<li><strong>L\u00edquido:<\/strong> 46 ml de e-l\u00edquido precargado (2 PODS, 23 ml + 23 ml)<\/li>\n<li><strong>Nicotina:<\/strong> 0%, 2%, 3%, 5%<\/li>\n<li><strong>Tipo:<\/strong> desechable<\/li>\n<li><strong>Bater\u00eda:<\/strong> Bater\u00eda de 650 mAh<\/li>\n<li><strong>Flujo de aire ajustable<\/strong><\/li>\n<li><strong>Carga tipo C<\/strong><\/li>\n<li><strong>12 sabores disponibles<\/strong><\/li>\n<\/ul>\n<h2>Lista de sabores:<\/h2>\n<ol>\n<li>Hielo azul Razz<\/li>\n<li>Hielo de melocot\u00f3n jugoso<\/li>\n<li>Fresa y sand\u00eda<\/li>\n<li>Hielo de sand\u00eda<\/li>\n<li>Pl\u00e1tano y fresa<\/li>\n<li>Manzana \u00e1cida helada<\/li>\n<li>Triple Berry Ice<\/li>\n<li>Fruta tropical<\/li>\n<li>Bomba de cereza<\/li>\n<li>Hielo de uva<\/li>\n<li>Mango melocot\u00f3n<\/li>\n<li>Fresa y mango<\/li>\n<\/ol>\n<h2>Preguntas frecuentes (FAQ)<\/h2>\n<p><strong>1. \u00bfCu\u00e1nto tiempo dura el Bang King 25000 caladas?<\/strong><\/p>\n<p>El Bang King 25000 caladas est\u00e1 dise\u00f1ado para ofrecer hasta 25 000 caladas, dependiendo del uso que le des. Esto es mucho m\u00e1s que la mayor\u00eda de los vaporizadores desechables, lo que lo hace ideal para los vapeadores intensivos.<\/p>\n<p><strong>2. \u00bfQu\u00e9 sabores hay disponibles para el Bang King 25000 caladas?<\/strong><\/p>\n<p>El Bang King 25000 caladas est\u00e1 disponible en una amplia variedad de sabores, incluyendo opciones afrutadas, mentoladas y de postre. Entre las opciones m\u00e1s populares se encuentran Blueberry Mint, Mango Ice y Strawberry Banana.<\/p>\n<p><strong>3. \u00bfC\u00f3mo puedo desechar mi Bang King 25000 Z\u00fcge usado?<\/strong><\/p>\n<p>Animamos a todos los clientes a desechar los vaporizadores desechables usados de forma responsable. Inf\u00f3rmese sobre los m\u00e9todos de eliminaci\u00f3n adecuados en los programas de reciclaje locales, especialmente porque muchos componentes de los vaporizadores desechables son reciclables.<\/p>\n<h2 class=\"font-claude-response-heading text-text-100 mt-1 -mb-0.5\">Descubre m\u00e1s en Apex Vape<\/h2>\n<p class=\"font-claude-response-body whitespace-normal break-words\">\u00bfBuscas m\u00e1s productos de vapeo premium? Visita nuestra <strong><a class=\"underline\" href=\"https:\/\/apexvape.de\/es\/\">p\u00e1gina web<\/a><\/strong>, para descubrir nuestra gama completa de vapeadores desechables y productos de vapeo de alta calidad. El Bang King 25000 caladas forma parte de nuestra exclusiva <strong><a class=\"underline\" href=\"https:\/\/apexvape.de\/es\/product-category\/bang-vape\/\">Colecci\u00f3n BANG VAPE<\/a><\/strong>, que ofrece una amplia selecci\u00f3n de dispositivos innovadores con un rendimiento excepcional y una gran variedad de sabores. En Apex Vape apostamos por la calidad, la fiabilidad y la satisfacci\u00f3n del cliente: somos su socio de confianza para productos de vapeo de primera clase en Alemania.<\/p>","protected":false},"excerpt":{"rendered":"<p class=\"font-claude-response-body whitespace-normal break-words\">El Bang King 25000 ofrece unas extraordinarias 25 000 caladas con un innovador sistema de doble c\u00e1psula (2 x 23 ml). Equipado con una bater\u00eda de 650 mAh, carga tipo C, bobina de malla de 1,0 \u03a9 y flujo de aire ajustable. Disponible en nicotina 0%-5% y 12 sabores premium. Ideal para mayoristas y vapeadores exigentes.<\/p>","protected":false},"featured_media":3336,"comment_status":"open","ping_status":"closed","template":"","meta":[],"product_brand":[],"product_cat":[76],"product_tag":[],"class_list":{"0":"post-3335","1":"product","2":"type-product","3":"status-publish","4":"has-post-thumbnail","6":"product_cat-bang-vape","8":"first","9":"instock","10":"shipping-taxable","11":"purchasable","12":"product-type-variable"},"_links":{"self":[{"href":"https:\/\/apexvape.de\/es\/wp-json\/wp\/v2\/product\/3335","targetHints":{"allow":["GET"]}}],"collection":[{"href":"https:\/\/apexvape.de\/es\/wp-json\/wp\/v2\/product"}],"about":[{"href":"https:\/\/apexvape.de\/es\/wp-json\/wp\/v2\/types\/product"}],"replies":[{"embeddable":true,"href":"https:\/\/apexvape.de\/es\/wp-json\/wp\/v2\/comments?post=3335"}],"version-history":[{"count":0,"href":"https:\/\/apexvape.de\/es\/wp-json\/wp\/v2\/product\/3335\/revisions"}],"wp:featuredmedia":[{"embeddable":true,"href":"https:\/\/apexvape.de\/es\/wp-json\/wp\/v2\/media\/3336"}],"wp:attachment":[{"href":"https:\/\/apexvape.de\/es\/wp-json\/wp\/v2\/media?parent=3335"}],"wp:term":[{"taxonomy":"product_brand","embeddable":true,"href":"https:\/\/apexvape.de\/es\/wp-json\/wp\/v2\/product_brand?post=3335"},{"taxonomy":"product_cat","embeddable":true,"href":"https:\/\/apexvape.de\/es\/wp-json\/wp\/v2\/product_cat?post=3335"},{"taxonomy":"product_tag","embeddable":true,"href":"https:\/\/apexvape.de\/es\/wp-json\/wp\/v2\/product_tag?post=3335"}],"curies":[{"name":"wp","href":"https:\/\/api.w.org\/{rel}","templated":true}]}}