{"id":3212,"date":"2025-11-25T14:10:05","date_gmt":"2025-11-25T13:10:05","guid":{"rendered":"https:\/\/apexvape.de\/?post_type=product&#038;p=3212"},"modified":"2025-11-25T14:10:26","modified_gmt":"2025-11-25T13:10:26","slug":"bang-blaze-100000","status":"publish","type":"product","link":"https:\/\/apexvape.de\/es\/product\/bang-blaze-100000\/","title":{"rendered":"Bang Blaze 100 000 caladas Vape desechable"},"content":{"rendered":"<h1>Bang Blaze 100000 6 en 1 100 000 caladas | Cigarrillo electr\u00f3nico desechable recargable con triple dep\u00f3sito y pantalla LED<\/h1>\n<p>La <strong>Bang Blaze 100 000 caladas 6 en 1<\/strong> Es el cigarrillo electr\u00f3nico desechable m\u00e1s potente de la serie Bang, dise\u00f1ado para vapeadores experimentados y amantes del sabor. Con unas impresionantes 100 000 caladas, este dispositivo ofrece una duraci\u00f3n excepcionalmente larga sin necesidad de cambiarlo con frecuencia. Equipado con una bater\u00eda recargable de 850 mAh y funci\u00f3n de carga r\u00e1pida tipo C, este cigarrillo electr\u00f3nico garantiza un rendimiento duradero y fiable. La capacidad de 60 ml de e-l\u00edquido se distribuye en tres dep\u00f3sitos separados de 20 ml, equipados con una bobina de malla de 1,0 \u03a9 que produce un vapor suave y con un sabor intenso. La pantalla LED muestra el nivel de bater\u00eda y los datos de uso, mientras que el modo de sabor puro y el modo de combinaci\u00f3n de sabores permiten disfrutar de experiencias de sabor individuales o mezcladas. Elija su contenido de nicotina preferido entre 0%, 2%, 3% o 5% y disfrute de una experiencia de vapeo totalmente personalizable.<\/p>\n<h2>Bang Blaze 100 000 caladas Caracter\u00edsticas destacadas:<\/h2>\n<p>El cigarrillo electr\u00f3nico Bang Blaze 100 000 caladas convence por su extraordinaria durabilidad, con hasta 100 000 caladas, lo que hace innecesaria la compra frecuente de recambios. La bobina de malla de 1,0 \u03a9 proporciona un vapor suave y con un sabor intenso, mientras que la generosa capacidad de 60 ml de e-l\u00edquido se distribuye en tres dep\u00f3sitos independientes de 20 ml, lo que ofrece una versatilidad sin precedentes. La funci\u00f3n de carga r\u00e1pida tipo C garantiza un suministro de energ\u00eda fiable para que puedas vapear en cualquier momento y en cualquier lugar.<\/p>\n<p>Disfrute de la m\u00e1xima flexibilidad de sabores con el innovador sistema de triple dep\u00f3sito, que almacena hasta 6 aromas diferentes en compartimentos separados. Cambie f\u00e1cilmente entre el modo puro para sabores individuales o el modo combinado para crear interesantes perfiles de sabores mezclados. El dise\u00f1o inteligente del interruptor hace que el cambio entre las opciones sea fluido e intuitivo.<\/p>\n<p>Personaliza tu experiencia de vapeo con niveles de nicotina ajustables de 0%, 2%, 3% o 5% seg\u00fan tus preferencias. La pantalla LED integrada proporciona informaci\u00f3n en tiempo real sobre el nivel de bater\u00eda, el modo de sabor actual y el contador de caladas, para que siempre est\u00e9s al tanto.<\/p>\n<p>El Bang Blaze 100 000 caladas combina la tecnolog\u00eda m\u00e1s avanzada, una enorme capacidad y una innovaci\u00f3n en sabores en un dispositivo premium para vapeadores exigentes.<\/p>\n<h2>Especificaciones del producto:<\/h2>\n<ul>\n<li><strong>Concentraci\u00f3n de nicotina:<\/strong> 0% \/ 2% \/ 3% \/ 5%<\/li>\n<li><strong>N\u00famero de trenes:<\/strong> Hasta 100 000 trenes<\/li>\n<li><strong>Modos de sabor:<\/strong> A, B, C, A+B, A+C, B+C<\/li>\n<li><strong>Dep\u00f3sitos de l\u00edquido:<\/strong> 3 tanques<\/li>\n<li><strong>Bater\u00eda:<\/strong> 850 mAh recargable<\/li>\n<li><strong>Bobina:<\/strong> Bobina triple de malla<\/li>\n<li><strong>Pantalla LED:<\/strong> S\u00ed.<\/li>\n<li><strong>Conector de carga:<\/strong> Tipo C<\/li>\n<li><strong>Embalaje:<\/strong> 10 unidades\/paquete<\/li>\n<li><strong>Sabores:<\/strong> 10 opciones<\/li>\n<\/ul>\n<h2>Bang Blaze 100 000 caladas Lista de sabores:<\/h2>\n<ol>\n<li>Helado de sand\u00eda \/ Mamba de fresa \/ Sand\u00eda de fresa<\/li>\n<li>Helado Fuji \/ Manzana uva \/ Cereza granada<\/li>\n<li>Helado de ar\u00e1ndanos \/ Frambuesa y lim\u00f3n \/ Chicle de sand\u00eda<\/li>\n<li>Ar\u00e1ndanos, frambuesas, pi\u00f1a \u00e1cida, naranja, frambuesas, sand\u00eda.<\/li>\n<li>Helado de uva \/ mango melocot\u00f3n \/ ar\u00e1ndanos sand\u00eda<\/li>\n<li>Helado de fresa \/ Melocot\u00f3n y lim\u00f3n \/ Kiwi, maracuy\u00e1 y guayaba<\/li>\n<li>Pi\u00f1a y coco \/ Ar\u00e1ndanos Red Bull \/ Helado de sand\u00eda<\/li>\n<li>Fresa y kiwi \/ Ar\u00e1ndanos y coco \/ Mezcla de bayas<\/li>\n<li>Romance de lim\u00f3n \/ Ar\u00e1ndanos y frambuesas \/ Melocot\u00f3n y mentol<\/li>\n<li>Helado de melocot\u00f3n \/ Helado de grosella negra y pi\u00f1a \/ Manzana verde y kiwi<\/li>\n<\/ol>\n<h2>Preguntas frecuentes (FAQ)<\/h2>\n<p><strong>1. \u00bfCu\u00e1nto tiempo dura el Bang Blaze 100 000 caladas?<\/strong> El cigarrillo electr\u00f3nico Bang Blaze 100 000 caladas est\u00e1 dise\u00f1ado para proporcionar hasta 100 000 caladas, lo que lo convierte en uno de los cigarrillos electr\u00f3nicos desechables con mayor duraci\u00f3n.<\/p>\n<p><strong>2. \u00bfQu\u00e9 sabores incluye el set de sabores 6 en 1?<\/strong> Cada dispositivo contiene 6 combinaciones de sabores, como helado de sand\u00eda, helado de Fuji, helado de ar\u00e1ndanos y m\u00e1s. La mezcla espec\u00edfica puede variar seg\u00fan el dispositivo, pero siempre incluye 6 perfiles \u00fanicos.<\/p>\n<p><strong>3. \u00bfEl cigarrillo electr\u00f3nico Bang Blaze 100k es recargable?<\/strong> S\u00ed, cuenta con una bater\u00eda integrada de 850 mAh y un puerto de carga tipo C para una recarga r\u00e1pida y sencilla.<\/p>\n<p><strong>4. \u00bfPuedo elegir la concentraci\u00f3n de nicotina?<\/strong> S\u00ed, los niveles de nicotina son ajustables: hay disponibles opciones de 0%, 2%, 3% y 5% para satisfacer sus preferencias.<\/p>\n<h2 class=\"font-claude-response-heading text-text-100 mt-1 -mb-0.5\">Descubra m\u00e1s productos de vapeo premium<\/h2>\n<p class=\"font-claude-response-body whitespace-normal break-words\">Descubra toda la variedad de cigarrillos electr\u00f3nicos de alta calidad en nuestra <strong><a class=\"underline\" href=\"https:\/\/apexvape.de\/es\/\">tienda en l\u00ednea<\/a><\/strong>. El Bang Blaze 100000 caladas es solo uno de los muchos productos de primera clase de nuestra amplia gama. Si desea descubrir otros dispositivos innovadores de la serie Bang, visite nuestra <strong><a class=\"underline\" href=\"https:\/\/apexvape.de\/es\/product-category\/bang-vape\/\">Categor\u00eda BANG VAPE<\/a><\/strong>, donde encontrar\u00e1 una amplia selecci\u00f3n de potentes cigarrillos electr\u00f3nicos desechables con la \u00faltima tecnolog\u00eda y sabores excepcionales. En Apex Vape le ofrecemos la mejor calidad, env\u00edos r\u00e1pidos y un servicio de atenci\u00f3n al cliente competente para que disfrute de una experiencia de vapeo perfecta.<\/p>","protected":false},"excerpt":{"rendered":"<p class=\"font-claude-response-body whitespace-normal break-words\">El Bang Blaze 100000 revoluciona el vapeo con 100 000 caladas y un innovador sistema 6 en 1. Tres dep\u00f3sitos de 20 ml permiten 6 combinaciones de sabores (A, B, C, A+B, A+C, B+C). Pantalla LED, bater\u00eda tipo C de 850 mAh, bobina triple de malla. 10 sabores en 4 concentraciones de nicotina. M\u00e1xima potencia para las m\u00e1s altas exigencias.<\/p>","protected":false},"featured_media":3214,"comment_status":"open","ping_status":"closed","template":"","meta":[],"product_brand":[],"product_cat":[76],"product_tag":[],"class_list":{"0":"post-3212","1":"product","2":"type-product","3":"status-publish","4":"has-post-thumbnail","6":"product_cat-bang-vape","8":"first","9":"instock","10":"shipping-taxable","11":"purchasable","12":"product-type-variable"},"_links":{"self":[{"href":"https:\/\/apexvape.de\/es\/wp-json\/wp\/v2\/product\/3212","targetHints":{"allow":["GET"]}}],"collection":[{"href":"https:\/\/apexvape.de\/es\/wp-json\/wp\/v2\/product"}],"about":[{"href":"https:\/\/apexvape.de\/es\/wp-json\/wp\/v2\/types\/product"}],"replies":[{"embeddable":true,"href":"https:\/\/apexvape.de\/es\/wp-json\/wp\/v2\/comments?post=3212"}],"version-history":[{"count":0,"href":"https:\/\/apexvape.de\/es\/wp-json\/wp\/v2\/product\/3212\/revisions"}],"wp:featuredmedia":[{"embeddable":true,"href":"https:\/\/apexvape.de\/es\/wp-json\/wp\/v2\/media\/3214"}],"wp:attachment":[{"href":"https:\/\/apexvape.de\/es\/wp-json\/wp\/v2\/media?parent=3212"}],"wp:term":[{"taxonomy":"product_brand","embeddable":true,"href":"https:\/\/apexvape.de\/es\/wp-json\/wp\/v2\/product_brand?post=3212"},{"taxonomy":"product_cat","embeddable":true,"href":"https:\/\/apexvape.de\/es\/wp-json\/wp\/v2\/product_cat?post=3212"},{"taxonomy":"product_tag","embeddable":true,"href":"https:\/\/apexvape.de\/es\/wp-json\/wp\/v2\/product_tag?post=3212"}],"curies":[{"name":"wp","href":"https:\/\/api.w.org\/{rel}","templated":true}]}}