{"id":3146,"date":"2025-11-25T13:56:25","date_gmt":"2025-11-25T12:56:25","guid":{"rendered":"https:\/\/apexvape.de\/?post_type=product&#038;p=3146"},"modified":"2025-11-25T13:57:13","modified_gmt":"2025-11-25T12:57:13","slug":"bang-blaze-60000","status":"publish","type":"product","link":"https:\/\/apexvape.de\/es\/product\/bang-blaze-60000\/","title":{"rendered":"Bang Blaze 60000 caladas Vape desechable"},"content":{"rendered":"<h1>Bang Blaze 60000 caladas Vape 4 en 1 | 60 ml de e-l\u00edquido, bater\u00eda de 650 mAh, recargable tipo C, 12 opciones de sabores<\/h1>\n<p>El vaporizador desechable Bang Blaze 60000 60k Puffs ofrece la m\u00e1xima versatilidad al vapear con sus modos de sabor 4 en 1 y un dep\u00f3sito precargado de 60 ml. Con niveles de nicotina ajustables (0%, 2%, 3% y 5%) y una potente bobina de malla de 1,0 \u03a9, proporciona un vapor suave e intenso. La bater\u00eda recargable de 650 mAh y el puerto de carga tipo C ofrecen la m\u00e1xima comodidad, mientras que la pantalla digital inteligente muestra el nivel de bater\u00eda y el nivel de e-l\u00edquido en tiempo real. Elige entre 12 sabores premium para disfrutar de una experiencia de vapeo personalizada que encantar\u00e1 tanto a principiantes como a usuarios avanzados.<\/p>\n<h2>Bang Blaze 60000 Puffs Caracter\u00edsticas destacadas:<\/h2>\n<p>Con una impresionante capacidad de 60 ml de e-l\u00edquido premium, este dispositivo ofrece una capacidad excepcional para un uso prolongado sin necesidad de recargas, ideal para los vapeadores habituales que exigen comodidad y rendimiento. La bater\u00eda recargable de 650 mAh con puerto de carga tipo C garantiza suficiente potencia para vapear durante todo el d\u00eda, mientras que la funci\u00f3n de carga r\u00e1pida mantiene su dispositivo listo para usar en todo momento.<\/p>\n<p>La bobina de malla de 1,0 ohmios proporciona un vapor constante y suave con todo el sabor en cada calada, lo que garantiza una experiencia satisfactoria tanto para vapeadores experimentados como para principiantes. Personaliza tu experiencia de vapeo con 4 opciones de concentraci\u00f3n de nicotina (0%, 2%, 3% y 5%), tanto si prefieres sin nicotina como si deseas un golpe m\u00e1s fuerte.<\/p>\n<p>Elige entre 12 deliciosos sabores que deleitar\u00e1n cualquier paladar, desde refrescantes mezclas de frutas hasta mentol fresco. Con opciones para cada estado de \u00e1nimo y preferencia, hay algo para todos.<\/p>\n<p>El vaporizador Bang Blaze 60000 Puffs 4 en 1 combina capacidad, potencia, sabor y personalizaci\u00f3n en un dispositivo de primera calidad para disfrutar de la mejor experiencia de vapeo.<\/p>\n<h2>Datos t\u00e9cnicos:<\/h2>\n<ul>\n<li><strong>Concentraciones de nicotina:<\/strong> 0%, 2%, 3%, 5%<\/li>\n<li><strong>Capacidad de tracci\u00f3n:<\/strong> Hasta 60 000 trenes<\/li>\n<li><strong>Tipo de bobina:<\/strong> Bobina de malla de 1,0 \u03a9 para mejorar el desarrollo del vapor y el sabor.<\/li>\n<li><strong>Capacidad del e-l\u00edquido:<\/strong> 60 ml precargado para menos recargas<\/li>\n<li><strong>Bater\u00eda:<\/strong> Bater\u00eda recargable de 650 mAh con carga r\u00e1pida tipo C.<\/li>\n<li><strong>Pantalla:<\/strong> Pantalla digital inteligente con indicador del nivel de bater\u00eda y del nivel de l\u00edquido electr\u00f3nico.<\/li>\n<li><strong>Recarga:<\/strong> Conexi\u00f3n de carga r\u00e1pida tipo C para una recarga r\u00e1pida y c\u00f3moda<\/li>\n<li><strong>Opciones de sabor:<\/strong> 12 emocionantes combinaciones de sabores<\/li>\n<\/ul>\n<h2>Bang Blaze 60000 caladas Lista de sabores:<\/h2>\n<ol>\n<li>Sand\u00eda helada\/Menta y ar\u00e1ndanos\/Fuii helado\/Romance de lima<\/li>\n<li>Sand\u00eda helada\/Ar\u00e1ndano y cereza\/Verano\/Mango \u00e1cido y pi\u00f1a<\/li>\n<li>Ar\u00e1ndano helado\/Melocot\u00f3n helado\/Caramelo arco\u00edris\/Lim\u00f3n \u00e1cido Naranja<\/li>\n<li>Ar\u00e1ndano helado\/Melocot\u00f3n, mango y sand\u00eda\/Beso de pasi\u00f3n\/Mel\u00f3n y manzana<\/li>\n<li>Ar\u00e1ndano, frambuesa, frutos del bosque, cereza de California, maracuy\u00e1 y mango.<\/li>\n<li>Ar\u00e1ndano y frambuesa\/Hielo de uva\/Hielo de bayas\/Aloe, mango y mel\u00f3n<\/li>\n<li>Bebida energ\u00e9tica\/Fresa y pl\u00e1tano\/Mango, melocot\u00f3n y albaricoque\/Maracuy\u00e1, kiwi y lima<\/li>\n<li>Bebida energ\u00e9tica\/Ar\u00e1ndano y sand\u00eda\/Manzana \u00e1cida y frambuesa\/Ositos de goma<\/li>\n<li>Fresa Mango\/Sand\u00eda Chicle\/Mojito rojo\/Love66<\/li>\n<li>Fresa y mango\/Fresa y kiwi\/Manzana y uva\/Sand\u00eda y pitaya<\/li>\n<li>Fresa y sand\u00eda\/Hielo negro\/Trece melones\/Uva y ar\u00e1ndano<\/li>\n<li>Fresa Sand\u00eda\/Kiwi Maracuy\u00e1 Guayaba\/Mango Hielo\/Sand\u00eda Sour Melocot\u00f3n<\/li>\n<\/ol>\n<h2>Preguntas frecuentes (FAQ)<\/h2>\n<p><strong>P: \u00bfCu\u00e1ntas caladas ofrece el Bang Blaze 60K 4 en 1?<\/strong><br \/>\nR: Hasta 60 000 caladas en total, lo que equivale a unas 15 000 caladas por tanque de sabor.<\/p>\n<p><strong>P: \u00bfPuedo cambiar entre los diferentes sabores?<\/strong><br \/>\nR: \u00a1S\u00ed! El dispositivo cuenta con cuatro dep\u00f3sitos de e-l\u00edquido independientes, entre los que se puede cambiar f\u00e1cilmente con el selector de sabores.<\/p>\n<p><strong>P: \u00bfEl Bang Blaze 60K es recargable?<\/strong><br \/>\nR: S\u00ed. Cuenta con una bater\u00eda recargable de 650 mAh y es compatible con la carga r\u00e1pida tipo C.<\/p>\n<p><strong>P: \u00bfEs recargable o reutilizable?<\/strong><br \/>\nR: No. El Bang Blaze 60K es un dispositivo desechable: una vez que los cuatro tanques est\u00e9n vac\u00edos, el dispositivo debe desecharse de forma adecuada.<\/p>\n<p><strong>P: \u00bfCu\u00e1nto tiempo tarda en cargarse completamente?<\/strong><br \/>\nR: Con la carga r\u00e1pida Type-C, una carga completa tarda entre 45 y 60 minutos aproximadamente.<\/p>\n<h2 class=\"font-claude-response-heading text-text-100 mt-1 -mb-0.5\">Descubra m\u00e1s productos de vapeo premium<\/h2>\n<p class=\"font-claude-response-body whitespace-normal break-words\">El Bang Blaze 60000 es solo uno de los muchos vaporizadores de alta calidad que puedes encontrar en <strong><a class=\"underline\" href=\"https:\/\/apexvape.de\/es\/\">Apex Vape<\/a><\/strong> . Si est\u00e1 buscando otras soluciones innovadoras para vapear, explore nuestra gama completa. <strong><a class=\"underline\" href=\"https:\/\/apexvape.de\/es\/product-category\/bang-vape\/\">Colecci\u00f3n BANG VAPE<\/a><\/strong>, donde descubrir\u00e1 una amplia selecci\u00f3n de potentes vapeadores desechables y opciones de sabores de primera calidad. Le ofrecemos los \u00faltimos productos, env\u00edos r\u00e1pidos y un servicio de atenci\u00f3n al cliente de primera clase para que disfrute de una experiencia de vapeo perfecta.<\/p>","protected":false},"excerpt":{"rendered":"<p class=\"font-claude-response-body whitespace-normal break-words\">El Bang Blaze 60000 establece nuevos est\u00e1ndares con 60 ml de e-l\u00edquido y modos de sabor 4 en 1. La pantalla digital inteligente muestra el nivel de bater\u00eda y l\u00edquido en tiempo real. Bobina de malla de 1,0 \u03a9, bater\u00eda tipo C de 650 mAh y 12 sabores premium en 4 concentraciones de nicotina. La m\u00e1xima capacidad se une a la tecnolog\u00eda inteligente.<\/p>","protected":false},"featured_media":3147,"comment_status":"open","ping_status":"closed","template":"","meta":[],"product_brand":[],"product_cat":[76],"product_tag":[],"class_list":{"0":"post-3146","1":"product","2":"type-product","3":"status-publish","4":"has-post-thumbnail","6":"product_cat-bang-vape","8":"first","9":"instock","10":"shipping-taxable","11":"purchasable","12":"product-type-variable"},"_links":{"self":[{"href":"https:\/\/apexvape.de\/es\/wp-json\/wp\/v2\/product\/3146","targetHints":{"allow":["GET"]}}],"collection":[{"href":"https:\/\/apexvape.de\/es\/wp-json\/wp\/v2\/product"}],"about":[{"href":"https:\/\/apexvape.de\/es\/wp-json\/wp\/v2\/types\/product"}],"replies":[{"embeddable":true,"href":"https:\/\/apexvape.de\/es\/wp-json\/wp\/v2\/comments?post=3146"}],"version-history":[{"count":0,"href":"https:\/\/apexvape.de\/es\/wp-json\/wp\/v2\/product\/3146\/revisions"}],"wp:featuredmedia":[{"embeddable":true,"href":"https:\/\/apexvape.de\/es\/wp-json\/wp\/v2\/media\/3147"}],"wp:attachment":[{"href":"https:\/\/apexvape.de\/es\/wp-json\/wp\/v2\/media?parent=3146"}],"wp:term":[{"taxonomy":"product_brand","embeddable":true,"href":"https:\/\/apexvape.de\/es\/wp-json\/wp\/v2\/product_brand?post=3146"},{"taxonomy":"product_cat","embeddable":true,"href":"https:\/\/apexvape.de\/es\/wp-json\/wp\/v2\/product_cat?post=3146"},{"taxonomy":"product_tag","embeddable":true,"href":"https:\/\/apexvape.de\/es\/wp-json\/wp\/v2\/product_tag?post=3146"}],"curies":[{"name":"wp","href":"https:\/\/api.w.org\/{rel}","templated":true}]}}