{"id":2934,"date":"2025-11-25T13:33:07","date_gmt":"2025-11-25T12:33:07","guid":{"rendered":"https:\/\/apexvape.de\/?post_type=product&#038;p=2934"},"modified":"2025-11-25T14:00:08","modified_gmt":"2025-11-25T13:00:08","slug":"bang-blaze-40000","status":"publish","type":"product","link":"https:\/\/apexvape.de\/es\/product\/bang-blaze-40000\/","title":{"rendered":"Bang Blaze 40000 caladas Vape desechable"},"content":{"rendered":"<h1>Bang Blaze 40000 Vape desechable de doble sabor | 40 000 caladas | 40 ml de e-l\u00edquido | Bobina de malla doble | Recargable con tipo C<\/h1>\n<p>El cigarrillo electr\u00f3nico desechable Bang Blaze 40000 caladas con doble sabor ofrece hasta 40 000 caladas, una capacidad de e-l\u00edquido de 40 ml y una bater\u00eda recargable de 650 mAh para disfrutar de un vapor duradero. Con el innovador sistema de control deslizante de doble sabor, puedes cambiar f\u00e1cilmente entre dos sabores y hacer que cada sesi\u00f3n sea m\u00e1s variada. Equipado con una bobina de malla doble (1,2 \u03a9) para un sabor m\u00e1s intenso y un vapor suave, disponible en 32 sabores y 4 concentraciones de nicotina (0%, 2%, 3%, 5%), este dispositivo es la elecci\u00f3n perfecta para cualquier vapeador. La carga r\u00e1pida tipo C garantiza una recarga r\u00e1pida y te mantiene listo para usar en todo momento.<\/p>\n<h2>Bang Blaze 40000 caladas Caracter\u00edsticas destacadas:<\/h2>\n<p>El cigarrillo electr\u00f3nico Bang Blaze 40000 redefine el rendimiento duradero y ofrece 40 000 caladas excepcionales para un disfrute prolongado sin necesidad de recambios frecuentes. Precargado con una impresionante cantidad de 40 ml de e-l\u00edquido de doble sabor, cada dispositivo ofrece una experiencia de sabor triple \u00fanica: disfrute del sabor A, del sabor B o mezcle ambos para obtener un tercer perfil de sabor combinado. Este innovador dise\u00f1o permite tres experiencias de vapeo diferentes en un elegante dispositivo, perfecto para los usuarios que valoran la variedad y la flexibilidad en su rutina diaria.<\/p>\n<p>Dise\u00f1ado para ofrecer un rendimiento \u00f3ptimo, el Bang Blaze cuenta con una bater\u00eda recargable fiable de 650 mAh con carga r\u00e1pida tipo C, lo que garantiza un tiempo de inactividad m\u00ednimo y un disfrute m\u00e1ximo del vapor. El avanzado sistema de doble bobina de malla de 0,6 \u03a9 aumenta la producci\u00f3n de vapor y la intensidad del sabor, y proporciona nubes de vapor densas y uniformes con cada calada. A pesar de su dise\u00f1o compacto y elegante, este dispositivo ofrece un rendimiento y una funcionalidad considerables, a la altura de alternativas m\u00e1s grandes.<\/p>\n<p>Disponible en concentraciones de nicotina flexibles de 0%, 2%, 3% y 5%, el Bang Blaze 40000 es ideal tanto para vapeadores ocasionales como para vapeadores experimentados que buscan una experiencia personalizable. Tanto si te gusta explorar nuevas combinaciones de sabores como si prefieres un disfrute constante durante todo el d\u00eda, este dispositivo combina una resistencia excepcional, una tecnolog\u00eda de sabor innovadora y una suave producci\u00f3n de vapor en un potente paquete para el vapeador moderno.<\/p>\n<h2>Datos t\u00e9cnicos:<\/h2>\n<p><strong>N\u00famero de movimientos:<\/strong> Hasta 40 000 trenes<br \/>\n<strong>Capacidad del e-l\u00edquido:<\/strong> 40 ml<br \/>\n<strong>Concentraciones de nicotina:<\/strong> 0%, 2%, 3%, 5%<br \/>\n<strong>Capacidad de la bater\u00eda:<\/strong> 650 mAh (recargable)<br \/>\n<strong>Conector de carga:<\/strong> Tipo C<br \/>\n<strong>Tipo de bobina:<\/strong> Bobina de doble malla (1,2 \u03a9)<br \/>\n<strong>Sistema gustativo:<\/strong> Interruptor deslizante de doble sabor<br \/>\n<strong>Peso del aparato:<\/strong> Aproximadamente 120 g.<\/p>\n<h2>Bang Blaze 40 000 caladas Sabores:<\/h2>\n<ol>\n<li>Sand\u00eda\/Fresa-Sand\u00eda<\/li>\n<li>Ar\u00e1ndano helado\/Ar\u00e1ndano-frambuesa<\/li>\n<li>Mango helado\/Fresa y mango<\/li>\n<li>Sand\u00eda\/Chicle de sand\u00eda<\/li>\n<li>Pi\u00f1a Ice\/Pi\u00f1a y coco<\/li>\n<li>Mezcla de frutas\/Triple Berry<\/li>\n<li>Melocot\u00f3n helado\/Mango-melocot\u00f3n<\/li>\n<li>Cereza\/Cereza-Cola<\/li>\n<li>Uva\/Ar\u00e1ndano-Uva<\/li>\n<li>Menta\/Menta y ar\u00e1ndanos<\/li>\n<li>Black Dragon Ice\/Red Bull<\/li>\n<li>Fresa helada\/Fresa y kiwi<\/li>\n<li>Frutas tropicales\/Triple sand\u00eda<\/li>\n<li>Mango \u00e1cido-pi\u00f1a\/lim\u00f3n-lima<\/li>\n<li>Summer Time\/Manzana helada<\/li>\n<li>Caramelos arco\u00edris\/Congelaci\u00f3n \u00e1rtica<\/li>\n<li>Frambuesa y sand\u00eda\/Jieshuang<\/li>\n<li>Romance de lim\u00f3n\/Cereza de California<\/li>\n<li>Gominolas de mango, melocot\u00f3n y albaricoque\/blancas<\/li>\n<li>Mary's Dream\/Aloe-Mango-Mel\u00f3n Ice<\/li>\n<li>Kiwi, maracuy\u00e1, guayaba, ar\u00e1ndanos y cereza.<\/li>\n<li>Pi\u00f1a-mango\/pi\u00f1a-coco Ice<\/li>\n<li>Frambuesa-sand\u00eda\/aloe vera-uva<\/li>\n<li>Litchi Ice\/Fresa-Litchi<\/li>\n<li>Sexo en la playa\/Frambuesa-Sand\u00eda<\/li>\n<li>Ositos de goma\/Frambuesa-Negro brillante<\/li>\n<li>Bayas, sand\u00eda fresca\/melocot\u00f3n \u00e1cido<\/li>\n<li>Fresa-pl\u00e1tano\/maracuy\u00e1-kiwi<\/li>\n<li>Acai Storm Ice\/Love 66<\/li>\n<li>Limonada rosa\/Ar\u00e1ndano-cereza-lim\u00f3n<\/li>\n<li>Helado de fresa\/fresa y vainilla<\/li>\n<li>Ar\u00e1ndanos, ar\u00e1ndanos rojos, cerezas y sand\u00eda con cerezas<\/li>\n<\/ol>\n<h2>Preguntas frecuentes (FAQ)<\/h2>\n<p><strong>1. \u00bfCu\u00e1ntos movimientos ofrece el Bang Blaze 40K?<\/strong><br \/>\nEl Bang Blaze 40K proporciona un total de hasta 40 000 caladas, aproximadamente 20 000 caladas por dep\u00f3sito de sabor.<\/p>\n<p><strong>2. \u00bfPuedo cambiar entre los diferentes sabores?<\/strong><br \/>\n\u00a1S\u00ed! Este dispositivo est\u00e1 equipado con un sistema de doble sabor. Puede cambiar instant\u00e1neamente entre dos dep\u00f3sitos de sabores diferentes con solo deslizarlo.<\/p>\n<p><strong>3. \u00bfEl dispositivo es recargable?<\/strong><br \/>\nS\u00ed, cuenta con una bater\u00eda recargable de 650 mAh y es compatible con la carga r\u00e1pida tipo C para una recarga r\u00e1pida y eficiente.<\/p>\n<p><strong>4. \u00bfQu\u00e9 concentraciones de nicotina hay disponibles?<\/strong><br \/>\nLos niveles de nicotina disponibles son 0%, 2%, 3% y 5%, dependiendo de su regi\u00f3n o distribuidor.<\/p>\n<p><strong>5. \u00bfEl Bang Blaze 40K es recargable o reutilizable?<\/strong><br \/>\nNo, se trata de un cigarrillo electr\u00f3nico desechable. Una vez que se hayan agotado ambos dep\u00f3sitos de sabor, el dispositivo debe desecharse de forma responsable.<\/p>\n<p><strong>6. \u00bfCu\u00e1nto tiempo tarda en cargarse completamente?<\/strong><br \/>\nNormalmente, se tarda entre 45 y 60 minutos en cargar completamente el dispositivo mediante un cable tipo C.<\/p>\n<h2 class=\"font-claude-response-heading text-text-100 mt-1 -mb-0.5\">Descubre m\u00e1s en Apex Vape<\/h2>\n<p class=\"font-claude-response-body whitespace-normal break-words\">\u00bfBusca cigarrillos electr\u00f3nicos desechables de alta calidad y productos innovadores para vapear? Visite <strong><a class=\"underline\" href=\"https:\/\/apexvape.de\/es\/\">Apex Vape<\/a><\/strong>, su tienda online de confianza para productos de vapeo premium en Alemania. El Bang Blaze 40000 forma parte de nuestra amplia gama. <strong><a class=\"underline\" href=\"https:\/\/apexvape.de\/es\/product-category\/bang-vape\/\">Colecci\u00f3n BANG VAPE<\/a><\/strong>, que ofrece una amplia selecci\u00f3n de potentes vapeadores desechables con tecnolog\u00eda innovadora y sabores excepcionales. Descubra m\u00e1s modelos, compare especificaciones y encuentre el dispositivo perfecto para sus necesidades individuales. En Apex Vape garantizamos productos aut\u00e9nticos, env\u00edos r\u00e1pidos y un servicio de atenci\u00f3n al cliente de primera clase para todos los entusiastas del vapeo.<\/p>","protected":false},"excerpt":{"rendered":"<p class=\"font-claude-response-body whitespace-normal break-words\">El Bang Blaze 40000 revoluciona tu experiencia de vapeo con hasta 40 000 caladas y un exclusivo sistema de doble sabor. Cambia f\u00e1cilmente entre dos sabores o m\u00e9zclalos para obtener un tercer perfil de sabor. 40 ml de e-l\u00edquido, bater\u00eda tipo C de 650 mAh, bobina de malla doble y 32 sabores en 4 concentraciones de nicotina.<\/p>","protected":false},"featured_media":2935,"comment_status":"open","ping_status":"closed","template":"","meta":[],"product_brand":[],"product_cat":[76],"product_tag":[],"class_list":{"0":"post-2934","1":"product","2":"type-product","3":"status-publish","4":"has-post-thumbnail","6":"product_cat-bang-vape","8":"first","9":"instock","10":"shipping-taxable","11":"purchasable","12":"product-type-variable"},"_links":{"self":[{"href":"https:\/\/apexvape.de\/es\/wp-json\/wp\/v2\/product\/2934","targetHints":{"allow":["GET"]}}],"collection":[{"href":"https:\/\/apexvape.de\/es\/wp-json\/wp\/v2\/product"}],"about":[{"href":"https:\/\/apexvape.de\/es\/wp-json\/wp\/v2\/types\/product"}],"replies":[{"embeddable":true,"href":"https:\/\/apexvape.de\/es\/wp-json\/wp\/v2\/comments?post=2934"}],"version-history":[{"count":0,"href":"https:\/\/apexvape.de\/es\/wp-json\/wp\/v2\/product\/2934\/revisions"}],"wp:featuredmedia":[{"embeddable":true,"href":"https:\/\/apexvape.de\/es\/wp-json\/wp\/v2\/media\/2935"}],"wp:attachment":[{"href":"https:\/\/apexvape.de\/es\/wp-json\/wp\/v2\/media?parent=2934"}],"wp:term":[{"taxonomy":"product_brand","embeddable":true,"href":"https:\/\/apexvape.de\/es\/wp-json\/wp\/v2\/product_brand?post=2934"},{"taxonomy":"product_cat","embeddable":true,"href":"https:\/\/apexvape.de\/es\/wp-json\/wp\/v2\/product_cat?post=2934"},{"taxonomy":"product_tag","embeddable":true,"href":"https:\/\/apexvape.de\/es\/wp-json\/wp\/v2\/product_tag?post=2934"}],"curies":[{"name":"wp","href":"https:\/\/api.w.org\/{rel}","templated":true}]}}