{"id":2849,"date":"2025-11-23T10:54:44","date_gmt":"2025-11-23T09:54:44","guid":{"rendered":"https:\/\/apexvape.de\/?post_type=product&#038;p=2849"},"modified":"2025-11-23T10:56:16","modified_gmt":"2025-11-23T09:56:16","slug":"waspe-6-in-1-150000","status":"publish","type":"product","link":"https:\/\/apexvape.de\/es\/product\/waspe-6-in-1-150000\/","title":{"rendered":"WASPE 6 en 1 150 000 caladas Vape desechable"},"content":{"rendered":"<h2>WASPE 6 en 1 150 000 caladas | 6 sabores en un cigarrillo electr\u00f3nico desechable de 150 K y 64 ml con efecto prolongado<\/h2>\n<p>El WASPE 6 en 1 150000 ofrece 150 000 caladas sin igual, la mayor capacidad del mercado. El innovador sistema de cambio de sabor 6 en 1 permite utilizar aromas individuales o mezclados. Las bobinas de malla triple garantizan un sabor y una producci\u00f3n de vapor de primera clase. Gran capacidad de 64 ml con bater\u00eda recargable de 650 mAh tipo C. Pantalla LED inteligente para controlar el nivel de bater\u00eda, el nivel de e-l\u00edquido y los ajustes. Disponible en concentraciones de nicotina 0 %, 2 % o 5 %. Ligero, con 140 g, y elegante dise\u00f1o de mono. Perfecto para un vapeo duradero y sin complicaciones.<\/p>\n<h3>WASPE 6 en 1 150 000 caladas Caracter\u00edsticas destacadas:<\/h3>\n<p>El cigarrillo electr\u00f3nico desechable WASPE 6 en 1 150000 ofrece la impresionante cifra de 150 000 caladas y proporciona una experiencia de vapeo duradera y l\u00edder en el sector que supera con creces a los productos desechables convencionales. El innovador sistema de aromas seis en uno permite cambiar entre seis perfiles de sabor diferentes en un solo dispositivo, lo que ofrece la m\u00e1xima variedad y elimina la necesidad de tener varios vaporizadores. Con una enorme capacidad de e-l\u00edquido precargado de 64 ml, podr\u00e1s disfrutar de largas sesiones de vapeo sin tener que preocuparte por agotarlo r\u00e1pidamente.<\/p>\n<p>Impulsado por una bater\u00eda recargable fiable de 650 mAh, este dispositivo ofrece un rendimiento constante durante todo el d\u00eda y se recarga de forma r\u00e1pida y c\u00f3moda mediante una moderna conexi\u00f3n tipo C. La pantalla LED inteligente le mantiene informado en todo momento con actualizaciones en tiempo real sobre el nivel de la bater\u00eda y el e-l\u00edquido, para que siempre sepa cu\u00e1ndo es el momento de recargar y nunca se lleve sorpresas.<\/p>\n<p>El sistema de bobina triple de malla de alta calidad (3 x 1,0 \u03a9) est\u00e1 dise\u00f1ado para ofrecer un sabor excepcional y produce un vapor suave, intenso y uniforme con cada calada para una experiencia de vapeo de primera clase. Disponible en concentraciones de nicotina de 0 %, 2 % o 5 %, el WASPE 150000 se adapta a todas las preferencias, ya sea para vapear sin nicotina o para obtener un golpe m\u00e1s fuerte.<\/p>\n<h3>Especificaciones del producto:<\/h3>\n<ul>\n<li>Trenes: 150 000<\/li>\n<li>Bobina de malla: 3 x 1,0 ohmios<\/li>\n<li>Capacidad de e-l\u00edquido: 64 ml<\/li>\n<li>Concentraciones de nicotina: 0 % \/ 2 % \/ 5 %<\/li>\n<li>Capacidad de la bater\u00eda: 650 mAh<\/li>\n<li>Carga: Tipo C (recargable)<\/li>\n<li>Caracter\u00edstica especial: pantalla LED<\/li>\n<li>Peso del producto: 140 g\/unidad<\/li>\n<li>Tama\u00f1o del producto: 53 x 46 x 138 mm<\/li>\n<\/ul>\n<h3>WASPE 6 en 1 150 000 caladas Lista de sabores:<\/h3>\n<ol>\n<li>Sand\u00eda hielo \/ Lim\u00f3n lima \/ Lim\u00f3n melocot\u00f3n<\/li>\n<li>Ar\u00e1ndanos helados \/ Fresa y kiwi \/ Cereza y fresa heladas<\/li>\n<li>Red Bull Ice \/ Frambuesa y granada \/ Mango \u00e1cido y fresa<\/li>\n<li>Fresa Sand\u00eda \/ Melocot\u00f3n jugoso helado \/ Triple Berry helado<\/li>\n<li>Cereza Cola Ice \/ Fresa Red Bull Ice \/ Sand\u00eda Frambuesa<\/li>\n<li>Uva Ice \/ Blue Razz Cereza \/ Fresa Ice<\/li>\n<li>Mezcla de bayas \/ Drag\u00f3n negro helado \/ Fresa, cereza y cola<\/li>\n<li>Cola Ice con gas \/ Bebida energ\u00e9tica \/ Cereza Ice<\/li>\n<li>Fresa Pl\u00e1tano \/ Kiwi Sand\u00eda \/ Coco Fresa<\/li>\n<li>Red Bull Cola Ice \/ Fresa, frambuesa, cereza \/ Mora, pitaya<\/li>\n<li>Chicle de fresa y sand\u00eda \/ Mango \u00e1cido helado \/ Uva y fresa helada<\/li>\n<li>Mel\u00f3n, maracuy\u00e1 \/ Mora, hielo \/ Manzana, kiwi<\/li>\n<\/ol>\n<h3>Preguntas frecuentes sobre WASPE Aiviou 6 en 1 150K<\/h3>\n<p><strong>\u00bfCu\u00e1nto tiempo dura el WASPE 6 en 1 150000?<\/strong><\/p>\n<p>El WASPE Aiviou 150K est\u00e1 dise\u00f1ado para ofrecer la impresionante cifra de 150 000 caladas. La duraci\u00f3n real depende en gran medida de sus h\u00e1bitos personales de vapeo, pero gracias a su capacidad de 64 ml de e-l\u00edquido y al elevado n\u00famero de caladas, ofrece un tiempo de uso excepcionalmente largo.<\/p>\n<p><strong>\u00bfPuedo recargar el WASPE Aiviou?<\/strong><\/p>\n<p>\u00a1S\u00ed, es posible! Aunque el WASPE Aiviou es un cigarrillo electr\u00f3nico desechable, cuenta con una bater\u00eda recargable de 650 mAh. Solo tienes que cargar el dispositivo a trav\u00e9s del puerto tipo C para asegurarte de que puedes aprovechar toda la cantidad de e-l\u00edquido de 64 ml.<\/p>\n<p><strong>\u00bfC\u00f3mo funciona el cambio de sabor 6 en 1?<\/strong><\/p>\n<p>El WASPE Aiviou 6 en 1 ha sido dise\u00f1ado para ofrecerle la m\u00e1xima versatilidad. El cambio se realiza normalmente mediante un mecanismo intuitivo o un interruptor situado en el propio dispositivo, que le permite cambiar r\u00e1pidamente entre los seis sabores preestablecidos.<\/p>\n<h3 class=\"font-claude-response-heading text-text-100 mt-1 -mb-0.5\">Descubre m\u00e1s en Apex Vape<\/h3>\n<p class=\"font-claude-response-body whitespace-normal break-words\">\u00bfBusca m\u00e1s cigarrillos electr\u00f3nicos y productos para vapear de alta calidad? Visite nuestra <strong><a class=\"underline\" href=\"https:\/\/apexvape.de\/es\/\">p\u00e1gina web<\/a><\/strong>, para descubrir nuestra gama completa. Para todos los amantes de WASPE, nuestra <strong><a class=\"underline\" href=\"https:\/\/apexvape.de\/es\/product-category\/waspe-vape\/\">WASPE VAPE Categor\u00eda<\/a><\/strong> Una amplia selecci\u00f3n de dispositivos innovadores con la tecnolog\u00eda m\u00e1s avanzada y una gran variedad de sabores. Disfrute de una calidad superior y un servicio fiable con Apex Vape, su socio de confianza para disfrutar de una experiencia de vapeo excepcional.<\/p>","protected":false},"excerpt":{"rendered":"<p class=\"font-claude-response-body whitespace-normal break-words\">El cigarrillo electr\u00f3nico desechable WASPE 6 en 1 de 150 000 caladas ofrece una capacidad l\u00edder en el mercado con un sistema de cambio de sabor 6 en 1. Bobinas de malla triple (3\u00d71,0 \u03a9), 64 ml de e-l\u00edquido, bater\u00eda de 650 mAh con carga tipo C y pantalla LED. Disponible en nicotina 0%, 2% o 5%. Elegante dise\u00f1o de mono, con un peso de solo 140 g.<\/p>","protected":false},"featured_media":2850,"comment_status":"open","ping_status":"closed","template":"","meta":[],"product_brand":[],"product_cat":[75],"product_tag":[],"class_list":{"0":"post-2849","1":"product","2":"type-product","3":"status-publish","4":"has-post-thumbnail","6":"product_cat-waspe-vape","8":"first","9":"instock","10":"shipping-taxable","11":"purchasable","12":"product-type-variable"},"_links":{"self":[{"href":"https:\/\/apexvape.de\/es\/wp-json\/wp\/v2\/product\/2849","targetHints":{"allow":["GET"]}}],"collection":[{"href":"https:\/\/apexvape.de\/es\/wp-json\/wp\/v2\/product"}],"about":[{"href":"https:\/\/apexvape.de\/es\/wp-json\/wp\/v2\/types\/product"}],"replies":[{"embeddable":true,"href":"https:\/\/apexvape.de\/es\/wp-json\/wp\/v2\/comments?post=2849"}],"version-history":[{"count":0,"href":"https:\/\/apexvape.de\/es\/wp-json\/wp\/v2\/product\/2849\/revisions"}],"wp:featuredmedia":[{"embeddable":true,"href":"https:\/\/apexvape.de\/es\/wp-json\/wp\/v2\/media\/2850"}],"wp:attachment":[{"href":"https:\/\/apexvape.de\/es\/wp-json\/wp\/v2\/media?parent=2849"}],"wp:term":[{"taxonomy":"product_brand","embeddable":true,"href":"https:\/\/apexvape.de\/es\/wp-json\/wp\/v2\/product_brand?post=2849"},{"taxonomy":"product_cat","embeddable":true,"href":"https:\/\/apexvape.de\/es\/wp-json\/wp\/v2\/product_cat?post=2849"},{"taxonomy":"product_tag","embeddable":true,"href":"https:\/\/apexvape.de\/es\/wp-json\/wp\/v2\/product_tag?post=2849"}],"curies":[{"name":"wp","href":"https:\/\/api.w.org\/{rel}","templated":true}]}}