{"id":2796,"date":"2025-11-23T10:45:46","date_gmt":"2025-11-23T09:45:46","guid":{"rendered":"https:\/\/apexvape.de\/?post_type=product&#038;p=2796"},"modified":"2025-11-23T10:46:04","modified_gmt":"2025-11-23T09:46:04","slug":"waspe-4-in-1-100000","status":"publish","type":"product","link":"https:\/\/apexvape.de\/es\/product\/waspe-4-in-1-100000\/","title":{"rendered":"WASPE 4 en 1 100 000 caladas Vape desechable"},"content":{"rendered":"<h2>WASPE 4 en 1 100 000 caladas | 100 000 caladas Vape desechable de cuatro sabores al por mayor<\/h2>\n<p>La <strong>WASPE 4 en 1 100000<\/strong> Cuenta con un innovador sistema de sabor 4 en 1 que le permite disfrutar de una experiencia de vapeo diferente con cada calada. Equipado con una potente bater\u00eda de 650 mAh y una generosa capacidad de 56 ml, es ideal para aquellos que desean disfrutar de una experiencia de vapeo intensa y suave. El kit WASPE 4 en 1 ofrece hasta 100 000 caladas, una duraci\u00f3n de uso incre\u00edblemente larga. El dispositivo tambi\u00e9n cuenta con una pantalla LED que muestra informaci\u00f3n sobre los sabores, el nivel de bater\u00eda y otros detalles. Descubra una nueva experiencia de vapeo con el kit WASPE 4 en 1 100 000 Vape.<\/p>\n<h3>WASPE 4 en 1 100 000 caladas Caracter\u00edsticas destacadas:<\/h3>\n<p>La <strong>WASPE 100000 100K caladas Vape desechable<\/strong> Ofrece la impresionante cifra de 100 000 caladas en un solo dispositivo y garantiza un rendimiento duradero sin necesidad de cambios constantes. Disponible en concentraciones de nicotina de 0%, 2% y 5%, es perfecto para quienes desean dejar de fumar o controlar su consumo de nicotina. El sistema de sabores 4 en 1 permite cambiar entre cuatro aromas diferentes en un solo dispositivo, para variar seg\u00fan se desee.<\/p>\n<p>Con <strong>Bobinas de malla cu\u00e1druple de 1,0 \u03a9<\/strong> Este dispositivo proporciona un vapor suave y un aroma intenso con cada calada. Su gran capacidad de 56 ml de e-l\u00edquido significa menos recargas y sesiones de vapeo m\u00e1s largas. La bater\u00eda de 650 mAh dura todo el d\u00eda y se carga completamente en solo 30 minutos gracias al conector tipo C, por lo que nunca estar\u00e1s mucho tiempo sin tu vape.<\/p>\n<p>La pantalla LED inteligente muestra el nivel de bater\u00eda y el nivel de e-l\u00edquido en tiempo real, para que siempre tengas tu dispositivo a la vista. Su dise\u00f1o compacto es port\u00e1til y pr\u00e1ctico, y cabe f\u00e1cilmente en un bolso o mochila para llevarlo contigo a cualquier parte.<\/p>\n<p>Elija el WASPE 100000 para disfrutar de una experiencia de vapeo fiable y llena de sabor que combina comodidad y rendimiento. Con su impresionante n\u00famero de caladas, sus m\u00faltiples opciones de sabor y sus funciones f\u00e1ciles de usar, este dispositivo le proporcionar\u00e1 satisfacci\u00f3n en todo momento.<\/p>\n<h3>Datos t\u00e9cnicos:<\/h3>\n<ul>\n<li><strong>Trenes:<\/strong> 100 000 trenes<\/li>\n<li><strong>Cuatro sabores<\/strong><\/li>\n<li><strong>Bobina de malla:<\/strong> 1,0 ohmios x 4<\/li>\n<li><strong>E-l\u00edquido:<\/strong> 56 ml<\/li>\n<li><strong>Bater\u00eda:<\/strong> 650 mAh<\/li>\n<li><strong>Nicotina:<\/strong> 0% \/ 2% \/ 5%<\/li>\n<li><strong>Recargable:<\/strong> Tipo C<\/li>\n<li><strong>pantalla LED<\/strong><\/li>\n<\/ul>\n<h3>WASPE 4 en 1 100 000 caladas Lista de sabores:<\/h3>\n<ol>\n<li>Sand\u00eda helada \/ Fresa kiwi \/ Frambuesa sand\u00eda \/ Lim\u00f3n lima<\/li>\n<li>Fresa Sand\u00eda \/ Mr. Blue \/ Uva Helado \/ Caramelo arco\u00edris<\/li>\n<li>Helado Red Bull \/ Helado de pl\u00e1tano \/ Helado de pi\u00f1a y coco \/ Helado triple de mango<\/li>\n<li>Fresa, frambuesa, cereza \/ Helado Crazy Cherry \/ Helado Blue Cherry \/ Helado Cola<\/li>\n<li>Fresa pl\u00e1tano \/ Fresa Red Bull \/ Fresa mango \/ Limonada rosa<\/li>\n<li>Helado de ar\u00e1ndanos \/ Caballero Negro \/ Helado de fresa \/ Fresa y sand\u00eda<\/li>\n<li>Helado de cereza y cola \/ Helado de fresa y cereza \/ Helado de fresa y cola \/ Chicle de fresa y sand\u00eda<\/li>\n<li>Helado de melocot\u00f3n jugoso \/ Frutas tropicales \/ Explosi\u00f3n de frutas \/ Melocot\u00f3n y bayas<\/li>\n<li>Uva helada \/ Fresa Kiwi \/ Fresa Frambuesa Cereza \/ Black Knight<\/li>\n<li>Mezcla de bayas \/ Helado doble de manzana \/ Ar\u00e1ndanos y frambuesas \/ Ar\u00e1ndanos y miel<\/li>\n<li>Fresa Red Bull \/ Chicle de fresa y sand\u00eda \/ Helado Red Bull \/ Helado de cereza y cola<\/li>\n<li>Ar\u00e1ndanos y frambuesas \/ Ar\u00e1ndanos y limonada \/ Mezcla de bayas \/ Uvas y miel helada<\/li>\n<\/ol>\n<h3>Preguntas frecuentes (FAQ)<\/h3>\n<p><strong>P: \u00bfCu\u00e1ntos sabores ofrece este dispositivo?<\/strong><br \/>\nR: Este innovador dispositivo ofrece cuatro sabores diferentes en un solo dispositivo, entre los que puede alternar para disfrutar de experiencias de vapeo variadas.<\/p>\n<p><strong>P: \u00bfEl WASPE 100K 4 en 1 es recargable?<\/strong><br \/>\nR: S\u00ed, cuenta con una bater\u00eda de 650 mAh recargable a trav\u00e9s de un puerto tipo C.<\/p>\n<p><strong>P: \u00bfQu\u00e9 concentraciones de nicotina hay disponibles?<\/strong><br \/>\nR: El WASPE 100K 4 en 1 est\u00e1 disponible en concentraciones de nicotina de 0%, 2% y 5%.<\/p>\n<p><strong>P: \u00bfTiene pantalla?<\/strong><br \/>\nR: S\u00ed, dispone de una pantalla LED que muestra informaci\u00f3n importante, como el n\u00famero de ciclos y el estado de la bater\u00eda.<\/p>\n<p><strong>P: \u00bfQu\u00e9 tipo de bobinas utiliza?<\/strong><br \/>\nR: Utiliza cuatro bobinas de malla de 1,0 ohmios para obtener un sabor y una producci\u00f3n de vapor \u00f3ptimos.<\/p>\n<h3 class=\"font-claude-response-heading text-text-100 mt-1 -mb-0.5\">Descubre m\u00e1s en ApexVape<\/h3>\n<p class=\"font-claude-response-body whitespace-normal break-words\">\u00bfBusca productos de vapeo de alta calidad y soluciones innovadoras para vapear? Visite <strong><a class=\"underline\" href=\"https:\/\/apexvape.de\/es\/\">ApexVape<\/a><\/strong>, su tienda online de confianza para cigarrillos electr\u00f3nicos y accesorios de primera calidad. En nuestra amplia <strong><a class=\"underline\" href=\"https:\/\/apexvape.de\/es\/product-category\/waspe-vape\/\">WASPE VAPE Categor\u00eda<\/a><\/strong> Encontrar\u00e1 una amplia selecci\u00f3n de productos WASPE, incluidos los \u00faltimos modelos con caracter\u00edsticas innovadoras y una gran variedad de sabores. Aproveche el env\u00edo r\u00e1pido, el excelente servicio de atenci\u00f3n al cliente y los precios competitivos. Descubra ahora el mundo del vapeo en ApexVape y encuentre el dispositivo perfecto para sus necesidades.<\/p>","protected":false},"excerpt":{"rendered":"<p class=\"font-claude-response-body whitespace-normal break-words\">El vaporizador desechable WASPE 4 en 1 100 000 caladas ofrece un revolucionario sistema de cuatro sabores intercambiables. Bobinas de malla cu\u00e1druple (1,0 \u03a9), 56 ml de e-l\u00edquido, bater\u00eda de 650 mAh con carga r\u00e1pida de 30 minutos y pantalla LED. Disponible en nicotina 0%, 2% o 5% para un disfrute prolongado del vapor.<\/p>","protected":false},"featured_media":2836,"comment_status":"open","ping_status":"closed","template":"","meta":[],"product_brand":[],"product_cat":[75],"product_tag":[],"class_list":{"0":"post-2796","1":"product","2":"type-product","3":"status-publish","4":"has-post-thumbnail","6":"product_cat-waspe-vape","8":"first","9":"instock","10":"shipping-taxable","11":"purchasable","12":"product-type-variable"},"_links":{"self":[{"href":"https:\/\/apexvape.de\/es\/wp-json\/wp\/v2\/product\/2796","targetHints":{"allow":["GET"]}}],"collection":[{"href":"https:\/\/apexvape.de\/es\/wp-json\/wp\/v2\/product"}],"about":[{"href":"https:\/\/apexvape.de\/es\/wp-json\/wp\/v2\/types\/product"}],"replies":[{"embeddable":true,"href":"https:\/\/apexvape.de\/es\/wp-json\/wp\/v2\/comments?post=2796"}],"version-history":[{"count":0,"href":"https:\/\/apexvape.de\/es\/wp-json\/wp\/v2\/product\/2796\/revisions"}],"wp:featuredmedia":[{"embeddable":true,"href":"https:\/\/apexvape.de\/es\/wp-json\/wp\/v2\/media\/2836"}],"wp:attachment":[{"href":"https:\/\/apexvape.de\/es\/wp-json\/wp\/v2\/media?parent=2796"}],"wp:term":[{"taxonomy":"product_brand","embeddable":true,"href":"https:\/\/apexvape.de\/es\/wp-json\/wp\/v2\/product_brand?post=2796"},{"taxonomy":"product_cat","embeddable":true,"href":"https:\/\/apexvape.de\/es\/wp-json\/wp\/v2\/product_cat?post=2796"},{"taxonomy":"product_tag","embeddable":true,"href":"https:\/\/apexvape.de\/es\/wp-json\/wp\/v2\/product_tag?post=2796"}],"curies":[{"name":"wp","href":"https:\/\/api.w.org\/{rel}","templated":true}]}}