{"id":2743,"date":"2025-11-23T10:35:05","date_gmt":"2025-11-23T09:35:05","guid":{"rendered":"https:\/\/apexvape.de\/?post_type=product&#038;p=2743"},"modified":"2025-11-23T10:36:18","modified_gmt":"2025-11-23T09:36:18","slug":"waspe-crystal-40000","status":"publish","type":"product","link":"https:\/\/apexvape.de\/es\/product\/waspe-crystal-40000\/","title":{"rendered":"Waspe Crystal 40000 caladas Vape desechable"},"content":{"rendered":"<h2>Waspe Crystal 40000 caladas | Cigarrillo electr\u00f3nico desechable recargable con doble sabor al por mayor<\/h2>\n<p>La <strong>Waspe Crystal 40000 40K caladas, doble sabor, cigarrillo electr\u00f3nico desechable<\/strong> Ofrece 40 000 caladas, 32 ml de e-l\u00edquido y un sistema de doble bobina de malla (0,9 \u03a9) para un sabor intenso y un vapor suave. Con una bater\u00eda recargable de 850 mAh, carga r\u00e1pida tipo C y un innovador sistema de doble sabor, ofrece una experiencia de vapeo agradable y personalizable. La pantalla LED inteligente muestra el nivel de bater\u00eda y el nivel de e-l\u00edquido en tiempo real, mientras que su dise\u00f1o compacto lo hace perfecto para llevarlo a cualquier parte. Elige entre 12 sabores \u00fanicos para disfrutar de una experiencia de vapeo personalizada.<\/p>\n<h3>Waspe Crystal 40000 Puffs Caracter\u00edsticas destacadas del producto:<\/h3>\n<p>El cigarrillo electr\u00f3nico desechable Waspe Crystal 40000 40K Puffs destaca por su extraordinaria versatilidad, con opciones de nicotina de 0 %, 2 % o 5 %, para que puedas elegir tu intensidad ideal. Con hasta 40 000 caladas, este dispositivo garantiza un disfrute extremadamente duradero gracias al innovador sistema de doble sabor, que le permite cambiar entre dos sabores diferentes, lo que proporciona una mayor variedad y emoci\u00f3n.<\/p>\n<p>Gracias a la avanzada tecnolog\u00eda de doble bobina de malla de 0,9 \u03a9, el Waspe Crystal 40000 produce un vapor suave y un sabor intenso con cada calada. La generosa capacidad de 32 ml de e-l\u00edquido minimiza la necesidad de recargas frecuentes, mientras que la bater\u00eda recargable de 850 mAh ofrece un rendimiento constante durante sesiones prolongadas. La carga r\u00e1pida tipo C garantiza una recarga r\u00e1pida y eficiente cuando sea necesario.<\/p>\n<p>La pantalla LED inteligente permite supervisar en tiempo real el nivel de la bater\u00eda y del e-l\u00edquido para un control c\u00f3modo, mientras que las 12 deliciosas opciones de sabores satisfacen los gustos m\u00e1s variados. Su dise\u00f1o ligero y port\u00e1til lo hace perfecto para vapear sobre la marcha y cabe c\u00f3modamente en el bolsillo.<\/p>\n<p>Empaquetado en cajas comerciales de 10 unidades, el Waspe Crystal 40000 es ideal para compras al por mayor y distribuci\u00f3n minorista. Elija este innovador dispositivo para disfrutar de una experiencia de vapeo elegante, personalizable y sencilla que combina rendimiento, comodidad y estilo.<\/p>\n<h3>Datos t\u00e9cnicos:<\/h3>\n<ul>\n<li><strong>Nicotina:<\/strong> 0 % \/ 2 % \/ 5 %<\/li>\n<li><strong>Trenes:<\/strong> 40 000 caladas<\/li>\n<li><strong>Capacidad del e-l\u00edquido:<\/strong> 32 ml<\/li>\n<li>Bobinas duales de malla de 0,9 ohmios para caladas suaves y con mucho sabor.<\/li>\n<li>Recargable tipo C para una carga r\u00e1pida<\/li>\n<li>Bater\u00eda recargable de 850 mAh<\/li>\n<li>La pantalla LED inteligente muestra el nivel de la bater\u00eda y el nivel de l\u00edquido electr\u00f3nico.<\/li>\n<li>Experiencia de doble sabor<\/li>\n<li>12 sabores para elegir<\/li>\n<\/ul>\n<h3>Waspe Crystal 40000 caladas Lista de sabores:<\/h3>\n<ol>\n<li>Sand\u00eda helada \/ Lim\u00f3n-lima<\/li>\n<li>Red Bull Ice \/ Fresa-Mango<\/li>\n<li>Fresa Red Bull \/ Ar\u00e1ndano-cereza<\/li>\n<li>Caramelo de ar\u00e1ndanos \/ Fresa-sand\u00eda<\/li>\n<li>Fresa-kiwi \/ Fresa-cereza<\/li>\n<li>Ar\u00e1ndanos y frambuesas \/ Melocot\u00f3n y bayas Ice<\/li>\n<li>Fresa, frambuesa y cereza \/ Love 666<\/li>\n<li>Melocot\u00f3n helado \/ Sand\u00eda, mango y melocot\u00f3n<\/li>\n<li>Fresa-pl\u00e1tano \/ Pi\u00f1a-coco Ice<\/li>\n<li>Uva Ice \/ Drag\u00f3n Negro Ice<\/li>\n<li>Bayas mixtas \/ Limonada de frambuesa<\/li>\n<li>Ar\u00e1ndanos helados \/ Cereza-cola helada<\/li>\n<\/ol>\n<h3>Preguntas frecuentes:<\/h3>\n<p><strong>P: \u00bfQu\u00e9 es el sistema Dual Flavor y c\u00f3mo funciona?<\/strong><br \/>\nR: El sistema Dual Flavor te permite cambiar entre dos sabores diferentes precargados dentro del mismo dispositivo, lo que te ofrece una experiencia de vapeo personalizada y variada sin necesidad de un segundo dispositivo.<\/p>\n<p><strong>P: \u00bfPor qu\u00e9 las bobinas de malla duales son mejores para el sabor?<\/strong><br \/>\nR: Las resistencias duales de malla de 0,9 \u03a9 ofrecen una mayor superficie para calentar el e-l\u00edquido. Esto da como resultado un vapor m\u00e1s suave, un sabor m\u00e1s intenso y una mayor consistencia, y elimina el sabor seco o quemado que suele producirse con las resistencias est\u00e1ndar.<\/p>\n<p><strong>P: \u00bfCu\u00e1nto tiempo dura el WASPE Crystal 40000?<\/strong><br \/>\nR: El dispositivo est\u00e1 dise\u00f1ado para hasta 40 000 caladas. La duraci\u00f3n real var\u00eda en funci\u00f3n de los h\u00e1bitos individuales, pero est\u00e1 dise\u00f1ada para durar mucho m\u00e1s que los cigarrillos electr\u00f3nicos desechables convencionales.<\/p>\n<h3 class=\"font-claude-response-body whitespace-normal break-words\"><strong>Acerca de Apex Vape: su socio de confianza para cigarrillos electr\u00f3nicos de primera calidad:<\/strong><\/h3>\n<p class=\"font-claude-response-body whitespace-normal break-words\">Descubra el Waspe Crystal 40000 y otros productos de vapeo de alta calidad en <strong><a class=\"underline\" href=\"https:\/\/apexvape.de\/es\/\">Apex Vape<\/a><\/strong>, su tienda online l\u00edder en Alemania de cigarrillos electr\u00f3nicos y accesorios para vapeadores. En nuestra amplia <strong><a class=\"underline\" href=\"https:\/\/apexvape.de\/es\/product-category\/waspe-vape\/\">WASPE VAPE Categor\u00eda<\/a><\/strong> Encuentre los \u00faltimos modelos y dispositivos innovadores de la marca WASPE a atractivos precios al por mayor. Aproveche el env\u00edo r\u00e1pido, el servicio de atenci\u00f3n al cliente de primera clase y una amplia selecci\u00f3n de productos premium para todos los gustos. \u00a1Pida hoy mismo su Waspe Crystal 40000 y disfrute del vapeo al m\u00e1s alto nivel!<\/p>","protected":false},"excerpt":{"rendered":"<p class=\"font-claude-response-body whitespace-normal break-words\">El cigarrillo electr\u00f3nico desechable Waspe Crystal 40000 Puffs convence con su sistema de doble sabor que permite cambiar entre dos sabores. Bobinas de malla duales (0,9 \u03a9), 32 ml de e-l\u00edquido, bater\u00eda de 850 mAh con carga r\u00e1pida tipo C y pantalla LED. Disponible en 0%, 2% o 5% de nicotina con 12 aromas para elegir.<\/p>","protected":false},"featured_media":2783,"comment_status":"open","ping_status":"closed","template":"","meta":[],"product_brand":[],"product_cat":[75],"product_tag":[],"class_list":{"0":"post-2743","1":"product","2":"type-product","3":"status-publish","4":"has-post-thumbnail","6":"product_cat-waspe-vape","8":"first","9":"instock","10":"shipping-taxable","11":"purchasable","12":"product-type-variable"},"_links":{"self":[{"href":"https:\/\/apexvape.de\/es\/wp-json\/wp\/v2\/product\/2743","targetHints":{"allow":["GET"]}}],"collection":[{"href":"https:\/\/apexvape.de\/es\/wp-json\/wp\/v2\/product"}],"about":[{"href":"https:\/\/apexvape.de\/es\/wp-json\/wp\/v2\/types\/product"}],"replies":[{"embeddable":true,"href":"https:\/\/apexvape.de\/es\/wp-json\/wp\/v2\/comments?post=2743"}],"version-history":[{"count":0,"href":"https:\/\/apexvape.de\/es\/wp-json\/wp\/v2\/product\/2743\/revisions"}],"wp:featuredmedia":[{"embeddable":true,"href":"https:\/\/apexvape.de\/es\/wp-json\/wp\/v2\/media\/2783"}],"wp:attachment":[{"href":"https:\/\/apexvape.de\/es\/wp-json\/wp\/v2\/media?parent=2743"}],"wp:term":[{"taxonomy":"product_brand","embeddable":true,"href":"https:\/\/apexvape.de\/es\/wp-json\/wp\/v2\/product_brand?post=2743"},{"taxonomy":"product_cat","embeddable":true,"href":"https:\/\/apexvape.de\/es\/wp-json\/wp\/v2\/product_cat?post=2743"},{"taxonomy":"product_tag","embeddable":true,"href":"https:\/\/apexvape.de\/es\/wp-json\/wp\/v2\/product_tag?post=2743"}],"curies":[{"name":"wp","href":"https:\/\/api.w.org\/{rel}","templated":true}]}}