{"id":2612,"date":"2025-11-23T10:13:15","date_gmt":"2025-11-23T09:13:15","guid":{"rendered":"https:\/\/apexvape.de\/?post_type=product&#038;p=2612"},"modified":"2025-11-23T10:13:40","modified_gmt":"2025-11-23T09:13:40","slug":"waspe-aiviou-40000","status":"publish","type":"product","link":"https:\/\/apexvape.de\/es\/product\/waspe-aiviou-40000\/","title":{"rendered":"WASPE AIVIOU 40000 caladas Vape desechable"},"content":{"rendered":"<h2>WASPE AIVIOU 40 000 caladas | 36 ml, doble malla, 0%-5% nicotina, doble aroma, cigarrillo electr\u00f3nico desechable<\/h2>\n<p>El cigarrillo electr\u00f3nico desechable WASPE AIVIOU 40000 con doble aroma ofrece una capacidad l\u00edder en el sector de 40 000 caladas. El innovador sistema de doble aroma permite cambiar instant\u00e1neamente entre dos sabores diferentes de entre 20 opciones de aromas. La pantalla LCD inteligente proporciona informaci\u00f3n en tiempo real sobre el nivel de bater\u00eda y el nivel de e-l\u00edquido, mientras que las bobinas de doble malla garantizan un intenso desarrollo del sabor. Funciona con una bater\u00eda recargable de 850 mAh con carga tipo C y est\u00e1 disponible en concentraciones de nicotina 0%\/2%\/5%.<\/p>\n<h3>WASPE AIVIOU 40000 caladas Caracter\u00edsticas destacadas:<\/h3>\n<p>El cigarrillo electr\u00f3nico desechable WASPE 40000 40K es un dispositivo de \u00faltima generaci\u00f3n para vapeadores que buscan innovaci\u00f3n y un rendimiento excepcional. Con hasta 40 000 caladas y bobinas de malla duales de 0,9 ohmios, garantiza una producci\u00f3n de vapor suave y arom\u00e1tica con un satisfactorio golpe de garganta. Las bobinas dobles garantizan que cada calada sea rica y con cuerpo, mejorando tu experiencia de vapeo.<\/p>\n<p>Con una generosa capacidad de 36 ml de e-l\u00edquido y una bater\u00eda recargable de 850 mAh, este cigarrillo electr\u00f3nico ofrece largas sesiones de vapeo sin necesidad de recargas frecuentes ni interrupciones para recargar. La carga r\u00e1pida tipo C garantiza una recarga r\u00e1pida y c\u00f3moda para que siempre est\u00e9 listo para usar. La pantalla LED inteligente proporciona informaci\u00f3n en tiempo real sobre el nivel de la bater\u00eda y el nivel de e-l\u00edquido, para que siempre est\u00e9 al tanto del estado de su dispositivo.<\/p>\n<p>La funci\u00f3n Dual Aroma te permite cambiar entre dos sabores diferentes y ofrece una experiencia de vapeo personalizable con infinitas posibilidades. Disponible en concentraciones de nicotina 0%, 2% y 5%, WASPE 40000 est\u00e1 dirigido tanto a vapeadores ocasionales como a usuarios experimentados, con 20 sabores diferentes para todos los gustos.<\/p>\n<h3>Datos t\u00e9cnicos:<\/h3>\n<ul>\n<li><strong>Nicotina:<\/strong> 0%\/2%\/5%<\/li>\n<li><strong>Trenes:<\/strong> 40 000 trenes<\/li>\n<li><strong>Capacidad del e-l\u00edquido:<\/strong> 36 ml<\/li>\n<li>Bobinas duales de malla de 0,9 ohmios para caladas suaves y arom\u00e1ticas.<\/li>\n<li>Recargable tipo C para una carga r\u00e1pida<\/li>\n<li>Bater\u00eda recargable de 850 mAh<\/li>\n<li>La pantalla LED inteligente muestra el nivel de la bater\u00eda y el nivel de l\u00edquido electr\u00f3nico.<\/li>\n<li>Experiencia de doble aroma<\/li>\n<li>20 sabores para elegir<\/li>\n<\/ul>\n<h3>WASPE AIVIOU 40000 caladas Lista de aromas:<\/h3>\n<ol>\n<li>Helado de sand\u00eda\/lim\u00f3n y lima<\/li>\n<li>Helado de cereza con chispas\/algod\u00f3n de az\u00facar de ar\u00e1ndanos<\/li>\n<li>Fresa Sand\u00eda\/Ar\u00e1ndano Frambuesa<\/li>\n<li>Red Bull Helado\/Fresa Mango<\/li>\n<li>Helado de melocot\u00f3n\/pi\u00f1a, mango y melocot\u00f3n<\/li>\n<li>Uva helado\/fresa kiwi<\/li>\n<li>Helado mixto de bayas\/doble manzana<\/li>\n<li>Chicle de limonada azul\/sand\u00eda<\/li>\n<li>Fresa Frambuesa Cereza\/Love 666<\/li>\n<li>Helado de fresa, pl\u00e1tano, pi\u00f1a y coco<\/li>\n<li>Fresa Sand\u00eda Chicle\/Fruta variada<\/li>\n<li>Helado de cereza y cola\/fresa y frambuesa Candy<\/li>\n<li>Manzana \u00e1cida Frambuesa\/Fresa Big Bang<\/li>\n<li>Melocot\u00f3n Baya\/Sand\u00eda Mango Melocot\u00f3n<\/li>\n<li>Helado de ar\u00e1ndanos\/Helado Black Dragon<\/li>\n<li>Fresa Cereza\/Kiwi Maracuy\u00e1<\/li>\n<li>Ositos de goma\/Fresa Cola<\/li>\n<li>Helado de pl\u00e1tano y pi\u00f1a\/Helado de Red Bull<\/li>\n<li>Helado Red Bull de fresa y grosella negra<\/li>\n<li>Helado triple de mel\u00f3n\/frambuesa y sand\u00eda<\/li>\n<\/ol>\n<h3>Preguntas frecuentes (FAQ)<\/h3>\n<p><strong>P: \u00bfC\u00f3mo cambio entre los dos sabores en el WASPE 40000?<\/strong><\/p>\n<p>R: La boquilla superior se puede deslizar hacia la izquierda y hacia la derecha. El lado izquierdo es el primer aroma y el lado derecho es el segundo aroma. Puede cambiar el aroma deseado en cualquier momento deslizando la boquilla superior hacia la izquierda o hacia la derecha.<\/p>\n<p><strong>P: \u00bfCu\u00e1nto dura la bater\u00eda de 850 mAh del cigarrillo electr\u00f3nico WASPE 40K?<\/strong><\/p>\n<p>R: La duraci\u00f3n de la bater\u00eda var\u00eda en funci\u00f3n del uso. La bater\u00eda recargable tipo C permite recargar varias veces y garantiza que sea suficiente para toda la capacidad de 36 ml de e-l\u00edquido.<\/p>\n<p><strong>P: \u00bfQu\u00e9 muestra la pantalla LED del cigarrillo electr\u00f3nico desechable WASPE 40K caladas?<\/strong><\/p>\n<p>R: La pantalla LED muestra claramente el nivel restante de la bater\u00eda y cu\u00e1l de los dos aromas est\u00e1 seleccionado actualmente para vapear.<\/p>\n<h3>Descubre m\u00e1s en Apex Vape<\/h3>\n<p>\u00bfBusca cigarrillos electr\u00f3nicos y productos para vapear de alta calidad? Visite <strong><a href=\"https:\/\/apexvape.de\/es\/\">Apex Vape<\/a><\/strong>, su tienda online de confianza para productos de vapeo premium en Alemania. El WASPE AIVIOU 40000 caladas forma parte de nuestra amplia <strong><a href=\"https:\/\/apexvape.de\/es\/product-category\/waspe-vape\/\">Colecci\u00f3n WASPE VAPE<\/a><\/strong>, que ofrece innovadores cigarrillos electr\u00f3nicos desechables con la tecnolog\u00eda m\u00e1s avanzada. Descubra otros modelos WASPE y benef\u00edciese de env\u00edos r\u00e1pidos, productos aut\u00e9nticos y un servicio de atenci\u00f3n al cliente de primera clase. Tanto si es principiante como si es un vapeador experimentado, en Apex Vape encontrar\u00e1 el cigarrillo electr\u00f3nico perfecto para sus necesidades.<\/p>","protected":false},"excerpt":{"rendered":"<p class=\"font-claude-response-body whitespace-normal break-words\">El cigarrillo electr\u00f3nico desechable WASPE AIVIOU 40000 impresiona con su innovador sistema de doble aroma que permite cambiar entre 20 sabores diferentes. Bobinas de malla dual, 36 ml de e-l\u00edquido, bater\u00eda de 850 mAh con carga tipo C y pantalla LCD para ver el nivel de bater\u00eda y l\u00edquido. Disponible en nicotina 0%, 2% o 5%.<\/p>","protected":false},"featured_media":2676,"comment_status":"open","ping_status":"closed","template":"","meta":[],"product_brand":[],"product_cat":[75],"product_tag":[],"class_list":{"0":"post-2612","1":"product","2":"type-product","3":"status-publish","4":"has-post-thumbnail","6":"product_cat-waspe-vape","8":"first","9":"instock","10":"shipping-taxable","11":"purchasable","12":"product-type-variable"},"_links":{"self":[{"href":"https:\/\/apexvape.de\/es\/wp-json\/wp\/v2\/product\/2612","targetHints":{"allow":["GET"]}}],"collection":[{"href":"https:\/\/apexvape.de\/es\/wp-json\/wp\/v2\/product"}],"about":[{"href":"https:\/\/apexvape.de\/es\/wp-json\/wp\/v2\/types\/product"}],"replies":[{"embeddable":true,"href":"https:\/\/apexvape.de\/es\/wp-json\/wp\/v2\/comments?post=2612"}],"version-history":[{"count":0,"href":"https:\/\/apexvape.de\/es\/wp-json\/wp\/v2\/product\/2612\/revisions"}],"wp:featuredmedia":[{"embeddable":true,"href":"https:\/\/apexvape.de\/es\/wp-json\/wp\/v2\/media\/2676"}],"wp:attachment":[{"href":"https:\/\/apexvape.de\/es\/wp-json\/wp\/v2\/media?parent=2612"}],"wp:term":[{"taxonomy":"product_brand","embeddable":true,"href":"https:\/\/apexvape.de\/es\/wp-json\/wp\/v2\/product_brand?post=2612"},{"taxonomy":"product_cat","embeddable":true,"href":"https:\/\/apexvape.de\/es\/wp-json\/wp\/v2\/product_cat?post=2612"},{"taxonomy":"product_tag","embeddable":true,"href":"https:\/\/apexvape.de\/es\/wp-json\/wp\/v2\/product_tag?post=2612"}],"curies":[{"name":"wp","href":"https:\/\/api.w.org\/{rel}","templated":true}]}}