{"id":2517,"date":"2025-11-22T15:00:35","date_gmt":"2025-11-22T14:00:35","guid":{"rendered":"https:\/\/apexvape.de\/?post_type=product&#038;p=2517"},"modified":"2025-11-22T15:00:58","modified_gmt":"2025-11-22T14:00:58","slug":"fumot-leopard-40000","status":"publish","type":"product","link":"https:\/\/apexvape.de\/es\/product\/fumot-leopard-40000\/","title":{"rendered":"Fumot Leopard 40000 caladas Vape desechable"},"content":{"rendered":"<h2>Fumot Leopard 40000 | Cigarrillo electr\u00f3nico RGB Dual-Mesh de 40 000 caladas al por mayor<\/h2>\n<p>El cigarrillo electr\u00f3nico desechable Fumot Leopard 40000 ofrece hasta 40 000 caladas de vapor suave y arom\u00e1tico. Con bobinas de doble malla para un sabor intenso, puede elegir entre concentraciones de nicotina de 2 %, 3 % o 5 %. La bater\u00eda de 700 mAh garantiza un rendimiento duradero y el conector de carga tipo C permite una recarga r\u00e1pida. Adem\u00e1s, la pantalla digital le mantiene informado sobre el nivel de e-l\u00edquido y de bater\u00eda.<\/p>\n<h3>Fumot Leopard 40000 caladas Caracter\u00edsticas destacadas:<\/h3>\n<p>El Fumot Leopard 40000 combina rendimiento y estilo en un cigarrillo electr\u00f3nico desechable de alto rendimiento que ofrece la incre\u00edble cantidad de 40 000 caladas. Dise\u00f1ado para ofrecer un rendimiento excepcional, cuenta con un sistema de doble bobina de malla que produce un sabor intenso y un vapor suave y constante desde la primera hasta la \u00faltima calada. Disponible en concentraciones de nicotina de 2 %, 3 % y 5 %, el dispositivo se adapta a tus preferencias personales y a tu estilo de vapeo.<\/p>\n<p>El Leopard 40000 funciona con una bater\u00eda recargable de 700 mAh que proporciona un rendimiento constante durante tus sesiones de vapeo. Gracias a la carga r\u00e1pida tipo C, puedes recargarlo r\u00e1pidamente y seguir vapeando con un tiempo de inactividad m\u00ednimo, para que nunca te quedes sin tu dispositivo durante mucho tiempo.<\/p>\n<p>Lo que hace especial a este cigarrillo electr\u00f3nico es su llamativa luz giratoria RGB, que a\u00f1ade un elemento visual vibrante a cada calada. La pantalla digital tubular te informa con actualizaciones en tiempo real sobre el nivel de e-l\u00edquido y la bater\u00eda, y te da un control total sobre tu experiencia de vapeo. Siempre sabr\u00e1s exactamente cu\u00e1ndo es el momento de recargar o cu\u00e1ndo se est\u00e1 acabando el e-l\u00edquido.<\/p>\n<p>Disponible en 25 deliciosos sabores y en un pr\u00e1ctico envase de 10 unidades, el Fumot Leopard 40000 est\u00e1 dise\u00f1ado para vapeadores que valoran tanto el estilo como la sustancia. Con un aspecto llamativo, caladas potentes y funciones de control inteligentes, este dispositivo ofrece una experiencia de vapeo excepcional que te mantiene en control de principio a fin.<\/p>\n<h3>Especificaciones del producto:<\/h3>\n<ul>\n<li><strong>Trenes:<\/strong> Hasta 40 000<\/li>\n<li><strong>Nicotina:<\/strong> 2 % \/ 3 % \/ 5 %<\/li>\n<li><strong>Bater\u00eda:<\/strong> 700 mAh recargable<\/li>\n<li><strong>Bobina:<\/strong> Bobina de doble malla<\/li>\n<li><strong>Recarga:<\/strong> Tipo C<\/li>\n<li><strong>Iluminaci\u00f3n:<\/strong> Luz giratoria RGB<\/li>\n<li><strong>Pantalla:<\/strong> Indicador digital del nivel de e-l\u00edquido y bater\u00eda<\/li>\n<li><strong>Embalaje:<\/strong> 10 unidades\/paquete<\/li>\n<li><strong>Sabores:<\/strong> 25 opciones<\/li>\n<\/ul>\n<h3>Lista de sabores:<\/h3>\n<ol>\n<li>Mezcla de bayas<\/li>\n<li>Ar\u00e1ndano Frambuesa<\/li>\n<li>Fresa Sand\u00eda<\/li>\n<li>Fresa helada<\/li>\n<li>Cereza Ice<\/li>\n<li>Sand\u00eda helada<\/li>\n<li>Kiwi, maracuy\u00e1, guayaba<\/li>\n<li>Dr. Blue<\/li>\n<li>Ar\u00e1ndanos sobre hielo<\/li>\n<li>Melocot\u00f3n Baya<\/li>\n<li>Limonada rosa<\/li>\n<li>Fresa Pl\u00e1tano<\/li>\n<li>Chicle de sand\u00eda<\/li>\n<li>Melocot\u00f3n Mango Pi\u00f1a<\/li>\n<li>Hielo Drag\u00f3n Negro<\/li>\n<li>Ar\u00e1ndano Cereza Ar\u00e1ndano rojo<\/li>\n<li>Gominolas Blue Razz<\/li>\n<li>Mora Frambuesa roja<\/li>\n<li>Manzana verde Melocot\u00f3n<\/li>\n<li>Nuevo Blue Cherry Cranberry<\/li>\n<li>Fruta de la pasi\u00f3n Kiwi<\/li>\n<li>Mango y maracuy\u00e1<\/li>\n<li>Cereza azul Razz<\/li>\n<li>Cereza Sand\u00eda Freeze<\/li>\n<li>Ar\u00e1ndanos y granada helados<\/li>\n<\/ol>\n<h3>Preguntas frecuentes (FAQ):<\/h3>\n<p><strong>F1: \u00bfCu\u00e1ntas caladas ofrece el cigarrillo electr\u00f3nico Fumot Leopard 40000?<\/strong><br \/>\nA1: El cigarrillo electr\u00f3nico Fumot Leopard 40000 caladas ofrece hasta 40 000 caladas, lo que lo convierte en uno de los cigarrillos electr\u00f3nicos desechables m\u00e1s duraderos del mercado.<\/p>\n<p><strong>P2: \u00bfQu\u00e9 diferencia al cigarrillo electr\u00f3nico Fumot Leopard 40k de otros?<\/strong><br \/>\nA2: El Fumot Leopard 40k se caracteriza por su luz giratoria RGB, pantalla digital para el e-l\u00edquido y la bater\u00eda, bobina de doble malla y una bater\u00eda recargable de 700 mAh.<\/p>\n<p><strong>P3: \u00bfEl cigarrillo electr\u00f3nico 40k es recargable?<\/strong><br \/>\nR3: S\u00ed, este cigarrillo electr\u00f3nico de 40k cuenta con una bater\u00eda tipo C con funci\u00f3n de carga para una recarga c\u00f3moda y r\u00e1pida.<\/p>\n<h3>Descubre m\u00e1s sobre FUMOT VAPE en apexvape<\/h3>\n<p>Descubra el Fumot Leopard 40000 y otros cigarrillos electr\u00f3nicos premium en <strong><a href=\"https:\/\/apexvape.de\/es\/\">Apex Vape<\/a><\/strong>, su socio de confianza para productos de vapeo de alta calidad al por mayor. En nuestra amplia <strong><a href=\"https:\/\/apexvape.de\/es\/product-category\/fumot-vape\/\">Categor\u00eda FUMOT VAPE<\/a><\/strong> Encuentre los \u00faltimos modelos y los dispositivos m\u00e1s innovadores de la marca Fumot. Aproveche los atractivos precios al por mayor, el env\u00edo r\u00e1pido y el excelente servicio de atenci\u00f3n al cliente para su tienda de vapeo.<\/p>","protected":false},"excerpt":{"rendered":"<p class=\"font-claude-response-body whitespace-normal break-words\">El Fumot Leopard 40000 ofrece hasta 40 000 caladas con tecnolog\u00eda de bobina de doble malla para un sabor intenso. La luz giratoria RGB proporciona un efecto visual, mientras que la pantalla digital muestra el nivel de e-l\u00edquido y la bater\u00eda. Bater\u00eda de 700 mAh con carga tipo C, nicotina 2%-5%, 25 sabores disponibles.<\/p>","protected":false},"featured_media":2596,"comment_status":"open","ping_status":"closed","template":"","meta":[],"product_brand":[],"product_cat":[74],"product_tag":[],"class_list":{"0":"post-2517","1":"product","2":"type-product","3":"status-publish","4":"has-post-thumbnail","6":"product_cat-fumot-vape","8":"first","9":"instock","10":"shipping-taxable","11":"purchasable","12":"product-type-variable"},"_links":{"self":[{"href":"https:\/\/apexvape.de\/es\/wp-json\/wp\/v2\/product\/2517","targetHints":{"allow":["GET"]}}],"collection":[{"href":"https:\/\/apexvape.de\/es\/wp-json\/wp\/v2\/product"}],"about":[{"href":"https:\/\/apexvape.de\/es\/wp-json\/wp\/v2\/types\/product"}],"replies":[{"embeddable":true,"href":"https:\/\/apexvape.de\/es\/wp-json\/wp\/v2\/comments?post=2517"}],"version-history":[{"count":0,"href":"https:\/\/apexvape.de\/es\/wp-json\/wp\/v2\/product\/2517\/revisions"}],"wp:featuredmedia":[{"embeddable":true,"href":"https:\/\/apexvape.de\/es\/wp-json\/wp\/v2\/media\/2596"}],"wp:attachment":[{"href":"https:\/\/apexvape.de\/es\/wp-json\/wp\/v2\/media?parent=2517"}],"wp:term":[{"taxonomy":"product_brand","embeddable":true,"href":"https:\/\/apexvape.de\/es\/wp-json\/wp\/v2\/product_brand?post=2517"},{"taxonomy":"product_cat","embeddable":true,"href":"https:\/\/apexvape.de\/es\/wp-json\/wp\/v2\/product_cat?post=2517"},{"taxonomy":"product_tag","embeddable":true,"href":"https:\/\/apexvape.de\/es\/wp-json\/wp\/v2\/product_tag?post=2517"}],"curies":[{"name":"wp","href":"https:\/\/api.w.org\/{rel}","templated":true}]}}