{"id":2424,"date":"2025-11-22T14:49:42","date_gmt":"2025-11-22T13:49:42","guid":{"rendered":"https:\/\/apexvape.de\/?post_type=product&#038;p=2424"},"modified":"2025-11-22T15:04:39","modified_gmt":"2025-11-22T14:04:39","slug":"fumot-tornado-25000","status":"publish","type":"product","link":"https:\/\/apexvape.de\/es\/product\/fumot-tornado-25000\/","title":{"rendered":"Fumot Tornado 25000 caladas Vape desechable"},"content":{"rendered":"<h2>Fumot Tornado 25000 caladas 2% 3% 5% Bajo en nicotina Compra al por mayor Vaporizador recargable con pantalla digital<\/h2>\n<p>El <strong>Fumot Tornado 25000<\/strong> Es un cigarrillo electr\u00f3nico desechable con sistema de doble bobina de malla y pantalla t\u00e1ctil inteligente. El dispositivo contiene 20 ml de e-l\u00edquido y permite hasta 25 000 caladas. El Tornado 25000 est\u00e1 disponible en 4 concentraciones de nicotina: 0%, 2%, 3% y 5%, as\u00ed como en 26 sabores diferentes. Con un conector tipo C de carga r\u00e1pida en la parte inferior, te aseguras de poder consumir completamente cada e-l\u00edquido.<\/p>\n<h3>Fumot Tornado 25000 caladas \u2013 Caracter\u00edsticas destacadas del producto:<\/h3>\n<p>El Fumot Tornado 25000 ofrece la impresionante cifra de 25 000 caladas, lo que lo convierte en uno de los cigarrillos electr\u00f3nicos m\u00e1s duraderos del mercado. Est\u00e1 disponible en deliciosos sabores como ar\u00e1ndano-frambuesa y fresa-menta, y ofrece un sabor intenso en cada calada. El sistema de doble bobina de malla produce un vapor suave y arom\u00e1tico con una excelente producci\u00f3n de vapor para una experiencia satisfactoria en todo momento.<\/p>\n<p>El dispositivo cuenta con una bater\u00eda recargable de 700 mAh con puerto de carga tipo C para una recarga r\u00e1pida y c\u00f3moda. Lo especial de este cigarrillo electr\u00f3nico es su pantalla t\u00e1ctil de 1,77 pulgadas, que muestra informaci\u00f3n importante como el nivel de bater\u00eda, el contador de caladas y los ajustes de potencia. Esta pantalla de f\u00e1cil lectura le permite supervisar y ajustar su experiencia de vapeo con solo unos pocos toques.<\/p>\n<p>Una caracter\u00edstica destacada es el modo de juego integrado, que a\u00f1ade un divertido elemento interactivo a tus sesiones de vapeo. Podr\u00e1s disfrutar de juegos cortos durante los descansos, lo que convierte al Fumot Tornado 25000 en mucho m\u00e1s que un simple cigarrillo electr\u00f3nico. Su elegante control t\u00e1ctil permite navegar f\u00e1cilmente por todos los ajustes y funciones.<\/p>\n<p>La potencia ajustable va de 24 W a 80 W, lo que te permite adaptar tu estilo de vapeo. Elija potencias m\u00e1s bajas para caladas suaves y ligeras o aumente a 80 W para obtener un vapor potente e intenso. Esta flexibilidad hace que el Fumot Tornado 25000 sea adecuado para todo el mundo, tanto si es nuevo en el vapeo como si es un usuario experimentado que busca un dispositivo con muchas funciones.<\/p>\n<h3>Datos t\u00e9cnicos:<\/h3>\n<ul>\n<li>Contenido de nicotina: 2% \/ 3% \/ 5%<\/li>\n<li>Bater\u00eda recargable de 700 mAh<\/li>\n<li>Trenes: 25 000 trenes<\/li>\n<li>Capacidad del dep\u00f3sito: 20 ml<\/li>\n<li>Interruptor t\u00e1ctil<\/li>\n<li>Pantalla TFT de 1,77 pulgadas<\/li>\n<li>Ajuste del rendimiento pulsando tres veces en la pantalla t\u00e1ctil.<\/li>\n<li>Pantalla con indicador de nivel y bater\u00eda<\/li>\n<li>Conector tipo C<\/li>\n<li>26 sabores disponibles<\/li>\n<li>Sistema dual de bobinas de malla<\/li>\n<\/ul>\n<h3>Sabores:<\/h3>\n<ol>\n<li>Banana Ice (helado de pl\u00e1tano)<\/li>\n<li>Strawberry Watermelon (Fresa Sand\u00eda)<\/li>\n<li>Miami Mint (menta de Miami)<\/li>\n<li>Ar\u00e1ndano y frambuesa (Blueberry Raspberry)<\/li>\n<li>Hielo negro (Black Ice)<\/li>\n<li>White Gummy Ice (helado de gominolas blancas)<\/li>\n<li>Watermelon Ice (helado de sand\u00eda)<\/li>\n<li>Juicy Peach Ice (Helado de melocot\u00f3n jugoso)<\/li>\n<li>Pink Lemonade (Limonada rosa)<\/li>\n<li>Fresa y mango<\/li>\n<li>Peach Mango Watermelon (melocot\u00f3n, mango y sand\u00eda)<\/li>\n<li>Grape Lemon (uva lim\u00f3n)<\/li>\n<li>Tropical Rainbow Blast (Arco\u00edris tropical)<\/li>\n<li>Cherry Bomb (Bomba de cereza)<\/li>\n<li>Caramelo de fresa y menta<\/li>\n<li>Double Apple (Manzana doble)<\/li>\n<li>Blueberry On Ice (Ar\u00e1ndanos sobre hielo)<\/li>\n<li>Strawberry Ice (helado de fresa)<\/li>\n<li>Lush Ice (Hielo exuberante)<\/li>\n<li>Pineapple Ice (helado de pi\u00f1a)<\/li>\n<li>Grape Ice (Hielo de uva)<\/li>\n<li>Dr Blue (Dr. Azul)<\/li>\n<li>Kiwi, maracuy\u00e1 y guayaba<\/li>\n<li>Cherry Cola (cola con cereza)<\/li>\n<li>Menta fresca (Cool Mint)<\/li>\n<li>Strawberry Red Bull (Fresa Red Bull)<\/li>\n<\/ol>\n<h3>Preguntas frecuentes (FAQ)<\/h3>\n<p><strong>1. \u00bfCu\u00e1ntas caladas ofrece el Fumot Tornado 25k?<\/strong> El Fumot Tornado 25000 ofrece hasta 25 000 caladas con su capacidad de 20 ml de e-l\u00edquido.<\/p>\n<p><strong>2. \u00bfQu\u00e9 concentraciones de nicotina hay disponibles?<\/strong> Puede elegir entre las opciones de nicotina 0%, 2%, 3% o 5%.<\/p>\n<p><strong>3. \u00bfEl dispositivo tiene una bater\u00eda recargable?<\/strong> S\u00ed, cuenta con una bater\u00eda de 700 mAh que se puede cargar de forma r\u00e1pida y eficiente a trav\u00e9s de un puerto de carga tipo C.<\/p>\n<p><strong>4. \u00bfQu\u00e9 es el \u201emodo de juego\u201c?<\/strong> El modo de juego permite a los usuarios lanzar dados cibern\u00e9ticos y a\u00f1ade un elemento interactivo y divertido al vapeo.<\/p>\n<p><strong>5. \u00bfC\u00f3mo funciona la pantalla t\u00e1ctil?<\/strong> El Tornado 25k cuenta con un interruptor t\u00e1ctil inteligente que permite ajustar f\u00e1cilmente la potencia y activar el modo de juego con solo tocar la pantalla.<\/p>\n<h3 class=\"font-claude-response-heading text-text-100 mt-1 -mb-0.5\">M\u00e1s informaci\u00f3n y productos<\/h3>\n<p class=\"font-claude-response-body whitespace-normal break-words\">Descubra el Fumot Tornado 25000 y otros cigarrillos electr\u00f3nicos de alta calidad en nuestra tienda online. Visite nuestra <strong><a class=\"underline\" href=\"https:\/\/apexvape.de\/es\/\">p\u00e1gina web<\/a><\/strong> para ver la gama completa de productos de vapeo premium y ofertas atractivas. Si est\u00e1 especialmente interesado en los productos Fumot, encontrar\u00e1 en nuestra <strong><a class=\"underline\" href=\"https:\/\/apexvape.de\/es\/product-category\/fumot-vape\/\">Categor\u00eda FUMOT VAPE<\/a><\/strong> Una amplia selecci\u00f3n de cigarrillos electr\u00f3nicos desechables innovadores con la tecnolog\u00eda m\u00e1s avanzada. Aproveche nuestro r\u00e1pido env\u00edo, nuestro competente servicio de atenci\u00f3n al cliente y nuestros atractivos precios al por mayor para clientes comerciales.<\/p>","protected":false},"excerpt":{"rendered":"<p class=\"font-claude-response-body whitespace-normal break-words\">El Fumot Tornado 25000 ofrece hasta 25 000 caladas con 20 ml de e-l\u00edquido y un sistema de doble bobina de malla. La pantalla t\u00e1ctil de 1,77\u2033 muestra la bater\u00eda, las caladas y la potencia (24-80 W). Con modo de juego, bater\u00eda de 700 mAh, carga r\u00e1pida tipo C y 26 sabores. Innovador y potente.<\/p>","protected":false},"featured_media":2506,"comment_status":"open","ping_status":"closed","template":"","meta":[],"product_brand":[],"product_cat":[74],"product_tag":[],"class_list":{"0":"post-2424","1":"product","2":"type-product","3":"status-publish","4":"has-post-thumbnail","6":"product_cat-fumot-vape","8":"first","9":"instock","10":"shipping-taxable","11":"purchasable","12":"product-type-variable"},"_links":{"self":[{"href":"https:\/\/apexvape.de\/es\/wp-json\/wp\/v2\/product\/2424","targetHints":{"allow":["GET"]}}],"collection":[{"href":"https:\/\/apexvape.de\/es\/wp-json\/wp\/v2\/product"}],"about":[{"href":"https:\/\/apexvape.de\/es\/wp-json\/wp\/v2\/types\/product"}],"replies":[{"embeddable":true,"href":"https:\/\/apexvape.de\/es\/wp-json\/wp\/v2\/comments?post=2424"}],"version-history":[{"count":0,"href":"https:\/\/apexvape.de\/es\/wp-json\/wp\/v2\/product\/2424\/revisions"}],"wp:featuredmedia":[{"embeddable":true,"href":"https:\/\/apexvape.de\/es\/wp-json\/wp\/v2\/media\/2506"}],"wp:attachment":[{"href":"https:\/\/apexvape.de\/es\/wp-json\/wp\/v2\/media?parent=2424"}],"wp:term":[{"taxonomy":"product_brand","embeddable":true,"href":"https:\/\/apexvape.de\/es\/wp-json\/wp\/v2\/product_brand?post=2424"},{"taxonomy":"product_cat","embeddable":true,"href":"https:\/\/apexvape.de\/es\/wp-json\/wp\/v2\/product_cat?post=2424"},{"taxonomy":"product_tag","embeddable":true,"href":"https:\/\/apexvape.de\/es\/wp-json\/wp\/v2\/product_tag?post=2424"}],"curies":[{"name":"wp","href":"https:\/\/api.w.org\/{rel}","templated":true}]}}