{"id":2235,"date":"2025-11-22T14:32:22","date_gmt":"2025-11-22T13:32:22","guid":{"rendered":"https:\/\/apexvape.de\/?post_type=product&#038;p=2235"},"modified":"2025-11-22T14:38:09","modified_gmt":"2025-11-22T13:38:09","slug":"fumot-tornado-20000","status":"publish","type":"product","link":"https:\/\/apexvape.de\/es\/product\/fumot-tornado-20000\/","title":{"rendered":"Fumot Tornado 20000 caladas Vape desechable"},"content":{"rendered":"<h2>Fumot Tornado 20000 | Cigarrillo electr\u00f3nico de doble malla con 20 000 caladas para compra al por mayor<\/h2>\n<p>La <strong>Cigarrillo electr\u00f3nico desechable Fumot Tornado 20000<\/strong> Es un dispositivo de vapeo con doble bobina de malla y pantalla LED inteligente. Gracias a las dos bobinas de malla, cada calada tiene un sabor m\u00e1s intenso y con m\u00e1s cuerpo. La pantalla LED inteligente proporciona informaci\u00f3n en tiempo real y muestra de un vistazo detalles importantes como el nivel de bater\u00eda y el nivel de e-l\u00edquido. El dispositivo viene con 20 ml de e-l\u00edquido y permite hasta 20 000 caladas. Disponible en concentraciones de nicotina de 0 %, 2 %, 3 % y 5 %, as\u00ed como en 59 sabores diferentes para elegir. Equipado con una bater\u00eda recargable de 850 mAh, esta potente bater\u00eda garantiza una larga duraci\u00f3n y se puede recargar c\u00f3modamente a trav\u00e9s del conector tipo C. \u00a1Se acabaron los vapeadores desechables cuya bater\u00eda se agota demasiado r\u00e1pido!<\/p>\n<h3>Fumot Tornado 20000 caladas: caracter\u00edsticas destacadas:<\/h3>\n<p>El Fumot Tornado 20000 destaca por su innovadora tecnolog\u00eda de bobina de doble malla, que permite cambiar entre el modo de potencia simple y el modo de potencia doble. El modo simple proporciona un vapor suave y uniforme para una experiencia de vapeo relajada, mientras que el modo doble produce nubes de vapor m\u00e1s intensas y un sabor m\u00e1s fuerte. Esta flexibilidad le permite adaptar el vapeo a su estado de \u00e1nimo y preferencias en cualquier momento.<\/p>\n<p>Con una impresionante capacidad de hasta 20 000 caladas, el Fumot Tornado 20000 es uno de los cigarrillos electr\u00f3nicos desechables m\u00e1s duraderos del mercado. Este extraordinario n\u00famero de caladas garantiza un disfrute prolongado sin necesidad de reemplazos frecuentes, lo que lo hace ideal tanto para vapeadores ocasionales como para usuarios habituales. El dispositivo cuenta con una pantalla LED inteligente que muestra informaci\u00f3n en tiempo real sobre el nivel de bater\u00eda y la cantidad de l\u00edquido restante, para que siempre sepa cu\u00e1ndo es necesario recargar o cu\u00e1ndo se est\u00e1 agotando el e-l\u00edquido.<\/p>\n<p>El dispositivo funciona con una bater\u00eda recargable de 850 mAh que se puede recargar varias veces, lo que le permite aprovechar todo el potencial de su e-l\u00edquido sin quedarse sin energ\u00eda. Esta mayor capacidad de la bater\u00eda, combinada con la tecnolog\u00eda Dual Mesh y los modos de potencia ajustables, garantiza una experiencia de vapeo flexible y duradera que se adapta a sus h\u00e1bitos de uso a lo largo del d\u00eda.<\/p>\n<p>El Fumot Tornado 20000 ofrece una amplia gama de sabores para todos los gustos, ya sean afrutados, dulces o refrescantes. Cada sabor ofrece una alta calidad desde la primera hasta la \u00faltima calada, lo que garantiza una experiencia satisfactoria durante la impresionante vida \u00fatil del dispositivo.<\/p>\n<h3>Datos t\u00e9cnicos:<\/h3>\n<ul>\n<li><strong>N\u00famero de trenes:<\/strong> Hasta 20 000<\/li>\n<li><strong>Contenido de nicotina:<\/strong> 0 % \/ 2 % \/ 3 % \/ 5 %<\/li>\n<li><strong>Bater\u00eda:<\/strong> 850 mAh (recargable)<\/li>\n<li><strong>Capacidad del e-l\u00edquido:<\/strong> 20 ml<\/li>\n<li><strong>Peso:<\/strong> 120 g<\/li>\n<li><strong>Resistencia de la bobina:<\/strong> 0,9 \u03a9<\/li>\n<li><strong>Pantalla:<\/strong> Indicador del nivel de e-l\u00edquido y bater\u00eda<\/li>\n<\/ul>\n<h3>Sabores:<\/h3>\n<ol>\n<li>Caramelos duros de ar\u00e1ndanos y frambuesas<\/li>\n<li>Azul Razz<\/li>\n<li>Fresa y kiwi<\/li>\n<li>Melocot\u00f3n Pi\u00f1a Naranja<\/li>\n<li>Skittles<\/li>\n<li>Melocot\u00f3n, mango y sand\u00eda<\/li>\n<li>Helado de fresa<\/li>\n<li>Hielo de pera<\/li>\n<li>Algod\u00f3n de az\u00facar<\/li>\n<li>Gominolas<\/li>\n<li>Limonada de pepino<\/li>\n<li>Pi\u00f1a colada<\/li>\n<li>Huckleberry<\/li>\n<li>Hielo de sand\u00eda<\/li>\n<li>Fresa y sand\u00eda<\/li>\n<li>Mezcla de bayas<\/li>\n<li>Lichi Mel\u00f3n Hami<\/li>\n<li>Cherry Lime<\/li>\n<li>Pi\u00f1a Lim\u00f3n Manzana verde<\/li>\n<li>Pastel de pl\u00e1tano<\/li>\n<li>Sr. Blue<\/li>\n<li>Cereza<\/li>\n<li>Ar\u00e1ndano y frambuesa<\/li>\n<li>Cola de cereza<\/li>\n<li>Kiwi, maracuy\u00e1 y guayaba<\/li>\n<li>Helado de fresa<\/li>\n<li>Helado de fresa, frambuesa y cereza<\/li>\n<li>Cherry Berry<\/li>\n<li>Ar\u00e1ndano agrio Frambuesa<\/li>\n<li>Fresa melocot\u00f3n<\/li>\n<li>Osito de goma azul Razz<\/li>\n<li>Menta fresca<\/li>\n<li>Ar\u00e1ndanos sobre hielo<\/li>\n<li>Hielo de cactus<\/li>\n<li>Uva roja y lima<\/li>\n<li>Cola Lim\u00f3n<\/li>\n<li>Manzana y grosella negra<\/li>\n<li>Cactus Kiwi<\/li>\n<li>Cola Ice<\/li>\n<li>Pomelo Apeg<\/li>\n<li>Cactus de ar\u00e1ndanos helado<\/li>\n<li>Mango y uva helada<\/li>\n<li>Kiwi uva<\/li>\n<\/ol>\n<h3>Preguntas frecuentes (FAQ):<\/h3>\n<p><strong>P1: \u00bfCu\u00e1nto dura el cigarrillo electr\u00f3nico Fumot Tornado 20000 caladas?<\/strong> A1: Proporciona hasta 20 000 caladas, lo que permite una larga vida \u00fatil dependiendo de los h\u00e1bitos individuales de vapeo.<\/p>\n<p><strong>P2: \u00bfEl Fumot Tornado 20k es recargable?<\/strong> R2: S\u00ed, cuenta con una bater\u00eda integrada de 850 mAh que se puede cargar con un cable tipo C.<\/p>\n<p><strong>P3: \u00bfQu\u00e9 concentraciones de nicotina hay disponibles?<\/strong> A3: Este dispositivo est\u00e1 disponible en cuatro variantes: 0 %, 2 %, 3 % y 5 % de nicotina, para satisfacer diferentes preferencias.<\/p>\n<p><strong>P4: \u00bfC\u00f3mo s\u00e9 cu\u00e1ndo tengo que recargar o cambiar el cigarrillo electr\u00f3nico?<\/strong> A4: El cigarrillo electr\u00f3nico dispone de una pantalla digital que muestra claramente el nivel de e-l\u00edquido y de bater\u00eda.<\/p>\n<h3 class=\"font-claude-response-heading text-text-100 mt-1 -mb-0.5\">M\u00e1s informaci\u00f3n y productos<\/h3>\n<p class=\"font-claude-response-body whitespace-normal break-words\">Descubra el Fumot Tornado 20000 y otros cigarrillos electr\u00f3nicos de alta calidad en nuestra amplia gama. En <strong><a class=\"underline\" href=\"https:\/\/apexvape.de\/es\/\">Apex Vape<\/a><\/strong> Encontrar\u00e1 una amplia selecci\u00f3n de cigarrillos electr\u00f3nicos desechables, l\u00edquidos premium y accesorios para vapeo a precios atractivos. Visite nuestra <strong><a class=\"underline\" href=\"https:\/\/apexvape.de\/es\/product-category\/fumot-vape\/\">Categor\u00eda FUMOT VAPE<\/a><\/strong>, para descubrir toda la gama de productos de la marca Fumot y encontrar el dispositivo perfecto para sus necesidades. Aproveche el env\u00edo r\u00e1pido, el pago seguro y un servicio de atenci\u00f3n al cliente de primera clase.<\/p>","protected":false},"excerpt":{"rendered":"<p class=\"font-claude-response-body whitespace-normal break-words\">El Fumot Tornado 20000 convence con su tecnolog\u00eda de doble bobina de malla y hasta 20 000 caladas con 20 ml de e-l\u00edquido. Cambie entre el modo de potencia simple y doble para disfrutar de una experiencia personalizada. La pantalla LED muestra el nivel de bater\u00eda y de l\u00edquido, y la bater\u00eda de 850 mAh se carga mediante un conector tipo C. 59 sabores disponibles.<\/p>","protected":false},"featured_media":2236,"comment_status":"open","ping_status":"closed","template":"","meta":[],"product_brand":[],"product_cat":[74],"product_tag":[],"class_list":{"0":"post-2235","1":"product","2":"type-product","3":"status-publish","4":"has-post-thumbnail","6":"product_cat-fumot-vape","8":"first","9":"instock","10":"shipping-taxable","11":"purchasable","12":"product-type-variable"},"_links":{"self":[{"href":"https:\/\/apexvape.de\/es\/wp-json\/wp\/v2\/product\/2235","targetHints":{"allow":["GET"]}}],"collection":[{"href":"https:\/\/apexvape.de\/es\/wp-json\/wp\/v2\/product"}],"about":[{"href":"https:\/\/apexvape.de\/es\/wp-json\/wp\/v2\/types\/product"}],"replies":[{"embeddable":true,"href":"https:\/\/apexvape.de\/es\/wp-json\/wp\/v2\/comments?post=2235"}],"version-history":[{"count":0,"href":"https:\/\/apexvape.de\/es\/wp-json\/wp\/v2\/product\/2235\/revisions"}],"wp:featuredmedia":[{"embeddable":true,"href":"https:\/\/apexvape.de\/es\/wp-json\/wp\/v2\/media\/2236"}],"wp:attachment":[{"href":"https:\/\/apexvape.de\/es\/wp-json\/wp\/v2\/media?parent=2235"}],"wp:term":[{"taxonomy":"product_brand","embeddable":true,"href":"https:\/\/apexvape.de\/es\/wp-json\/wp\/v2\/product_brand?post=2235"},{"taxonomy":"product_cat","embeddable":true,"href":"https:\/\/apexvape.de\/es\/wp-json\/wp\/v2\/product_cat?post=2235"},{"taxonomy":"product_tag","embeddable":true,"href":"https:\/\/apexvape.de\/es\/wp-json\/wp\/v2\/product_tag?post=2235"}],"curies":[{"name":"wp","href":"https:\/\/api.w.org\/{rel}","templated":true}]}}