{"id":1975,"date":"2025-11-22T14:11:46","date_gmt":"2025-11-22T13:11:46","guid":{"rendered":"https:\/\/apexvape.de\/?post_type=product&#038;p=1975"},"modified":"2025-11-22T14:22:28","modified_gmt":"2025-11-22T13:22:28","slug":"fumot-tornado-15000","status":"publish","type":"product","link":"https:\/\/apexvape.de\/es\/product\/fumot-tornado-15000\/","title":{"rendered":"Fumot Tornado 15000 caladas Vape desechable"},"content":{"rendered":"<h2>Fumot Tornado 15 000 caladas | 0%-5% nicotina, 25 ml, cigarrillo electr\u00f3nico desechable al por mayor<\/h2>\n<p>El Fumot Tornado 15000 ofrece hasta 15 000 caladas con una capacidad de e-l\u00edquido precargado de 25 ml y concentraciones de nicotina de 0%\/2%\/3%\/5%. Alimentado por una bater\u00eda recargable de 850 mAh, el dispositivo cuenta con una bobina de malla para un calentamiento uniforme y una pantalla para controlar el nivel de bater\u00eda y l\u00edquido. Disponible en diferentes sabores, como melocot\u00f3n helado, limonada azul razz y kiwi, maracuy\u00e1 y guayaba.<\/p>\n<h3>Fumot Tornado 15000 caladas Caracter\u00edsticas destacadas<\/h3>\n<p>El Fumot Tornado 15000 es conocido por su impresionante capacidad de 15 000 caladas y su excelente rendimiento. Este cigarrillo electr\u00f3nico recargable y precargado cuenta con una pr\u00e1ctica pantalla que muestra tanto el nivel de bater\u00eda como el nivel de l\u00edquido, para que siempre sepa cu\u00e1ndo es el momento de recargarlo. El dispositivo utiliza tecnolog\u00eda avanzada para ofrecer excelentes sabores y una satisfactoria producci\u00f3n de vapor en cada calada.<\/p>\n<p>El Fumot Tornado 15000 es muy f\u00e1cil de usar gracias a su dise\u00f1o activado por inhalaci\u00f3n. No hay ajustes ni botones complicados, solo hay que inhalar y disfrutar. Este enfoque sencillo hace que el dispositivo sea perfecto tanto para los nuevos vapeadores como para los usuarios experimentados que desean una experiencia de vapeo sin complicaciones.<\/p>\n<p>El dispositivo funciona con una potente bater\u00eda recargable de 850 mAh que se puede cargar f\u00e1cilmente mediante un cable USB tipo C. Cuando la bater\u00eda se est\u00e9 agotando, solo tienes que conectarla para recargarla y continuar con tus sesiones de vapeo. La combinaci\u00f3n de una bater\u00eda recargable y una capacidad de 15 000 caladas le permite vapear durante largos periodos de tiempo sin interrupciones.<\/p>\n<p>Su dise\u00f1o compacto y f\u00e1cil de llevar en el bolsillo hace que el Fumot Tornado 15000 sea f\u00e1cil de transportar. Ya sea en el trabajo, con amigos o de viaje, puede meter este dispositivo en su bolso y vapear c\u00f3modamente durante todo el d\u00eda.<\/p>\n<h3>Datos t\u00e9cnicos<\/h3>\n<ul>\n<li><strong>Trenes:<\/strong> 15 000 trenes<\/li>\n<li><strong>Capacidad de l\u00edquido:<\/strong> Cartucho precargado de 25 ml<\/li>\n<li><strong>Tipo:<\/strong> Cigarrillo electr\u00f3nico desechable<\/li>\n<li><strong>Resistencia:<\/strong> 0,9 ohmios<\/li>\n<li><strong>Bater\u00eda:<\/strong> Bater\u00eda integrada de 850 mAh<\/li>\n<li><strong>Bobina:<\/strong> Bobina de malla<\/li>\n<li><strong>Recarga:<\/strong> Cable USB tipo C<\/li>\n<li><strong>Pantalla:<\/strong> pantalla LCD<\/li>\n<\/ul>\n<h3>sabores<\/h3>\n<ol>\n<li>Limonada azul Razz<\/li>\n<li>Hielo de melocot\u00f3n<\/li>\n<li>Manzana \u00e1cida<\/li>\n<li>Hielo de sand\u00eda<\/li>\n<li>Ar\u00e1ndanos sobre hielo<\/li>\n<li>Ar\u00e1ndano y frambuesa<\/li>\n<li>Pi\u00f1a helada<\/li>\n<li>Cereza<\/li>\n<li>Helado de fresa<\/li>\n<li>Vimto<\/li>\n<li>Hielo de uva<\/li>\n<li>Cola Ice<\/li>\n<li>Fresa y sand\u00eda<\/li>\n<li>Limonada rosa<\/li>\n<li>Mezcla de bayas<\/li>\n<li>Mango melocot\u00f3n<\/li>\n<li>Fruta del drag\u00f3n<\/li>\n<li>Uva fresa<\/li>\n<li>Sr. Blue<\/li>\n<li>Hielo exuberante<\/li>\n<li>Polo de hielo<\/li>\n<li>Fresa y kiwi<\/li>\n<li>Kiwi, maracuy\u00e1 y guayaba<\/li>\n<li>Triple Berry<\/li>\n<li>Helado de pl\u00e1tano<\/li>\n<li>Caramelo de melocot\u00f3n y ar\u00e1ndanos<\/li>\n<li>Manzana, melocot\u00f3n y pera<\/li>\n<li>Limonada de bayas<\/li>\n<li>Cereza azul Razz<\/li>\n<li>Ar\u00e1ndano Bubblegum<\/li>\n<li>Ar\u00e1ndano, cereza y ar\u00e1ndano rojo<\/li>\n<li>Ar\u00e1ndano y granada<\/li>\n<li>Bluesour Frambuesa<\/li>\n<li>Cola de cereza<\/li>\n<li>Osito de goma<\/li>\n<li>Lim\u00f3n y lima<\/li>\n<li>Mango con hielo<\/li>\n<li>Red Energy Ice<\/li>\n<li>Pl\u00e1tano y fresa<\/li>\n<li>Red Bull de fresa<\/li>\n<li>Limonada de fresa y sand\u00eda<\/li>\n<li>T\u00e9 helado con lim\u00f3n<\/li>\n<li>T\u00e9 helado de melocot\u00f3n<\/li>\n<li>Cereza efervescente<\/li>\n<li>Skittles<\/li>\n<li>Menta fresca<\/li>\n<li>Pi\u00f1a colada<\/li>\n<li>Huckleberry<\/li>\n<li>Hielo de ar\u00e1ndanos y melocot\u00f3n<\/li>\n<li>Uva lim\u00f3n<\/li>\n<li>Fanta<\/li>\n<li>Mojito fresco de mentol<\/li>\n<li>Aloe Lim\u00f3n Bayas<\/li>\n<li>Manzana verde, c\u00edtricos y mentol<\/li>\n<li>Mel\u00f3n verde uva<\/li>\n<li>Cactus Kiwi<\/li>\n<li>Cola Lim\u00f3n<\/li>\n<li>Hielo de cactus<\/li>\n<li>Osito de goma azul Razz<\/li>\n<\/ol>\n<h3>Preguntas frecuentes (FAQ)<\/h3>\n<p><strong>P: \u00bfC\u00f3mo se utiliza el Fumot 15000?<\/strong><\/p>\n<p>R: Cuando reciba el paquete de Fumot, encontrar\u00e1 el dispositivo TORNADO 15000 en una bolsa de pl\u00e1stico sellada con un sencillo cierre de f\u00e1cil apertura. Solo tiene que sacar el vaporizador Fumot 15000 del paquete y dar la primera calada: no hay botones ni men\u00fas, lo que facilita su configuraci\u00f3n.<\/p>\n<p><strong>P: \u00bfCu\u00e1l es el cigarrillo electr\u00f3nico m\u00e1s potente?<\/strong><\/p>\n<p>R: La intensidad de la sensaci\u00f3n de tracci\u00f3n de un cigarrillo electr\u00f3nico puede variar en funci\u00f3n de factores como la concentraci\u00f3n de nicotina, el dise\u00f1o de la bobina y el flujo de aire. Algunos cigarrillos electr\u00f3nicos est\u00e1n dise\u00f1ados para proporcionar una sensaci\u00f3n en la garganta m\u00e1s intensa que otros. Por lo tanto, se recomienda consultar las especificaciones del producto o las opiniones de los usuarios para obtener recomendaciones espec\u00edficas.<\/p>\n<p><strong>P: \u00bfLas cigarrillos electr\u00f3nicos precargados realmente duran 15 000 caladas?<\/strong><\/p>\n<p>R: Los cigarrillos electr\u00f3nicos precargados suelen tener un n\u00famero predeterminado de caladas, pero el n\u00famero real puede variar en funci\u00f3n de los h\u00e1bitos de uso individuales, la duraci\u00f3n de la inhalaci\u00f3n y otros factores. Aunque algunos cigarrillos electr\u00f3nicos anuncian unas 15 000 caladas, el uso real puede variar.<\/p>\n<h3>Descubra m\u00e1s cigarrillos electr\u00f3nicos premium en ApexVape.<\/h3>\n<p>El Fumot Tornado 15000 es solo uno de los muchos productos de alta calidad de nuestra gama. En <strong><a href=\"https:\/\/apexvape.de\/es\/\">Apex Vape<\/a><\/strong> Encontrar\u00e1 una amplia selecci\u00f3n de cigarrillos electr\u00f3nicos y accesorios para vapeo de primera calidad para todas las necesidades. Si est\u00e1 especialmente interesado en otros productos innovadores de Fumot, visite nuestra <strong><a href=\"https:\/\/apexvape.de\/es\/product-category\/fumot-vape\/\">Categor\u00eda FUMOT VAPE<\/a><\/strong>, donde podr\u00e1 descubrir la gama completa de productos de esta popular marca. Aproveche nuestros competitivos precios al por mayor, env\u00edos r\u00e1pidos y un excelente servicio de atenci\u00f3n al cliente. Haga su pedido hoy mismo y compruebe la calidad que caracteriza a Apex Vape.<\/p>","protected":false},"excerpt":{"rendered":"<p>El Fumot Tornado 15000 proporciona hasta 15 000 caladas gracias a su dep\u00f3sito de e-l\u00edquido de 25 ml. Con pantalla LCD para indicar el nivel de bater\u00eda y l\u00edquido, bater\u00eda recargable de 850 mAh y carga tipo C. La bobina de malla de 0,9 \u03a9 garantiza un sabor intenso. Activado por inhalaci\u00f3n, compacto y disponible en muchas variedades. Ideal para llevar.<\/p>","protected":false},"featured_media":1976,"comment_status":"open","ping_status":"closed","template":"","meta":[],"product_brand":[],"product_cat":[74],"product_tag":[],"class_list":{"0":"post-1975","1":"product","2":"type-product","3":"status-publish","4":"has-post-thumbnail","6":"product_cat-fumot-vape","8":"first","9":"instock","10":"shipping-taxable","11":"purchasable","12":"product-type-variable"},"_links":{"self":[{"href":"https:\/\/apexvape.de\/es\/wp-json\/wp\/v2\/product\/1975","targetHints":{"allow":["GET"]}}],"collection":[{"href":"https:\/\/apexvape.de\/es\/wp-json\/wp\/v2\/product"}],"about":[{"href":"https:\/\/apexvape.de\/es\/wp-json\/wp\/v2\/types\/product"}],"replies":[{"embeddable":true,"href":"https:\/\/apexvape.de\/es\/wp-json\/wp\/v2\/comments?post=1975"}],"version-history":[{"count":0,"href":"https:\/\/apexvape.de\/es\/wp-json\/wp\/v2\/product\/1975\/revisions"}],"wp:featuredmedia":[{"embeddable":true,"href":"https:\/\/apexvape.de\/es\/wp-json\/wp\/v2\/media\/1976"}],"wp:attachment":[{"href":"https:\/\/apexvape.de\/es\/wp-json\/wp\/v2\/media?parent=1975"}],"wp:term":[{"taxonomy":"product_brand","embeddable":true,"href":"https:\/\/apexvape.de\/es\/wp-json\/wp\/v2\/product_brand?post=1975"},{"taxonomy":"product_cat","embeddable":true,"href":"https:\/\/apexvape.de\/es\/wp-json\/wp\/v2\/product_cat?post=1975"},{"taxonomy":"product_tag","embeddable":true,"href":"https:\/\/apexvape.de\/es\/wp-json\/wp\/v2\/product_tag?post=1975"}],"curies":[{"name":"wp","href":"https:\/\/api.w.org\/{rel}","templated":true}]}}