{"id":1752,"date":"2025-11-22T13:57:43","date_gmt":"2025-11-22T12:57:43","guid":{"rendered":"https:\/\/apexvape.de\/?post_type=product&#038;p=1752"},"modified":"2025-11-22T14:02:19","modified_gmt":"2025-11-22T13:02:19","slug":"fumot-digital-box-12000","status":"publish","type":"product","link":"https:\/\/apexvape.de\/es\/product\/fumot-digital-box-12000\/","title":{"rendered":"Fumot Digital Box 12000 caladas Vape desechable"},"content":{"rendered":"<h2>Fumot Digital Box 12 000 caladas | 20 ml de e-l\u00edquido, bater\u00eda de 550 mAh, pantalla LCD, vape desechable<\/h2>\n<p>La Fumot Digital Box 12000 es un cigarrillo electr\u00f3nico desechable de alta calidad con la impresionante capacidad de 12 000 caladas en un dep\u00f3sito de 20 ml. Cuenta con una pantalla LED que muestra el nivel de bater\u00eda y el nivel de e-l\u00edquido, una bater\u00eda recargable de 550-850 mAh con funci\u00f3n de carga r\u00e1pida tipo C (30-45 minutos) y una bobina de malla de 0,8 \u03a9 para un sabor intenso. Disponible en nicotina 0-5% y m\u00e1s de 15 sabores, ofrece flujo de aire MTL, circuitos de seguridad y una carcasa de aluminio duradera con un peso de solo 67 g. Los indicadores de color y las funciones de protecci\u00f3n integradas garantizan un vapeo fiable y c\u00f3modo durante todo el d\u00eda.<\/p>\n<h3>Fumot Digital Box 12000 caladas \u2013 Caracter\u00edsticas especiales:<\/h3>\n<p>La Fumot Digital Box 12000 destaca por su extraordinaria capacidad de e-l\u00edquido de 20 mililitros, lo que permite largas sesiones de vapeo sin tener que rellenarla constantemente. Esta generosa capacidad va de la mano con las impresionantes 12 000 caladas por dispositivo y ofrece una experiencia de vapeo duradera que satisfar\u00e1 tanto a los usuarios ocasionales como a los vapeadores apasionados.<\/p>\n<p>Una de las caracter\u00edsticas m\u00e1s innovadoras es la pantalla integrada para la bater\u00eda y el e-l\u00edquido, que le mantiene siempre informado y en control de su experiencia de vapeo. Este sistema de monitorizaci\u00f3n dual le permite realizar un seguimiento en tiempo real tanto del rendimiento de la bater\u00eda como del nivel restante de e-l\u00edquido, para que nunca se lleve sorpresas durante sus sesiones.<\/p>\n<p>El dispositivo funciona con una bater\u00eda integrada de 550 mAh que proporciona una fuente de energ\u00eda fiable y constante durante todo el proceso de vaporizaci\u00f3n. Aunque la Fumot Digital Box 12000 ya tiene una duraci\u00f3n impresionante, la bater\u00eda se puede recargar cuando sea necesario, lo que prolonga a\u00fan m\u00e1s la vida \u00fatil del dispositivo.<\/p>\n<p>Esta funci\u00f3n de recarga no solo le permite disfrutar de su cigarrillo electr\u00f3nico durante m\u00e1s tiempo, sino que tambi\u00e9n es una opci\u00f3n m\u00e1s respetuosa con el medio ambiente, ya que permite reutilizar el dispositivo y reduce los residuos. La combinaci\u00f3n de alta capacidad, mayor n\u00famero de caladas y recargabilidad hace que el Fumot Digital Box 12000 sea una opci\u00f3n pr\u00e1ctica y sostenible para los vapeadores que buscan un rendimiento duradero.<\/p>\n<h3>Datos t\u00e9cnicos:<\/h3>\n<ul>\n<li><strong>Sal de nicotina:<\/strong> 0% \/ 2% \/ 3% \/ 5%<\/li>\n<li><strong>E-l\u00edquido:<\/strong> 20 ml<\/li>\n<li><strong>Trenes:<\/strong> hasta 12 000<\/li>\n<li><strong>Pantalla:<\/strong> Indicador de bater\u00eda y e-l\u00edquido<\/li>\n<li><strong>Bater\u00eda:<\/strong> Recargable, 550 mAh<\/li>\n<li><strong>Sabores:<\/strong> 53 variantes<\/li>\n<li><strong>Embalaje:<\/strong> 10 unidades por caja expositora<\/li>\n<\/ul>\n<h3>Lista de sabores:<\/h3>\n<ol>\n<li>Menta fresca<\/li>\n<li>Hielo de sand\u00eda<\/li>\n<li>Hielo de uva<\/li>\n<li>Ar\u00e1ndano y frambuesa<\/li>\n<li>Fresa y sand\u00eda<\/li>\n<li>Pl\u00e1tano y fresa<\/li>\n<li>Hielo exuberante<\/li>\n<li>Cereza<\/li>\n<li>Helado de fresa<\/li>\n<li>Polo de hielo<\/li>\n<li>Limonada rosa<\/li>\n<li>Mango con hielo<\/li>\n<li>Bayas mixtas<\/li>\n<li>Donut de fresa<\/li>\n<li>Uva fresa<\/li>\n<li>Cola de cereza<\/li>\n<li>Dr. Blue<\/li>\n<li>Ar\u00e1ndanos sobre hielo<\/li>\n<li>Kiwi, maracuy\u00e1 y guayaba<\/li>\n<li>Fresa y kiwi<\/li>\n<li>Mango melocot\u00f3n<\/li>\n<li>Hielo de melocot\u00f3n<\/li>\n<li>Manzana roja helada<\/li>\n<li>Ar\u00e1ndano Bubblegum<\/li>\n<li>Limonada de bayas<\/li>\n<li>Limonada azul Razz<\/li>\n<li>Bluesour Frambuesa<\/li>\n<li>Red Bull de fresa<\/li>\n<li>Explosi\u00f3n de bayas y manzana<\/li>\n<li>Chicle de sand\u00eda<\/li>\n<li>Frambuesa y sand\u00eda<\/li>\n<li>Hielo negro<\/li>\n<li>Ar\u00e1ndano, cereza y ar\u00e1ndano rojo<\/li>\n<li>Strawberry Pomp (granada)<\/li>\n<li>Vimto<\/li>\n<li>Cherry Berry<\/li>\n<li>Lim\u00f3n y lima<\/li>\n<li>Bingo Crush<\/li>\n<li>Ar\u00e1ndano y kiwi<\/li>\n<li>Helado de pl\u00e1tano<\/li>\n<li>Hielo de pitaya<\/li>\n<li>Fusi\u00f3n afrutada<\/li>\n<li>Menta y uva<\/li>\n<li>Amor 66<\/li>\n<li>Pi\u00f1a helada<\/li>\n<li>Red Energy Ice<\/li>\n<li>Dos manzanas<\/li>\n<li>Cola Ice<\/li>\n<li>T\u00e9 helado con lim\u00f3n<\/li>\n<li>T\u00e9 helado de melocot\u00f3n<\/li>\n<li>Osito de goma azul Razz<\/li>\n<\/ol>\n<h3>Preguntas frecuentes:<\/h3>\n<p><strong>F1: \u00bfCu\u00e1ntos movimientos ofrece la Fumot Digital Box 12K?<\/strong> Ofrece hasta 12 000 movimientos por dispositivo.<\/p>\n<p><strong>P2: \u00bfQu\u00e9 hace que la versi\u00f3n Digital Box sea especial?<\/strong> Cuenta con una pantalla digital que muestra tanto la potencia de la bater\u00eda como el nivel de e-l\u00edquido.<\/p>\n<p><strong>P3: \u00bfEl dispositivo es recargable?<\/strong> S\u00ed, dispone de una bater\u00eda recargable y funci\u00f3n de carga tipo C.<\/p>\n<h3>M\u00e1s informaci\u00f3n y productos<\/h3>\n<p>Descubra la selecci\u00f3n completa de cigarrillos electr\u00f3nicos y productos para vapear de alta calidad en nuestra <strong><a href=\"https:\/\/apexvape.de\/es\/\">p\u00e1gina web<\/a><\/strong>. La Fumot Digital Box 12000 forma parte de nuestra amplia gama de productos. <strong>FUMOT VAPE<\/strong> Colecci\u00f3n en la que encontrar\u00e1 otros innovadores dispositivos de vapor y cigarrillos electr\u00f3nicos desechables de Fumot. Visite nuestra <strong><a href=\"https:\/\/apexvape.de\/es\/product-category\/fumot-vape\/\">Categor\u00eda FUMOT VAPE<\/a><\/strong>, para comparar todos los modelos, sabores y concentraciones de nicotina disponibles y encontrar el producto perfecto para tus necesidades.<\/p>","protected":false},"excerpt":{"rendered":"<p class=\"font-claude-response-body whitespace-normal break-words\">La Fumot Digital Box 12000 ofrece hasta 12 000 caladas con una capacidad de 20 ml de e-l\u00edquido. La pantalla LCD muestra el nivel de bater\u00eda y el nivel de llenado, mientras que la bater\u00eda recargable de 550 mAh permite una carga r\u00e1pida de tipo C. La bobina de malla de 0,8 \u03a9 proporciona un sabor intenso en m\u00e1s de 15 variedades. Compacta y fiable.<\/p>","protected":false},"featured_media":1753,"comment_status":"open","ping_status":"closed","template":"","meta":[],"product_brand":[],"product_cat":[74],"product_tag":[],"class_list":{"0":"post-1752","1":"product","2":"type-product","3":"status-publish","4":"has-post-thumbnail","6":"product_cat-fumot-vape","8":"first","9":"instock","10":"shipping-taxable","11":"purchasable","12":"product-type-variable"},"_links":{"self":[{"href":"https:\/\/apexvape.de\/es\/wp-json\/wp\/v2\/product\/1752","targetHints":{"allow":["GET"]}}],"collection":[{"href":"https:\/\/apexvape.de\/es\/wp-json\/wp\/v2\/product"}],"about":[{"href":"https:\/\/apexvape.de\/es\/wp-json\/wp\/v2\/types\/product"}],"replies":[{"embeddable":true,"href":"https:\/\/apexvape.de\/es\/wp-json\/wp\/v2\/comments?post=1752"}],"version-history":[{"count":0,"href":"https:\/\/apexvape.de\/es\/wp-json\/wp\/v2\/product\/1752\/revisions"}],"wp:featuredmedia":[{"embeddable":true,"href":"https:\/\/apexvape.de\/es\/wp-json\/wp\/v2\/media\/1753"}],"wp:attachment":[{"href":"https:\/\/apexvape.de\/es\/wp-json\/wp\/v2\/media?parent=1752"}],"wp:term":[{"taxonomy":"product_brand","embeddable":true,"href":"https:\/\/apexvape.de\/es\/wp-json\/wp\/v2\/product_brand?post=1752"},{"taxonomy":"product_cat","embeddable":true,"href":"https:\/\/apexvape.de\/es\/wp-json\/wp\/v2\/product_cat?post=1752"},{"taxonomy":"product_tag","embeddable":true,"href":"https:\/\/apexvape.de\/es\/wp-json\/wp\/v2\/product_tag?post=1752"}],"curies":[{"name":"wp","href":"https:\/\/api.w.org\/{rel}","templated":true}]}}