{"id":1579,"date":"2025-11-19T15:05:39","date_gmt":"2025-11-19T14:05:39","guid":{"rendered":"https:\/\/apexvape.de\/?post_type=product&#038;p=1579"},"modified":"2025-11-21T16:39:58","modified_gmt":"2025-11-21T15:39:58","slug":"vozol-gear-shisha-25000","status":"publish","type":"product","link":"https:\/\/apexvape.de\/es\/product\/vozol-gear-shisha-25000\/","title":{"rendered":"Vozol Gear Shisha 25000 Vape desechable"},"content":{"rendered":"<h2>Vozol Gear Shisha 25000 | Cigarrillo electr\u00f3nico de modo dual 25k con 25 000 caladas, pantalla inteligente y venta al por mayor<\/h2>\n<p>La <strong>Vozol Gear Shisha 25000<\/strong> Ha sido dise\u00f1ado para ofrecerte una aut\u00e9ntica experiencia de shisha con efectos de burbujeo simulados. Con hasta <strong>25 000 trenes en modo ecol\u00f3gico<\/strong> permite sesiones de vapeo prolongadas sin interrupciones. Por su parte, el modo Power ofrece una experiencia de vapeo m\u00e1s intensa gracias a las bobinas de malla duales. El dise\u00f1o Airway, basado en la din\u00e1mica de fluidos, satisface las necesidades de la mayor\u00eda de los vapeadores DTL y garantiza una calada inmediata y suave. Con una bater\u00eda de 1000 mAh, un generoso dep\u00f3sito de l\u00edquido de 24 ml y una mega pantalla de 2,1 pulgadas, el Vozol Gear Shisha 25000 ofrece el equilibrio perfecto entre durabilidad, funcionalidad y comodidad.<\/p>\n<h3>Vozol Gear Shisha 25 000 caladas: caracter\u00edsticas destacadas:<\/h3>\n<p>El dispositivo ofrece la impresionante cifra de 25 000 caladas para un uso prolongado sin necesidad de recargas repetidas y tiene un contenido de nicotina de 5%, lo que proporciona un sabor intenso y con cuerpo en cada calada. Dise\u00f1ado para vapear directamente a los pulmones (DTL), permite perfiles de sabor m\u00e1s intensos y nubes de vapor m\u00e1s grandes, complementados con una amplia selecci\u00f3n de excelentes sabores de e-l\u00edquido, desde frutas y menta hasta variantes de postres, que satisfacen todos los gustos.<\/p>\n<p>El cigarrillo electr\u00f3nico destaca por su dise\u00f1o elegante y ligero, perfecto para llevar de viaje, mientras que la bater\u00eda integrada garantiza un rendimiento duradero durante toda la vida \u00fatil del dispositivo. Al ser un vaporizador totalmente desechable, viene precargado y listo para usar, sin necesidad de recargas molestas ni mantenimiento.<\/p>\n<p>Con su combinaci\u00f3n de alto n\u00famero de caladas, potente liberaci\u00f3n de nicotina y funciones c\u00f3modas y f\u00e1ciles de usar, este dispositivo ofrece una experiencia de vapeo excepcional desde la primera hasta la \u00faltima de sus impresionantes 25 000 caladas.<\/p>\n<h3>Caracter\u00edsticas t\u00e9cnicas:<\/h3>\n<ul>\n<li>El primer cigarrillo electr\u00f3nico desechable DTL interactivo con audio del mundo con efecto shisha.<\/li>\n<li>Chip inteligente con tecnolog\u00eda S.i.L.C.<\/li>\n<li>Bater\u00eda recargable de 1000 mAh<\/li>\n<li>Sistema de bobina de doble malla<\/li>\n<li>Dos modos: Eco (25 000 caladas) \/ Power (18 000 caladas)<\/li>\n<li>Capacidad del e-l\u00edquido: 24 ml<\/li>\n<li>Pantalla a color de 2,1 pulgadas<\/li>\n<li>Flujo de aire ajustable<\/li>\n<li>Sistema de flujo de aire fluido-din\u00e1mico: velocidad de reacci\u00f3n de 0,1 s.<\/li>\n<\/ul>\n<h3>Sabores:<\/h3>\n<ol>\n<li>Dos manzanas<\/li>\n<li>Hielo de sand\u00eda<\/li>\n<li>Granizado de mango<\/li>\n<li>Gelo de grosella negra<\/li>\n<li>Mango Melocot\u00f3n<\/li>\n<li>Menta y ar\u00e1ndanos<\/li>\n<li>Ar\u00e1ndanos helados<\/li>\n<li>Perfume Lim\u00f3n<\/li>\n<li>Menta lim\u00f3n<\/li>\n<li>Hielo azul Razz<\/li>\n<li>Hielo de uva<\/li>\n<li>Fresa y kiwi<\/li>\n<li>Ar\u00e1ndano y sand\u00eda<\/li>\n<li>Cola de cereza<\/li>\n<li>Mojito azul<\/li>\n<li>Menta y bayas<\/li>\n<li>Menta y uva<\/li>\n<li>Amor 777<\/li>\n<li>Tardes de Mosc\u00fa<\/li>\n<li>Asesino de doncellas<\/li>\n<li>Hielo de cereza<\/li>\n<li>Hielo de bayas<\/li>\n<li>Hielo de melocot\u00f3n<\/li>\n<li>Margarita de fresa<\/li>\n<li>Sand\u00eda y menta<\/li>\n<li>Hielo de mora<\/li>\n<li>Fruta de la pasi\u00f3n dulce<\/li>\n<li>Fresa y kiwi congelados<\/li>\n<li>Maracuy\u00e1, lichi y naranja<\/li>\n<li>Fruta del drag\u00f3n, pl\u00e1tano y cereza<\/li>\n<\/ol>\n<h3>Preguntas frecuentes (FAQ)<\/h3>\n<p><strong>1. \u00bfQu\u00e9 es la Vozol Gear Shisha 25000 caladas?<\/strong> El Vozol Gear Shisha 25000 es un cigarrillo electr\u00f3nico inteligente, recargable y desechable con bobinas de malla duales, modo de doble potencia y una gran capacidad de 24 ml de e-l\u00edquido para un rendimiento duradero.<\/p>\n<p><strong>2. \u00bfC\u00f3mo funciona el modo Dual Power?<\/strong> El modo Dual Power permite cambiar entre el modo ECO (hasta 25 000 caladas) y el modo Power (hasta 18 000 caladas), lo que le permite controlar la intensidad del vapor y el n\u00famero de caladas.<\/p>\n<p><strong>3. \u00bfLa Vozol Gear Shisha 25k es recargable?<\/strong> S\u00ed, cuenta con una bater\u00eda de 1000 mAh y un conector de carga tipo C para una recarga r\u00e1pida y c\u00f3moda.<\/p>\n<h3 class=\"font-claude-response-heading text-text-100 mt-1 -mb-0.5\">Comprar ahora en Apex Vape<\/h3>\n<p class=\"font-claude-response-body whitespace-normal break-words\">Descubra la Vozol Gear Shisha 25000 y experimente la innovaci\u00f3n y la calidad al m\u00e1s alto nivel. En <strong><a class=\"underline\" href=\"https:\/\/apexvape.de\/es\/\">Apex Vape<\/a><\/strong> Encontrar\u00e1 no solo este dispositivo premium, sino tambi\u00e9n una amplia selecci\u00f3n de cigarrillos electr\u00f3nicos y productos de vapeo de alta calidad para todas las necesidades. Visite nuestra <strong><a class=\"underline\" href=\"https:\/\/apexvape.de\/es\/product-category\/vozol-vape\/\">Categor\u00eda VOZOL VAPE<\/a><\/strong>, para descubrir toda la gama de productos y encontrar la experiencia de vapeo perfecta para usted. Aproveche el env\u00edo r\u00e1pido, los atractivos precios al por mayor y un servicio de atenci\u00f3n al cliente de primera clase.<\/p>","protected":false},"excerpt":{"rendered":"<p>La Vozol Gear Shisha 25000 revoluciona el vapeo con una aut\u00e9ntica sensaci\u00f3n de shisha y un efecto burbujeante. Hasta 25 000 caladas en modo Eco, sistema de doble bobina de malla y pantalla de 2,1\u2033 para ofrecer la m\u00e1xima comodidad. El dep\u00f3sito de 24 ml y la bater\u00eda de 1000 mAh garantizan un disfrute duradero para los vapeadores DTL. R\u00e9essayer<\/p>","protected":false},"featured_media":1580,"comment_status":"open","ping_status":"closed","template":"","meta":[],"product_brand":[],"product_cat":[73],"product_tag":[],"class_list":{"0":"post-1579","1":"product","2":"type-product","3":"status-publish","4":"has-post-thumbnail","6":"product_cat-vozol-vape","8":"first","9":"instock","10":"shipping-taxable","11":"purchasable","12":"product-type-variable"},"_links":{"self":[{"href":"https:\/\/apexvape.de\/es\/wp-json\/wp\/v2\/product\/1579","targetHints":{"allow":["GET"]}}],"collection":[{"href":"https:\/\/apexvape.de\/es\/wp-json\/wp\/v2\/product"}],"about":[{"href":"https:\/\/apexvape.de\/es\/wp-json\/wp\/v2\/types\/product"}],"replies":[{"embeddable":true,"href":"https:\/\/apexvape.de\/es\/wp-json\/wp\/v2\/comments?post=1579"}],"version-history":[{"count":0,"href":"https:\/\/apexvape.de\/es\/wp-json\/wp\/v2\/product\/1579\/revisions"}],"wp:featuredmedia":[{"embeddable":true,"href":"https:\/\/apexvape.de\/es\/wp-json\/wp\/v2\/media\/1580"}],"wp:attachment":[{"href":"https:\/\/apexvape.de\/es\/wp-json\/wp\/v2\/media?parent=1579"}],"wp:term":[{"taxonomy":"product_brand","embeddable":true,"href":"https:\/\/apexvape.de\/es\/wp-json\/wp\/v2\/product_brand?post=1579"},{"taxonomy":"product_cat","embeddable":true,"href":"https:\/\/apexvape.de\/es\/wp-json\/wp\/v2\/product_cat?post=1579"},{"taxonomy":"product_tag","embeddable":true,"href":"https:\/\/apexvape.de\/es\/wp-json\/wp\/v2\/product_tag?post=1579"}],"curies":[{"name":"wp","href":"https:\/\/api.w.org\/{rel}","templated":true}]}}