{"id":1570,"date":"2025-11-18T08:19:45","date_gmt":"2025-11-18T07:19:45","guid":{"rendered":"https:\/\/apexvape.de\/?page_id=1570"},"modified":"2025-11-18T08:19:48","modified_gmt":"2025-11-18T07:19:48","slug":"ueber-uns","status":"publish","type":"page","link":"https:\/\/apexvape.de\/es\/ueber-uns\/","title":{"rendered":"acerca de nosotros"},"content":{"rendered":"<h1 class=\"wp-block-heading\">Acerca de apexvape<\/h1>\n\n\n\n<h2 class=\"wp-block-heading\">Su socio de confianza para cigarrillos electr\u00f3nicos desechables al por mayor en l\u00ednea<\/h2>\n\n\n\n<p>Bienvenido a apexvape, su mejor opci\u00f3n para adquirir cigarrillos electr\u00f3nicos desechables de alta calidad. Con m\u00e1s de cinco a\u00f1os de experiencia en la industria, nos hemos establecido como un proveedor de confianza y le ofrecemos una amplia gama de marcas de renombre. Nuestra cartera de productos incluye Bang King, Al Fakher Vape, Vapeme, Waspe, RandM Tornado, Bang Box y muchas otras marcas de primera calidad.<\/p>\n\n\n\n<h2 class=\"wp-block-heading\">Nuestra misi\u00f3n y alcance<\/h2>\n\n\n\n<p>apexvape se ha posicionado como una fuerza l\u00edder en el campo del vapeo electr\u00f3nico. Nuestros productos han llegado a numerosos pa\u00edses de todo el mundo, un claro testimonio de nuestra b\u00fasqueda inflexible de la calidad y nuestro enfoque en la satisfacci\u00f3n del cliente. Como especialistas experimentados en la distribuci\u00f3n de cigarrillos electr\u00f3nicos, cubrimos las necesidades tanto de minoristas como de mayoristas y siempre garantizamos a nuestros clientes el acceso a los mejores productos y servicios disponibles en el mercado.<\/p>\n\n\n\n<h2 class=\"wp-block-heading\">Nuestra oferta en l\u00ednea<\/h2>\n\n\n\n<p>Nuestra plataforma apexvape.de act\u00faa como punto central de contacto tanto para los entusiastas del vapor como para los principiantes. Le ofrecemos una experiencia de compra sin complicaciones con una amplia selecci\u00f3n de cigarrillos electr\u00f3nicos desechables. En apexvape encontrar\u00e1 lo que busca, tanto si se trata de las \u00faltimas innovaciones en productos como de los cl\u00e1sicos de eficacia probada. Nos consideramos su compa\u00f1ero de confianza en el mundo del vapeo.<\/p>\n\n\n\n<h2 class=\"wp-block-heading\">Nuestra visi\u00f3n de futuro<\/h2>\n\n\n\n<p>Forme parte de nuestra historia de \u00e9xito mientras seguimos estableciendo nuevos est\u00e1ndares de excelencia en el sector de los cigarrillos electr\u00f3nicos desechables. En apexvape experimentar\u00e1 la diferencia - donde la m\u00e1s alta calidad, una amplia gama de productos y un excelente servicio al cliente se fusionan en un paquete global armonioso.<\/p>\n\n\n\n<h2 class=\"wp-block-heading\">P\u00f3ngase en contacto con nosotros<\/h2>\n\n\n\n<p><strong>E-Mail:<\/strong> canliumit3535@gmail.com<\/p>\n\n\n\n<p>Visite nuestra tienda en l\u00ednea y descubra nuestra completa gama de cigarrillos electr\u00f3nicos desechables de primera calidad.<\/p>","protected":false},"excerpt":{"rendered":"<p>Acerca de apexvape Su socio de confianza para los cigarrillos electr\u00f3nicos desechables en la venta al por mayor en l\u00ednea Bienvenido a apexvape - su punto de contacto de primera clase en Internet para los cigarrillos electr\u00f3nicos de alta calidad.<\/p>","protected":false},"author":1,"featured_media":0,"parent":0,"menu_order":0,"comment_status":"closed","ping_status":"closed","template":"","meta":{"footnotes":""},"class_list":["post-1570","page","type-page","status-publish","hentry"],"_links":{"self":[{"href":"https:\/\/apexvape.de\/es\/wp-json\/wp\/v2\/pages\/1570","targetHints":{"allow":["GET"]}}],"collection":[{"href":"https:\/\/apexvape.de\/es\/wp-json\/wp\/v2\/pages"}],"about":[{"href":"https:\/\/apexvape.de\/es\/wp-json\/wp\/v2\/types\/page"}],"author":[{"embeddable":true,"href":"https:\/\/apexvape.de\/es\/wp-json\/wp\/v2\/users\/1"}],"replies":[{"embeddable":true,"href":"https:\/\/apexvape.de\/es\/wp-json\/wp\/v2\/comments?post=1570"}],"version-history":[{"count":0,"href":"https:\/\/apexvape.de\/es\/wp-json\/wp\/v2\/pages\/1570\/revisions"}],"wp:attachment":[{"href":"https:\/\/apexvape.de\/es\/wp-json\/wp\/v2\/media?parent=1570"}],"curies":[{"name":"wp","href":"https:\/\/api.w.org\/{rel}","templated":true}]}}