{"id":1567,"date":"2025-11-18T08:15:29","date_gmt":"2025-11-18T07:15:29","guid":{"rendered":"https:\/\/apexvape.de\/?page_id=1567"},"modified":"2025-11-18T08:15:32","modified_gmt":"2025-11-18T07:15:32","slug":"faqs","status":"publish","type":"page","link":"https:\/\/apexvape.de\/es\/faqs\/","title":{"rendered":"FAQS"},"content":{"rendered":"<h1 class=\"wp-block-heading\">Preguntas frecuentes - apexvape<\/h1>\n\n\n\n<h2 class=\"wp-block-heading\">Formas de pago<\/h2>\n\n\n\n<h3 class=\"wp-block-heading\">\u00bfQu\u00e9 opciones de pago ofrece apexvape?<\/h3>\n\n\n\n<p>Aceptamos diversos m\u00e9todos de pago para ofrecerle la m\u00e1xima flexibilidad. Entre ellos se incluyen los pagos con tarjeta de cr\u00e9dito, PayPal, d\u00e9bito directo SEPA y otras opciones de pago. Todas las opciones de pago disponibles se muestran en la zona de pago durante el proceso de pedido.<\/p>\n\n\n\n<h2 class=\"wp-block-heading\">Env\u00edo y entrega<\/h2>\n\n\n\n<h3 class=\"wp-block-heading\">\u00bfQu\u00e9 significa env\u00edo DDP?<\/h3>\n\n\n\n<p>apexvape ofrece un servicio DDP (Delivered Duty Paid) para pa\u00edses seleccionados. Con este m\u00e9todo de env\u00edo, nos encargamos de todas las formalidades aduaneras para que usted no tenga que preocuparse por el despacho de aduanas y no se incurre en gastos de aduana adicionales.<\/p>\n\n\n\n<h3 class=\"wp-block-heading\">\u00bfPara qu\u00e9 pa\u00edses est\u00e1 disponible el env\u00edo DDP?<\/h3>\n\n\n\n<p>Nuestro servicio de env\u00edo DDP est\u00e1 disponible para las siguientes regiones:<\/p>\n\n\n\n<p><strong>Reino Unido<\/strong><\/p>\n\n\n\n<ul class=\"wp-block-list\">\n<li>Env\u00edo a trav\u00e9s del servicio local DPD Express<\/li>\n<\/ul>\n\n\n\n<p><strong>Uni\u00f3n Europea<\/strong><\/p>\n\n\n\n<ul class=\"wp-block-list\">\n<li>Env\u00edo por UPS\/DPD\/DHL Express<\/li>\n\n\n\n<li>Pa\u00edses disponibles: Alemania, B\u00e9lgica, Luxemburgo, Pa\u00edses Bajos, Rep\u00fablica Checa, Polonia, Croacia, Eslovaquia, Eslovenia, Finlandia, Suecia, Austria, Francia, Italia, Hungr\u00eda, Bulgaria, Lituania, Estonia, Letonia, Grecia, Irlanda, Portugal y Espa\u00f1a.<\/li>\n<\/ul>\n\n\n\n<h3 class=\"wp-block-heading\">\u00bfCu\u00e1nto tarda la entrega?<\/h3>\n\n\n\n<p>Los plazos de entrega var\u00edan en funci\u00f3n del pa\u00eds de destino:<\/p>\n\n\n\n<ul class=\"wp-block-list\">\n<li><strong>Reino Unido<\/strong>7 a 12 d\u00edas<\/li>\n\n\n\n<li><strong>Uni\u00f3n Europea<\/strong>De 10 a 15 d\u00edas (el env\u00edo se realiza a trav\u00e9s de Alemania)<\/li>\n<\/ul>\n\n\n\n<h3 class=\"wp-block-heading\">\u00bfQu\u00e9 se aplica a los pa\u00edses que no figuran en la lista del PDD?<\/h3>\n\n\n\n<p>Para los pedidos a pa\u00edses que no figuran en nuestra lista DDP, los clientes son responsables del despacho de aduanas. En estos casos, pueden producirse gastos de aduana y aranceles de importaci\u00f3n, que correr\u00e1n a cargo del destinatario.<\/p>\n\n\n\n<h2 class=\"wp-block-heading\">Devoluciones y cambios<\/h2>\n\n\n\n<h3 class=\"wp-block-heading\">\u00bfCu\u00e1l es el plazo de devoluci\u00f3n de apexvape?<\/h3>\n\n\n\n<p>Le concedemos un plazo de devoluci\u00f3n de 15 d\u00edas a partir de la recepci\u00f3n de su pedido. Puede devolver art\u00edculos dentro de este plazo si no est\u00e1 satisfecho con su compra.<\/p>\n\n\n\n<h3 class=\"wp-block-heading\">\u00bfQu\u00e9 condiciones se aplican a las devoluciones?<\/h3>\n\n\n\n<p>Para que aceptemos su devoluci\u00f3n, deben cumplirse los siguientes requisitos:<\/p>\n\n\n\n<ul class=\"wp-block-list\">\n<li>El art\u00edculo debe estar en su estado original y sin usar<\/li>\n\n\n\n<li>Todas las etiquetas deben seguir pegadas<\/li>\n\n\n\n<li>El embalaje original debe estar presente<\/li>\n\n\n\n<li>Las devoluciones deben solicitarse previamente por correo electr\u00f3nico<\/li>\n<\/ul>\n\n\n\n<h3 class=\"wp-block-heading\">\u00bfC\u00f3mo se inicia una devoluci\u00f3n?<\/h3>\n\n\n\n<p>P\u00f3ngase en contacto con nosotros por correo electr\u00f3nico para solicitar una devoluci\u00f3n. A continuaci\u00f3n le informaremos de los pasos a seguir.<\/p>\n\n\n\n<h2 class=\"wp-block-heading\">Seguridad y protecci\u00f3n de datos<\/h2>\n\n\n\n<h3 class=\"wp-block-heading\">\u00bfC\u00f3mo de seguro es mi pedido con apexvape?<\/h3>\n\n\n\n<p>La seguridad de nuestros clientes es nuestra m\u00e1xima prioridad. Hemos implantado diversas medidas de seguridad:<\/p>\n\n\n\n<ul class=\"wp-block-list\">\n<li><strong>Seguridad del sitio web<\/strong>Nuestro sitio web est\u00e1 protegido por modernas tecnolog\u00edas de seguridad<\/li>\n\n\n\n<li><strong>Protecci\u00f3n de datos<\/strong>Su informaci\u00f3n personal ser\u00e1 tratada de forma confidencial y protegida<\/li>\n\n\n\n<li><strong>Procesamiento de pagos seguro<\/strong>Todas las transacciones de pago se procesan a trav\u00e9s de conexiones cifradas<\/li>\n\n\n\n<li><strong>Protecci\u00f3n antiphishing<\/strong>Aplicamos medidas de protecci\u00f3n contra actividades fraudulentas<\/li>\n<\/ul>\n\n\n\n<hr class=\"wp-block-separator has-alpha-channel-opacity\"\/>\n\n\n\n<p>\u00bfTiene m\u00e1s preguntas? No dude en ponerse en contacto con nosotros, estaremos encantados de ayudarle.<\/p>","protected":false},"excerpt":{"rendered":"<p>H\u00e4ufig gestellte Fragen &#8211; apexvape Zahlungsoptionen Welche Zahlungsm\u00f6glichkeiten bietet apexvape an? Wir akzeptieren eine Vielzahl von Zahlungsmethoden, um Ihnen maximale<\/p>","protected":false},"author":1,"featured_media":0,"parent":0,"menu_order":0,"comment_status":"closed","ping_status":"closed","template":"","meta":{"footnotes":""},"class_list":["post-1567","page","type-page","status-publish","hentry"],"_links":{"self":[{"href":"https:\/\/apexvape.de\/es\/wp-json\/wp\/v2\/pages\/1567","targetHints":{"allow":["GET"]}}],"collection":[{"href":"https:\/\/apexvape.de\/es\/wp-json\/wp\/v2\/pages"}],"about":[{"href":"https:\/\/apexvape.de\/es\/wp-json\/wp\/v2\/types\/page"}],"author":[{"embeddable":true,"href":"https:\/\/apexvape.de\/es\/wp-json\/wp\/v2\/users\/1"}],"replies":[{"embeddable":true,"href":"https:\/\/apexvape.de\/es\/wp-json\/wp\/v2\/comments?post=1567"}],"version-history":[{"count":0,"href":"https:\/\/apexvape.de\/es\/wp-json\/wp\/v2\/pages\/1567\/revisions"}],"wp:attachment":[{"href":"https:\/\/apexvape.de\/es\/wp-json\/wp\/v2\/media?parent=1567"}],"curies":[{"name":"wp","href":"https:\/\/api.w.org\/{rel}","templated":true}]}}