{"id":1560,"date":"2025-11-18T08:11:28","date_gmt":"2025-11-18T07:11:28","guid":{"rendered":"https:\/\/apexvape.de\/?page_id=1560"},"modified":"2025-11-18T08:11:30","modified_gmt":"2025-11-18T07:11:30","slug":"versand-und-lieferung","status":"publish","type":"page","link":"https:\/\/apexvape.de\/es\/versand-und-lieferung\/","title":{"rendered":"Env\u00edo y entrega"},"content":{"rendered":"<h1 class=\"wp-block-heading\">Pol\u00edtica de env\u00edo y entrega - apexvape<\/h1>\n\n\n\n<h2 class=\"wp-block-heading\">Plazos de tramitaci\u00f3n y entrega<\/h2>\n\n\n\n<p>Procesaremos y enviaremos sus pedidos en un plazo de uno a tres d\u00edas laborables. Despu\u00e9s del env\u00edo, el plazo de entrega suele ser de diez a quince d\u00edas laborables. Tenga en cuenta que los pedidos no se env\u00edan los fines de semana.<\/p>\n\n\n\n<h2 class=\"wp-block-heading\">Seguimiento del pedido<\/h2>\n\n\n\n<p>En cuanto su pedido haya salido de nuestros almacenes, le enviaremos una notificaci\u00f3n por correo electr\u00f3nico con los datos de seguimiento correspondientes. Tenga en cuenta que la informaci\u00f3n de seguimiento puede tardar uno o dos d\u00edas en actualizarse en el sitio web de seguimiento del proveedor de servicios de env\u00edo.<\/p>\n\n\n\n<h2 class=\"wp-block-heading\">Anulaci\u00f3n y cambio de direcci\u00f3n de entrega<\/h2>\n\n\n\n<p>Tiene la posibilidad de anular su pedido o modificar la direcci\u00f3n de entrega siempre que el pedido a\u00fan no haya sido enviado. Lamentablemente, no podemos realizar reembolsos ni cambios de direcci\u00f3n una vez enviado el pedido.<\/p>\n\n\n\n<h2 class=\"wp-block-heading\">Servicio de env\u00edo DDP (Delivered Duty Paid)<\/h2>\n\n\n\n<p>Ofrecemos el env\u00edo DDP para determinados pa\u00edses. Con este m\u00e9todo de env\u00edo, no tienes que pagar ning\u00fan tr\u00e1mite aduanero ni aranceles:<\/p>\n\n\n\n<h3 class=\"wp-block-heading\">Reino Unido<\/h3>\n\n\n\n<ul class=\"wp-block-list\">\n<li><strong>Socio transportista<\/strong>DPD Express local<\/li>\n\n\n\n<li><strong>Plazo de entrega<\/strong>7 a 12 d\u00edas<\/li>\n<\/ul>\n\n\n\n<h3 class=\"wp-block-heading\">Uni\u00f3n Europea<\/h3>\n\n\n\n<ul class=\"wp-block-list\">\n<li><strong>Socio transportista<\/strong>UPS\/DPD\/DHL Express<\/li>\n\n\n\n<li><strong>Plazo de entrega<\/strong>10 a 15 d\u00edas<\/li>\n<\/ul>\n\n\n\n<h2 class=\"wp-block-heading\">Env\u00edos DDP en pa\u00edses europeos<\/h2>\n\n\n\n<p>Los siguientes pa\u00edses europeos se benefician de nuestro servicio de env\u00edo DDP:<\/p>\n\n\n\n<p>Alemania, B\u00e9lgica, Luxemburgo, Pa\u00edses Bajos, Rep\u00fablica Checa, Polonia, Croacia, Eslovaquia, Eslovenia, Finlandia, Dinamarca, Suecia, Austria, Francia, Italia, Hungr\u00eda, Bulgaria, Lituania, Estonia, Letonia, Grecia, Irlanda, Portugal y Espa\u00f1a.<\/p>\n\n\n\n<h2 class=\"wp-block-heading\">Notas sobre los plazos de env\u00edo<\/h2>\n\n\n\n<p>Los plazos de entrega reales pueden variar en funci\u00f3n del pa\u00eds de destino y del m\u00e9todo de env\u00edo seleccionado. Para entregas en pa\u00edses europeos, el plazo de entrega est\u00e1ndar es de ocho a trece d\u00edas.<\/p>","protected":false},"excerpt":{"rendered":"<p>Pol\u00edtica de env\u00edo y entrega - apexvape Tiempo de procesamiento y entrega Sus pedidos ser\u00e1n procesados por nosotros en un per\u00edodo de una a tres semanas.<\/p>","protected":false},"author":1,"featured_media":0,"parent":0,"menu_order":0,"comment_status":"closed","ping_status":"closed","template":"","meta":{"footnotes":""},"class_list":["post-1560","page","type-page","status-publish","hentry"],"_links":{"self":[{"href":"https:\/\/apexvape.de\/es\/wp-json\/wp\/v2\/pages\/1560","targetHints":{"allow":["GET"]}}],"collection":[{"href":"https:\/\/apexvape.de\/es\/wp-json\/wp\/v2\/pages"}],"about":[{"href":"https:\/\/apexvape.de\/es\/wp-json\/wp\/v2\/types\/page"}],"author":[{"embeddable":true,"href":"https:\/\/apexvape.de\/es\/wp-json\/wp\/v2\/users\/1"}],"replies":[{"embeddable":true,"href":"https:\/\/apexvape.de\/es\/wp-json\/wp\/v2\/comments?post=1560"}],"version-history":[{"count":0,"href":"https:\/\/apexvape.de\/es\/wp-json\/wp\/v2\/pages\/1560\/revisions"}],"wp:attachment":[{"href":"https:\/\/apexvape.de\/es\/wp-json\/wp\/v2\/media?parent=1560"}],"curies":[{"name":"wp","href":"https:\/\/api.w.org\/{rel}","templated":true}]}}