{"id":1555,"date":"2025-11-18T07:51:41","date_gmt":"2025-11-18T06:51:41","guid":{"rendered":"https:\/\/apexvape.de\/?page_id=1555"},"modified":"2025-11-18T07:51:43","modified_gmt":"2025-11-18T06:51:43","slug":"datenschutzerklaerung","status":"publish","type":"page","link":"https:\/\/apexvape.de\/es\/datenschutzerklaerung\/","title":{"rendered":"Pol\u00edtica de privacidad"},"content":{"rendered":"<h1 class=\"wp-block-heading\">Pol\u00edtica de privacidad - apexvape<\/h1>\n\n\n\n<p>Proteger su informaci\u00f3n personal y salvaguardar su privacidad es una prioridad para apexvape. En esta pol\u00edtica de privacidad, explicamos c\u00f3mo recopilamos, utilizamos y protegemos los datos que nos proporciona cuando visita nuestro sitio web.<\/p>\n\n\n\n<h2 class=\"wp-block-heading\">Recogida de datos personales<\/h2>\n\n\n\n<p>Podemos recopilar diferentes categor\u00edas de informaci\u00f3n cuando visita nuestro sitio web:<\/p>\n\n\n\n<ul class=\"wp-block-list\">\n<li><strong>Datos personales<\/strong>Esto incluye su nombre, direcci\u00f3n de correo electr\u00f3nico y otra informaci\u00f3n de contacto que nos proporcione al realizar una compra o ponerse en contacto con nosotros.<\/li>\n\n\n\n<li><strong>Datos de uso y del dispositivo<\/strong>Esta informaci\u00f3n se recoge a trav\u00e9s de cookies y tecnolog\u00edas similares e incluye detalles sobre su comportamiento de navegaci\u00f3n y los dispositivos que utiliza<\/li>\n\n\n\n<li><strong>M\u00e1s informaci\u00f3n voluntaria<\/strong>Cualquier informaci\u00f3n adicional que desee compartir con nosotros voluntariamente<\/li>\n<\/ul>\n\n\n\n<h2 class=\"wp-block-heading\">Finalidad del tratamiento de datos<\/h2>\n\n\n\n<p>Utilizamos los datos que recopilamos para los siguientes fines:<\/p>\n\n\n\n<ul class=\"wp-block-list\">\n<li><strong>Tramitaci\u00f3n de pedidos<\/strong>Tramitar y cumplir los pedidos que realice en nuestro sitio web<\/li>\n\n\n\n<li><strong>Comunicaci\u00f3n con los clientes<\/strong>Intercambiar informaci\u00f3n con usted sobre sus pedidos, consultas y campa\u00f1as de marketing.<\/li>\n\n\n\n<li><strong>Optimizaci\u00f3n de nuestros servicios<\/strong>Para mejorar nuestro sitio web y nuestros servicios en funci\u00f3n de sus interacciones y comentarios.<\/li>\n\n\n\n<li><strong>Garant\u00eda de seguridad<\/strong>Para proteger nuestro sitio web y evitar actividades fraudulentas<\/li>\n<\/ul>\n\n\n\n<h2 class=\"wp-block-heading\">Transferencia de datos a terceros<\/h2>\n\n\n\n<p>No venderemos ni transmitiremos sus datos personales a terceros sin su consentimiento expreso. Solo se aplicar\u00e1n excepciones si la transferencia es necesaria para cumplir sus deseos -por ejemplo, a socios log\u00edsticos para el env\u00edo- o si existe una obligaci\u00f3n legal.<\/p>\n\n\n\n<h2 class=\"wp-block-heading\">Medidas de seguridad de los datos<\/h2>\n\n\n\n<p>Aplicamos diversas medidas de seguridad para proteger su informaci\u00f3n. Entre ellas se incluyen tecnolog\u00edas de encriptaci\u00f3n, el uso de Secure Socket Layer (SSL) y comprobaciones peri\u00f3dicas de nuestros sistemas de seguridad.<\/p>\n\n\n\n<h2 class=\"wp-block-heading\">Sus derechos en materia de protecci\u00f3n de datos<\/h2>\n\n\n\n<p>Tiene derecho a acceder a sus datos personales, rectificarlos o suprimirlos en cualquier momento. Tambi\u00e9n puede darse de baja de nuestras comunicaciones comerciales en cualquier momento.<\/p>\n\n\n\n<h2 class=\"wp-block-heading\">Cambios en esta pol\u00edtica de privacidad<\/h2>\n\n\n\n<p>Nos reservamos el derecho a modificar esta Pol\u00edtica de Privacidad de vez en cuando para reflejar cambios en nuestras pr\u00e1cticas o requisitos legales. Le aconsejamos que consulte esta pol\u00edtica a intervalos regulares.<\/p>\n\n\n\n<hr class=\"wp-block-separator has-alpha-channel-opacity\"\/>\n\n\n\n<p>Al utilizar nuestro sitio web, usted acepta los t\u00e9rminos establecidos en esta Pol\u00edtica de privacidad. Si tiene alguna pregunta o duda sobre nuestras pr\u00e1cticas de privacidad, no dude en ponerse en contacto con nosotros en canliumit3535@gmail.com.<\/p>\n\n\n\n<p>Gracias por confiar en apexvape como su proveedor de cigarrillos electr\u00f3nicos desechables (vapes).<\/p>","protected":false},"excerpt":{"rendered":"<p>Datenschutzrichtlinie &#8211; apexvape Der Schutz Ihrer pers\u00f6nlichen Informationen und die Wahrung Ihrer Privatsph\u00e4re stehen bei apexvape an erster Stelle. In<\/p>","protected":false},"author":1,"featured_media":0,"parent":0,"menu_order":0,"comment_status":"closed","ping_status":"closed","template":"","meta":{"footnotes":""},"class_list":["post-1555","page","type-page","status-publish","hentry"],"_links":{"self":[{"href":"https:\/\/apexvape.de\/es\/wp-json\/wp\/v2\/pages\/1555","targetHints":{"allow":["GET"]}}],"collection":[{"href":"https:\/\/apexvape.de\/es\/wp-json\/wp\/v2\/pages"}],"about":[{"href":"https:\/\/apexvape.de\/es\/wp-json\/wp\/v2\/types\/page"}],"author":[{"embeddable":true,"href":"https:\/\/apexvape.de\/es\/wp-json\/wp\/v2\/users\/1"}],"replies":[{"embeddable":true,"href":"https:\/\/apexvape.de\/es\/wp-json\/wp\/v2\/comments?post=1555"}],"version-history":[{"count":0,"href":"https:\/\/apexvape.de\/es\/wp-json\/wp\/v2\/pages\/1555\/revisions"}],"wp:attachment":[{"href":"https:\/\/apexvape.de\/es\/wp-json\/wp\/v2\/media?parent=1555"}],"curies":[{"name":"wp","href":"https:\/\/api.w.org\/{rel}","templated":true}]}}