{"id":1550,"date":"2025-11-18T05:13:18","date_gmt":"2025-11-18T04:13:18","guid":{"rendered":"https:\/\/apexvape.de\/?page_id=1550"},"modified":"2025-11-18T05:13:20","modified_gmt":"2025-11-18T04:13:20","slug":"nutzungsbedingungen","status":"publish","type":"page","link":"https:\/\/apexvape.de\/es\/nutzungsbedingungen\/","title":{"rendered":"Condiciones de uso"},"content":{"rendered":"<h1 class=\"wp-block-heading\">Condiciones generales - apexvape<\/h1>\n\n\n\n<p>\u00a1Bienvenido al sitio web de apexvape! Por favor, lea atentamente los siguientes t\u00e9rminos y condiciones antes de utilizar nuestra plataforma. Al visitar y utilizar nuestro sitio web, declara estar de acuerdo con las normas aqu\u00ed expuestas y con todas las disposiciones legales aplicables. Si no est\u00e1 de acuerdo con estos t\u00e9rminos y condiciones, le rogamos que se abstenga de seguir utilizando nuestro sitio web. Al completar una compra, usted acepta autom\u00e1ticamente estos t\u00e9rminos y condiciones, as\u00ed como nuestras pol\u00edticas en materia de env\u00edo, devoluciones y garant\u00eda.<\/p>\n\n\n\n<h2 class=\"wp-block-heading\">Env\u00edos a todo el mundo<\/h2>\n\n\n\n<p>Nuestra empresa apexvape opera a nivel internacional y tiene su sede en Hong Kong. Todos los compradores fuera de Hong Kong son tratados como clientes internacionales. Le recomendamos encarecidamente que se familiarice con los requisitos legales de su pa\u00eds de origen antes de realizar un pedido, especialmente en lo que respecta a la posesi\u00f3n, importaci\u00f3n y uso de art\u00edculos de vaporizaci\u00f3n. En algunos pa\u00edses pueden aplicarse normativas especiales, que se detallan en nuestras Pol\u00edticas de env\u00edo, devoluciones y garant\u00eda.<\/p>\n\n\n\n<h2 class=\"wp-block-heading\">Propiedad intelectual y derechos de autor<\/h2>\n\n\n\n<p>Todo el contenido publicado en este sitio web -incluyendo texto, im\u00e1genes, gr\u00e1ficos y c\u00f3digo de programa- est\u00e1 sujeto a la protecci\u00f3n de los derechos de autor y es propiedad de apexvape como obra completa. Copyright 2022, apexvape. Todos los derechos reservados. Tiene derecho a copiar o imprimir partes del sitio web en formato electr\u00f3nico, siempre que se haga con el fin de tramitar pedidos o comprar productos de apexvape. Cualquier otro uso, en particular la reproducci\u00f3n, distribuci\u00f3n o transmisi\u00f3n del contenido del sitio web, no est\u00e1 permitido sin la autorizaci\u00f3n expresa de apexvape Inc.<\/p>\n\n\n\n<h2 class=\"wp-block-heading\">Protecci\u00f3n de marcas<\/h2>\n\n\n\n<p>Todas las marcas comerciales, marcas de servicio y nombres comerciales utilizados en nuestro sitio web son propiedad legalmente protegida de apexvape.<\/p>\n\n\n\n<h2 class=\"wp-block-heading\">Exclusi\u00f3n de garant\u00edas<\/h2>\n\n\n\n<p>El sitio web y todos los materiales y productos que se ofrecen en \u00e9l se proporcionan \u201etal cual\u201c, sin garant\u00edas de ning\u00fan tipo, ni expresas ni impl\u00edcitas. apexvape rechaza todas las garant\u00edas, incluidas las garant\u00edas de comerciabilidad, idoneidad para un fin determinado y titularidad. No garantizamos que la funcionalidad del sitio web sea ininterrumpida o est\u00e9 libre de errores. Tampoco garantizamos la correcci\u00f3n de errores ni que el sitio web est\u00e9 libre de virus u otros elementos da\u00f1inos. No garantizamos la exactitud, integridad o fiabilidad de la informaci\u00f3n proporcionada.<\/p>\n\n\n\n<h2 class=\"wp-block-heading\">Limitaci\u00f3n de responsabilidad<\/h2>\n\n\n\n<p>apexvape no ser\u00e1 responsable de ning\u00fan da\u00f1o especial o consecuente que resulte del uso o de la incapacidad de usar los materiales de este sitio o del rendimiento del producto, incluso si hemos sido advertidos de la posibilidad de tales da\u00f1os. Algunas jurisdicciones no permiten la exclusi\u00f3n o limitaci\u00f3n de responsabilidad por da\u00f1os consecuenciales o incidentales, por lo que las limitaciones anteriores pueden no aplicarse en su caso.<\/p>\n\n\n\n<h2 class=\"wp-block-heading\">Rescisi\u00f3n del acuerdo<\/h2>\n\n\n\n<p>Estos t\u00e9rminos y condiciones se aplican a todos los usuarios cuando acceden al sitio web, se registran o realizan una compra. apexvape se reserva el derecho de rescindir estos t\u00e9rminos y condiciones total o parcialmente en cualquier momento y sin previo aviso. Las disposiciones relativas a los derechos de autor, derechos de marca, renuncias de garant\u00eda, limitaciones de responsabilidad, indemnizaciones y otros asuntos permanecer\u00e1n en vigor incluso despu\u00e9s de la terminaci\u00f3n.<\/p>\n\n\n\n<h2 class=\"wp-block-heading\">Comunicaci\u00f3n y notificaciones<\/h2>\n\n\n\n<p>apexvape podr\u00e1 enviarle notificaciones por correo electr\u00f3nico, publicar avisos generales en el sitio web o utilizar otros medios de comunicaci\u00f3n fiables utilizando los datos de contacto que nos facilite.<\/p>\n\n\n\n<h2 class=\"wp-block-heading\">Otras disposiciones<\/h2>\n\n\n\n<p>Los presentes T\u00e9rminos y Condiciones se interpretar\u00e1n de conformidad con la legislaci\u00f3n de Hong Kong, sin tener en cuenta sus disposiciones en materia de conflicto de leyes. Todos los litigios derivados de las presentes Condiciones Generales se someter\u00e1n a los tribunales competentes de Hong Kong. Las reclamaciones deber\u00e1n presentarse dentro de los doce meses siguientes a su aparici\u00f3n. Si apexvape decide no hacer cumplir alguna parte de estas Condiciones, ello no constituir\u00e1 una renuncia a los derechos pertinentes. Podemos ceder nuestros derechos y obligaciones en virtud de estas Condiciones sin previo aviso.<\/p>\n\n\n\n<h2 class=\"wp-block-heading\">Normas de conducta al utilizar el sitio web<\/h2>\n\n\n\n<p>El acoso o comportamiento inapropiado no est\u00e1 permitido en nuestro sitio web. Los usuarios no pueden cargar contenido ofensivo o censurable ni solicitar a otros usuarios servicios comerciales. apexvape se reserva el derecho de bloquear o eliminar cualquier contenido que infrinja estas condiciones.<\/p>\n\n\n\n<h2 class=\"wp-block-heading\">Descargo de responsabilidad sobre los contenidos de los usuarios<\/h2>\n\n\n\n<p>apexvape no acepta ninguna responsabilidad por el contenido creado o cargado por los usuarios en el sitio web. Actuamos \u00fanicamente como plataforma de distribuci\u00f3n y nos reservamos el derecho a eliminar contenidos ofensivos o inapropiados a nuestra entera discreci\u00f3n.<\/p>\n\n\n\n<h2 class=\"wp-block-heading\">Uso del producto<\/h2>\n\n\n\n<p>apexvape no se hace responsable de la eficacia o idoneidad de los productos para un fin determinado. Todos los productos se utilizan por cuenta y riesgo del comprador. Los productos que contienen nicotina est\u00e1n destinados a ser utilizados \u00fanicamente por adultos. Le recomendamos encarecidamente que consulte a un m\u00e9dico antes de utilizar productos con nicotina.<\/p>\n\n\n\n<h2 class=\"wp-block-heading\">Exenci\u00f3n<\/h2>\n\n\n\n<p>Al utilizar nuestro sitio web, usted acepta indemnizar a apexvape y a sus proveedores de servicios por todas las p\u00e9rdidas, da\u00f1os, costes y gastos derivados de cualquier incumplimiento de estos t\u00e9rminos y condiciones o de cualquier actividad realizada en relaci\u00f3n con su cuenta.<\/p>\n\n\n\n<h2 class=\"wp-block-heading\">Enlaces externos<\/h2>\n\n\n\n<p>apexvape puede proporcionar enlaces a sitios web externos para comodidad de nuestros visitantes. Estos sitios web externos no est\u00e1n bajo nuestro control y no aceptamos ninguna responsabilidad por su contenido o pr\u00e1cticas.<\/p>\n\n\n\n<h2 class=\"wp-block-heading\">Exclusiones espec\u00edficas de productos<\/h2>\n\n\n\n<p>Algunos productos pueden estar sujetos a cl\u00e1usulas especiales de exclusi\u00f3n en relaci\u00f3n con devoluciones o cambios. Por favor, compruebe cuidadosamente todas las exclusiones espec\u00edficas de cada producto antes de comprar. Al aceptar nuestros T\u00e9rminos y Condiciones en el momento de la compra, confirma que comprende todas las exclusiones aplicables.<\/p>\n\n\n\n<hr class=\"wp-block-separator has-alpha-channel-opacity\"\/>\n\n\n\n<p>\u00a1Muchas gracias por confiar en apexvape!<\/p>","protected":false},"excerpt":{"rendered":"<p>Allgemeine Gesch\u00e4ftsbedingungen &#8211; apexvape Herzlich willkommen auf der apexvape-Website! Wir bitten Sie, die nachfolgenden Gesch\u00e4ftsbedingungen aufmerksam zu lesen, bevor Sie<\/p>","protected":false},"author":1,"featured_media":0,"parent":0,"menu_order":0,"comment_status":"closed","ping_status":"closed","template":"","meta":{"footnotes":""},"class_list":["post-1550","page","type-page","status-publish","hentry"],"_links":{"self":[{"href":"https:\/\/apexvape.de\/es\/wp-json\/wp\/v2\/pages\/1550","targetHints":{"allow":["GET"]}}],"collection":[{"href":"https:\/\/apexvape.de\/es\/wp-json\/wp\/v2\/pages"}],"about":[{"href":"https:\/\/apexvape.de\/es\/wp-json\/wp\/v2\/types\/page"}],"author":[{"embeddable":true,"href":"https:\/\/apexvape.de\/es\/wp-json\/wp\/v2\/users\/1"}],"replies":[{"embeddable":true,"href":"https:\/\/apexvape.de\/es\/wp-json\/wp\/v2\/comments?post=1550"}],"version-history":[{"count":0,"href":"https:\/\/apexvape.de\/es\/wp-json\/wp\/v2\/pages\/1550\/revisions"}],"wp:attachment":[{"href":"https:\/\/apexvape.de\/es\/wp-json\/wp\/v2\/media?parent=1550"}],"curies":[{"name":"wp","href":"https:\/\/api.w.org\/{rel}","templated":true}]}}