{"id":6531,"date":"2026-03-15T14:21:33","date_gmt":"2026-03-15T13:21:33","guid":{"rendered":"https:\/\/apexvape.de\/?post_type=product&#038;p=6531"},"modified":"2026-03-15T14:22:48","modified_gmt":"2026-03-15T13:22:48","slug":"airmez-tornado-25000","status":"publish","type":"product","link":"https:\/\/apexvape.de\/da\/product\/airmez-tornado-25000\/","title":{"rendered":"Airmez Tornado 25000 pust til engangsbrug"},"content":{"rendered":"<h1>Airmez Tornado 25000 pust - engangs e-cigaret<\/h1>\n<p>Den <strong>Airmez Tornado 25000<\/strong> er en engangs e-cigaret af h\u00f8j kvalitet, der giver langvarige og smagfulde dampoplevelser. Med op til <strong>25.000 tog<\/strong>, <strong>25 ml forudfyldt e-v\u00e6ske<\/strong> og en <strong>Nikotinkoncentration af 5 %<\/strong> Det giver en enest\u00e5ende udholdenhed. A <strong>Mesh-spole<\/strong> sikrer j\u00e6vn opvarmning, mens en <strong>Integreret sk\u00e6rm<\/strong> Batteri- og e-v\u00e6skeniveauet vises tydeligt. Takket v\u00e6re det genopladelige batteri er der ikke behov for hyppig opladning - for uafbrudt dampnydelse. Den <strong>Automatisk forst\u00f8vningsteknologi<\/strong> g\u00f8r dampning til en leg for alle niveauer af erfaring.<\/p>\n<p><img decoding=\"async\" class=\"alignnone size-large wp-image-6548\" src=\"https:\/\/spcdn.shortpixel.ai\/spio\/ret_img,q_cdnize,to_webp,s_webp\/apexvape.de\/wp-content\/uploads\/2026\/03\/AIRMEZ-25K-banner-1024x427.png\" alt=\"Airmez Tornado 25000\" width=\"1024\" height=\"427\" srcset=\"https:\/\/spcdn.shortpixel.ai\/spio\/ret_img,q_cdnize,to_webp,s_webp\/apexvape.de\/wp-content\/uploads\/2026\/03\/AIRMEZ-25K-banner-1024x427.png 1024w, https:\/\/spcdn.shortpixel.ai\/spio\/ret_img,q_cdnize,to_webp,s_webp\/apexvape.de\/wp-content\/uploads\/2026\/03\/AIRMEZ-25K-banner-300x125.png 300w, https:\/\/spcdn.shortpixel.ai\/spio\/ret_img,q_cdnize,to_webp,s_webp\/apexvape.de\/wp-content\/uploads\/2026\/03\/AIRMEZ-25K-banner-768x320.png 768w, https:\/\/spcdn.shortpixel.ai\/spio\/ret_img,q_cdnize,to_webp,s_webp\/apexvape.de\/wp-content\/uploads\/2026\/03\/AIRMEZ-25K-banner-1536x640.png 1536w, https:\/\/spcdn.shortpixel.ai\/spio\/ret_img,q_cdnize,to_webp,s_webp\/apexvape.de\/wp-content\/uploads\/2026\/03\/AIRMEZ-25K-banner-18x8.png 18w, https:\/\/spcdn.shortpixel.ai\/spio\/ret_img,q_cdnize,to_webp,s_webp\/apexvape.de\/wp-content\/uploads\/2026\/03\/AIRMEZ-25K-banner-1200x500.png 1200w, https:\/\/spcdn.shortpixel.ai\/spio\/ret_img,q_cdnize,to_webp,s_webp\/apexvape.de\/wp-content\/uploads\/2026\/03\/AIRMEZ-25K-banner-150x63.png 150w, https:\/\/spcdn.shortpixel.ai\/spio\/ret_img,q_cdnize,to_webp,s_webp\/apexvape.de\/wp-content\/uploads\/2026\/03\/AIRMEZ-25K-banner.png 1920w\" sizes=\"(max-width: 1024px) 100vw, 1024px\" \/><\/p>\n<h2>Airmez Tornado 25000 Puffs - H\u00f8jdepunkter<\/h2>\n<p>Den <strong>Airmez Tornado 25000<\/strong> er en automatisk forst\u00f8ver i topklasse - ideel til dampere, der s\u00e6tter pris p\u00e5 en lang og aromatisk oplevelse. Den avancerede forst\u00f8vningsteknologi g\u00f8r det muligt at dampe uden at inhalere - lige s\u00e5 naturligt og enkelt som at tr\u00e6kke vejret.<\/p>\n<p>Med <strong>25.000 tog<\/strong> og <strong>25 ml e-v\u00e6ske<\/strong> med <strong>5 % (50 mg) Nikotinindhold<\/strong> Tornado 25000 giver en s\u00e6rlig langvarig dampoplevelse. Den <strong>Mesh-spole<\/strong> sikrer ensartet opvarmning for et konstant j\u00e6vnt tr\u00e6k, mens <strong>Integreret sk\u00e6rm<\/strong> batteri og p\u00e5fyldningsniveau nemt at se.<\/p>\n<p>Den magtfulde, <strong>Genopladeligt batteri p\u00e5 850 mAh<\/strong> eliminerer behovet for hyppig genopladning og f\u00f8lger med i hver eneste dampsession - fra start til slut. Den er designet til maksimal udholdenhed og forl\u00e6nger forst\u00f8vningstiden, s\u00e5 du f\u00e5r en uafbrudt oplevelse.<\/p>\n<h2>Tekniske data<\/h2>\n<table>\n<thead>\n<tr>\n<th>Funktion<\/th>\n<th>Detaljer<\/th>\n<\/tr>\n<\/thead>\n<tbody>\n<tr>\n<td>E-v\u00e6ske<\/td>\n<td>25 ml<\/td>\n<\/tr>\n<tr>\n<td>Antal tog<\/td>\n<td>25.000 tog<\/td>\n<\/tr>\n<tr>\n<td>Spole<\/td>\n<td>Dobbelt mesh-spole<\/td>\n<\/tr>\n<tr>\n<td>batteri<\/td>\n<td>850 mAh, genopladelig<\/td>\n<\/tr>\n<tr>\n<td>Damptilstande<\/td>\n<td>Flere tilg\u00e6ngelige tilstande<\/td>\n<\/tr>\n<tr>\n<td>Sk\u00e6rm<\/td>\n<td>Display for batteri og e-v\u00e6ske<\/td>\n<\/tr>\n<tr>\n<td>Indhold af nikotin<\/td>\n<td>5 %<\/td>\n<\/tr>\n<tr>\n<td>Opladningsport<\/td>\n<td>USB-C<\/td>\n<\/tr>\n<tr>\n<td>Type<\/td>\n<td>MTL e-cigaret<\/td>\n<\/tr>\n<\/tbody>\n<\/table>\n<h2>Airmez Tornado 25000 - Tilg\u00e6ngelige smagsvarianter<\/h2>\n<ol>\n<li>Jordb\u00e6r-vandmelon <em>(Jordb\u00e6r &amp; vandmelon)<\/em><\/li>\n<li>Kiwi Passionsfrugt Guava <em>(kiwi, passionsfrugt &amp; guava)<\/em><\/li>\n<li>Bl\u00e5b\u00e6r p\u00e5 is <em>(Bl\u00e5b\u00e6r p\u00e5 is)<\/em><\/li>\n<li>Fersken Mango <em>(Fersken og mango)<\/em><\/li>\n<li>Jordb\u00e6r-is <em>(Jordb\u00e6r p\u00e5 is)<\/em><\/li>\n<li>Blandede b\u00e6r <em>(Blandede b\u00e6r)<\/em><\/li>\n<li>Lush Ice <em>(Vandmelon p\u00e5 is)<\/em><\/li>\n<li>Grape Ice <em>(Drue p\u00e5 is)<\/em><\/li>\n<li>Ferskenis <em>(Fersken p\u00e5 is)<\/em><\/li>\n<li>B\u00e6rlimonade <em>(b\u00e6r-limonade)<\/em><\/li>\n<li>Dragonfrugtis <em>(Dragefrugt p\u00e5 is)<\/em><\/li>\n<li>Citron og lime <em>(citron &amp; lime)<\/em><\/li>\n<li>Triple Berry <em>(tredobbelt b\u00e6r)<\/em><\/li>\n<li>Kirseb\u00e6r <em>(kirseb\u00e6r)<\/em><\/li>\n<li>Sur \u00e6ble <em>(Surt \u00e6ble)<\/em><\/li>\n<\/ol>\n<h2>Ofte stillede sp\u00f8rgsm\u00e5l (FAQ)<\/h2>\n<p><strong>Q1: Hvad er Airmez Tornado 25000, og hvor mange pust giver den?<\/strong> Airmez Tornado 25000 er en avanceret e-cigaret til engangsbrug med op til <strong>25.000 tog<\/strong>, <strong>25 ml forudfyldt e-v\u00e6ske<\/strong> og en <strong>Nikotinindhold i 5 %<\/strong>.<\/p>\n<p><strong>Q2: Skal Tornado 25000 oplades ofte?<\/strong> Det kraftige, genopladelige batteri forl\u00e6nger forst\u00f8vertiden betydeligt og sikrer uafbrudte dampsessioner - uden besv\u00e6r med genopladning.<\/p>\n<p><strong>Q3: Hvilken teknologi sikrer en behagelig dampoplevelse med Tornado 25000?<\/strong> Den <strong>Mesh-spole<\/strong> giver en j\u00e6vn opvarmning og dermed et j\u00e6vnt tr\u00e6k. Den <strong>Integreret sk\u00e6rm<\/strong> viser tydeligt batteri- og e-v\u00e6skeniveauet hele tiden.<\/p>\n<p><strong>Q4: Er Tornado 25000 ogs\u00e5 velegnet til begyndere?<\/strong> Helt sikkert. Takket v\u00e6re <strong>automatisk forst\u00f8vningsteknologi<\/strong> At dampe er lige s\u00e5 let som at tr\u00e6kke vejret - der kr\u00e6ves ingen kompliceret ops\u00e6tning. Perfekt til alle niveauer af erfaring.<\/p>\n<h2>Oplev nu hos Apex Vape<\/h2>\n<p>Airmez Tornado 25000 er det ideelle valg for alle, der er p\u00e5 udkig efter en langvarig og smagfuld dampoplevelse af h\u00f8j kvalitet. Se hele vores sortiment p\u00e5 <strong><a href=\"https:\/\/apexvape.de\/da\/\">Apex Vape<\/a><\/strong> eller opdag flere topprodukter i <strong><a href=\"https:\/\/apexvape.de\/da\/product-category\/airmez-vape\/\">Airmez Vape-kategori<\/a><\/strong> - for f\u00f8rsteklasses kvalitet og et stort udvalg af smagsvarianter.<\/p>","protected":false},"excerpt":{"rendered":"<p class=\"font-claude-response-body break-words whitespace-normal leading-[1.7]\">Der Airmez Tornado 25000 bietet bis zu 25.000 Z\u00fcge, 25 ml E-Liquid mit 5 % Nikotin und einen Dual-Mesh-Coil f\u00fcr gleichm\u00e4\u00dfigen Dampfgenuss. Mit wiederaufladbarem 850-mAh-Akku, integriertem Display und USB-C-Ladeanschluss \u2013 perfekt f\u00fcr Einsteiger und Profis.<\/p>\n<p class=\"font-claude-response-body break-words whitespace-normal leading-[1.7]\">\n","protected":false},"featured_media":6549,"comment_status":"open","ping_status":"closed","template":"","meta":[],"product_brand":[],"product_cat":[86],"product_tag":[],"class_list":{"0":"post-6531","1":"product","2":"type-product","3":"status-publish","4":"has-post-thumbnail","6":"product_cat-airmez-vape","8":"first","9":"instock","10":"shipping-taxable","11":"purchasable","12":"product-type-variable"},"_links":{"self":[{"href":"https:\/\/apexvape.de\/da\/wp-json\/wp\/v2\/product\/6531","targetHints":{"allow":["GET"]}}],"collection":[{"href":"https:\/\/apexvape.de\/da\/wp-json\/wp\/v2\/product"}],"about":[{"href":"https:\/\/apexvape.de\/da\/wp-json\/wp\/v2\/types\/product"}],"replies":[{"embeddable":true,"href":"https:\/\/apexvape.de\/da\/wp-json\/wp\/v2\/comments?post=6531"}],"version-history":[{"count":3,"href":"https:\/\/apexvape.de\/da\/wp-json\/wp\/v2\/product\/6531\/revisions"}],"predecessor-version":[{"id":6562,"href":"https:\/\/apexvape.de\/da\/wp-json\/wp\/v2\/product\/6531\/revisions\/6562"}],"wp:featuredmedia":[{"embeddable":true,"href":"https:\/\/apexvape.de\/da\/wp-json\/wp\/v2\/media\/6549"}],"wp:attachment":[{"href":"https:\/\/apexvape.de\/da\/wp-json\/wp\/v2\/media?parent=6531"}],"wp:term":[{"taxonomy":"product_brand","embeddable":true,"href":"https:\/\/apexvape.de\/da\/wp-json\/wp\/v2\/product_brand?post=6531"},{"taxonomy":"product_cat","embeddable":true,"href":"https:\/\/apexvape.de\/da\/wp-json\/wp\/v2\/product_cat?post=6531"},{"taxonomy":"product_tag","embeddable":true,"href":"https:\/\/apexvape.de\/da\/wp-json\/wp\/v2\/product_tag?post=6531"}],"curies":[{"name":"wp","href":"https:\/\/api.w.org\/{rel}","templated":true}]}}