{"id":4851,"date":"2025-12-08T16:36:11","date_gmt":"2025-12-08T15:36:11","guid":{"rendered":"https:\/\/apexvape.de\/?post_type=product&#038;p=4851"},"modified":"2025-12-08T16:39:27","modified_gmt":"2025-12-08T15:39:27","slug":"jnr-rage-gorilla-55000","status":"publish","type":"product","link":"https:\/\/apexvape.de\/da\/product\/jnr-rage-gorilla-55000\/","title":{"rendered":"JNR Rage Gorilla 55000 sug engangs-vape"},"content":{"rendered":"<h1>JNR Rage Gorilla 55000 sug 55K digitalt LED-display engangs-vape<\/h1>\n<p>JNR Rage Gorilla 55000 er en ekstraordin\u00e6r engangs-vape, der tilbyder op til 55.000 sug fra sin 42 ml e-v\u00e6ske-kapacitet. Med dual-mesh-coil-teknologi for bl\u00f8d, aromatisk damp og et smart-screen-display til overv\u00e5gning af batterilevetid og sug-t\u00e6ller kombinerer denne enhed komfort med ydeevne. Det genopladelige 950 mAh batteri underst\u00f8tter Type-C-hurtigopladning for minimal nedetid. Med 2% nikotinstyrke leverer den en tilfredsstillende, men alligevel bl\u00f8d oplevelse, hvilket g\u00f8r den til en af de mest holdbare og brugervenlige engangs-vapes til daglige dampere, der s\u00f8ger kvalitet og p\u00e5lidelighed.<\/p>\n<h2>JNR Rage Gorilla 55000 tr\u00e6k H\u00f8jdepunkter<\/h2>\n<p>JNR Rage Gorilla 55000-tr\u00e6k er en af de mest holdbare engangs-vapes p\u00e5 markedet og leverer imponerende 55.000 tr\u00e6k fra sin gener\u00f8se 42 ml premium e-v\u00e6ske-kapacitet. Dette ekstraordin\u00e6re antal tr\u00e6k betyder f\u00e6rre udskiftninger og uafbrudte damp-sessioner, hvilket g\u00f8r den til det ideelle valg for brugere, der v\u00e6rds\u00e6tter komfort og holdbarhed i deres damperfaring.<\/p>\n<p>Udstyret med avanceret Dual Mesh Coil-teknologi sikrer denne enhed en j\u00e6vn og aromatisk damp ved hvert sug. Smart-Screen-displayet tilf\u00f8jer et moderne touch af komfort og giver brugerne mulighed for nemt at overv\u00e5ge b\u00e5de batterilevetid og resterende sug, s\u00e5 du aldrig bliver overrasket, n\u00e5r det er tid til at oplade eller udskifte din enhed.<\/p>\n<p>Det genopladelige design har et kraftigt 950 mAh batteri kombineret med hurtig Type-C-opladningsteknologi, der sikrer, at du hurtigt kan dampe igen med minimal nedetid. Denne kombination af betydelig batterikapacitet og effektiv opladning g\u00f8r enheden b\u00e5de praktisk og brugervenlig til daglig brug.<\/p>\n<p>Med en nikotinstyrke p\u00e5 2% leverer JNR Rage Gorilla en tilfredsstillende og alligevel blid damperfaring, der balancerer nikotinfrigivelsen med smagskvaliteten. Dette omhyggeligt kalibrerede nikotinniveau giver brugerne den \u00f8nskede tilfredsstillelse og sikrer samtidig en behagelig og nydelsesfuld dampeoplevelse i hele enhedens imponerende levetid.<\/p>\n<h2>Produktspecifikationer<\/h2>\n<ul>\n<li><strong>Enhedstype:<\/strong> Genopladelig engangs-vape<\/li>\n<li><strong>Tr\u00e6kkraft:<\/strong> Op til 55.000 tog<\/li>\n<li><strong>Nikotinstyrke:<\/strong> 2% (20 mg\/ml)<\/li>\n<li><strong>E-v\u00e6ske-kapacitet:<\/strong> 42 ml forfyldt<\/li>\n<li><strong>Batteri:<\/strong> 950 mAh genopladelig<\/li>\n<li><strong>Opladningsstik:<\/strong> USB Type-C<\/li>\n<li><strong>Coil-system:<\/strong> Dobbelt mesh-spole<\/li>\n<li><strong>Display:<\/strong> Smart LED-sk\u00e6rm (overv\u00e5gning af batteri og e-v\u00e6ske)<\/li>\n<li><strong>Antal smagsvarianter:<\/strong> 20 unikke muligheder<\/li>\n<li><strong>Emballage:<\/strong> 10 stk. pr. pakke<\/li>\n<\/ul>\n<h2>smagsvarianter<\/h2>\n<ol>\n<li>Jordb\u00e6r-is<\/li>\n<li>Kirseb\u00e6rcola<\/li>\n<li>Vandmelon-is<\/li>\n<li>Bl\u00e5 razz kirseb\u00e6r<\/li>\n<li>Jordb\u00e6r Kiwi<\/li>\n<li>Bl\u00e5b\u00e6r Hindb\u00e6r Kirseb\u00e6r<\/li>\n<li>Jordb\u00e6r-vandmelon-is<\/li>\n<li>Kiwi-vandmelon-is<\/li>\n<li>Blandede b\u00e6r<\/li>\n<li>Saftige ferskner<\/li>\n<li>Bl\u00e5b\u00e6r-is<\/li>\n<li>Bl\u00e5b\u00e6r Syrlig hindb\u00e6r<\/li>\n<li>Hvid fersken Razz<\/li>\n<li>Mango Passionsfrugt<\/li>\n<li>Fersken, mango og vandmelon<\/li>\n<li>Vandmelon Bubblegum<\/li>\n<li>Jordb\u00e6r-banan<\/li>\n<li>Dobbelt \u00e6ble<\/li>\n<li>Kiwi Passionsfrugt Guava<\/li>\n<li>Kirseb\u00e6rb\u00e6r<\/li>\n<\/ol>\n<h2>JNR Rage Gorilla 55000 \u2013 Ofte stillede sp\u00f8rgsm\u00e5l<\/h2>\n<p><strong>1. Hvor mange tr\u00e6k har JNR Rage Gorilla 55000?<\/strong><\/p>\n<p>Denne enhed leverer imponerende 55.000 sug og er dermed en af de mest holdbare engangs-vapes p\u00e5 markedet. Med sin gener\u00f8se 42 ml premium e-v\u00e6ske-kapacitet kan brugerne nyde lange damp-sessioner uden hyppige udskiftninger og f\u00e5r enest\u00e5ende v\u00e6rdi og komfort for daglige dampere.<\/p>\n<p><strong>2. Hvilken spole-teknologi bruger denne vape?<\/strong><\/p>\n<p>Enheden er udstyret med avanceret Dual Mesh Coil-teknologi, der sikrer en j\u00e6vn og aromatisk damp ved hvert sug. Dette Dual Mesh-design maksimerer kontakten med e-v\u00e6sken og varmeeffektiviteten og leverer overlegen smagskvalitet og dampproduktion gennem hele sin levetid.<\/p>\n<p><strong>3. Er JNR Rage Gorilla 55000 genopladelig?<\/strong><\/p>\n<p>Ja, denne model er fuldt genopladelig og udstyret med et kraftigt 950 mAh batteri. Den har praktisk Type-C-hurtigopladningsteknologi, der giver brugerne mulighed for at oplade hurtigt med minimal nedetid. Det genopladelige design sikrer, at du kan udnytte hver eneste dr\u00e5be af den 42 ml e-v\u00e6ske uden begr\u00e6nsninger fra batteriet.<\/p>\n<p><strong>4. Hvilken nikotinstyrke indeholder denne engangs-vape?<\/strong><\/p>\n<p>Produktet indeholder 2% nikotinstyrke og giver en tilfredsstillende, men alligevel mild damperfaring. Dette omhyggeligt kalibrerede nikotinniveau balancerer effektiv nikotinfrigivelse med smagskvalitet og g\u00f8r det velegnet til brugere, der foretr\u00e6kker en moderat nikotin koncentration, der er behagelig til l\u00e6ngere dampe-sessioner.<\/p>\n<p><strong>5. Har denne enhed en sk\u00e6rm?<\/strong><\/p>\n<p>Ja, den har en smart sk\u00e6rm, der g\u00f8r det nemt for brugerne at overv\u00e5ge b\u00e5de batterilevetiden og de resterende tr\u00e6k. Denne praktiske funktion giver dig bedre kontrol over din damperfaring og sikrer, at du altid ved, hvorn\u00e5r det er tid til at oplade eller udskifte enheden, hvilket eliminerer uventede afbrydelser.<\/p>\n<h2>Oplev flere JNR-produkter hos Apex Vape<\/h2>\n<p>JNR Rage Gorilla 55000 repr\u00e6senterer innovation og kvalitet p\u00e5 h\u00f8jeste niveau. Er du interesseret i flere premium-enheder? Gennemse vores <strong><a href=\"https:\/\/apexvape.de\/da\/\">Hjemmeside<\/a><\/strong> gennem vores omfattende sortiment af e-cigaretter og tilbeh\u00f8r. I vores specielle <strong><a href=\"https:\/\/apexvape.de\/da\/product-category\/jnr-vape\/\">JNR VAPE Kategori<\/a><\/strong> pr\u00e6senterer vi det komplette produktsortiment fra den popul\u00e6re JNR-serie med forskellige modeller, kapaciteter og smagsvarianter. Overbevis dig selv om den f\u00f8rsteklasses kvalitet, p\u00e5lidelige service og konkurrencedygtige priser for enkelt- og stork\u00f8b.<\/p>","protected":false},"excerpt":{"rendered":"<p>JNR Rage Gorilla 55000 Z\u00fcge er en premium engangs-vape med imponerende 55.000 sug og 42 ml e-v\u00e6ske-kapacitet. Dual-Mesh-Coil-teknologi sikrer intens smag, mens det smarte LED-display viser batteri og sug. Med 950 mAh genopladeligt batteri og Type-C hurtigopladning \u2013 perfekt til kr\u00e6vende dampere.<\/p>","protected":false},"featured_media":4852,"comment_status":"open","ping_status":"closed","template":"","meta":[],"product_brand":[],"product_cat":[77],"product_tag":[],"class_list":{"0":"post-4851","1":"product","2":"type-product","3":"status-publish","4":"has-post-thumbnail","6":"product_cat-jnr-vape","8":"first","9":"instock","10":"shipping-taxable","11":"purchasable","12":"product-type-variable"},"_links":{"self":[{"href":"https:\/\/apexvape.de\/da\/wp-json\/wp\/v2\/product\/4851","targetHints":{"allow":["GET"]}}],"collection":[{"href":"https:\/\/apexvape.de\/da\/wp-json\/wp\/v2\/product"}],"about":[{"href":"https:\/\/apexvape.de\/da\/wp-json\/wp\/v2\/types\/product"}],"replies":[{"embeddable":true,"href":"https:\/\/apexvape.de\/da\/wp-json\/wp\/v2\/comments?post=4851"}],"version-history":[{"count":0,"href":"https:\/\/apexvape.de\/da\/wp-json\/wp\/v2\/product\/4851\/revisions"}],"wp:featuredmedia":[{"embeddable":true,"href":"https:\/\/apexvape.de\/da\/wp-json\/wp\/v2\/media\/4852"}],"wp:attachment":[{"href":"https:\/\/apexvape.de\/da\/wp-json\/wp\/v2\/media?parent=4851"}],"wp:term":[{"taxonomy":"product_brand","embeddable":true,"href":"https:\/\/apexvape.de\/da\/wp-json\/wp\/v2\/product_brand?post=4851"},{"taxonomy":"product_cat","embeddable":true,"href":"https:\/\/apexvape.de\/da\/wp-json\/wp\/v2\/product_cat?post=4851"},{"taxonomy":"product_tag","embeddable":true,"href":"https:\/\/apexvape.de\/da\/wp-json\/wp\/v2\/product_tag?post=4851"}],"curies":[{"name":"wp","href":"https:\/\/api.w.org\/{rel}","templated":true}]}}