{"id":4750,"date":"2025-12-05T17:04:09","date_gmt":"2025-12-05T16:04:09","guid":{"rendered":"https:\/\/apexvape.de\/?post_type=product&#038;p=4750"},"modified":"2025-12-08T15:18:04","modified_gmt":"2025-12-08T14:18:04","slug":"jnr-falcon-pro-28000","status":"publish","type":"product","link":"https:\/\/apexvape.de\/da\/product\/jnr-falcon-pro-28000\/","title":{"rendered":"JNR Falcon Pro 28000 tr\u00e6k engangs-vape"},"content":{"rendered":"<h1>JNR Falcon Pro 28000 engangs-e-cigaret | Kraftfuld og autentisk smag<\/h1>\n<p>JNR Falcon Pro 28000 Puffs er det originale flagskibsmodel, der er udviklet til en j\u00e6vn, aromatisk og langvarig dampoplevelse. Med en imponerende kapacitet p\u00e5 op til 28.000 sug er dette kraftfulde device ideelt til brugere, der v\u00e6rds\u00e6tter udholdenhed, kvalitet og stil i et elegant device. Udstyret med 30 ml premium e-v\u00e6ske og 2 % nikotin sikrer Falcon Pro en ensartet og tilfredsstillende throat hit.<\/p>\n<p>Enheden har et dual mesh coil-system, der optimerer dampproduktionen og smagsrenheden og g\u00f8r hvert sug lige s\u00e5 intens og glat som det f\u00f8rste. Den avancerede coil-teknologi fungerer problemfrit sammen med den gener\u00f8se e-v\u00e6ske-kapacitet og leverer enest\u00e5ende ydeevne gennem hele enhedens levetid.<\/p>\n<p>Drevet af et p\u00e5lideligt 950 mAh-batteri med genopladningsfunktion tilbyder denne vape imponerende holdbarhed p\u00e5 en enkelt opladning og underst\u00f8tter Type-C-hurtigopladning for minimal nedetid. Det digitale LED-display informerer dig i realtid om batteri- og e-v\u00e6skestatus og giver dig sikkerhed og kontrol ved hver session, s\u00e5 du aldrig bliver overrasket.<\/p>\n<p>Med 20 unikke smagsvarianter er JNR Falcon Pro 28000 Puffs udviklet til at im\u00f8dekomme en bred vifte af smagspr\u00e6ferencer \u2013 uanset om du er p\u00e5 udkig efter noget frugtagtigt, iskoldt eller kraftigt. Dette omfattende udvalg af smagsvarianter sikrer, at der er noget for enhver damper, hvilket g\u00f8r det til et alsidigt valg for b\u00e5de begyndere og erfarne entusiaster.<\/p>\n<h2>Tekniske data:<\/h2>\n<ul>\n<li><strong>E-v\u00e6ske:<\/strong> 30 ml<\/li>\n<li><strong>Batterikapacitet:<\/strong> 950 mAh<\/li>\n<li><strong>Maksimale tr\u00e6k:<\/strong> 28.000 pust<\/li>\n<li><strong>Nikotinstyrke:<\/strong> 2 % (20 mg)<\/li>\n<li><strong>Spole:<\/strong> Dual 1,0 \u03a9 mesh-coils for smidige og smagfulde drag<\/li>\n<li><strong>Smart Display:<\/strong> Digital display<\/li>\n<li><strong>Dual Mesh Coil-teknologi<\/strong><\/li>\n<li><strong>Opladning:<\/strong> USB Type-C<\/li>\n<li><strong>MTL-dampning<\/strong> (Mund-til-lunge)<\/li>\n<\/ul>\n<h2>Smagsvarianter:<\/h2>\n<ol>\n<li>Strawberry Ice (jordb\u00e6ris)<\/li>\n<li>Cherry Cola (kirseb\u00e6rcola)<\/li>\n<li>Watermelon Ice (Vandmelon-is)<\/li>\n<li>Blue Razz Cherry (bl\u00e5 hindb\u00e6r-kirseb\u00e6r)<\/li>\n<li>Jordb\u00e6r-kiwi<\/li>\n<li>Bl\u00e5b\u00e6r, hindb\u00e6r og kirseb\u00e6r (Blueberry Raspberry Cherry)<\/li>\n<li>Strawberry Watermelon Ice (jordb\u00e6r-vandmelon-is)<\/li>\n<li>Kiwi Watermelon Ice (kiwi-vandmelon-is)<\/li>\n<li>Blandede b\u00e6r<\/li>\n<li>Juicy Peaches (Saftige ferskner)<\/li>\n<li>Blueberry Ice (bl\u00e5b\u00e6ris)<\/li>\n<li>Blueberry Sour Raspberry (bl\u00e5b\u00e6r-sur hindb\u00e6r)<\/li>\n<li>White Peach Razz (Hvid fersken-hindb\u00e6r)<\/li>\n<li>Mango Passion Fruit (Mango-Passionsfrugt)<\/li>\n<li>Peach Mango Watermelon (fersken-mango-vandmelon)<\/li>\n<li>Watermelon Bubblegum (vandmelon-tyggegummi)<\/li>\n<li>Strawberry Banana (jordb\u00e6r-banan)<\/li>\n<li>Double Apple (Dobbelt \u00e6ble)<\/li>\n<li>Kiwi Passion Guava (kiwi-passionsfrugt-guave)<\/li>\n<li>Cherry Berry (kirseb\u00e6r-b\u00e6r)<\/li>\n<\/ol>\n<h2>Ofte stillede sp\u00f8rgsm\u00e5l \u2013 JNR Falcon Pro 28000 Puffs<\/h2>\n<p><strong>1. Hvor mange tr\u00e6k tilbyder JNR Falcon Pro 28000?<\/strong><\/p>\n<p>Denne enhed leverer op til 28.000 sug og er dermed en af de mest holdbare engangs-e-cigaretter p\u00e5 markedet. Den enorme sugkapacitet er ideel for brugere, der s\u00f8ger udholdenhed og v\u00e6rdi uden hyppige udskiftninger.<\/p>\n<p><strong>2. Hvor stor er e-v\u00e6skekapaciteten, og hvilken nikotinstyrke har enheden?<\/strong><\/p>\n<p>Enheden er forudfyldt med 30 ml premium e-v\u00e6ske og har en nikotinstyrke p\u00e5 2 % (20 mg\/ml). Denne gener\u00f8se kapacitet i kombination med den optimale nikotinstyrke sikrer en ensartet og tilfredsstillende throat hit gennem hele levetiden.<\/p>\n<p><strong>3. Hvilket coilsystem bruger JNR Falcon Pro 28000?<\/strong><\/p>\n<p>Den har et avanceret Dual Mesh Coil-system, der optimerer b\u00e5de dampproduktionen og smagens renhed. Denne teknologi sikrer, at hvert sug er lige s\u00e5 intens og bl\u00f8dt som det f\u00f8rste og leverer enest\u00e5ende ydeevne fra start til slut.<\/p>\n<p><strong>4. Hvor lang tid holder batteriet, og hvilke opladningsmuligheder er der?<\/strong><\/p>\n<p>Enheden drives af et p\u00e5lideligt 950 mAh-batteri med genopladningsfunktion, der giver imponerende lang levetid p\u00e5 en enkelt opladning. Den underst\u00f8tter Type-C-hurtigopladning for minimal nedetid, og det digitale LED-display viser batteristatus i realtid, s\u00e5 du altid er informeret.<\/p>\n<p><strong>5. Hvor mange smagsvarianter findes der til JNR Falcon Pro 28000?<\/strong><\/p>\n<p>Der er 20 unikke smagsvarianter til r\u00e5dighed, s\u00e5 der er noget for enhver smag. Uanset om du er p\u00e5 udkig efter noget frugtagtigt, iskoldt eller kraftigt, s\u00e5 er der med dette omfattende udvalg af smagsvarianter noget for enhver damper, fra begyndere til erfarne entusiaster.<\/p>\n<h2>Om Apex Vape<\/h2>\n<p>Oplev JNR Falcon Pro 28000 og andre premiumprodukter hos <strong><a href=\"https:\/\/apexvape.de\/da\/\">Apex Vape<\/a><\/strong> \u2013 Din p\u00e5lidelige onlinebutik for h\u00f8jkvalitets e-cigaretter og vaping-tilbeh\u00f8r i Tyskland. Hvis du er p\u00e5 udkig efter innovative engangs-e-cigaretter med fremragende ydeevne, s\u00e5 bes\u00f8g vores <strong><a href=\"https:\/\/apexvape.de\/da\/product-category\/jnr-vape\/\">JNR VAPE Kategori<\/a><\/strong> og find det perfekte produkt til dine individuelle behov. Hos Apex Vape tilbyder vi et stort udvalg af f\u00f8rsteklasses vaping-produkter, hurtig levering og fremragende kundeservice for en tilfredsstillende k\u00f8bsoplevelse.<\/p>","protected":false},"excerpt":{"rendered":"<p class=\"font-claude-response-body break-words whitespace-normal\">JNR Falcon Pro 28000 Puffs kombinerer ydeevne og elegance. Med 30 ml e-v\u00e6ske, dobbelt mesh-spole og 950 mAh batteri leverer den 28.000 drag med intens smag. Det smarte LED-display viser batteri- og v\u00e6skestand, og Type-C hurtigopladning sikrer korte opladningstider. 20 premium-smagsvarianter med 2% nikotin \u2013 kvalitet m\u00f8der udholdenhed.<\/p>","protected":false},"featured_media":4751,"comment_status":"open","ping_status":"closed","template":"","meta":[],"product_brand":[],"product_cat":[77],"product_tag":[],"class_list":{"0":"post-4750","1":"product","2":"type-product","3":"status-publish","4":"has-post-thumbnail","6":"product_cat-jnr-vape","8":"first","9":"instock","10":"shipping-taxable","11":"purchasable","12":"product-type-variable"},"_links":{"self":[{"href":"https:\/\/apexvape.de\/da\/wp-json\/wp\/v2\/product\/4750","targetHints":{"allow":["GET"]}}],"collection":[{"href":"https:\/\/apexvape.de\/da\/wp-json\/wp\/v2\/product"}],"about":[{"href":"https:\/\/apexvape.de\/da\/wp-json\/wp\/v2\/types\/product"}],"replies":[{"embeddable":true,"href":"https:\/\/apexvape.de\/da\/wp-json\/wp\/v2\/comments?post=4750"}],"version-history":[{"count":0,"href":"https:\/\/apexvape.de\/da\/wp-json\/wp\/v2\/product\/4750\/revisions"}],"wp:featuredmedia":[{"embeddable":true,"href":"https:\/\/apexvape.de\/da\/wp-json\/wp\/v2\/media\/4751"}],"wp:attachment":[{"href":"https:\/\/apexvape.de\/da\/wp-json\/wp\/v2\/media?parent=4750"}],"wp:term":[{"taxonomy":"product_brand","embeddable":true,"href":"https:\/\/apexvape.de\/da\/wp-json\/wp\/v2\/product_brand?post=4750"},{"taxonomy":"product_cat","embeddable":true,"href":"https:\/\/apexvape.de\/da\/wp-json\/wp\/v2\/product_cat?post=4750"},{"taxonomy":"product_tag","embeddable":true,"href":"https:\/\/apexvape.de\/da\/wp-json\/wp\/v2\/product_tag?post=4750"}],"curies":[{"name":"wp","href":"https:\/\/api.w.org\/{rel}","templated":true}]}}