{"id":2743,"date":"2025-11-23T10:35:05","date_gmt":"2025-11-23T09:35:05","guid":{"rendered":"https:\/\/apexvape.de\/?post_type=product&#038;p=2743"},"modified":"2025-11-23T10:36:18","modified_gmt":"2025-11-23T09:36:18","slug":"waspe-crystal-40000","status":"publish","type":"product","link":"https:\/\/apexvape.de\/da\/product\/waspe-crystal-40000\/","title":{"rendered":"Waspe Crystal 40000 Puffs engangs-vape"},"content":{"rendered":"<h2>Waspe Crystal 40000 Puffs | Dobbelt smag genopladelig engangs-e-cigaret engros<\/h2>\n<p>De <strong>Waspe Crystal 40000 40K Puffs Dual Flavors engangs-e-cigaret<\/strong> tilbyder 40.000 sug, 32 ml e-v\u00e6ske og et dobbelt mesh-coil-system (0,9 \u03a9) for intens smag og bl\u00f8d damp. Med et 850 mAh genopladeligt batteri, type C-hurtigopladning og et innovativt dobbelt smagssystem tilbyder den en behagelig og individuelt tilpasselig damperfaring. Det intelligente LED-display viser batteriniveauet og e-v\u00e6ske-niveauet i realtid, mens det kompakte design g\u00f8r den perfekt til rejser. V\u00e6lg mellem 12 unikke smagsvarianter for en personlig dampoplevelse.<\/p>\n<h3>Waspe Crystal 40000 Puffs Produktets h\u00f8jdepunkter:<\/h3>\n<p>Waspe Crystal 40000 40K Puffs engangs-e-cigaret overbeviser med sin ekstraordin\u00e6re alsidighed med nikotinindhold p\u00e5 0 %, 2 % eller 5 %, s\u00e5 du kan v\u00e6lge din ideelle styrke. Med op til 40.000 sug garanterer denne enhed ekstremt langvarig nydelse takket v\u00e6re det innovative Dual-Flavor-system, der giver dig mulighed for at skifte mellem to forskellige smagsvarianter og dermed s\u00f8rger for ekstra variation og sp\u00e6nding.<\/p>\n<p>Takket v\u00e6re den avancerede dobbelte 0,9 \u03a9 mesh-coil-teknologi producerer Waspe Crystal 40000 bl\u00f8d damp og intensiveret smag ved hvert sug. Den gener\u00f8se e-v\u00e6ske-kapacitet p\u00e5 32 ml minimerer hyppig genopfyldning, mens det genopladelige 850 mAh-batteri leverer konstant ydelse under l\u00e6ngere sessioner. Type C-hurtigopladning sikrer hurtig og effektiv opladning, n\u00e5r det er n\u00f8dvendigt.<\/p>\n<p>Det intelligente LED-display giver mulighed for overv\u00e5gning af batteri- og e-v\u00e6ske niveau i realtid for nem kontrol, mens 12 l\u00e6kre smagsvarianter im\u00f8dekommer de mest forskelligartede smagspr\u00e6ferencer. Det lette og b\u00e6rbare design g\u00f8r den perfekt til dampning p\u00e5 farten og passer nemt i din taske.<\/p>\n<p>Waspe Crystal 40000 leveres i handelsvenlige \u00e6sker med 10 stk. i hver og er ideel til stork\u00f8b og detailhandel. V\u00e6lg dette innovative produkt for en smagfuld, tilpasselig og ukompliceret vaping-oplevelse, der kombinerer ydeevne, komfort og stil.<\/p>\n<h3>Tekniske data:<\/h3>\n<ul>\n<li><strong>Nikotin:<\/strong> 0 % \/ 2 % \/ 5 %<\/li>\n<li><strong>Tog:<\/strong> 40.000 pust<\/li>\n<li><strong>E-v\u00e6ske-kapacitet:<\/strong> 32 ml<\/li>\n<li>Dobbelt 0,9 ohm mesh-coils for bl\u00f8de, smagsintensive drag<\/li>\n<li>Type-C genopladelig til hurtig opladning<\/li>\n<li>850 mAh genopladeligt batteri<\/li>\n<li>Intelligent LED-display viser batteriniveau og e-v\u00e6ske-niveau<\/li>\n<li>Dobbelt smagsoplevelse<\/li>\n<li>12 smagsvarianter at v\u00e6lge imellem<\/li>\n<\/ul>\n<h3>Waspe Crystal 40000 Puffs Smagsliste:<\/h3>\n<ol>\n<li>Vandmelon Ice \/ Citron-lime<\/li>\n<li>Red Bull Ice \/ Jordb\u00e6r-Mango<\/li>\n<li>Jordb\u00e6r Red Bull \/ Bl\u00e5b\u00e6r-kirseb\u00e6r<\/li>\n<li>Bl\u00e5b\u00e6r-karamel \/ Jordb\u00e6r-vandmelon<\/li>\n<li>Jordb\u00e6r-kiwi \/ Jordb\u00e6r-kirseb\u00e6r<\/li>\n<li>Bl\u00e5b\u00e6r-hindb\u00e6r \/ fersken-b\u00e6r-is<\/li>\n<li>Jordb\u00e6r-hindb\u00e6r-kirseb\u00e6r \/ Love 666<\/li>\n<li>Ferskenis \/ Vandmelon-mango-fersken<\/li>\n<li>Jordb\u00e6r-banan \/ Ananas-kokosn\u00f8d-is<\/li>\n<li>Drueis \/ Sort drageis<\/li>\n<li>Blandede b\u00e6r \/ hindb\u00e6rlimonade<\/li>\n<li>Bl\u00e5b\u00e6r-is \/ Kirseb\u00e6r-cola-is<\/li>\n<\/ol>\n<h3>Ofte stillede sp\u00f8rgsm\u00e5l:<\/h3>\n<p><strong>F: Hvad er Dual Flavor-systemet, og hvordan fungerer det?<\/strong><br \/>\nA: Dual-Flavor-systemet giver dig mulighed for at skifte mellem to forskellige, forudfyldte smagsvarianter i samme enhed og tilbyder dermed en individuel og varieret dampoplevelse uden behov for en ekstra enhed.<\/p>\n<p><strong>F: Hvorfor er dobbelte mesh-coils bedre for smagen?<\/strong><br \/>\nA: Dobbelt 0,9 \u03a9 mesh-coils giver en st\u00f8rre overflade til opvarmning af e-v\u00e6sken. Dette resulterer i bl\u00f8dere damp, mere intens smag og st\u00f8rre konsistens og eliminerer den t\u00f8rre eller br\u00e6ndte smag, der ofte forekommer ved standard-coils.<\/p>\n<p><strong>Sp\u00f8rgsm\u00e5l: Hvor l\u00e6nge holder WASPE Crystal 40000?<\/strong><br \/>\nA: Enheden er designet til op til 40.000 sug. Den faktiske levetid varierer afh\u00e6ngigt af individuelle vaner, men er designet til at holde betydeligt l\u00e6ngere end traditionelle engangs-e-cigaretter.<\/p>\n<h3 class=\"font-claude-response-body whitespace-normal break-words\"><strong>Om Apex Vape \u2013 din p\u00e5lidelige partner for premium e-cigaretter:<\/strong><\/h3>\n<p class=\"font-claude-response-body whitespace-normal break-words\">Oplev Waspe Crystal 40000 og andre h\u00f8jkvalitets vaping-produkter hos <strong><a class=\"underline\" href=\"https:\/\/apexvape.de\/da\/\">Apex Vape<\/a><\/strong>, din f\u00f8rende onlinebutik for e-cigaretter og tilbeh\u00f8r til dampere i Tyskland. I vores omfattende <strong><a class=\"underline\" href=\"https:\/\/apexvape.de\/da\/product-category\/waspe-vape\/\">WASPE VAPE Kategori<\/a><\/strong> Find de nyeste modeller og innovative enheder fra m\u00e6rket WASPE til attraktive engrospriser. Nyd godt af hurtig levering, f\u00f8rsteklasses kundeservice og et bredt udvalg af premium-produkter for enhver smag. Bestil din Waspe Crystal 40000 i dag og oplev dampnydelse p\u00e5 h\u00f8jeste niveau!<\/p>","protected":false},"excerpt":{"rendered":"<p class=\"font-claude-response-body whitespace-normal break-words\">Waspe Crystal 40000 Puffs engangs-e-cigaret overbeviser med sit Dual-Flavor-system, der g\u00f8r det muligt at skifte mellem to smagsvarianter. Dobbelt mesh-coils (0,9 \u03a9), 32 ml e-v\u00e6ske, 850 mAh batteri med type C-hurtigopladning og LED-display. F\u00e5s i 0%, 2% eller 5% nikotin med 12 smagsvarianter at v\u00e6lge imellem.<\/p>","protected":false},"featured_media":2783,"comment_status":"open","ping_status":"closed","template":"","meta":[],"product_brand":[],"product_cat":[75],"product_tag":[],"class_list":{"0":"post-2743","1":"product","2":"type-product","3":"status-publish","4":"has-post-thumbnail","6":"product_cat-waspe-vape","8":"first","9":"instock","10":"shipping-taxable","11":"purchasable","12":"product-type-variable"},"_links":{"self":[{"href":"https:\/\/apexvape.de\/da\/wp-json\/wp\/v2\/product\/2743","targetHints":{"allow":["GET"]}}],"collection":[{"href":"https:\/\/apexvape.de\/da\/wp-json\/wp\/v2\/product"}],"about":[{"href":"https:\/\/apexvape.de\/da\/wp-json\/wp\/v2\/types\/product"}],"replies":[{"embeddable":true,"href":"https:\/\/apexvape.de\/da\/wp-json\/wp\/v2\/comments?post=2743"}],"version-history":[{"count":0,"href":"https:\/\/apexvape.de\/da\/wp-json\/wp\/v2\/product\/2743\/revisions"}],"wp:featuredmedia":[{"embeddable":true,"href":"https:\/\/apexvape.de\/da\/wp-json\/wp\/v2\/media\/2783"}],"wp:attachment":[{"href":"https:\/\/apexvape.de\/da\/wp-json\/wp\/v2\/media?parent=2743"}],"wp:term":[{"taxonomy":"product_brand","embeddable":true,"href":"https:\/\/apexvape.de\/da\/wp-json\/wp\/v2\/product_brand?post=2743"},{"taxonomy":"product_cat","embeddable":true,"href":"https:\/\/apexvape.de\/da\/wp-json\/wp\/v2\/product_cat?post=2743"},{"taxonomy":"product_tag","embeddable":true,"href":"https:\/\/apexvape.de\/da\/wp-json\/wp\/v2\/product_tag?post=2743"}],"curies":[{"name":"wp","href":"https:\/\/api.w.org\/{rel}","templated":true}]}}