{"id":2612,"date":"2025-11-23T10:13:15","date_gmt":"2025-11-23T09:13:15","guid":{"rendered":"https:\/\/apexvape.de\/?post_type=product&#038;p=2612"},"modified":"2025-11-23T10:13:40","modified_gmt":"2025-11-23T09:13:40","slug":"waspe-aiviou-40000","status":"publish","type":"product","link":"https:\/\/apexvape.de\/da\/product\/waspe-aiviou-40000\/","title":{"rendered":"WASPE AIVIOU 40000 Puffs Engangs-vape"},"content":{"rendered":"<h2>WASPE AIVIOU 40000 sug | 36 ml, dobbelt mesh, 0%-5% nikotin, dobbelt aroma, engangs-e-cigaret<\/h2>\n<p>WASPE AIVIOU 40000-tr\u00e6k engangs-e-cigaret med dobbelt aroma har en branchef\u00f8rende kapacitet p\u00e5 40.000 tr\u00e6k. Det innovative dobbeltaromasystem g\u00f8r det muligt at skifte \u00f8jeblikkeligt mellem to forskellige smagsvarianter ud af 20 aromaer. Det intelligente LCD-display giver information i realtid om batteriniveau og e-v\u00e6ske-niveau, mens dobbelt-mesh-coils sikrer intens smagsudvikling. Drevet af et 850 mAh genopladeligt batteri med type C-opladning og f\u00e5s i nikotinstyrker 0%\/2%\/5%.<\/p>\n<h3>WASPE AIVIOU 40000 tr\u00e6k H\u00f8jdepunkter:<\/h3>\n<p>WASPE 40000 40K-tr\u00e6k engangs-e-cigaret er et topmoderne produkt til dampere, der s\u00f8ger innovation og enest\u00e5ende ydeevne. Med op til 40.000 tr\u00e6k og dobbelte 0,9 Ohm mesh-coils garanterer den bl\u00f8d, aromatisk dampproduktion med en tilfredsstillende throat hit-effekt. De dobbelte coils sikrer, at hvert sug er fyldigt og fyldigt og forbedrer din damperfaring.<\/p>\n<p>Med en gener\u00f8s e-v\u00e6ske-kapacitet p\u00e5 36 ml og et genopladeligt batteri p\u00e5 850 mAh giver denne e-cigaret lange damp-sessioner uden hyppige genopfyldninger eller opladningsafbrydelser. Type-C-hurtigopladning sikrer hurtig og bekvem opladning, s\u00e5 du altid er klar til brug. Det intelligente LED-display giver realtidsopdateringer om batteriniveau og e-v\u00e6ske-niveau, s\u00e5 du altid er informeret om din enheds status.<\/p>\n<p>Dual-Aroma-funktionen giver dig mulighed for at skifte mellem to forskellige smagsvarianter og tilbyder en individuelt tilpasselig damperfaring med uendelige muligheder. WASPE 40000 f\u00e5s i nikotinstyrker p\u00e5 0%, 2% og 5% og henvender sig b\u00e5de til lejlighedsvise dampere og erfarne brugere med 20 forskellige aromaer for enhver smag.<\/p>\n<h3>Tekniske data:<\/h3>\n<ul>\n<li><strong>Nikotin:<\/strong> 0%\/2%\/5%<\/li>\n<li><strong>Tog:<\/strong> 40.000 tog<\/li>\n<li><strong>E-v\u00e6ske-kapacitet:<\/strong> 36 ml<\/li>\n<li>Dobbelt 0,9 Ohm mesh-coils for bl\u00f8de, aromatiske drag<\/li>\n<li>Type-C genopladelig til hurtig opladning<\/li>\n<li>850 mAh genopladeligt batteri<\/li>\n<li>Intelligent LED-display viser batteriniveau og e-v\u00e6ske-niveau<\/li>\n<li>Dobbelt aromaoplevelse<\/li>\n<li>20 smagsvarianter at v\u00e6lge imellem<\/li>\n<\/ul>\n<h3>WASPE AIVIOU 40000 tr\u00e6k Aromaliste:<\/h3>\n<ol>\n<li>Vandmelon-is\/citron-lime<\/li>\n<li>Prickelnde Kirsche Eis\/Blaubeere Zuckerwatte<\/li>\n<li>Jordb\u00e6r Vandmelon\/Bl\u00e5b\u00e6r Hindb\u00e6r<\/li>\n<li>Red Bull Is\/Jordb\u00e6r Mango<\/li>\n<li>Ferskenis\/ananas Mango Fersken<\/li>\n<li>Drueis\/jordb\u00e6r Kiwi<\/li>\n<li>Blandede b\u00e6r\/dobbelt \u00e6bleis<\/li>\n<li>Blue Razz Limonade\/Vandmelon Tyggegummi<\/li>\n<li>Jordb\u00e6r Hindb\u00e6r Kirseb\u00e6r\/Love 666<\/li>\n<li>Jordb\u00e6r Banan\/ananas Kokosn\u00f8d Is<\/li>\n<li>Jordb\u00e6r Vandmelon Tyggegummi\/Blandede frugter<\/li>\n<li>Kirseb\u00e6r-cola-is\/jordb\u00e6r-hindb\u00e6r-slik<\/li>\n<li>Sur \u00e6ble hindb\u00e6r\/jordb\u00e6r Big Bang<\/li>\n<li>Fersken B\u00e6r\/Vandmelon Mango Fersken<\/li>\n<li>Bl\u00e5b\u00e6ris\/Black Dragon-is<\/li>\n<li>Jordb\u00e6r Kirseb\u00e6r\/Kiwi Passionsfrugt<\/li>\n<li>Gummibamser\/jordb\u00e6rcola<\/li>\n<li>Banan-ananas-is\/Red Bull-is<\/li>\n<li>Red Bull Jordb\u00e6r\/Solb\u00e6r Is<\/li>\n<li>Triple melon is\/hindb\u00e6r vandmelon<\/li>\n<\/ol>\n<h3>Ofte stillede sp\u00f8rgsm\u00e5l (FAQ)<\/h3>\n<p><strong>Sp\u00f8rgsm\u00e5l: Hvordan skifter jeg mellem de to smagsvarianter p\u00e5 WASPE 40000?<\/strong><\/p>\n<p>A: Det \u00f8verste mundstykke kan skubbes til venstre og h\u00f8jre. Den venstre side er den f\u00f8rste aroma, og den h\u00f8jre side er den anden aroma. Du kan til enhver tid skifte til den \u00f8nskede aroma ved at skubbe det \u00f8verste mundstykke til venstre eller h\u00f8jre.<\/p>\n<p><strong>Sp\u00f8rgsm\u00e5l: Hvor l\u00e6nge holder 850 mAh-batteriet i WASPE 40K e-cigaretten?<\/strong><\/p>\n<p>A: Batteriets levetid varierer afh\u00e6ngigt af brugen. Det genopladelige Type-C-batteri kan genoplades flere gange og sikrer, at det er tilstr\u00e6kkeligt til hele 36 ml e-v\u00e6skekapacitet.<\/p>\n<p><strong>Sp\u00f8rgsm\u00e5l: Hvad viser LED-displayet p\u00e5 WASPE engangs-e-cigaretten 40K tr\u00e6k?<\/strong><\/p>\n<p>A: LED-displayet viser tydeligt den resterende batteriniveau og hvilken af de to aromaer der aktuelt er valgt til dampning.<\/p>\n<h3>Oplev mere hos Apex Vape<\/h3>\n<p>Leder du efter e-cigaretter og vape-produkter af h\u00f8j kvalitet? Bes\u00f8g <strong><a href=\"https:\/\/apexvape.de\/da\/\">Apex Vape<\/a><\/strong>, din p\u00e5lidelige onlinebutik for premium-dampeprodukter i Tyskland. WASPE AIVIOU 40000 tr\u00e6k er en del af vores omfattende <strong><a href=\"https:\/\/apexvape.de\/da\/product-category\/waspe-vape\/\">WASPE VAPE-kollektion<\/a><\/strong>, der tilbyder innovative engangs-e-cigaretter med den nyeste teknologi. Oplev flere WASPE-modeller og nyd godt af hurtig levering, autentiske produkter og f\u00f8rsteklasses kundeservice. Uanset om du er nybegynder eller erfaren damper, finder du den perfekte e-cigaret til dine behov hos Apex Vape.<\/p>","protected":false},"excerpt":{"rendered":"<p class=\"font-claude-response-body whitespace-normal break-words\">WASPE AIVIOU 40000 tr\u00e6k engangs-e-cigaret imponerer med et innovativt dobbelt aromasystem, der giver mulighed for at skifte mellem 20 smagsvarianter. Dual-Mesh-Coils, 36 ml e-v\u00e6ske, 850 mAh batteri med Type-C-opladning og LCD-display til batteri- og v\u00e6skestand. F\u00e5s i 0%, 2% eller 5% nikotin.<\/p>","protected":false},"featured_media":2676,"comment_status":"open","ping_status":"closed","template":"","meta":[],"product_brand":[],"product_cat":[75],"product_tag":[],"class_list":{"0":"post-2612","1":"product","2":"type-product","3":"status-publish","4":"has-post-thumbnail","6":"product_cat-waspe-vape","8":"first","9":"instock","10":"shipping-taxable","11":"purchasable","12":"product-type-variable"},"_links":{"self":[{"href":"https:\/\/apexvape.de\/da\/wp-json\/wp\/v2\/product\/2612","targetHints":{"allow":["GET"]}}],"collection":[{"href":"https:\/\/apexvape.de\/da\/wp-json\/wp\/v2\/product"}],"about":[{"href":"https:\/\/apexvape.de\/da\/wp-json\/wp\/v2\/types\/product"}],"replies":[{"embeddable":true,"href":"https:\/\/apexvape.de\/da\/wp-json\/wp\/v2\/comments?post=2612"}],"version-history":[{"count":0,"href":"https:\/\/apexvape.de\/da\/wp-json\/wp\/v2\/product\/2612\/revisions"}],"wp:featuredmedia":[{"embeddable":true,"href":"https:\/\/apexvape.de\/da\/wp-json\/wp\/v2\/media\/2676"}],"wp:attachment":[{"href":"https:\/\/apexvape.de\/da\/wp-json\/wp\/v2\/media?parent=2612"}],"wp:term":[{"taxonomy":"product_brand","embeddable":true,"href":"https:\/\/apexvape.de\/da\/wp-json\/wp\/v2\/product_brand?post=2612"},{"taxonomy":"product_cat","embeddable":true,"href":"https:\/\/apexvape.de\/da\/wp-json\/wp\/v2\/product_cat?post=2612"},{"taxonomy":"product_tag","embeddable":true,"href":"https:\/\/apexvape.de\/da\/wp-json\/wp\/v2\/product_tag?post=2612"}],"curies":[{"name":"wp","href":"https:\/\/api.w.org\/{rel}","templated":true}]}}