{"id":2517,"date":"2025-11-22T15:00:35","date_gmt":"2025-11-22T14:00:35","guid":{"rendered":"https:\/\/apexvape.de\/?post_type=product&#038;p=2517"},"modified":"2025-11-22T15:00:58","modified_gmt":"2025-11-22T14:00:58","slug":"fumot-leopard-40000","status":"publish","type":"product","link":"https:\/\/apexvape.de\/da\/product\/fumot-leopard-40000\/","title":{"rendered":"Fumot Leopard 40000 sug engangs-vape"},"content":{"rendered":"<h2>Fumot Leopard 40000 | 40.000 sug RGB Dual-Mesh e-cigaret i engroshandel<\/h2>\n<p>Fumot Leopard 40000 engangs-e-cigaretten giver op til 40.000 drag med bl\u00f8d, aromatisk damp. Med dobbelt mesh-coils for intens smag kan du v\u00e6lge mellem nikotinstyrker p\u00e5 2 %, 3 % eller 5 %. 700 mAh-batteriet sikrer langvarig ydeevne, og type C-opladningsporten muligg\u00f8r hurtig opladning. Derudover holder det digitale display dig opdateret om e-v\u00e6ske- og batteriniveau.<\/p>\n<h3>Fumot Leopard 40000 tr\u00e6k H\u00f8jdepunkter:<\/h3>\n<p>Fumot Leopard 40000 kombinerer ydeevne og stil i en h\u00f8jtydende engangs-e-cigaret, der leverer utrolige 40.000 sug. Den er designet til seri\u00f8s ydeevne og har et dual-mesh-coil-system, der leverer en konstant intens smag og bl\u00f8d damp fra f\u00f8rste til sidste sug. F\u00e5s i nikotinstyrkerne 2 %, 3 % og 5 %, s\u00e5 enheden kan tilpasses dine personlige pr\u00e6ferencer og din dampstil.<\/p>\n<p>Leopard 40000 drives af et 700 mAh batteri med opladningsfunktion, der leverer konstant ydelse under dine dampesessioner. Takket v\u00e6re hurtig Type-C-opladning kan du hurtigt oplade og forts\u00e6tte med at dampe med minimal nedetid, s\u00e5 du aldrig er uden din enhed i l\u00e6ngere tid.<\/p>\n<p>Det, der g\u00f8r denne e-cigaret speciel, er dens i\u00f8jnefaldende RGB-rotationslys, der giver hvert sug et levende visuelt element. Det digitale r\u00f8rdisplay informerer dig med realtidsopdateringer om e-v\u00e6ske- og batteriniveau og giver dig fuld kontrol over din damperfaring. Du ved altid pr\u00e6cis, hvorn\u00e5r det er tid til at oplade eller n\u00e5r e-v\u00e6sken er ved at l\u00f8be t\u00f8r.<\/p>\n<p>Fumot Leopard 40000 f\u00e5s i 25 l\u00e6kre smagsvarianter og er praktisk pakket med 10 stk. pr. pakke. Den er designet til dampere, der v\u00e6rds\u00e6tter b\u00e5de stil og substans. Med et markant design, kraftfulde tr\u00e6k og intelligente overv\u00e5gningsfunktioner tilbyder denne enhed en ekstraordin\u00e6r damperfaring, der giver dig kontrol fra start til slut.<\/p>\n<h3>Produktspecifikationer:<\/h3>\n<ul>\n<li><strong>Tog:<\/strong> Op til 40.000<\/li>\n<li><strong>Nikotin:<\/strong> 2 % \/ 3 % \/ 5 %<\/li>\n<li><strong>Batteri:<\/strong> 700 mAh genopladelig<\/li>\n<li><strong>Spole:<\/strong> Dobbelt mesh-spole<\/li>\n<li><strong>Opladning:<\/strong> Type C<\/li>\n<li><strong>Belysning:<\/strong> RGB-rotationslys<\/li>\n<li><strong>Display:<\/strong> Digital visning af e-v\u00e6ske- og batteriniveau<\/li>\n<li><strong>Emballage:<\/strong> 10 stk.\/pakke<\/li>\n<li><strong>Smagsvarianter:<\/strong> 25 muligheder<\/li>\n<\/ul>\n<h3>Smagsliste:<\/h3>\n<ol>\n<li>Blandede b\u00e6r<\/li>\n<li>Bl\u00e5b\u00e6r Hindb\u00e6r<\/li>\n<li>Jordb\u00e6r Vandmelon<\/li>\n<li>Jordb\u00e6r-is<\/li>\n<li>Kirseb\u00e6r Ice<\/li>\n<li>Vandmelon-is<\/li>\n<li>Kiwi Passionsfrugt Guave<\/li>\n<li>Dr. Blue<\/li>\n<li>Bl\u00e5b\u00e6r p\u00e5 is<\/li>\n<li>Ferskenb\u00e6r<\/li>\n<li>Pink limonade<\/li>\n<li>Jordb\u00e6r Banan<\/li>\n<li>Vandmelon tyggegummi<\/li>\n<li>Fersken Mango Ananas<\/li>\n<li>Sort drageis<\/li>\n<li>Bl\u00e5b\u00e6r Kirseb\u00e6r Traneb\u00e6r<\/li>\n<li>Blue Razz vingummibamser<\/li>\n<li>Bromb\u00e6r R\u00f8d hindb\u00e6r<\/li>\n<li>Gr\u00f8n \u00e6ble Fersken<\/li>\n<li>Ny bl\u00e5 kirseb\u00e6r-traneb\u00e6r<\/li>\n<li>Passionsfrugt Kiwi<\/li>\n<li>Mango Passionsfrugt<\/li>\n<li>Bl\u00e5 razz kirseb\u00e6r<\/li>\n<li>Kirseb\u00e6r Vandmelon Freeze<\/li>\n<li>Bl\u00e5b\u00e6r Granat\u00e6ble Is<\/li>\n<\/ol>\n<h3>Ofte stillede sp\u00f8rgsm\u00e5l (FAQ):<\/h3>\n<p><strong>F1: Hvor mange sug har Fumot Leopard 40000 sug e-cigaretten?<\/strong><br \/>\nA1: Fumot Leopard 40000-tr\u00e6k e-cigaretten tilbyder op til 40.000 tr\u00e6k og er dermed en af de mest holdbare engangs-e-cigaretter p\u00e5 markedet.<\/p>\n<p><strong>F2: Hvad g\u00f8r Fumot Leopard 40k E-cigaret anderledes end andre?<\/strong><br \/>\nA2: Fumot Leopard 40k-toget er kendetegnet ved sit RGB-rotationslys, digitale e-v\u00e6ske- og batteridisplay, dobbelt mesh-spole og et genopladeligt 700 mAh-batteri.<\/p>\n<p><strong>F3: Er 40k e-cigaretten genopladelig?<\/strong><br \/>\nA3: Ja, denne 40k e-cigaret har et type C-batteri med opladningsfunktion, der g\u00f8r det nemt og hurtigt at oplade den.<\/p>\n<h3>Oplev mere FUMOT VAPE hos apexvape<\/h3>\n<p>Oplev Fumot Leopard 40000 og andre premium e-cigaretter hos <strong><a href=\"https:\/\/apexvape.de\/da\/\">Apex Vape<\/a><\/strong>, din p\u00e5lidelige partner for h\u00f8jkvalitets vape-produkter i engroshandel. I vores omfattende <strong><a href=\"https:\/\/apexvape.de\/da\/product-category\/fumot-vape\/\">FUMOT VAPE Kategori<\/a><\/strong> Find de nyeste modeller og mest innovative enheder fra m\u00e6rket Fumot. Nyd godt af attraktive engrospriser, hurtig levering og f\u00f8rsteklasses kundeservice til din vape-forretning.<\/p>","protected":false},"excerpt":{"rendered":"<p class=\"font-claude-response-body whitespace-normal break-words\">Fumot Leopard 40000 leverer op til 40.000 sug med Dual-Mesh-Coil-teknologi for intens smag. RGB-rotationslyset giver en visuel effekt, mens det digitale display viser e-v\u00e6ske og batteriniveau. 700 mAh batteri med type C-opladning, 2%-5% nikotin, 25 smagsvarianter tilg\u00e6ngelige.<\/p>","protected":false},"featured_media":2596,"comment_status":"open","ping_status":"closed","template":"","meta":[],"product_brand":[],"product_cat":[74],"product_tag":[],"class_list":{"0":"post-2517","1":"product","2":"type-product","3":"status-publish","4":"has-post-thumbnail","6":"product_cat-fumot-vape","8":"first","9":"instock","10":"shipping-taxable","11":"purchasable","12":"product-type-variable"},"_links":{"self":[{"href":"https:\/\/apexvape.de\/da\/wp-json\/wp\/v2\/product\/2517","targetHints":{"allow":["GET"]}}],"collection":[{"href":"https:\/\/apexvape.de\/da\/wp-json\/wp\/v2\/product"}],"about":[{"href":"https:\/\/apexvape.de\/da\/wp-json\/wp\/v2\/types\/product"}],"replies":[{"embeddable":true,"href":"https:\/\/apexvape.de\/da\/wp-json\/wp\/v2\/comments?post=2517"}],"version-history":[{"count":0,"href":"https:\/\/apexvape.de\/da\/wp-json\/wp\/v2\/product\/2517\/revisions"}],"wp:featuredmedia":[{"embeddable":true,"href":"https:\/\/apexvape.de\/da\/wp-json\/wp\/v2\/media\/2596"}],"wp:attachment":[{"href":"https:\/\/apexvape.de\/da\/wp-json\/wp\/v2\/media?parent=2517"}],"wp:term":[{"taxonomy":"product_brand","embeddable":true,"href":"https:\/\/apexvape.de\/da\/wp-json\/wp\/v2\/product_brand?post=2517"},{"taxonomy":"product_cat","embeddable":true,"href":"https:\/\/apexvape.de\/da\/wp-json\/wp\/v2\/product_cat?post=2517"},{"taxonomy":"product_tag","embeddable":true,"href":"https:\/\/apexvape.de\/da\/wp-json\/wp\/v2\/product_tag?post=2517"}],"curies":[{"name":"wp","href":"https:\/\/api.w.org\/{rel}","templated":true}]}}