{"id":1579,"date":"2025-11-19T15:05:39","date_gmt":"2025-11-19T14:05:39","guid":{"rendered":"https:\/\/apexvape.de\/?post_type=product&#038;p=1579"},"modified":"2025-11-21T16:39:58","modified_gmt":"2025-11-21T15:39:58","slug":"vozol-gear-shisha-25000","status":"publish","type":"product","link":"https:\/\/apexvape.de\/da\/product\/vozol-gear-shisha-25000\/","title":{"rendered":"Vozol Gear Shisha 25000 engangs-vape"},"content":{"rendered":"<h2>Vozol Gear Shisha 25000 | 25k dual-mode e-cigaret med 25000 sug, smart display og engros<\/h2>\n<p>De <strong>Vozol Gear Shisha 25000<\/strong> er udviklet til at give dig en autentisk vandpibeoplevelse med simulerede boblevirkninger. Med op til <strong>25.000 tog i Eco-tilstand<\/strong> giver dig mulighed for lange damp-sessioner uden afbrydelser. Power-tilstanden giver derimod en mere intens damperfaring takket v\u00e6re de dobbelte mesh-coils. Det fluid-dynamiske Airway-design opfylder kravene fra de fleste DTL-dampere og sikrer et \u00f8jeblikkeligt og smidigt sug. Med et 1000 mAh batteri, en gener\u00f8s 24 ml v\u00e6sketank og et 2,1 tommer mega-display tilbyder Vozol Gear Shisha 25000 den perfekte balance mellem holdbarhed, funktionalitet og komfort.<\/p>\n<h3>Vozol Gear Shisha 25000 tr\u00e6k \u2013 H\u00f8jdepunkter:<\/h3>\n<p>Enheden leverer imponerende 25.000 sug for langvarig brug uden gentagen p\u00e5fyldning og har et nikotinindhold p\u00e5 5%, der giver en kraftig, fyldig smag ved hvert sug. Den er designet til Direct-to-Lung (DTL) dampning, hvilket giver fyldigere smagsprofiler og st\u00f8rre dampskyer, suppleret med et stort udvalg af fremragende e-v\u00e6ske-smagsvarianter \u2013 fra frugt og mynte til dessertvarianter, der tilfredsstiller enhver smag.<\/p>\n<p>E-cigaretten overbeviser med sit slanke, lette design, der er perfekt til rejser, mens det integrerede batteri sikrer langvarig ydeevne i hele enhedens levetid. Som en fuldst\u00e6ndig engangs-vape leveres den forfyldt og klar til brug uden besv\u00e6rlig opladning eller genopfyldning og uden nogen form for vedligeholdelse.<\/p>\n<p>Med sin kombination af h\u00f8jt antal sug, kraftig nikotinfrigivelse og brugervenlige komfortfunktioner tilbyder denne enhed en enest\u00e5ende damperfaring fra det f\u00f8rste til det sidste af de bem\u00e6rkelsesv\u00e6rdige 25.000 sug.<\/p>\n<h3>Tekniske egenskaber:<\/h3>\n<ul>\n<li>Verdens f\u00f8rste audio-interaktive DTL-engangs-e-cigaret med vandpibe-effekt<\/li>\n<li>Intelligent chip med S.i.L.C.-teknologi<\/li>\n<li>Genopladeligt 1000 mAh batteri<\/li>\n<li>Dual-Mesh-Coil-system<\/li>\n<li>To tilstande: Eco (25.000 sug) \/ Power (18.000 sug)<\/li>\n<li>E-v\u00e6ske-kapacitet: 24 ml<\/li>\n<li>2,1-tommer farvedisplay<\/li>\n<li>Justerbar luftstr\u00f8m<\/li>\n<li>Fluiddynamisk luftstr\u00f8mssystem: 0,1 s reaktionshastighed<\/li>\n<\/ul>\n<h3>Smagsvarianter:<\/h3>\n<ol>\n<li>To \u00e6bler<\/li>\n<li>Vandmelon-is<\/li>\n<li>Mango Freeze<\/li>\n<li>Solb\u00e6r-is<\/li>\n<li>Mango Fersken<\/li>\n<li>Bl\u00e5b\u00e6r-mynte<\/li>\n<li>Bl\u00e5b\u00e6r-is<\/li>\n<li>Parfume Citron<\/li>\n<li>Citronmynte<\/li>\n<li>Bl\u00e5 Razz Ice<\/li>\n<li>Grape Ice<\/li>\n<li>Jordb\u00e6r Kiwi<\/li>\n<li>Bl\u00e5b\u00e6r og vandmelon<\/li>\n<li>Kirseb\u00e6rcola<\/li>\n<li>Bl\u00e5 mojito<\/li>\n<li>B\u00e6r og mynte<\/li>\n<li>Drue-mynte<\/li>\n<li>K\u00e6rlighed 777<\/li>\n<li>Moskva-aftener<\/li>\n<li>Jomfruh\u00f8der<\/li>\n<li>Kirseb\u00e6ris<\/li>\n<li>B\u00e6r-is<\/li>\n<li>Ferskenis<\/li>\n<li>Jordb\u00e6r Margarita<\/li>\n<li>Vandmelon-mynte<\/li>\n<li>Blackberry Ice<\/li>\n<li>S\u00f8d passionsfrugt<\/li>\n<li>Frosne jordb\u00e6r og kiwi<\/li>\n<li>Passionsfrugt Lychee Appelsin<\/li>\n<li>Dragonfrugt Banan Kirseb\u00e6r<\/li>\n<\/ol>\n<h3>Ofte stillede sp\u00f8rgsm\u00e5l (FAQ)<\/h3>\n<p><strong>1. Hvad er Vozol Gear Shisha 25000 tr\u00e6k?<\/strong> Vozol Gear Shisha 25000 er en intelligent, genopladelig engangs-e-cigaret med dobbelte mesh-coils, dual-power-tilstand og en stor e-v\u00e6ske-kapacitet p\u00e5 24 ml for langvarig ydeevne.<\/p>\n<p><strong>2. Hvordan fungerer Dual Power-tilstanden?<\/strong> Dual Power-tilstanden g\u00f8r det muligt at skifte mellem ECO-tilstand (op til 25.000 sug) og Power-tilstand (op til 18.000 sug), s\u00e5 du kan styre dampintensiteten og antallet af sug.<\/p>\n<p><strong>3. Er Vozol Gear Shisha 25k genopladelig?<\/strong> Ja, den har et 1000 mAh batteri og en Type-C-opladningsport til hurtig og bekvem opladning.<\/p>\n<h3 class=\"font-claude-response-heading text-text-100 mt-1 -mb-0.5\">K\u00f8b nu hos Apex Vape<\/h3>\n<p class=\"font-claude-response-body whitespace-normal break-words\">Oplev Vozol Gear Shisha 25000 og oplev innovation og kvalitet p\u00e5 h\u00f8jeste niveau. Hos <strong><a class=\"underline\" href=\"https:\/\/apexvape.de\/da\/\">Apex Vape<\/a><\/strong> finder du ikke kun dette premium-produkt, men ogs\u00e5 et stort udvalg af h\u00f8jkvalitets e-cigaretter og vape-produkter til alle behov. Bes\u00f8g vores <strong><a class=\"underline\" href=\"https:\/\/apexvape.de\/da\/product-category\/vozol-vape\/\">VOZOL VAPE Kategori<\/a><\/strong>, for at se hele produktsortimentet og finde den perfekte damperfaring for dig. Nyd godt af hurtig levering, attraktive engrospriser og f\u00f8rsteklasses kundeservice.<\/p>","protected":false},"excerpt":{"rendered":"<p>Vozol Gear Shisha 25000 revolutionerer dampning med en autentisk shisha-f\u00f8lelse og boblevirkning. Op til 25.000 sug i Eco-tilstand, dobbelt mesh-coil-system og 2,1\u2033-display giver maksimal komfort. 24 ml-tanken og 1000 mAh-batteriet garanterer langvarig nydelse for DTL-dampere. R\u00e9essayer<\/p>","protected":false},"featured_media":1580,"comment_status":"open","ping_status":"closed","template":"","meta":[],"product_brand":[],"product_cat":[73],"product_tag":[],"class_list":{"0":"post-1579","1":"product","2":"type-product","3":"status-publish","4":"has-post-thumbnail","6":"product_cat-vozol-vape","8":"first","9":"instock","10":"shipping-taxable","11":"purchasable","12":"product-type-variable"},"_links":{"self":[{"href":"https:\/\/apexvape.de\/da\/wp-json\/wp\/v2\/product\/1579","targetHints":{"allow":["GET"]}}],"collection":[{"href":"https:\/\/apexvape.de\/da\/wp-json\/wp\/v2\/product"}],"about":[{"href":"https:\/\/apexvape.de\/da\/wp-json\/wp\/v2\/types\/product"}],"replies":[{"embeddable":true,"href":"https:\/\/apexvape.de\/da\/wp-json\/wp\/v2\/comments?post=1579"}],"version-history":[{"count":0,"href":"https:\/\/apexvape.de\/da\/wp-json\/wp\/v2\/product\/1579\/revisions"}],"wp:featuredmedia":[{"embeddable":true,"href":"https:\/\/apexvape.de\/da\/wp-json\/wp\/v2\/media\/1580"}],"wp:attachment":[{"href":"https:\/\/apexvape.de\/da\/wp-json\/wp\/v2\/media?parent=1579"}],"wp:term":[{"taxonomy":"product_brand","embeddable":true,"href":"https:\/\/apexvape.de\/da\/wp-json\/wp\/v2\/product_brand?post=1579"},{"taxonomy":"product_cat","embeddable":true,"href":"https:\/\/apexvape.de\/da\/wp-json\/wp\/v2\/product_cat?post=1579"},{"taxonomy":"product_tag","embeddable":true,"href":"https:\/\/apexvape.de\/da\/wp-json\/wp\/v2\/product_tag?post=1579"}],"curies":[{"name":"wp","href":"https:\/\/api.w.org\/{rel}","templated":true}]}}