{"id":1570,"date":"2025-11-18T08:19:45","date_gmt":"2025-11-18T07:19:45","guid":{"rendered":"https:\/\/apexvape.de\/?page_id=1570"},"modified":"2025-11-18T08:19:48","modified_gmt":"2025-11-18T07:19:48","slug":"ueber-uns","status":"publish","type":"page","link":"https:\/\/apexvape.de\/da\/ueber-uns\/","title":{"rendered":"om os"},"content":{"rendered":"<h1 class=\"wp-block-heading\">Om apexvape<\/h1>\n\n\n\n<h2 class=\"wp-block-heading\">Din p\u00e5lidelige partner for engangs e-cigaretter i online engroshandel<\/h2>\n\n\n\n<p>Velkommen til apexvape - dit f\u00f8rsteklasses online-sted for engangs e-cigaretter af h\u00f8j kvalitet. Med mere end fem \u00e5rs erfaring i branchen har vi etableret os som en p\u00e5lidelig leverand\u00f8r og tilbyder dig et omfattende udvalg af anerkendte m\u00e6rker. Vores produktportef\u00f8lje omfatter Bang King, Al Fakher Vape, Vapeme, Waspe, RandM Tornado, Bang Box og mange andre premium-m\u00e6rker.<\/p>\n\n\n\n<h2 class=\"wp-block-heading\">Vores mission og r\u00e6kkevidde<\/h2>\n\n\n\n<p>apexvape har positioneret sig som en f\u00f8rende kraft inden for elektronisk dampning. Vores produkter har fundet vej til adskillige lande rundt om i verden - et klart bevis p\u00e5 vores kompromisl\u00f8se str\u00e6ben efter kvalitet og vores fokus p\u00e5 kundetilfredshed. Som erfarne specialister i distribution af e-cigaretter im\u00f8dekommer vi b\u00e5de detail- og engrosbehov og garanterer altid vores kunder adgang til de bedste produkter og tjenester, der findes p\u00e5 markedet.<\/p>\n\n\n\n<h2 class=\"wp-block-heading\">Vores online tilbud<\/h2>\n\n\n\n<p>Vores platform apexvape.de fungerer som et centralt kontaktpunkt for b\u00e5de dampentusiaster og begyndere. Vi tilbyder dig en ukompliceret shoppingoplevelse med et bredt udvalg af engangs e-cigaretter. Uanset om du er p\u00e5 udkig efter de nyeste produktinnovationer eller gennempr\u00f8vede klassikere, finder du, hvad du leder efter hos apexvape. Vi ser os selv som din p\u00e5lidelige f\u00f8lgesvend i vapingens verden.<\/p>\n\n\n\n<h2 class=\"wp-block-heading\">Vores vision for fremtiden<\/h2>\n\n\n\n<p>Bliv en del af vores succeshistorie, n\u00e5r vi forts\u00e6tter med at s\u00e6tte nye standarder for ekspertise inden for e-cigaretindustrien til engangsbrug. Hos apexvape vil du opleve forskellen - hvor den h\u00f8jeste kvalitet, en bred vifte af produkter og fremragende kundeservice smelter sammen til en harmonisk samlet pakke.<\/p>\n\n\n\n<h2 class=\"wp-block-heading\">Kontakt os<\/h2>\n\n\n\n<p><strong>E-mail:<\/strong> canliumit3535@gmail.com<\/p>\n\n\n\n<p>Bes\u00f8g vores online shop og oplev vores komplette udvalg af f\u00f8rsteklasses engangs e-cigaretter!<\/p>","protected":false},"excerpt":{"rendered":"<p>Om apexvape Din p\u00e5lidelige partner for engangs e-cigaretter i online engroshandel Velkommen til apexvape - dit f\u00f8rsteklasses kontaktpunkt p\u00e5 internettet for e-cigaretter af h\u00f8j kvalitet.<\/p>","protected":false},"author":1,"featured_media":0,"parent":0,"menu_order":0,"comment_status":"closed","ping_status":"closed","template":"","meta":{"footnotes":""},"class_list":["post-1570","page","type-page","status-publish","hentry"],"_links":{"self":[{"href":"https:\/\/apexvape.de\/da\/wp-json\/wp\/v2\/pages\/1570","targetHints":{"allow":["GET"]}}],"collection":[{"href":"https:\/\/apexvape.de\/da\/wp-json\/wp\/v2\/pages"}],"about":[{"href":"https:\/\/apexvape.de\/da\/wp-json\/wp\/v2\/types\/page"}],"author":[{"embeddable":true,"href":"https:\/\/apexvape.de\/da\/wp-json\/wp\/v2\/users\/1"}],"replies":[{"embeddable":true,"href":"https:\/\/apexvape.de\/da\/wp-json\/wp\/v2\/comments?post=1570"}],"version-history":[{"count":0,"href":"https:\/\/apexvape.de\/da\/wp-json\/wp\/v2\/pages\/1570\/revisions"}],"wp:attachment":[{"href":"https:\/\/apexvape.de\/da\/wp-json\/wp\/v2\/media?parent=1570"}],"curies":[{"name":"wp","href":"https:\/\/api.w.org\/{rel}","templated":true}]}}