{"id":1567,"date":"2025-11-18T08:15:29","date_gmt":"2025-11-18T07:15:29","guid":{"rendered":"https:\/\/apexvape.de\/?page_id=1567"},"modified":"2025-11-18T08:15:32","modified_gmt":"2025-11-18T07:15:32","slug":"faqs","status":"publish","type":"page","link":"https:\/\/apexvape.de\/da\/faqs\/","title":{"rendered":"OFTE STILLEDE SP\u00d8RGSM\u00c5L"},"content":{"rendered":"<h1 class=\"wp-block-heading\">Ofte stillede sp\u00f8rgsm\u00e5l - apexvape<\/h1>\n\n\n\n<h2 class=\"wp-block-heading\">Betalingsmuligheder<\/h2>\n\n\n\n<h3 class=\"wp-block-heading\">Hvilke betalingsmuligheder tilbyder apexvape?<\/h3>\n\n\n\n<p>Vi accepterer en r\u00e6kke forskellige betalingsmetoder for at give dig maksimal fleksibilitet. Disse omfatter kreditkortbetalinger, PayPal, SEPA direkte debitering og andre betalingsmuligheder. Alle tilg\u00e6ngelige betalingsmuligheder vises i checkout-omr\u00e5det under bestillingsprocessen.<\/p>\n\n\n\n<h2 class=\"wp-block-heading\">Forsendelse og levering<\/h2>\n\n\n\n<h3 class=\"wp-block-heading\">Hvad betyder DDP-forsendelse?<\/h3>\n\n\n\n<p>apexvape tilbyder en DDP-tjeneste (Delivered Duty Paid) til udvalgte lande. Med denne forsendelsesmetode tager vi os af alle toldformaliteter for dig, s\u00e5 du ikke beh\u00f8ver at bekymre dig om fortoldning, og der ikke p\u00e5l\u00f8ber yderligere toldgebyrer.<\/p>\n\n\n\n<h3 class=\"wp-block-heading\">Til hvilke lande er DDP-forsendelse tilg\u00e6ngelig?<\/h3>\n\n\n\n<p>Vores DDP-forsendelsesservice er tilg\u00e6ngelig for f\u00f8lgende regioner:<\/p>\n\n\n\n<p><strong>Det Forenede Kongerige<\/strong><\/p>\n\n\n\n<ul class=\"wp-block-list\">\n<li>Forsendelse via lokal DPD Express-service<\/li>\n<\/ul>\n\n\n\n<p><strong>Den Europ\u00e6iske Union<\/strong><\/p>\n\n\n\n<ul class=\"wp-block-list\">\n<li>Forsendelse via UPS\/DPD\/DHL Express<\/li>\n\n\n\n<li>Tilg\u00e6ngelige lande: Tyskland, Belgien, Luxembourg, Holland, Tjekkiet, Polen, Kroatien, Slovakiet, Slovenien, Finland, Sverige, \u00d8strig, Frankrig, Italien, Ungarn, Bulgarien, Litauen, Estland, Letland, Gr\u00e6kenland, Irland, Portugal og Spanien.<\/li>\n<\/ul>\n\n\n\n<h3 class=\"wp-block-heading\">Hvor lang tid tager leveringen?<\/h3>\n\n\n\n<p>Leveringstiden varierer afh\u00e6ngigt af destinationslandet:<\/p>\n\n\n\n<ul class=\"wp-block-list\">\n<li><strong>Det Forenede Kongerige<\/strong>: 7 til 12 dage<\/li>\n\n\n\n<li><strong>Den Europ\u00e6iske Union<\/strong>10 til 15 dage (forsendelse sker via Tyskland)<\/li>\n<\/ul>\n\n\n\n<h3 class=\"wp-block-heading\">Hvad g\u00e6lder for lande uden for DDP-listen?<\/h3>\n\n\n\n<p>For ordrer til lande, der ikke er p\u00e5 vores DDP-liste, er kunderne ansvarlige for fortoldning. I disse tilf\u00e6lde kan der opst\u00e5 toldgebyrer og importafgifter, som skal betales af modtageren.<\/p>\n\n\n\n<h2 class=\"wp-block-heading\">Returnering og ombytning<\/h2>\n\n\n\n<h3 class=\"wp-block-heading\">Hvad er returperioden for apexvape?<\/h3>\n\n\n\n<p>Vi giver dig en returperiode p\u00e5 15 dage fra modtagelsen af din ordre. Du kan returnere varer inden for denne periode, hvis du ikke er tilfreds med dit k\u00f8b.<\/p>\n\n\n\n<h3 class=\"wp-block-heading\">Hvilke betingelser g\u00e6lder for returnering?<\/h3>\n\n\n\n<p>For at vi kan acceptere din returnering, skal f\u00f8lgende krav v\u00e6re opfyldt:<\/p>\n\n\n\n<ul class=\"wp-block-list\">\n<li>Varen skal v\u00e6re i original, ubrugt stand<\/li>\n\n\n\n<li>Alle etiketter skal stadig v\u00e6re p\u00e5sat<\/li>\n\n\n\n<li>Den originale emballage skal v\u00e6re til stede<\/li>\n\n\n\n<li>Der skal anmodes om returnering p\u00e5 forh\u00e5nd via e-mail<\/li>\n<\/ul>\n\n\n\n<h3 class=\"wp-block-heading\">Hvordan starter jeg en returnering?<\/h3>\n\n\n\n<p>Kontakt os venligst via e-mail for at anmode om en returnering. Vi vil derefter informere dig om de n\u00e6ste skridt.<\/p>\n\n\n\n<h2 class=\"wp-block-heading\">Sikkerhed og databeskyttelse<\/h2>\n\n\n\n<h3 class=\"wp-block-heading\">Hvor sikker er min ordre hos apexvape?<\/h3>\n\n\n\n<p>Vores kunders sikkerhed er vores h\u00f8jeste prioritet. Vi har implementeret forskellige sikkerhedsforanstaltninger:<\/p>\n\n\n\n<ul class=\"wp-block-list\">\n<li><strong>Sikkerhed p\u00e5 hjemmesiden<\/strong>Vores hjemmeside er beskyttet af moderne sikkerhedsteknologier<\/li>\n\n\n\n<li><strong>Beskyttelse af data<\/strong>Dine personlige oplysninger vil blive behandlet fortroligt og beskyttet<\/li>\n\n\n\n<li><strong>Sikker behandling af betalinger<\/strong>Alle betalingstransaktioner behandles via krypterede forbindelser<\/li>\n\n\n\n<li><strong>Beskyttelse mod phishing<\/strong>Vi implementerer foranstaltninger til at beskytte mod svigagtige aktiviteter<\/li>\n<\/ul>\n\n\n\n<hr class=\"wp-block-separator has-alpha-channel-opacity\"\/>\n\n\n\n<p>Har du yderligere sp\u00f8rgsm\u00e5l? Du er velkommen til at kontakte os - vi vil med gl\u00e6de hj\u00e6lpe dig!<\/p>","protected":false},"excerpt":{"rendered":"<p>H\u00e4ufig gestellte Fragen &#8211; apexvape Zahlungsoptionen Welche Zahlungsm\u00f6glichkeiten bietet apexvape an? Wir akzeptieren eine Vielzahl von Zahlungsmethoden, um Ihnen maximale<\/p>","protected":false},"author":1,"featured_media":0,"parent":0,"menu_order":0,"comment_status":"closed","ping_status":"closed","template":"","meta":{"footnotes":""},"class_list":["post-1567","page","type-page","status-publish","hentry"],"_links":{"self":[{"href":"https:\/\/apexvape.de\/da\/wp-json\/wp\/v2\/pages\/1567","targetHints":{"allow":["GET"]}}],"collection":[{"href":"https:\/\/apexvape.de\/da\/wp-json\/wp\/v2\/pages"}],"about":[{"href":"https:\/\/apexvape.de\/da\/wp-json\/wp\/v2\/types\/page"}],"author":[{"embeddable":true,"href":"https:\/\/apexvape.de\/da\/wp-json\/wp\/v2\/users\/1"}],"replies":[{"embeddable":true,"href":"https:\/\/apexvape.de\/da\/wp-json\/wp\/v2\/comments?post=1567"}],"version-history":[{"count":0,"href":"https:\/\/apexvape.de\/da\/wp-json\/wp\/v2\/pages\/1567\/revisions"}],"wp:attachment":[{"href":"https:\/\/apexvape.de\/da\/wp-json\/wp\/v2\/media?parent=1567"}],"curies":[{"name":"wp","href":"https:\/\/api.w.org\/{rel}","templated":true}]}}