{"id":1560,"date":"2025-11-18T08:11:28","date_gmt":"2025-11-18T07:11:28","guid":{"rendered":"https:\/\/apexvape.de\/?page_id=1560"},"modified":"2025-11-18T08:11:30","modified_gmt":"2025-11-18T07:11:30","slug":"versand-und-lieferung","status":"publish","type":"page","link":"https:\/\/apexvape.de\/da\/versand-und-lieferung\/","title":{"rendered":"Forsendelse og levering"},"content":{"rendered":"<h1 class=\"wp-block-heading\">Forsendelsespolitik og levering - apexvape<\/h1>\n\n\n\n<h2 class=\"wp-block-heading\">Behandlings- og leveringstid<\/h2>\n\n\n\n<p>Dine ordrer behandles og afsendes af os inden for en til tre arbejdsdage. Efter afsendelse kan du forvente en leveringstid p\u00e5 normalt ti til femten arbejdsdage. Bem\u00e6rk venligst, at ordrer ikke afsendes i weekenden.<\/p>\n\n\n\n<h2 class=\"wp-block-heading\">Sporing af din ordre<\/h2>\n\n\n\n<p>S\u00e5 snart din ordre har forladt vores lager, sender vi dig en e-mail med de tilh\u00f8rende sporingsdata. Bem\u00e6rk, at det kan tage en til to dage, f\u00f8r sporingsoplysningerne er opdateret p\u00e5 forsendelsesudbyderens sporingswebsted.<\/p>\n\n\n\n<h2 class=\"wp-block-heading\">Annullering og \u00e6ndring af leveringsadresse<\/h2>\n\n\n\n<p>Du har mulighed for at annullere din ordre eller \u00e6ndre leveringsadressen, s\u00e5 l\u00e6nge ordren endnu ikke er afsendt. Desv\u00e6rre kan vi ikke refundere eller foretage adresse\u00e6ndringer, n\u00e5r din ordre er afsendt.<\/p>\n\n\n\n<h2 class=\"wp-block-heading\">DDP-forsendelsesservice (Delivered Duty Paid)<\/h2>\n\n\n\n<p>Vi tilbyder DDP-forsendelse til udvalgte lande. Med denne forsendelsesmetode skal du ikke betale nogen fortoldningsprocedurer eller toldafgifter:<\/p>\n\n\n\n<h3 class=\"wp-block-heading\">Det Forenede Kongerige<\/h3>\n\n\n\n<ul class=\"wp-block-list\">\n<li><strong>Forsendelsespartner<\/strong>Lokal DPD Express<\/li>\n\n\n\n<li><strong>Leveringsperiode<\/strong>: 7 til 12 dage<\/li>\n<\/ul>\n\n\n\n<h3 class=\"wp-block-heading\">Den Europ\u00e6iske Union<\/h3>\n\n\n\n<ul class=\"wp-block-list\">\n<li><strong>Forsendelsespartner<\/strong>UPS\/DPD\/DHL Express<\/li>\n\n\n\n<li><strong>Leveringsperiode<\/strong>: 10 til 15 dage<\/li>\n<\/ul>\n\n\n\n<h2 class=\"wp-block-heading\">DDP-forsendelse i europ\u00e6iske lande<\/h2>\n\n\n\n<p>F\u00f8lgende europ\u00e6iske lande nyder godt af vores DDP-forsendelsesservice:<\/p>\n\n\n\n<p>Tyskland, Belgien, Luxembourg, Holland, Tjekkiet, Polen, Kroatien, Slovakiet, Slovenien, Finland, Danmark, Sverige, \u00d8strig, Frankrig, Italien, Ungarn, Bulgarien, Litauen, Estland, Letland, Gr\u00e6kenland, Irland, Portugal og Spanien.<\/p>\n\n\n\n<h2 class=\"wp-block-heading\">Bem\u00e6rkninger om afsendelsestider<\/h2>\n\n\n\n<p>De faktiske leveringstider kan variere afh\u00e6ngigt af destinationslandet og den valgte forsendelsesmetode. For leverancer i europ\u00e6iske lande er standardleveringstiden otte til tretten dage.<\/p>","protected":false},"excerpt":{"rendered":"<p>Forsendelsespolitik og levering - apexvape Behandlings- og leveringstid Dine ordrer vil blive behandlet af os inden for en periode p\u00e5 en til tre uger.<\/p>","protected":false},"author":1,"featured_media":0,"parent":0,"menu_order":0,"comment_status":"closed","ping_status":"closed","template":"","meta":{"footnotes":""},"class_list":["post-1560","page","type-page","status-publish","hentry"],"_links":{"self":[{"href":"https:\/\/apexvape.de\/da\/wp-json\/wp\/v2\/pages\/1560","targetHints":{"allow":["GET"]}}],"collection":[{"href":"https:\/\/apexvape.de\/da\/wp-json\/wp\/v2\/pages"}],"about":[{"href":"https:\/\/apexvape.de\/da\/wp-json\/wp\/v2\/types\/page"}],"author":[{"embeddable":true,"href":"https:\/\/apexvape.de\/da\/wp-json\/wp\/v2\/users\/1"}],"replies":[{"embeddable":true,"href":"https:\/\/apexvape.de\/da\/wp-json\/wp\/v2\/comments?post=1560"}],"version-history":[{"count":0,"href":"https:\/\/apexvape.de\/da\/wp-json\/wp\/v2\/pages\/1560\/revisions"}],"wp:attachment":[{"href":"https:\/\/apexvape.de\/da\/wp-json\/wp\/v2\/media?parent=1560"}],"curies":[{"name":"wp","href":"https:\/\/api.w.org\/{rel}","templated":true}]}}