{"id":1557,"date":"2025-11-18T08:01:57","date_gmt":"2025-11-18T07:01:57","guid":{"rendered":"https:\/\/apexvape.de\/?page_id=1557"},"modified":"2025-11-18T08:09:20","modified_gmt":"2025-11-18T07:09:20","slug":"rueckgaberichtlinie","status":"publish","type":"page","link":"https:\/\/apexvape.de\/da\/rueckgaberichtlinie\/","title":{"rendered":"Politik for returnering"},"content":{"rendered":"<h1 class=\"wp-block-heading\">Retningslinjer for returnering af varer - apexvape<\/h1>\n\n\n\n<h2 class=\"wp-block-heading\">Returperiode p\u00e5 3 dage<\/h2>\n\n\n\n<p>Hos apexvape giver vi dig mulighed for at returnere varer inden for tre dage. Denne periode begynder p\u00e5 den dato, hvor du modtager din ordre. Hvis du ikke er tilfreds med dit k\u00f8bte produkt, kan du indsende en anmodning om returnering inden for denne periode.<\/p>\n\n\n\n<h2 class=\"wp-block-heading\">Krav til en vellykket tilbagevenden<\/h2>\n\n\n\n<p>For at vi kan acceptere din returnering, skal visse betingelser v\u00e6re opfyldt. Den vare, der skal returneres, skal v\u00e6re i original stand - dvs. ubrugt, med alle etiketter p\u00e5sat og i original emballage. Derudover skal du have et gyldigt k\u00f8bsbevis, f.eks. en kvittering eller ordrebekr\u00e6ftelse, for at sikre, at returprocessen forl\u00f8ber glat.<\/p>\n\n\n\n<h2 class=\"wp-block-heading\">Indledning af returproceduren<\/h2>\n\n\n\n<p>Hvis du \u00f8nsker at returnere, bedes du kontakte os via e-mail p\u00e5 canliumit3535@gmail.com. N\u00e5r din anmodning er blevet kontrolleret og godkendt, sender vi dig en forudbetalt fragtlabel og detaljerede instruktioner om, hvordan du sender din pakke. Det er vigtigt at bem\u00e6rke: Uanmeldte returneringer uden forudg\u00e5ende godkendelse kan ikke behandles. Kontakt os derfor venligst f\u00f8rst.<\/p>\n\n\n\n<h2 class=\"wp-block-heading\">Reklamationer i tilf\u00e6lde af fejl eller skader<\/h2>\n\n\n\n<p>Tjek venligst din ordre omhyggeligt, s\u00e5 snart du modtager den. Hvis du opdager, at en vare er beskadiget, defekt eller forkert leveret, bedes du kontakte os med det samme, s\u00e5 vi kan behandle din anmodning s\u00e5 hurtigt som muligt.<\/p>\n\n\n\n<h2 class=\"wp-block-heading\">Produkter, der er udelukket fra returnering<\/h2>\n\n\n\n<p>Ikke alle varer kan returneres. F\u00f8lgende produktkategorier er udelukket fra vores returret:<\/p>\n\n\n\n<ul class=\"wp-block-list\">\n<li>Letford\u00e6rvelige varer<\/li>\n\n\n\n<li>Tilpassede eller personlige varer<\/li>\n\n\n\n<li>Hygiejne- og kropsplejeprodukter<\/li>\n\n\n\n<li>Farligt gods<\/li>\n\n\n\n<li>Brandfarlige v\u00e6sker eller gasser<\/li>\n<\/ul>\n\n\n\n<p>Hvis du er i tvivl om tilladelsen til at returnere et bestemt produkt, er du velkommen til at kontakte os for at f\u00e5 det afklaret.<\/p>\n\n\n\n<h2 class=\"wp-block-heading\">Udveksling af artikler<\/h2>\n\n\n\n<p>Vi anbefaler f\u00f8lgende fremgangsm\u00e5de ved ombytning: Returner f\u00f8rst den originale vare. N\u00e5r returneringen er godkendt, kan du afgive en ny ordre p\u00e5 den \u00f8nskede erstatningsvare. Dette sikrer en hurtig behandling.<\/p>\n\n\n\n<h2 class=\"wp-block-heading\">Behandling af tilbagebetaling<\/h2>\n\n\n\n<p>S\u00e5 snart vi har modtaget og kontrolleret din returnering, vil vi informere dig om godkendelse eller afvisning af din tilbagebetaling. Hvis den godkendes, vil refusionen blive udstedt til din oprindelige betalingsmetode inden for ti arbejdsdage. Bem\u00e6rk, at dit pengeinstitut eller kreditkortselskab kan have brug for yderligere tid til at kreditere din konto. Hvis du ikke har modtaget en refusion efter femten arbejdsdage fra godkendelsen, bedes du kontakte os p\u00e5 canliumit3535@gmail.com.<\/p>\n\n\n\n<hr class=\"wp-block-separator has-alpha-channel-opacity\"\/>\n\n\n\n<p>Vi s\u00e6tter stor pris p\u00e5 din tillid til apexvape. Din tilfredshed er vores h\u00f8jeste prioritet.<\/p>\n\n\n\n<p><\/p>","protected":false},"excerpt":{"rendered":"<p>Returpolitik - apexvape Returperiode p\u00e5 3 dage Hos apexvape giver vi dig mulighed for at returnere varer inden for tre dage efter modtagelsen.<\/p>","protected":false},"author":1,"featured_media":0,"parent":0,"menu_order":0,"comment_status":"closed","ping_status":"closed","template":"","meta":{"footnotes":""},"class_list":["post-1557","page","type-page","status-publish","hentry"],"_links":{"self":[{"href":"https:\/\/apexvape.de\/da\/wp-json\/wp\/v2\/pages\/1557","targetHints":{"allow":["GET"]}}],"collection":[{"href":"https:\/\/apexvape.de\/da\/wp-json\/wp\/v2\/pages"}],"about":[{"href":"https:\/\/apexvape.de\/da\/wp-json\/wp\/v2\/types\/page"}],"author":[{"embeddable":true,"href":"https:\/\/apexvape.de\/da\/wp-json\/wp\/v2\/users\/1"}],"replies":[{"embeddable":true,"href":"https:\/\/apexvape.de\/da\/wp-json\/wp\/v2\/comments?post=1557"}],"version-history":[{"count":0,"href":"https:\/\/apexvape.de\/da\/wp-json\/wp\/v2\/pages\/1557\/revisions"}],"wp:attachment":[{"href":"https:\/\/apexvape.de\/da\/wp-json\/wp\/v2\/media?parent=1557"}],"curies":[{"name":"wp","href":"https:\/\/api.w.org\/{rel}","templated":true}]}}