{"id":1555,"date":"2025-11-18T07:51:41","date_gmt":"2025-11-18T06:51:41","guid":{"rendered":"https:\/\/apexvape.de\/?page_id=1555"},"modified":"2025-11-18T07:51:43","modified_gmt":"2025-11-18T06:51:43","slug":"datenschutzerklaerung","status":"publish","type":"page","link":"https:\/\/apexvape.de\/da\/datenschutzerklaerung\/","title":{"rendered":"Fortrolighedspolitik"},"content":{"rendered":"<h1 class=\"wp-block-heading\">Politik for beskyttelse af personlige oplysninger - apexvape<\/h1>\n\n\n\n<p>Beskyttelse af dine personlige oplysninger og sikring af dit privatliv er en topprioritet for apexvape. I denne privatlivspolitik forklarer vi, hvordan vi indsamler, bruger og sikrer de data, du giver os, n\u00e5r du bes\u00f8ger vores hjemmeside.<\/p>\n\n\n\n<h2 class=\"wp-block-heading\">Indsamling af personlige data<\/h2>\n\n\n\n<p>Vi kan indsamle forskellige kategorier af oplysninger, n\u00e5r du bes\u00f8ger vores hjemmeside:<\/p>\n\n\n\n<ul class=\"wp-block-list\">\n<li><strong>Personlige oplysninger<\/strong>Dette omfatter dit navn, din e-mailadresse og andre kontaktoplysninger, som du giver os, n\u00e5r du foretager et k\u00f8b eller kontakter os.<\/li>\n\n\n\n<li><strong>Brugs- og enhedsdata<\/strong>Disse oplysninger indsamles via cookies og lignende teknologier og omfatter oplysninger om din browseradf\u00e6rd og de enheder, du bruger.<\/li>\n\n\n\n<li><strong>Yderligere frivillig information<\/strong>Eventuelle yderligere oplysninger, som du gerne vil dele med os frivilligt<\/li>\n<\/ul>\n\n\n\n<h2 class=\"wp-block-heading\">Form\u00e5l med databehandling<\/h2>\n\n\n\n<p>Vi bruger de data, vi indsamler, til f\u00f8lgende form\u00e5l:<\/p>\n\n\n\n<ul class=\"wp-block-list\">\n<li><strong>Behandling af ordrer<\/strong>At behandle og udf\u00f8re de ordrer, du afgiver p\u00e5 vores hjemmeside<\/li>\n\n\n\n<li><strong>Kommunikation med kunderne<\/strong>At udveksle oplysninger med dig om dine ordrer, foresp\u00f8rgsler og markedsf\u00f8ringskampagner<\/li>\n\n\n\n<li><strong>Optimering af vores tjenester<\/strong>At forbedre vores hjemmeside og tjenester baseret p\u00e5 dine interaktioner og din feedback<\/li>\n\n\n\n<li><strong>Garanti for sikkerhed<\/strong>For at beskytte vores hjemmeside og forhindre svigagtige aktiviteter<\/li>\n<\/ul>\n\n\n\n<h2 class=\"wp-block-heading\">Dataoverf\u00f8rsel til tredjeparter<\/h2>\n\n\n\n<p>Vi vil ikke s\u00e6lge eller videregive dine personlige oplysninger til tredjeparter uden dit udtrykkelige samtykke. Undtagelser g\u00e6lder kun, hvis overf\u00f8rslen er n\u00f8dvendig for at opfylde dine \u00f8nsker - for eksempel til logistikpartnere til forsendelse - eller hvis der er en juridisk forpligtelse.<\/p>\n\n\n\n<h2 class=\"wp-block-heading\">Foranstaltninger til datasikkerhed<\/h2>\n\n\n\n<p>Vi implementerer forskellige sikkerhedsforanstaltninger for at beskytte dine oplysninger. Disse omfatter krypteringsteknologier, brug af Secure Socket Layer (SSL) og regelm\u00e6ssig kontrol af vores sikkerhedssystemer.<\/p>\n\n\n\n<h2 class=\"wp-block-heading\">Dine rettigheder til databeskyttelse<\/h2>\n\n\n\n<p>Du har til enhver tid ret til at f\u00e5 adgang til, rette eller slette dine personlige data. Du kan ogs\u00e5 til enhver tid afmelde dig vores markedsf\u00f8ringskommunikation.<\/p>\n\n\n\n<h2 class=\"wp-block-heading\">\u00c6ndringer af denne privatlivspolitik<\/h2>\n\n\n\n<p>Vi forbeholder os ret til at \u00e6ndre denne privatlivspolitik fra tid til anden for at afspejle \u00e6ndringer i vores praksis eller juridiske krav. Vi anbefaler, at du l\u00e6ser denne politik med j\u00e6vne mellemrum.<\/p>\n\n\n\n<hr class=\"wp-block-separator has-alpha-channel-opacity\"\/>\n\n\n\n<p>Ved at bruge vores hjemmeside accepterer du vilk\u00e5rene i denne privatlivspolitik. Hvis du har sp\u00f8rgsm\u00e5l eller bekymringer om vores privatlivspraksis, er du velkommen til at kontakte os p\u00e5 canliumit3535@gmail.com.<\/p>\n\n\n\n<p>Tak for din tillid til apexvape som din leverand\u00f8r af engangs e-cigaretter (vapes).<\/p>","protected":false},"excerpt":{"rendered":"<p>Fortrolighedspolitik - apexvape Beskyttelse af dine personlige oplysninger og sikring af dit privatliv er en topprioritet for apexvape. I<\/p>","protected":false},"author":1,"featured_media":0,"parent":0,"menu_order":0,"comment_status":"closed","ping_status":"closed","template":"","meta":{"footnotes":""},"class_list":["post-1555","page","type-page","status-publish","hentry"],"_links":{"self":[{"href":"https:\/\/apexvape.de\/da\/wp-json\/wp\/v2\/pages\/1555","targetHints":{"allow":["GET"]}}],"collection":[{"href":"https:\/\/apexvape.de\/da\/wp-json\/wp\/v2\/pages"}],"about":[{"href":"https:\/\/apexvape.de\/da\/wp-json\/wp\/v2\/types\/page"}],"author":[{"embeddable":true,"href":"https:\/\/apexvape.de\/da\/wp-json\/wp\/v2\/users\/1"}],"replies":[{"embeddable":true,"href":"https:\/\/apexvape.de\/da\/wp-json\/wp\/v2\/comments?post=1555"}],"version-history":[{"count":0,"href":"https:\/\/apexvape.de\/da\/wp-json\/wp\/v2\/pages\/1555\/revisions"}],"wp:attachment":[{"href":"https:\/\/apexvape.de\/da\/wp-json\/wp\/v2\/media?parent=1555"}],"curies":[{"name":"wp","href":"https:\/\/api.w.org\/{rel}","templated":true}]}}