{"id":1550,"date":"2025-11-18T05:13:18","date_gmt":"2025-11-18T04:13:18","guid":{"rendered":"https:\/\/apexvape.de\/?page_id=1550"},"modified":"2025-11-18T05:13:20","modified_gmt":"2025-11-18T04:13:20","slug":"nutzungsbedingungen","status":"publish","type":"page","link":"https:\/\/apexvape.de\/da\/nutzungsbedingungen\/","title":{"rendered":"Vilk\u00e5r for brug"},"content":{"rendered":"<h1 class=\"wp-block-heading\">Generelle vilk\u00e5r og betingelser - apexvape<\/h1>\n\n\n\n<p>Velkommen til apexvapes hjemmeside! L\u00e6s venligst f\u00f8lgende vilk\u00e5r og betingelser omhyggeligt, f\u00f8r du bruger vores platform. Ved at bes\u00f8ge og bruge vores hjemmeside erkl\u00e6rer du, at du accepterer de regler, der er beskrevet her, og alle g\u00e6ldende lovbestemmelser. Hvis du ikke er enig i disse vilk\u00e5r og betingelser, bedes du afst\u00e5 fra yderligere brug af vores hjemmeside. N\u00e5r du gennemf\u00f8rer et k\u00f8b, accepterer du automatisk disse vilk\u00e5r og betingelser samt vores politikker vedr\u00f8rende forsendelse, returnering og garanti.<\/p>\n\n\n\n<h2 class=\"wp-block-heading\">Forsendelse over hele verden<\/h2>\n\n\n\n<p>Vores virksomhed apexvape opererer internationalt og har hovedkontor i Hong Kong. Alle k\u00f8bere uden for Hongkong behandles som internationale kunder. Vi anbefaler p\u00e5 det kraftigste, at du s\u00e6tter dig ind i de juridiske krav i dit hjemland, f\u00f8r du afgiver en ordre, is\u00e6r med hensyn til besiddelse, import og brug af vaporizer-artikler. Der kan g\u00e6lde s\u00e6rlige regler i nogle lande, som er beskrevet i vores separate forsendelses-, retur- og garantipolitik.<\/p>\n\n\n\n<h2 class=\"wp-block-heading\">Intellektuel ejendomsret og ophavsret<\/h2>\n\n\n\n<p>Alt indhold, der offentligg\u00f8res p\u00e5 dette websted - herunder tekst, billeder, grafik og programkode - er underlagt ophavsretlig beskyttelse og tilh\u00f8rer apexvape som et komplet v\u00e6rk. Copyright 2022, apexvape. Alle rettigheder forbeholdes. Du har ret til at kopiere eller udskrive dele af webstedet i elektronisk form, forudsat at dette sker med henblik p\u00e5 at behandle ordrer eller k\u00f8be produkter fra apexvape. Enhver anden brug, is\u00e6r reproduktion, distribution eller transmission af webstedets indhold, er ikke tilladt uden udtrykkelig tilladelse fra apexvape Inc.<\/p>\n\n\n\n<h2 class=\"wp-block-heading\">Beskyttelse af varem\u00e6rker<\/h2>\n\n\n\n<p>Alle varem\u00e6rker, servicem\u00e6rker og handelsnavne, der bruges p\u00e5 vores websted, er apexvapes lovligt beskyttede ejendom.<\/p>\n\n\n\n<h2 class=\"wp-block-heading\">Udelukkelse af garantier<\/h2>\n\n\n\n<p>Hjemmesiden og alle materialer og produkter, der leveres p\u00e5 den, leveres p\u00e5 et \u201esom det er\u201c -grundlag uden garantier af nogen art, hverken udtrykkelige eller underforst\u00e5ede. apexvape fraskriver sig alle garantier, herunder garantier for salgbarhed, egnethed til et bestemt form\u00e5l og titel. Vi garanterer ikke, at webstedets funktionalitet vil v\u00e6re uafbrudt eller fejlfri. Vi garanterer heller ikke, at eventuelle fejl vil blive rettet, eller at hjemmesiden er fri for virus eller andre skadelige elementer. Vi garanterer ikke n\u00f8jagtigheden, fuldst\u00e6ndigheden eller p\u00e5lideligheden af de leverede oplysninger.<\/p>\n\n\n\n<h2 class=\"wp-block-heading\">Begr\u00e6nsning af ansvar<\/h2>\n\n\n\n<p>apexvape er ikke ansvarlig for s\u00e6rlige skader eller f\u00f8lgeskader, der skyldes brug af eller manglende evne til at bruge materialerne p\u00e5 dette websted eller fra produktets ydeevne, selvom vi er blevet informeret om muligheden for s\u00e5danne skader. Nogle jurisdiktioner tillader ikke udelukkelse eller begr\u00e6nsning af ansvar for f\u00f8lgeskader eller tilf\u00e6ldige skader, s\u00e5 ovenst\u00e5ende begr\u00e6nsninger g\u00e6lder muligvis ikke for dig.<\/p>\n\n\n\n<h2 class=\"wp-block-heading\">Opsigelse af aftalen<\/h2>\n\n\n\n<p>Disse vilk\u00e5r og betingelser g\u00e6lder for alle brugere, n\u00e5r de g\u00e5r ind p\u00e5 hjemmesiden, registrerer sig eller foretager et k\u00f8b. apexvape forbeholder sig ret til at opsige disse vilk\u00e5r og betingelser helt eller delvist til enhver tid og uden forudg\u00e5ende varsel. Bestemmelserne vedr\u00f8rende ophavsret, varem\u00e6rkerettigheder, ansvarsfraskrivelser, ansvarsbegr\u00e6nsninger, skadesl\u00f8sholdelse og andre forhold forbliver i kraft, selv efter opsigelsen.<\/p>\n\n\n\n<h2 class=\"wp-block-heading\">Kommunikation og meddelelser<\/h2>\n\n\n\n<p>apexvape kan sende dig meddelelser via e-mail, offentligg\u00f8re generelle meddelelser p\u00e5 webstedet eller bruge andre p\u00e5lidelige kommunikationsmidler ved hj\u00e6lp af de kontaktoplysninger, du angiver.<\/p>\n\n\n\n<h2 class=\"wp-block-heading\">Andre bestemmelser<\/h2>\n\n\n\n<p>Disse vilk\u00e5r og betingelser skal fortolkes i overensstemmelse med lovgivningen i Hong Kong uden hensyntagen til dens lovkonfliktbestemmelser. Alle tvister, der opst\u00e5r som f\u00f8lge af disse vilk\u00e5r og betingelser, skal indbringes for de kompetente domstole i Hong Kong. Krav skal frems\u00e6ttes inden for tolv m\u00e5neder efter, at de er opst\u00e5et. Hvis apexvape beslutter ikke at h\u00e5ndh\u00e6ve nogen del af disse vilk\u00e5r, skal dette ikke udg\u00f8re et afkald p\u00e5 de relevante rettigheder. Vi kan overdrage vores rettigheder og forpligtelser i henhold til disse vilk\u00e5r uden varsel.<\/p>\n\n\n\n<h2 class=\"wp-block-heading\">Regler for adf\u00e6rd ved brug af hjemmesiden<\/h2>\n\n\n\n<p>Chikane eller upassende adf\u00e6rd er ikke tilladt p\u00e5 vores hjemmeside. Brugere m\u00e5 ikke uploade st\u00f8dende eller anst\u00f8deligt indhold eller anmode andre brugere om kommercielle tjenester. apexvape forbeholder sig ret til at blokere eller fjerne alt indhold, der overtr\u00e6der disse vilk\u00e5r.<\/p>\n\n\n\n<h2 class=\"wp-block-heading\">Ansvarsfraskrivelse for brugerindhold<\/h2>\n\n\n\n<p>apexvape p\u00e5tager sig intet ansvar for indhold, der er oprettet eller uploadet af brugere p\u00e5 hjemmesiden. Vi fungerer udelukkende som en distributionsplatform og forbeholder os ret til at slette st\u00f8dende eller upassende indhold efter eget sk\u00f8n.<\/p>\n\n\n\n<h2 class=\"wp-block-heading\">Brug af produktet<\/h2>\n\n\n\n<p>apexvape frems\u00e6tter ingen erkl\u00e6ringer om produkternes effektivitet eller egnethed til noget bestemt form\u00e5l. Alle produkter anvendes p\u00e5 k\u00f8bers eget ansvar. Nikotinholdige produkter er kun beregnet til brug af voksne. Vi anbefaler p\u00e5 det kraftigste, at du konsulterer en l\u00e6ge, f\u00f8r du bruger nikotinprodukter.<\/p>\n\n\n\n<h2 class=\"wp-block-heading\">Fritagelse<\/h2>\n\n\n\n<p>Ved at bruge vores websted accepterer du at holde apexvape og dets tjenesteudbydere skadesl\u00f8se for alle tab, skader, omkostninger og udgifter, der opst\u00e5r som f\u00f8lge af enhver overtr\u00e6delse af disse vilk\u00e5r og betingelser eller enhver aktivitet, der udf\u00f8res i forbindelse med din konto.<\/p>\n\n\n\n<h2 class=\"wp-block-heading\">Eksterne links<\/h2>\n\n\n\n<p>apexvape kan levere links til eksterne websteder for at g\u00f8re det lettere for vores bes\u00f8gende. Disse eksterne hjemmesider er ikke under vores kontrol, og vi p\u00e5tager os intet ansvar for deres indhold eller praksis.<\/p>\n\n\n\n<h2 class=\"wp-block-heading\">Produktspecifikke undtagelser<\/h2>\n\n\n\n<p>Visse produkter kan v\u00e6re omfattet af s\u00e6rlige undtagelsesbestemmelser vedr\u00f8rende returnering eller ombytning. Tjek venligst alle produktspecifikke undtagelser omhyggeligt, f\u00f8r du k\u00f8ber. Ved at acceptere vores vilk\u00e5r og betingelser ved kassen bekr\u00e6fter du, at du forst\u00e5r alle g\u00e6ldende undtagelser.<\/p>\n\n\n\n<hr class=\"wp-block-separator has-alpha-channel-opacity\"\/>\n\n\n\n<p>Mange tak for din tillid til apexvape!<\/p>","protected":false},"excerpt":{"rendered":"<p>Generelle vilk\u00e5r og betingelser - apexvape Velkommen til apexvapes hjemmeside! Vi beder dig venligst om at l\u00e6se f\u00f8lgende vilk\u00e5r og betingelser omhyggeligt, f\u00f8r du<\/p>","protected":false},"author":1,"featured_media":0,"parent":0,"menu_order":0,"comment_status":"closed","ping_status":"closed","template":"","meta":{"footnotes":""},"class_list":["post-1550","page","type-page","status-publish","hentry"],"_links":{"self":[{"href":"https:\/\/apexvape.de\/da\/wp-json\/wp\/v2\/pages\/1550","targetHints":{"allow":["GET"]}}],"collection":[{"href":"https:\/\/apexvape.de\/da\/wp-json\/wp\/v2\/pages"}],"about":[{"href":"https:\/\/apexvape.de\/da\/wp-json\/wp\/v2\/types\/page"}],"author":[{"embeddable":true,"href":"https:\/\/apexvape.de\/da\/wp-json\/wp\/v2\/users\/1"}],"replies":[{"embeddable":true,"href":"https:\/\/apexvape.de\/da\/wp-json\/wp\/v2\/comments?post=1550"}],"version-history":[{"count":0,"href":"https:\/\/apexvape.de\/da\/wp-json\/wp\/v2\/pages\/1550\/revisions"}],"wp:attachment":[{"href":"https:\/\/apexvape.de\/da\/wp-json\/wp\/v2\/media?parent=1550"}],"curies":[{"name":"wp","href":"https:\/\/api.w.org\/{rel}","templated":true}]}}